{"id":30711,"date":"2024-09-16T16:22:40","date_gmt":"2024-09-16T14:22:40","guid":{"rendered":"https:\/\/www.zeltwanger.de\/?page_id=30711"},"modified":"2025-04-17T16:12:14","modified_gmt":"2025-04-17T14:12:14","slug":"thermal-management","status":"publish","type":"page","link":"https:\/\/www.zeltwanger.de\/en\/contact-request\/thermal-management\/","title":{"rendered":"Thermal management"},"content":{"rendered":"<div>\n<p>    <img decoding=\"async\" src=\"\/app\/uploads\/2023\/10\/ZELTWANGER_Unternehmensgruppe.jpg\" alt=\"\"><\/p>\n<div>Thermal management<\/div>\n<p>Contact Options<\/p>\n<\/div>\n<h2>Send Us a Message<\/h2>\n<div>\n<p>We will process your inquiry regarding <strong>thermal management<\/strong> quickly and competently.<\/p>\n<\/div>\n<div>\n <script charset=\"utf-8\" type=\"text\/javascript\" src=\"\/\/js-eu1.hsforms.net\/forms\/embed\/v2.js\"><\/script><br \/>\n<script>\n  hbspt.forms.create({\n    portalId: \"145014097\",\n    formId: \"159c7808-3b8a-4bb9-a3be-c61aa9f03945\",\n    region: \"eu1\"\n  });\n<\/script>\n<\/div>\n<h2>Contact person<\/h2>\n<div>\n<h1><\/h1>\n<p>Option: <\/p>\n<\/div>\n<ul>\n<li>\n<p>        <img decoding=\"async\" src=\"\/app\/uploads\/2023\/02\/Icon_Messen_Events-1.svg\" alt=\"ZELTWANGER Ansprechpartner\"><\/p>\n<h3>Exhibitions and dates<\/h3>\n<div>\n<p>Visit us at a trade fair or event<\/p>\n<\/div>\n<p><a href=\"https:\/\/www.zeltwanger.de\/en\/category\/events-en\/\">Learn more<\/a><\/p>\n<\/li>\n<li>\n<p>        <img decoding=\"async\" src=\"\/app\/uploads\/2023\/05\/Icon_Standort.svg\" alt=\"ZELTWANGER Standorte\"><\/p>\n<h3> Locations<\/h3>\n<div>\n<p><span>Here you can find our companies<\/span><\/p>\n<\/div>\n<p><a href=\"\/en\/company\/contact\/\">Learn more<\/a><\/p>\n<\/li>\n<\/ul>\n<p><!--more--><br \/>\n<!-- {\"type\":\"layout\",\"children\":[{\"type\":\"section\",\"props\":{\"image_position\":\"center-center\",\"padding_remove_bottom\":true,\"padding_remove_top\":true,\"style\":\"default\",\"title_breakpoint\":\"xl\",\"title_position\":\"top-left\",\"title_rotation\":\"left\",\"vertical_align\":\"\",\"width\":\"\"},\"children\":[{\"type\":\"row\",\"children\":[{\"type\":\"column\",\"props\":{\"image_position\":\"center-center\",\"position_sticky_breakpoint\":\"m\",\"width_medium\":\"1-1\"},\"children\":[{\"type\":\"slideshow\",\"props\":{\"class\":\"like-mobile-panel-slider sub-page\",\"css\":\"li.el-item {\\n\\n}\",\"image_height\":\"929px\",\"image_loading\":true,\"image_width\":\"2548px\",\"link_style\":\"primary\",\"link_text\":\"Read more\",\"margin\":\"default\",\"meta_align\":\"above-title\",\"meta_element\":\"div\",\"meta_style\":\"h2\",\"nav\":\"\",\"nav_align\":\"center\",\"nav_below\":false,\"nav_breakpoint\":\"s\",\"nav_position\":\"bottom-center\",\"nav_position_margin\":\"medium\",\"nav_vertical\":false,\"overlay_animation\":\"parallax\",\"overlay_container\":\"large\",\"overlay_parallax_x\":\"90\",\"overlay_parallax_y\":\"0\",\"overlay_position\":\"bottom-left\",\"overlay_style\":\"overlay-primary\",\"overlay_width\":\"xlarge\",\"show_content\":true,\"show_link\":true,\"show_meta\":true,\"show_thumbnail\":false,\"show_title\":true,\"slidenav\":\"default\",\"slidenav_breakpoint\":\"s\",\"slidenav_hover\":true,\"slidenav_large\":false,\"slidenav_margin\":\"small\",\"slidenav_outside_breakpoint\":\"xl\",\"slideshow_autoplay\":true,\"slideshow_autoplay_interval\":\"10\",\"slideshow_autoplay_pause\":false,\"slideshow_max_height\":\"700\",\"slideshow_min_height\":\"500\",\"slideshow_velocity\":\"0.5\",\"text_align\":\"left\",\"text_align_breakpoint\":\"s\",\"text_align_fallback\":\"center\",\"text_color\":\"light\",\"thumbnav_height\":\"75\",\"thumbnav_svg_color\":\"emphasis\",\"thumbnav_width\":\"100\",\"title_element\":\"div\",\"title_hover_style\":\"reset\",\"title_style\":\"h1\"},\"children\":[{\"type\":\"slideshow_item\",\"props\":{\"content\":\"\",\"image\":\"app\\\/uploads\\\/2023\\\/10\\\/ZELTWANGER_Unternehmensgruppe.jpg\",\"meta\":\"Contact Options\",\"title\":\"Thermal management\"}}]}]}]}],\"name\":\"Header - neu - single\"},{\"type\":\"section\",\"props\":{\"image_position\":\"center-center\",\"style\":\"default\",\"title_breakpoint\":\"xl\",\"title_position\":\"top-left\",\"title_rotation\":\"left\",\"vertical_align\":\"\",\"width\":\"small\"},\"children\":[{\"type\":\"row\",\"children\":[{\"type\":\"column\",\"props\":{\"image_position\":\"center-center\",\"position_sticky_breakpoint\":\"m\"},\"children\":[{\"type\":\"headline\",\"props\":{\"content\":\"Send Us a Message\",\"text_align\":\"center\",\"title_element\":\"h2\",\"title_style\":\"heading-large\"}},{\"type\":\"text\",\"props\":{\"column_breakpoint\":\"m\",\"content\":\"\n\n<p>We will process your inquiry regarding <strong>thermal management<\\\/strong> quickly and competently.<\\\/p>\",\"margin\":\"default\",\"text_align\":\"center\"}}]}]},{\"type\":\"row\",\"children\":[{\"type\":\"column\",\"props\":{\"image_position\":\"center-center\",\"position_sticky_breakpoint\":\"m\",\"style\":\"card-primary\"},\"children\":[{\"type\":\"html\",\"props\":{\"content\":\"[borlabs-cookie id=\\\"hubspot\\\" type=\\\"marketing\\\"] <script charset=\\\"utf-8\\\" type=\\\"text\\\/javascript\\\" src=\\\"\\\/\\\/js-eu1.hsforms.net\\\/forms\\\/embed\\\/v2.js\\\"><\\\/script>\\n<script>\\n  hbspt.forms.create({\\n    portalId: \\\"145014097\\\",\\n    formId: \\\"159c7808-3b8a-4bb9-a3be-c61aa9f03945\\\",\\n    region: \\\"eu1\\\"\\n  });\\n<\\\/script>[\\\/borlabs-cookie]\\n\"}}]}]}]},{\"type\":\"section\",\"props\":{\"image_position\":\"center-center\",\"style\":\"secondary\",\"title_breakpoint\":\"xl\",\"title_position\":\"top-left\",\"title_rotation\":\"left\",\"vertical_align\":\"\",\"width\":\"default\"},\"children\":[{\"type\":\"row\",\"props\":{\"width\":\"small\"},\"children\":[{\"type\":\"column\",\"props\":{\"image_position\":\"center-center\",\"position_sticky_breakpoint\":\"m\"},\"children\":[{\"type\":\"headline\",\"props\":{\"content\":\"Contact person\",\"text_align\":\"center\",\"title_element\":\"h2\",\"title_style\":\"heading-large\"}},{\"type\":\"contacts\",\"props\":{\"content_title\":\"Klingt interessant?\",\"flyout_button_text\":\"Kontaktieren Sie uns\",\"parent\":\"contacts\",\"show_content_title\":true,\"show_image\":true},\"children\":[{\"type\":\"flyout_item\",\"props\":{\"post_id\":21060}}]}]}]}]},{\"type\":\"section\",\"props\":{\"image_position\":\"center-center\",\"padding_remove_top\":false,\"style\":\"default\",\"title_breakpoint\":\"xl\",\"title_position\":\"top-left\",\"title_rotation\":\"left\",\"vertical_align\":\"\",\"width\":\"default\"},\"children\":[{\"type\":\"row\",\"children\":[{\"type\":\"column\",\"props\":{\"image_position\":\"center-center\",\"position_sticky_breakpoint\":\"m\"},\"children\":[{\"type\":\"grid\",\"props\":{\"content_column_breakpoint\":\"m\",\"filter_align\":\"left\",\"filter_all\":true,\"filter_grid_breakpoint\":\"m\",\"filter_grid_width\":\"auto\",\"filter_position\":\"top\",\"filter_style\":\"tab\",\"grid_default\":\"1\",\"grid_medium\":\"2\",\"icon_width\":80,\"image_align\":\"left\",\"image_grid_breakpoint\":\"m\",\"image_grid_width\":\"auto\",\"image_svg_color\":\"emphasis\",\"item_animation\":true,\"lightbox_bg_close\":true,\"link_style\":\"primary\",\"link_text\":\"Read more\",\"margin\":\"default\",\"meta_align\":\"below-title\",\"meta_element\":\"div\",\"meta_style\":\"text-meta\",\"panel_padding\":\"default\",\"panel_style\":\"card-default\",\"show_content\":true,\"show_hover_image\":true,\"show_hover_video\":true,\"show_image\":true,\"show_link\":true,\"show_meta\":true,\"show_title\":true,\"show_video\":true,\"title_align\":\"top\",\"title_color\":\"primary\",\"title_element\":\"h3\",\"title_grid_breakpoint\":\"m\",\"title_grid_width\":\"1-2\",\"title_hover_style\":\"reset\"},\"children\":[{\"type\":\"grid_item\",\"props\":{\"content\":\"\n\n<p>Visit us at a trade fair or event<\\\/p>\",\"image\":\"app\\\/uploads\\\/2023\\\/02\\\/Icon_Messen_Events-1.svg\",\"image_alt\":\"ZELTWANGER Ansprechpartner\",\"link\":\"\\\/en\\\/category\\\/events-en\\\/\",\"link_text\":\"Learn more\",\"title\":\"Exhibitions and dates\"}},{\"type\":\"grid_item\",\"props\":{\"content\":\"\n\n<p><span>Here you can find our companies<\\\/span><\\\/p>\",\"image\":\"app\\\/uploads\\\/2023\\\/05\\\/Icon_Standort.svg\",\"image_alt\":\"ZELTWANGER Standorte\",\"link\":\"\\\/en\\\/company\\\/contact\\\/\",\"link_text\":\"Learn more\",\"title\":\" Locations\"}}]}]}]}],\"name\":\"Grid | icon + text + button\"}],\"version\":\"4.5.3\"} --><\/p>\n","protected":false},"excerpt":{"rendered":"<p>Thermal management Contact Options Send Us a Message We will process your inquiry regarding thermal management quickly and competently. Contact person Option: Exhibitions and dates Visit us at a trade fair or event Learn more Locations Here you can find our companies Learn more<\/p>\n","protected":false},"author":21,"featured_media":0,"parent":23559,"menu_order":0,"comment_status":"closed","ping_status":"closed","template":"","meta":{"_acf_changed":false,"footnotes":""},"class_list":["post-30711","page","type-page","status-publish","hentry"],"acf":[],"yoast_head":"<!-- This site is optimized with the Yoast SEO plugin v26.9 - https:\/\/yoast.com\/product\/yoast-seo-wordpress\/ -->\n<title>Thermal management | ZELTWANGER<\/title>\n<meta name=\"description\" content=\"Obra\u0165te se na n\u00e1\u0161 t\u00fdm odborn\u00edk\u016f a z\u00edskejte informace o \u0159e\u0161en\u00edch na m\u00edru pro v\u00fdrobu v\u00fdm\u011bn\u00edk\u016f tepla \u2013 od mont\u00e1\u017ee p\u0159es automatizaci a\u017e po testov\u00e1n\u00ed na konci linky.\" \/>\n<meta name=\"robots\" content=\"index, follow, max-snippet:-1, max-image-preview:large, max-video-preview:-1\" \/>\n<link rel=\"canonical\" href=\"https:\/\/www.zeltwanger.de\/en\/contact-request\/thermal-management\/\" \/>\n<meta property=\"og:locale\" content=\"en_US\" \/>\n<meta property=\"og:type\" content=\"article\" \/>\n<meta property=\"og:title\" content=\"Thermal management | ZELTWANGER\" \/>\n<meta property=\"og:description\" content=\"Obra\u0165te se na n\u00e1\u0161 t\u00fdm odborn\u00edk\u016f a z\u00edskejte informace o \u0159e\u0161en\u00edch na m\u00edru pro v\u00fdrobu v\u00fdm\u011bn\u00edk\u016f tepla \u2013 od mont\u00e1\u017ee p\u0159es automatizaci a\u017e po testov\u00e1n\u00ed na konci linky.\" \/>\n<meta property=\"og:url\" content=\"https:\/\/www.zeltwanger.de\/en\/contact-request\/thermal-management\/\" \/>\n<meta property=\"og:site_name\" content=\"ZELTWANGER\" \/>\n<meta property=\"article:publisher\" content=\"https:\/\/www.facebook.com\/zeltwanger.karriere\/\" \/>\n<meta property=\"article:modified_time\" content=\"2025-04-17T14:12:14+00:00\" \/>\n<meta name=\"twitter:card\" content=\"summary_large_image\" \/>\n<meta name=\"twitter:label1\" content=\"Est. reading time\" \/>\n\t<meta name=\"twitter:data1\" content=\"1 minute\" \/>\n<script type=\"application\/ld+json\" class=\"yoast-schema-graph\">{\"@context\":\"https:\/\/schema.org\",\"@graph\":[{\"@type\":\"WebPage\",\"@id\":\"https:\/\/www.zeltwanger.de\/en\/contact-request\/thermal-management\/\",\"url\":\"https:\/\/www.zeltwanger.de\/en\/contact-request\/thermal-management\/\",\"name\":\"Thermal management | ZELTWANGER\",\"isPartOf\":{\"@id\":\"https:\/\/www.zeltwanger.de\/en\/#website\"},\"datePublished\":\"2024-09-16T14:22:40+00:00\",\"dateModified\":\"2025-04-17T14:12:14+00:00\",\"description\":\"Obra\u0165te se na n\u00e1\u0161 t\u00fdm odborn\u00edk\u016f a z\u00edskejte informace o \u0159e\u0161en\u00edch na m\u00edru pro v\u00fdrobu v\u00fdm\u011bn\u00edk\u016f tepla \u2013 od mont\u00e1\u017ee p\u0159es automatizaci a\u017e po testov\u00e1n\u00ed na konci linky.\",\"breadcrumb\":{\"@id\":\"https:\/\/www.zeltwanger.de\/en\/contact-request\/thermal-management\/#breadcrumb\"},\"inLanguage\":\"en-US\",\"potentialAction\":[{\"@type\":\"ReadAction\",\"target\":[\"https:\/\/www.zeltwanger.de\/en\/contact-request\/thermal-management\/\"]}]},{\"@type\":\"BreadcrumbList\",\"@id\":\"https:\/\/www.zeltwanger.de\/en\/contact-request\/thermal-management\/#breadcrumb\",\"itemListElement\":[{\"@type\":\"ListItem\",\"position\":1,\"name\":\"Home\",\"item\":\"https:\/\/www.zeltwanger.de\/en\/homepage\/\"},{\"@type\":\"ListItem\",\"position\":2,\"name\":\"Contact request\",\"item\":\"https:\/\/www.zeltwanger.de\/en\/contact-request\/\"},{\"@type\":\"ListItem\",\"position\":3,\"name\":\"Thermal management\"}]},{\"@type\":\"WebSite\",\"@id\":\"https:\/\/www.zeltwanger.de\/en\/#website\",\"url\":\"https:\/\/www.zeltwanger.de\/en\/\",\"name\":\"ZELTWANGER\",\"description\":\"Innovation aus Freude an Technik\",\"publisher\":{\"@id\":\"https:\/\/www.zeltwanger.de\/en\/#organization\"},\"potentialAction\":[{\"@type\":\"SearchAction\",\"target\":{\"@type\":\"EntryPoint\",\"urlTemplate\":\"https:\/\/www.zeltwanger.de\/en\/?s={search_term_string}\"},\"query-input\":{\"@type\":\"PropertyValueSpecification\",\"valueRequired\":true,\"valueName\":\"search_term_string\"}}],\"inLanguage\":\"en-US\"},{\"@type\":\"Organization\",\"@id\":\"https:\/\/www.zeltwanger.de\/en\/#organization\",\"name\":\"ZELTWANGER\",\"url\":\"https:\/\/www.zeltwanger.de\/en\/\",\"logo\":{\"@type\":\"ImageObject\",\"inLanguage\":\"en-US\",\"@id\":\"https:\/\/www.zeltwanger.de\/en\/#\/schema\/logo\/image\/\",\"url\":\"https:\/\/www.zeltwanger.de\/app\/uploads\/2024\/03\/ZELTWANGER-Maennchen_nebeneinander_RGB_Screen_quadratisch_klein-e1710331495893.jpg\",\"contentUrl\":\"https:\/\/www.zeltwanger.de\/app\/uploads\/2024\/03\/ZELTWANGER-Maennchen_nebeneinander_RGB_Screen_quadratisch_klein-e1710331495893.jpg\",\"width\":144,\"height\":144,\"caption\":\"ZELTWANGER\"},\"image\":{\"@id\":\"https:\/\/www.zeltwanger.de\/en\/#\/schema\/logo\/image\/\"},\"sameAs\":[\"https:\/\/www.facebook.com\/zeltwanger.karriere\/\",\"https:\/\/www.linkedin.com\/company\/11844117\/\"]}]}<\/script>\n<!-- \/ Yoast SEO plugin. -->","yoast_head_json":{"title":"Thermal management | ZELTWANGER","description":"Obra\u0165te se na n\u00e1\u0161 t\u00fdm odborn\u00edk\u016f a z\u00edskejte informace o \u0159e\u0161en\u00edch na m\u00edru pro v\u00fdrobu v\u00fdm\u011bn\u00edk\u016f tepla \u2013 od mont\u00e1\u017ee p\u0159es automatizaci a\u017e po testov\u00e1n\u00ed na konci linky.","robots":{"index":"index","follow":"follow","max-snippet":"max-snippet:-1","max-image-preview":"max-image-preview:large","max-video-preview":"max-video-preview:-1"},"canonical":"https:\/\/www.zeltwanger.de\/en\/contact-request\/thermal-management\/","og_locale":"en_US","og_type":"article","og_title":"Thermal management | ZELTWANGER","og_description":"Obra\u0165te se na n\u00e1\u0161 t\u00fdm odborn\u00edk\u016f a z\u00edskejte informace o \u0159e\u0161en\u00edch na m\u00edru pro v\u00fdrobu v\u00fdm\u011bn\u00edk\u016f tepla \u2013 od mont\u00e1\u017ee p\u0159es automatizaci a\u017e po testov\u00e1n\u00ed na konci linky.","og_url":"https:\/\/www.zeltwanger.de\/en\/contact-request\/thermal-management\/","og_site_name":"ZELTWANGER","article_publisher":"https:\/\/www.facebook.com\/zeltwanger.karriere\/","article_modified_time":"2025-04-17T14:12:14+00:00","twitter_card":"summary_large_image","twitter_misc":{"Est. reading time":"1 minute"},"schema":{"@context":"https:\/\/schema.org","@graph":[{"@type":"WebPage","@id":"https:\/\/www.zeltwanger.de\/en\/contact-request\/thermal-management\/","url":"https:\/\/www.zeltwanger.de\/en\/contact-request\/thermal-management\/","name":"Thermal management | ZELTWANGER","isPartOf":{"@id":"https:\/\/www.zeltwanger.de\/en\/#website"},"datePublished":"2024-09-16T14:22:40+00:00","dateModified":"2025-04-17T14:12:14+00:00","description":"Obra\u0165te se na n\u00e1\u0161 t\u00fdm odborn\u00edk\u016f a z\u00edskejte informace o \u0159e\u0161en\u00edch na m\u00edru pro v\u00fdrobu v\u00fdm\u011bn\u00edk\u016f tepla \u2013 od mont\u00e1\u017ee p\u0159es automatizaci a\u017e po testov\u00e1n\u00ed na konci linky.","breadcrumb":{"@id":"https:\/\/www.zeltwanger.de\/en\/contact-request\/thermal-management\/#breadcrumb"},"inLanguage":"en-US","potentialAction":[{"@type":"ReadAction","target":["https:\/\/www.zeltwanger.de\/en\/contact-request\/thermal-management\/"]}]},{"@type":"BreadcrumbList","@id":"https:\/\/www.zeltwanger.de\/en\/contact-request\/thermal-management\/#breadcrumb","itemListElement":[{"@type":"ListItem","position":1,"name":"Home","item":"https:\/\/www.zeltwanger.de\/en\/homepage\/"},{"@type":"ListItem","position":2,"name":"Contact request","item":"https:\/\/www.zeltwanger.de\/en\/contact-request\/"},{"@type":"ListItem","position":3,"name":"Thermal management"}]},{"@type":"WebSite","@id":"https:\/\/www.zeltwanger.de\/en\/#website","url":"https:\/\/www.zeltwanger.de\/en\/","name":"ZELTWANGER","description":"Innovation aus Freude an Technik","publisher":{"@id":"https:\/\/www.zeltwanger.de\/en\/#organization"},"potentialAction":[{"@type":"SearchAction","target":{"@type":"EntryPoint","urlTemplate":"https:\/\/www.zeltwanger.de\/en\/?s={search_term_string}"},"query-input":{"@type":"PropertyValueSpecification","valueRequired":true,"valueName":"search_term_string"}}],"inLanguage":"en-US"},{"@type":"Organization","@id":"https:\/\/www.zeltwanger.de\/en\/#organization","name":"ZELTWANGER","url":"https:\/\/www.zeltwanger.de\/en\/","logo":{"@type":"ImageObject","inLanguage":"en-US","@id":"https:\/\/www.zeltwanger.de\/en\/#\/schema\/logo\/image\/","url":"https:\/\/www.zeltwanger.de\/app\/uploads\/2024\/03\/ZELTWANGER-Maennchen_nebeneinander_RGB_Screen_quadratisch_klein-e1710331495893.jpg","contentUrl":"https:\/\/www.zeltwanger.de\/app\/uploads\/2024\/03\/ZELTWANGER-Maennchen_nebeneinander_RGB_Screen_quadratisch_klein-e1710331495893.jpg","width":144,"height":144,"caption":"ZELTWANGER"},"image":{"@id":"https:\/\/www.zeltwanger.de\/en\/#\/schema\/logo\/image\/"},"sameAs":["https:\/\/www.facebook.com\/zeltwanger.karriere\/","https:\/\/www.linkedin.com\/company\/11844117\/"]}]}},"_links":{"self":[{"href":"https:\/\/www.zeltwanger.de\/en\/wp-json\/wp\/v2\/pages\/30711","targetHints":{"allow":["GET"]}}],"collection":[{"href":"https:\/\/www.zeltwanger.de\/en\/wp-json\/wp\/v2\/pages"}],"about":[{"href":"https:\/\/www.zeltwanger.de\/en\/wp-json\/wp\/v2\/types\/page"}],"author":[{"embeddable":true,"href":"https:\/\/www.zeltwanger.de\/en\/wp-json\/wp\/v2\/users\/21"}],"replies":[{"embeddable":true,"href":"https:\/\/www.zeltwanger.de\/en\/wp-json\/wp\/v2\/comments?post=30711"}],"version-history":[{"count":13,"href":"https:\/\/www.zeltwanger.de\/en\/wp-json\/wp\/v2\/pages\/30711\/revisions"}],"predecessor-version":[{"id":33224,"href":"https:\/\/www.zeltwanger.de\/en\/wp-json\/wp\/v2\/pages\/30711\/revisions\/33224"}],"up":[{"embeddable":true,"href":"https:\/\/www.zeltwanger.de\/en\/wp-json\/wp\/v2\/pages\/23559"}],"wp:attachment":[{"href":"https:\/\/www.zeltwanger.de\/en\/wp-json\/wp\/v2\/media?parent=30711"}],"curies":[{"name":"wp","href":"https:\/\/api.w.org\/{rel}","templated":true}]}}