{"id":862,"date":"2019-12-16T15:51:22","date_gmt":"2019-12-16T14:51:22","guid":{"rendered":"https:\/\/www.zeltwanger.de\/?page_id=862"},"modified":"2026-02-02T10:34:26","modified_gmt":"2026-02-02T09:34:26","slug":"stellenangebote","status":"publish","type":"page","link":"https:\/\/www.zeltwanger.de\/de\/unternehmen\/karriere\/stellenangebote\/","title":{"rendered":"Stellenangebote"},"content":{"rendered":"<div>\n<p>    <img decoding=\"async\" src=\"\/app\/uploads\/2023\/10\/Fachkraefte.jpg\" alt=\"WIR SCHAFFEN RAUM F\u00dcR VERWIRKLICHUNG\"><\/p>\n<p>WIR SCHAFFEN RAUM F\u00dcR VERWIRKLICHUNG<\/p>\n<\/div>\n<h1>Unsere Stellenangebote<\/h1>\n<div>\n<p>Ideengeber, Teamplayer, Vordenker, Technikverliebte, Sinnstifter, Motivatoren, Vision\u00e4re \u2013<br \/>werden Sie Teil der ZELTWANGER-Familie.<\/p>\n<\/div>\n<div>\n<p> <script src=\"https:\/\/static.b-ite.com\/jobs-api\/loader-v1\/api-loader-v1.min.js\"><\/script><\/p>\n<div class=\"jobWrapper-block\" data-bite-jobs-api-listing=\"zeltwanger:main-listing\"><\/div>\n<\/div>\n<h2>NICHT DAS RICHTIGE DABEI?<\/h2>\n<p><p>\n        <a href=\"\/de\/unternehmen\/karriere\/stellenangebote\/initiativbewerbung\/\">Jetzt initiativ bewerben<\/a>\n    <\/p>\n<\/p>\n<p><img decoding=\"async\" src=\"\/app\/uploads\/2026\/02\/Top_Arbeitgeber_Siegel_2026.png\" alt=\"\"><\/p>\n<h2>Warum ZELTWANGER?<\/h2>\n<div>\n<p><span>Gemeinsam Ziele erreichen, in einem modernen Umfeld mit echten Vorteilen \u2013 es sind die wichtigen Details, die uns zu einem attraktiven Arbeitgeber machen.<\/span><\/p>\n<\/div>\n<p><p>\n        <a href=\"\/de\/unternehmen\/karriere\/#benefits\">Unsere Benefits<\/a>\n    <\/p>\n<\/p>\n<h2>\n<p>\u00dcberzeugt? Jetzt Kontakt aufnehmen!<\/p>\n<\/h2>\n<div>\n<p style=\"text-align: center;\">Ob zu unseren Stellenausschreibungen, den Bewerbungsunterlagen oder dem Auswahlprozess \u2013 unsere HR-Abteilung hilft gerne weiter.<\/p>\n<\/div>\n<div>\n<h1><\/h1>\n<p>Option: <\/p>\n<\/div>\n<p><!--more--><br \/>\n<!-- {\"type\":\"layout\",\"children\":[{\"type\":\"section\",\"props\":{\"image_position\":\"center-center\",\"padding_remove_bottom\":true,\"padding_remove_top\":true,\"style\":\"default\",\"title_breakpoint\":\"xl\",\"title_position\":\"top-left\",\"title_rotation\":\"left\",\"vertical_align\":\"\",\"width\":\"\"},\"children\":[{\"type\":\"row\",\"children\":[{\"type\":\"column\",\"props\":{\"image_position\":\"center-center\",\"position_sticky_breakpoint\":\"m\",\"width_medium\":\"1-1\"},\"children\":[{\"type\":\"slideshow\",\"props\":{\"class\":\"like-mobile-panel-slider sub-page\",\"css\":\"li.el-item {\\n\\n}\",\"image_height\":\"929px\",\"image_loading\":true,\"image_width\":\"2548px\",\"link_style\":\"primary\",\"link_text\":\"Read more\",\"margin\":\"default\",\"meta_align\":\"above-title\",\"meta_element\":\"div\",\"meta_style\":\"h2\",\"nav\":\"\",\"nav_align\":\"center\",\"nav_below\":false,\"nav_breakpoint\":\"s\",\"nav_position\":\"bottom-center\",\"nav_position_margin\":\"medium\",\"nav_vertical\":false,\"overlay_animation\":\"parallax\",\"overlay_container\":\"large\",\"overlay_parallax_x\":\"90\",\"overlay_parallax_y\":\"0\",\"overlay_position\":\"bottom-left\",\"overlay_style\":\"overlay-primary\",\"overlay_width\":\"xlarge\",\"show_content\":true,\"show_link\":true,\"show_meta\":true,\"show_thumbnail\":false,\"show_title\":true,\"slidenav\":\"default\",\"slidenav_breakpoint\":\"s\",\"slidenav_hover\":true,\"slidenav_large\":false,\"slidenav_margin\":\"small\",\"slidenav_outside_breakpoint\":\"xl\",\"slideshow_autoplay\":true,\"slideshow_autoplay_interval\":\"10\",\"slideshow_autoplay_pause\":false,\"slideshow_max_height\":\"700\",\"slideshow_min_height\":\"500\",\"slideshow_velocity\":\"0.5\",\"text_align\":\"left\",\"text_align_breakpoint\":\"s\",\"text_align_fallback\":\"center\",\"text_color\":\"light\",\"thumbnav_height\":\"75\",\"thumbnav_svg_color\":\"emphasis\",\"thumbnav_width\":\"100\",\"title_element\":\"div\",\"title_hover_style\":\"reset\",\"title_style\":\"h1\"},\"children\":[{\"type\":\"slideshow_item\",\"props\":{\"content\":\"\",\"image\":\"app\\\/uploads\\\/2023\\\/10\\\/Fachkraefte.jpg\",\"image_alt\":\"WIR SCHAFFEN RAUM F\\u00dcR VERWIRKLICHUNG\",\"meta\":\"WIR SCHAFFEN RAUM F\\u00dcR VERWIRKLICHUNG\",\"title\":\"\"}}]}]}]}],\"name\":\"Header - neu - single\"},{\"type\":\"section\",\"props\":{\"class\":\"breadcrumb\",\"image_position\":\"center-center\",\"padding\":\"xsmall\",\"padding_remove_bottom\":true,\"padding_remove_top\":false,\"style\":\"default\",\"title_breakpoint\":\"xl\",\"title_position\":\"top-left\",\"title_rotation\":\"left\",\"vertical_align\":\"\",\"width\":\"default\"},\"children\":[{\"type\":\"row\",\"props\":{\"width\":\"small\"},\"children\":[{\"type\":\"column\",\"props\":{\"image_position\":\"center-center\",\"position_sticky_breakpoint\":\"m\",\"width_medium\":\"1-1\"},\"children\":[{\"type\":\"breadcrumbs\",\"props\":{\"image_svg_color\":\"emphasis\",\"margin\":\"default\"}}]}]}],\"name\":\"Breadcrumb\"},{\"type\":\"section\",\"props\":{\"image_position\":\"center-center\",\"padding_remove_top\":true,\"style\":\"default\",\"title_breakpoint\":\"xl\",\"title_position\":\"top-left\",\"title_rotation\":\"left\",\"vertical_align\":\"\",\"width\":\"default\"},\"children\":[{\"type\":\"row\",\"children\":[{\"type\":\"column\",\"props\":{\"image_position\":\"center-center\",\"position_sticky_breakpoint\":\"m\"},\"children\":[{\"type\":\"headline\",\"props\":{\"content\":\"Unsere Stellenangebote\",\"text_align\":\"center\",\"title_element\":\"h1\"}},{\"type\":\"text\",\"props\":{\"column_breakpoint\":\"m\",\"content\":\"\n\n<p>Ideengeber, Teamplayer, Vordenker, Technikverliebte, Sinnstifter, Motivatoren, Vision\\u00e4re \\u2013<br \\\/>werden Sie Teil der ZELTWANGER-Familie.<\\\/p>\",\"margin\":\"default\",\"text_align\":\"center\"}},{\"type\":\"html\",\"props\":{\"content\":\"\"}}]}]}]},{\"type\":\"section\",\"props\":{\"image_position\":\"center-center\",\"padding_remove_top\":true,\"style\":\"default\",\"title_breakpoint\":\"xl\",\"title_position\":\"top-left\",\"title_rotation\":\"left\",\"vertical_align\":\"\",\"width\":\"default\"},\"children\":[{\"type\":\"row\",\"children\":[{\"type\":\"column\",\"props\":{\"image_position\":\"center-center\",\"position_sticky_breakpoint\":\"m\",\"width_medium\":\"1-1\"},\"children\":[{\"type\":\"html\",\"props\":{\"content\":\" \\n <script src=\\\"https:\\\/\\\/static.b-ite.com\\\/jobs-api\\\/loader-v1\\\/api-loader-v1.min.js\\\"><\\\/script>\\n\n\n<div class=\\\"jobWrapper-block\\\" data-bite-jobs-api-listing=\\\"zeltwanger:main-listing\\\"><\\\/div> \"}},{\"type\":\"job_offers\",\"props\":{\"api_key\":\"3dab389759d2aa2db83b041ab58e887f033a46d7\",\"job_type\":\"Reglaer,Studenten,Azubi\",\"show_international_label\":true,\"show_students_label\":true,\"show_trainee_label\":true,\"show_worker_label\":true,\"status\":\"disabled\",\"students_label\":\"Studenten\",\"title_element\":\"h2\",\"title_style\":\"heading-medium\",\"trainee_label\":\"Auszubildende\",\"worker_label\":\"Fach- und F\\u00fchrungskr\\u00e4fte\"}}]}]}]},{\"type\":\"section\",\"props\":{\"image_position\":\"center-center\",\"style\":\"primary\",\"title_breakpoint\":\"xl\",\"title_position\":\"top-left\",\"title_rotation\":\"left\",\"vertical_align\":\"\",\"width\":\"default\"},\"children\":[{\"type\":\"row\",\"children\":[{\"type\":\"column\",\"props\":{\"image_position\":\"center-center\",\"position_sticky_breakpoint\":\"m\"},\"children\":[{\"type\":\"headline\",\"props\":{\"content\":\"NICHT DAS RICHTIGE DABEI?\",\"text_align\":\"center\",\"title_element\":\"h2\"}},{\"type\":\"button\",\"props\":{\"grid_column_gap\":\"small\",\"grid_row_gap\":\"small\",\"margin\":\"default\",\"text_align\":\"center\"},\"children\":[{\"type\":\"button_item\",\"props\":{\"button_style\":\"default\",\"content\":\"Jetzt initiativ bewerben\",\"dialog_layout\":\"modal\",\"dialog_offcanvas_flip\":true,\"icon_align\":\"left\",\"link\":\"\\\/de\\\/unternehmen\\\/karriere\\\/stellenangebote\\\/initiativbewerbung\\\/\",\"link_title\":\"Jetzt initiativ bewerben bei ZELTWANGER\"}}]}]}]}]},{\"type\":\"section\",\"props\":{\"image_position\":\"center-center\",\"style\":\"default\",\"title_breakpoint\":\"xl\",\"title_position\":\"top-left\",\"title_rotation\":\"left\",\"vertical_align\":\"\",\"width\":\"small\"},\"children\":[{\"type\":\"row\",\"props\":{\"layout\":\"1-2,1-2\",\"width\":\"expand\"},\"children\":[{\"type\":\"column\",\"props\":{\"image_position\":\"center-center\",\"position_sticky_breakpoint\":\"m\",\"width_medium\":\"1-2\"},\"children\":[{\"type\":\"image\",\"props\":{\"image\":\"app\\\/uploads\\\/2026\\\/02\\\/Top_Arbeitgeber_Siegel_2026.png\",\"image_svg_color\":\"emphasis\",\"margin\":\"default\"}}]},{\"type\":\"column\",\"props\":{\"image_position\":\"center-center\",\"position_sticky_breakpoint\":\"m\",\"vertical_align\":\"middle\",\"width_medium\":\"1-2\"},\"children\":[{\"type\":\"headline\",\"props\":{\"content\":\"Warum ZELTWANGER?\",\"title_element\":\"h2\",\"title_style\":\"heading-large\"}},{\"type\":\"text\",\"props\":{\"column_breakpoint\":\"m\",\"content\":\"\n\n<p><span>Gemeinsam Ziele erreichen, in einem modernen Umfeld mit echten Vorteilen \\u2013 es sind die wichtigen Details, die uns zu einem attraktiven Arbeitgeber machen.<\\\/span><\\\/p>\",\"margin\":\"default\"}},{\"type\":\"button\",\"props\":{\"grid_column_gap\":\"small\",\"grid_row_gap\":\"small\",\"margin\":\"default\"},\"children\":[{\"type\":\"button_item\",\"props\":{\"button_style\":\"primary\",\"content\":\"Unsere Benefits\",\"dialog_layout\":\"modal\",\"dialog_offcanvas_flip\":true,\"icon_align\":\"left\",\"link\":\"\\\/de\\\/unternehmen\\\/karriere\\\/#benefits\",\"link_title\":\"Benefits bei ZELTWANGER\"}}]}]}]}],\"name\":\"Warum Zeltwanger\"},{\"type\":\"section\",\"props\":{\"css\":\" .el-section .uk-container-small {\\n    background-color: #003c8e;\\n}\\n\\n.el-section .uk-container {\\n     max-width: 780px;\\n}\\n\\n.el-section .uk-container {\\n     padding: 40px;\\n}\\n\",\"image_position\":\"center-center\",\"padding_remove_top\":true,\"style\":\"default\",\"title_breakpoint\":\"xl\",\"title_position\":\"top-left\",\"title_rotation\":\"left\",\"vertical_align\":\"\",\"width\":\"small\"},\"children\":[{\"type\":\"row\",\"props\":{\"margin\":\"medium\",\"margin_remove_bottom\":false},\"children\":[{\"type\":\"column\",\"props\":{\"image_position\":\"center-center\",\"position_sticky_breakpoint\":\"m\",\"text_color\":\"light\",\"width_medium\":\"1-1\"},\"children\":[{\"type\":\"headline\",\"props\":{\"content\":\"\n\n<p>\\u00dcberzeugt? Jetzt Kontakt aufnehmen!<\\\/p>\",\"margin\":\"medium\",\"margin_remove_bottom\":false,\"text_align\":\"center\",\"title_element\":\"h2\",\"title_style\":\"heading-medium\"}},{\"type\":\"text\",\"props\":{\"column_breakpoint\":\"m\",\"content\":\"\n\n<p style=\\\"text-align: center;\\\">Ob zu unseren Stellenausschreibungen, den Bewerbungsunterlagen oder dem Auswahlprozess \\u2013 unsere HR-Abteilung hilft gerne weiter.<\\\/p>\",\"margin\":\"default\"}},{\"type\":\"contacts\",\"props\":{\"content_title\":\"Klingt interessant?\",\"flyout_button_text\":\"Kontaktieren Sie uns\",\"parent\":\"contacts\",\"show_content_title\":true,\"show_image\":true},\"children\":[{\"type\":\"flyout_item\",\"props\":{\"name_text\":\"K. Sass\",\"post_id\":22461}},{\"type\":\"flyout_item\",\"props\":{\"name_text\":\"C. Haidt\",\"post_id\":22457}}]}]}]}],\"name\":\"Ansprechperson blaue Kachel Karriere\"}],\"version\":\"4.5.33\"} --><\/p>\n","protected":false},"excerpt":{"rendered":"<p>WIR SCHAFFEN RAUM F\u00dcR VERWIRKLICHUNG Unsere Stellenangebote Ideengeber, Teamplayer, Vordenker, Technikverliebte, Sinnstifter, Motivatoren, Vision\u00e4re \u2013werden Sie Teil der ZELTWANGER-Familie. NICHT DAS RICHTIGE DABEI? Jetzt initiativ bewerben Warum ZELTWANGER? Gemeinsam Ziele erreichen, in einem modernen Umfeld mit echten Vorteilen \u2013 es sind die wichtigen Details, die uns zu einem attraktiven Arbeitgeber machen. Unsere Benefits \u00dcberzeugt? Jetzt [&hellip;]<\/p>\n","protected":false},"author":9,"featured_media":0,"parent":57,"menu_order":0,"comment_status":"closed","ping_status":"closed","template":"","meta":{"_acf_changed":false,"footnotes":""},"class_list":["post-862","page","type-page","status-publish","hentry"],"acf":[],"yoast_head":"<!-- This site is optimized with the Yoast SEO plugin v27.5 - https:\/\/yoast.com\/product\/yoast-seo-wordpress\/ -->\n<title>Stellenangebote bei ZELTWANGER | Karriere &amp; offene Jobs<\/title>\n<meta name=\"description\" content=\"Entdecken Sie aktuelle Stellenangebote bei ZELTWANGER \u2013 spannende Aufgaben, echter Gestaltungsspielraum und vielf\u00e4ltige Chancen f\u00fcr Fachkr\u00e4fte, Studierende &amp; Schulabsolventen.\" \/>\n<meta name=\"robots\" content=\"index, follow, max-snippet:-1, max-image-preview:large, max-video-preview:-1\" \/>\n<link rel=\"canonical\" href=\"https:\/\/www.zeltwanger.de\/de\/unternehmen\/karriere\/stellenangebote\/\" \/>\n<meta property=\"og:locale\" content=\"de_DE\" \/>\n<meta property=\"og:type\" content=\"article\" \/>\n<meta property=\"og:title\" content=\"Stellenangebote bei ZELTWANGER | Karriere &amp; offene Jobs\" \/>\n<meta property=\"og:description\" content=\"Entdecken Sie aktuelle Stellenangebote bei ZELTWANGER \u2013 spannende Aufgaben, echter Gestaltungsspielraum und vielf\u00e4ltige Chancen f\u00fcr Fachkr\u00e4fte, Studierende &amp; Schulabsolventen.\" \/>\n<meta property=\"og:url\" content=\"https:\/\/www.zeltwanger.de\/de\/unternehmen\/karriere\/stellenangebote\/\" \/>\n<meta property=\"og:site_name\" content=\"ZELTWANGER\" \/>\n<meta property=\"article:publisher\" content=\"https:\/\/www.facebook.com\/zeltwanger.karriere\/\" \/>\n<meta property=\"article:modified_time\" content=\"2026-02-02T09:34:26+00:00\" \/>\n<meta name=\"twitter:card\" content=\"summary_large_image\" \/>\n<meta name=\"twitter:label1\" content=\"Gesch\u00e4tzte Lesezeit\" \/>\n\t<meta name=\"twitter:data1\" content=\"1\u00a0Minute\" \/>\n<script type=\"application\/ld+json\" class=\"yoast-schema-graph\">{\"@context\":\"https:\\\/\\\/schema.org\",\"@graph\":[{\"@type\":\"WebPage\",\"@id\":\"https:\\\/\\\/www.zeltwanger.de\\\/de\\\/unternehmen\\\/karriere\\\/stellenangebote\\\/\",\"url\":\"https:\\\/\\\/www.zeltwanger.de\\\/de\\\/unternehmen\\\/karriere\\\/stellenangebote\\\/\",\"name\":\"Stellenangebote bei ZELTWANGER | Karriere & offene Jobs\",\"isPartOf\":{\"@id\":\"https:\\\/\\\/www.zeltwanger.de\\\/de\\\/#website\"},\"datePublished\":\"2019-12-16T14:51:22+00:00\",\"dateModified\":\"2026-02-02T09:34:26+00:00\",\"description\":\"Entdecken Sie aktuelle Stellenangebote bei ZELTWANGER \u2013 spannende Aufgaben, echter Gestaltungsspielraum und vielf\u00e4ltige Chancen f\u00fcr Fachkr\u00e4fte, Studierende & Schulabsolventen.\",\"breadcrumb\":{\"@id\":\"https:\\\/\\\/www.zeltwanger.de\\\/de\\\/unternehmen\\\/karriere\\\/stellenangebote\\\/#breadcrumb\"},\"inLanguage\":\"de\",\"potentialAction\":[{\"@type\":\"ReadAction\",\"target\":[\"https:\\\/\\\/www.zeltwanger.de\\\/de\\\/unternehmen\\\/karriere\\\/stellenangebote\\\/\"]}]},{\"@type\":\"BreadcrumbList\",\"@id\":\"https:\\\/\\\/www.zeltwanger.de\\\/de\\\/unternehmen\\\/karriere\\\/stellenangebote\\\/#breadcrumb\",\"itemListElement\":[{\"@type\":\"ListItem\",\"position\":1,\"name\":\"Home\",\"item\":\"https:\\\/\\\/www.zeltwanger.de\\\/de\\\/\"},{\"@type\":\"ListItem\",\"position\":2,\"name\":\"Unternehmen\",\"item\":\"https:\\\/\\\/www.zeltwanger.de\\\/de\\\/unternehmen\\\/\"},{\"@type\":\"ListItem\",\"position\":3,\"name\":\"Karriere\",\"item\":\"https:\\\/\\\/www.zeltwanger.de\\\/de\\\/unternehmen\\\/karriere\\\/\"},{\"@type\":\"ListItem\",\"position\":4,\"name\":\"Stellenangebote\"}]},{\"@type\":\"WebSite\",\"@id\":\"https:\\\/\\\/www.zeltwanger.de\\\/de\\\/#website\",\"url\":\"https:\\\/\\\/www.zeltwanger.de\\\/de\\\/\",\"name\":\"ZELTWANGER\",\"description\":\"Innovation aus Freude an Technik\",\"publisher\":{\"@id\":\"https:\\\/\\\/www.zeltwanger.de\\\/de\\\/#organization\"},\"potentialAction\":[{\"@type\":\"SearchAction\",\"target\":{\"@type\":\"EntryPoint\",\"urlTemplate\":\"https:\\\/\\\/www.zeltwanger.de\\\/de\\\/?s={search_term_string}\"},\"query-input\":{\"@type\":\"PropertyValueSpecification\",\"valueRequired\":true,\"valueName\":\"search_term_string\"}}],\"inLanguage\":\"de\"},{\"@type\":\"Organization\",\"@id\":\"https:\\\/\\\/www.zeltwanger.de\\\/de\\\/#organization\",\"name\":\"ZELTWANGER\",\"url\":\"https:\\\/\\\/www.zeltwanger.de\\\/de\\\/\",\"logo\":{\"@type\":\"ImageObject\",\"inLanguage\":\"de\",\"@id\":\"https:\\\/\\\/www.zeltwanger.de\\\/de\\\/#\\\/schema\\\/logo\\\/image\\\/\",\"url\":\"https:\\\/\\\/www.zeltwanger.de\\\/app\\\/uploads\\\/2024\\\/03\\\/ZELTWANGER-Maennchen_nebeneinander_RGB_Screen_quadratisch_klein-e1710331495893.jpg\",\"contentUrl\":\"https:\\\/\\\/www.zeltwanger.de\\\/app\\\/uploads\\\/2024\\\/03\\\/ZELTWANGER-Maennchen_nebeneinander_RGB_Screen_quadratisch_klein-e1710331495893.jpg\",\"width\":144,\"height\":144,\"caption\":\"ZELTWANGER\"},\"image\":{\"@id\":\"https:\\\/\\\/www.zeltwanger.de\\\/de\\\/#\\\/schema\\\/logo\\\/image\\\/\"},\"sameAs\":[\"https:\\\/\\\/www.facebook.com\\\/zeltwanger.karriere\\\/\",\"https:\\\/\\\/www.linkedin.com\\\/company\\\/11844117\\\/\"]}]}<\/script>\n<!-- \/ Yoast SEO plugin. -->","yoast_head_json":{"title":"Stellenangebote bei ZELTWANGER | Karriere & offene Jobs","description":"Entdecken Sie aktuelle Stellenangebote bei ZELTWANGER \u2013 spannende Aufgaben, echter Gestaltungsspielraum und vielf\u00e4ltige Chancen f\u00fcr Fachkr\u00e4fte, Studierende & Schulabsolventen.","robots":{"index":"index","follow":"follow","max-snippet":"max-snippet:-1","max-image-preview":"max-image-preview:large","max-video-preview":"max-video-preview:-1"},"canonical":"https:\/\/www.zeltwanger.de\/de\/unternehmen\/karriere\/stellenangebote\/","og_locale":"de_DE","og_type":"article","og_title":"Stellenangebote bei ZELTWANGER | Karriere & offene Jobs","og_description":"Entdecken Sie aktuelle Stellenangebote bei ZELTWANGER \u2013 spannende Aufgaben, echter Gestaltungsspielraum und vielf\u00e4ltige Chancen f\u00fcr Fachkr\u00e4fte, Studierende & Schulabsolventen.","og_url":"https:\/\/www.zeltwanger.de\/de\/unternehmen\/karriere\/stellenangebote\/","og_site_name":"ZELTWANGER","article_publisher":"https:\/\/www.facebook.com\/zeltwanger.karriere\/","article_modified_time":"2026-02-02T09:34:26+00:00","twitter_card":"summary_large_image","twitter_misc":{"Gesch\u00e4tzte Lesezeit":"1\u00a0Minute"},"schema":{"@context":"https:\/\/schema.org","@graph":[{"@type":"WebPage","@id":"https:\/\/www.zeltwanger.de\/de\/unternehmen\/karriere\/stellenangebote\/","url":"https:\/\/www.zeltwanger.de\/de\/unternehmen\/karriere\/stellenangebote\/","name":"Stellenangebote bei ZELTWANGER | Karriere & offene Jobs","isPartOf":{"@id":"https:\/\/www.zeltwanger.de\/de\/#website"},"datePublished":"2019-12-16T14:51:22+00:00","dateModified":"2026-02-02T09:34:26+00:00","description":"Entdecken Sie aktuelle Stellenangebote bei ZELTWANGER \u2013 spannende Aufgaben, echter Gestaltungsspielraum und vielf\u00e4ltige Chancen f\u00fcr Fachkr\u00e4fte, Studierende & Schulabsolventen.","breadcrumb":{"@id":"https:\/\/www.zeltwanger.de\/de\/unternehmen\/karriere\/stellenangebote\/#breadcrumb"},"inLanguage":"de","potentialAction":[{"@type":"ReadAction","target":["https:\/\/www.zeltwanger.de\/de\/unternehmen\/karriere\/stellenangebote\/"]}]},{"@type":"BreadcrumbList","@id":"https:\/\/www.zeltwanger.de\/de\/unternehmen\/karriere\/stellenangebote\/#breadcrumb","itemListElement":[{"@type":"ListItem","position":1,"name":"Home","item":"https:\/\/www.zeltwanger.de\/de\/"},{"@type":"ListItem","position":2,"name":"Unternehmen","item":"https:\/\/www.zeltwanger.de\/de\/unternehmen\/"},{"@type":"ListItem","position":3,"name":"Karriere","item":"https:\/\/www.zeltwanger.de\/de\/unternehmen\/karriere\/"},{"@type":"ListItem","position":4,"name":"Stellenangebote"}]},{"@type":"WebSite","@id":"https:\/\/www.zeltwanger.de\/de\/#website","url":"https:\/\/www.zeltwanger.de\/de\/","name":"ZELTWANGER","description":"Innovation aus Freude an Technik","publisher":{"@id":"https:\/\/www.zeltwanger.de\/de\/#organization"},"potentialAction":[{"@type":"SearchAction","target":{"@type":"EntryPoint","urlTemplate":"https:\/\/www.zeltwanger.de\/de\/?s={search_term_string}"},"query-input":{"@type":"PropertyValueSpecification","valueRequired":true,"valueName":"search_term_string"}}],"inLanguage":"de"},{"@type":"Organization","@id":"https:\/\/www.zeltwanger.de\/de\/#organization","name":"ZELTWANGER","url":"https:\/\/www.zeltwanger.de\/de\/","logo":{"@type":"ImageObject","inLanguage":"de","@id":"https:\/\/www.zeltwanger.de\/de\/#\/schema\/logo\/image\/","url":"https:\/\/www.zeltwanger.de\/app\/uploads\/2024\/03\/ZELTWANGER-Maennchen_nebeneinander_RGB_Screen_quadratisch_klein-e1710331495893.jpg","contentUrl":"https:\/\/www.zeltwanger.de\/app\/uploads\/2024\/03\/ZELTWANGER-Maennchen_nebeneinander_RGB_Screen_quadratisch_klein-e1710331495893.jpg","width":144,"height":144,"caption":"ZELTWANGER"},"image":{"@id":"https:\/\/www.zeltwanger.de\/de\/#\/schema\/logo\/image\/"},"sameAs":["https:\/\/www.facebook.com\/zeltwanger.karriere\/","https:\/\/www.linkedin.com\/company\/11844117\/"]}]}},"_links":{"self":[{"href":"https:\/\/www.zeltwanger.de\/de\/wp-json\/wp\/v2\/pages\/862","targetHints":{"allow":["GET"]}}],"collection":[{"href":"https:\/\/www.zeltwanger.de\/de\/wp-json\/wp\/v2\/pages"}],"about":[{"href":"https:\/\/www.zeltwanger.de\/de\/wp-json\/wp\/v2\/types\/page"}],"author":[{"embeddable":true,"href":"https:\/\/www.zeltwanger.de\/de\/wp-json\/wp\/v2\/users\/9"}],"replies":[{"embeddable":true,"href":"https:\/\/www.zeltwanger.de\/de\/wp-json\/wp\/v2\/comments?post=862"}],"version-history":[{"count":64,"href":"https:\/\/www.zeltwanger.de\/de\/wp-json\/wp\/v2\/pages\/862\/revisions"}],"predecessor-version":[{"id":35181,"href":"https:\/\/www.zeltwanger.de\/de\/wp-json\/wp\/v2\/pages\/862\/revisions\/35181"}],"up":[{"embeddable":true,"href":"https:\/\/www.zeltwanger.de\/de\/wp-json\/wp\/v2\/pages\/57"}],"wp:attachment":[{"href":"https:\/\/www.zeltwanger.de\/de\/wp-json\/wp\/v2\/media?parent=862"}],"curies":[{"name":"wp","href":"https:\/\/api.w.org\/{rel}","templated":true}]}}