{"id":53,"date":"2019-12-02T13:51:39","date_gmt":"2019-12-02T12:51:39","guid":{"rendered":"https:\/\/www.zeltwanger.de\/?page_id=53"},"modified":"2023-06-27T13:30:06","modified_gmt":"2023-06-27T11:30:06","slug":"service","status":"publish","type":"page","link":"https:\/\/www.zeltwanger.de\/de\/service\/","title":{"rendered":"Service"},"content":{"rendered":"<h1>ZELTWANGER Service <\/h1>\n<h2>Wir unter&shy;st\u00fctzen&nbsp;Sie <br \/>bei &shy;allen &shy;Prozessen<\/h2>\n<div>\n<p>Die Industrie ist im Umbruch. Sie als Unter&shy;nehmer stehen dadurch vielen Heraus&shy;forde&shy;rungen gegen\u00fcber: schnel&shy;lere Liefer&shy;zeiten, kleinere Serien, Personal&shy;mangel, Industrie 4.0. Wir sehen unsere Aufgabe darin, Sie zu beraten und zu beglei&shy;ten.<\/p>\n<p>Und nat\u00fcr&shy;lich stehen Ihnen unsere Support&shy;teams bei allen Wartungs&shy;fragen und Proble&shy;men zur Verf\u00fcgung.<\/p>\n<\/div>\n<div>Als kunden&shy;orientier&shy;ter Dienst&shy;leister bieten wir ein umfas&shy;sendes Service&shy;angebot von der Prozess&shy;analyse bis hin zur Moderni&shy;sierung Ihrer Ma&shy;schinen. Neben unserem fach&shy;lichen, hoch&shy;technolo&shy;gischen Knowhow k\u00f6nnen Sie dabei vor allem auf unsere Verl\u00e4ss&shy;lichkeit und unser Gesp\u00fcr f\u00fcr Zukunfts&shy;trends z\u00e4hlen.<\/div>\n<h2>Unser Service<\/h2>\n<h4>Lohnfertigung, <br \/>Montagedienstleistungen:<\/h4>\n<div>\n<ul>\n<li>Beratung Kosten &amp; Machbarkeit<\/li>\n<li>Kalkulation<\/li>\n<li>Planung &amp; virtuelle Simulationen<\/li>\n<li>Transparente Produktion<\/li>\n<li>Ersatzteilservice<\/li>\n<li>Wartung<\/li>\n<li>Modernisierung der Anlagen<\/li>\n<\/ul>\n<\/div>\n<p>\n    <a href=\"\/de\/service\/lohnfertigung-und-montagedienstleistungen\/\">Lohnfertigung &#038; Montage<\/a>\n<\/p>\n<h4>Dichtheitspr\u00fcfung, <br \/>Funktionspr\u00fcfung:<\/h4>\n<div>\n<ul>\n<li>Grundsatzuntersuchung &amp; Beratung<\/li>\n<li>Vorversuche<\/li>\n<li>Adaptionen<\/li>\n<li>Inbetriebnahme<\/li>\n<li>Schulungen<\/li>\n<li>Kalibrierungsservice<\/li>\n<li>Wartung<\/li>\n<li>Modernisierung der Anlagen<\/li>\n<\/ul>\n<\/div>\n<p>\n    <a href=\"\/de\/service\/dichtheitspruefung\/\">Dichtheitspr\u00fcfung<\/a>\n<\/p>\n<h4>\n<p>Thermomanagement:<br \/>\u00a0 \u00a0<\/p>\n<\/h4>\n<div>\n<ul>\n<li>Beratung, Einbringen von Prozess-Know-how<\/li>\n<li>Inbetriebnahme<\/li>\n<li>Anwenderschulungen<\/li>\n<li>Technischer Support<\/li>\n<li>Ersatzteilversorgung<\/li>\n<li>Softwareupdates<\/li>\n<li>Wartung<\/li>\n<li>Modernisierung der Anlagen<\/li>\n<\/ul>\n<\/div>\n<h2>Fernwartungs&shy;software<\/h2>\n<div>\n<p>Als Teil unseres regelm\u00e4\u00dfigen Wartungsservice bieten wir Ihnen an, eine <strong>Fernwartungssoftware<\/strong> zu installieren. So k\u00f6nnen unsere Supportteams bei Problemen die Fehlerquelle schneller aufdecken und zeitnah eingreifen.<\/p>\n<\/div>\n<p>\n    <a href=\"https:\/\/www.zeltwanger.de\/app\/uploads\/file-manager\/TeamViewerQS_de.exe\">Fernwartungssoftware herunterladen<\/a>\n<\/p>\n<div>\n<p>Das Programm ist f\u00fcr Windows XP, Vista, 7 und 10 geeignet. Eine Installation oder Adminis\u00adtrator\u00adrechte sind daf\u00fcr nicht notwendig. <br \/>An Ihrem Computer werden keine \u00c4nderungen vorgenommen.<\/p>\n<\/div>\n<div>\n<div class=\"uk-margin\" data-id=\"page#52\">\n<p>Ihr <a href=\"https:\/\/www.zeltwanger.de\/de\/service\/ansprechpartner\/\">ZELTWANGER Kundenservice<\/a> ist Ihnen bei der Handhabung gerne behilflich.<\/p>\n<\/div>\n<\/div>\n<h2>Downloads &amp; &shy;Ansprechpartner<\/h2>\n<div>Sie sind auf der Suche nach Infor&shy;mationen zu unseren Ger\u00e4ten und Anlagen? Sie m\u00f6chten ein bestimmtes Daten&shy;blatt herunter&shy;laden? Sie&nbsp;haben Inte&shy;resse an unseren Brosch\u00fcren?<\/div>\n<ul>\n<li>\n        <a href=\"\/de\/service\/downloads\/\">Alle Downloads finden Sie hier<\/a>\n    <\/li>\n<li>\n        <a href=\"\/de\/service\/ansprechpartner\/\">Ihr zust\u00e4ndiger Ansprechpartner<\/a>\n    <\/li>\n<\/ul>\n<p><!--more--><br \/>\n<!-- {\"children\":[{\"type\":\"section\",\"props\":{\"class\":\"highlight-section\",\"image\":\"app\\\/uploads\\\/2023\\\/04\\\/ZELTWANGER_Partnerschaft-2.jpg\",\"image_position\":\"center-center\",\"image_size\":\"cover\",\"image_width\":\"2560\",\"media_background\":\"rgba(43, 88, 149, 0.9)\",\"media_blend_mode\":\"multiply\",\"media_overlay\":\"rgba(0, 65, 100, 0.6)\",\"padding\":\"xlarge\",\"style\":\"default\",\"title_breakpoint\":\"xl\",\"title_position\":\"top-left\",\"title_rotation\":\"left\",\"vertical_align\":\"middle\",\"width\":\"small\"},\"children\":[{\"type\":\"row\",\"props\":{\"width\":\"small\"},\"children\":[{\"type\":\"column\",\"props\":{\"image_position\":\"center-center\",\"media_overlay_gradient\":\"\",\"position_sticky_breakpoint\":\"m\",\"text_color\":\"light\",\"width_medium\":\"1-1\"},\"children\":[{\"type\":\"headline\",\"props\":{\"content\":\"ZELTWANGER Service \",\"margin\":\"small\",\"text_align\":\"center\",\"title_element\":\"h1\",\"title_style\":\"heading-small\"}},{\"type\":\"headline\",\"props\":{\"content\":\"Wir unter&shy;st\\u00fctzen&nbsp;Sie <br \/>bei &shy;allen &shy;Prozessen\",\"margin\":\"medium\",\"margin_remove_top\":true,\"text_align\":\"center\",\"title_element\":\"h2\",\"title_style\":\"heading-large\"}},{\"type\":\"text\",\"props\":{\"block_align\":\"center\",\"column_breakpoint\":\"m\",\"content\":\"\n\n<p>Die Industrie ist im Umbruch. Sie als Unter&shy;nehmer stehen dadurch vielen Heraus&shy;forde&shy;rungen gegen\\u00fcber: schnel&shy;lere Liefer&shy;zeiten, kleinere Serien, Personal&shy;mangel, Industrie 4.0. Wir sehen unsere Aufgabe darin, Sie zu beraten und zu beglei&shy;ten.<\\\/p>\\n\n\n<p>Und nat\\u00fcr&shy;lich stehen Ihnen unsere Support&shy;teams bei allen Wartungs&shy;fragen und Proble&shy;men zur Verf\\u00fcgung.<\\\/p>\",\"margin\":\"default\",\"maxwidth\":\"2xlarge\",\"text_align\":\"center\"}}]}]}],\"name\":\"Intro Text blauer Hintergrund\"},{\"type\":\"section\",\"props\":{\"class\":\"breadcrumb\",\"image_position\":\"center-center\",\"padding\":\"xsmall\",\"padding_remove_bottom\":true,\"padding_remove_top\":false,\"style\":\"default\",\"title_breakpoint\":\"xl\",\"title_position\":\"top-left\",\"title_rotation\":\"left\",\"vertical_align\":\"middle\",\"width\":\"default\"},\"children\":[{\"type\":\"row\",\"props\":{\"width\":\"small\"},\"children\":[{\"type\":\"column\",\"props\":{\"image_position\":\"center-center\",\"media_overlay_gradient\":\"\",\"position_sticky_breakpoint\":\"m\",\"width_medium\":\"1-1\"},\"children\":[{\"type\":\"breadcrumbs\",\"props\":{\"image_svg_color\":\"emphasis\",\"margin\":\"default\"}}]}]}],\"name\":\"Breadcrumb\"},{\"type\":\"section\",\"props\":{\"image_position\":\"center-center\",\"padding_remove_bottom\":false,\"status\":\"disabled\",\"style\":\"default\",\"title_breakpoint\":\"xl\",\"title_position\":\"top-left\",\"title_rotation\":\"left\",\"vertical_align\":\"middle\",\"width\":\"small\"},\"children\":[{\"type\":\"row\",\"props\":{\"status\":\"\"},\"children\":[{\"type\":\"column\",\"props\":{\"image_position\":\"center-center\",\"media_overlay_gradient\":\"\",\"position_sticky_breakpoint\":\"m\",\"width_medium\":\"1-1\"},\"children\":[{\"type\":\"text\",\"props\":{\"column_breakpoint\":\"m\",\"content\":\"\n\n<p>Als kundenorientierter Dienstleister bieten wir ein umfassendes Serviceangebot von der Prozessanalyse bis hin zur Modernisierung Ihrer Maschinen. Neben unserem fachlichen, hochtechnologischen Knowhow k\\u00f6nnen Sie dabei vor allem auf unsere Verl\\u00e4sslichkeit und unser Gesp\\u00fcr f\\u00fcr Zukunftstrends z\\u00e4hlen.<\\\/p>\",\"margin\":\"medium\",\"text_align\":\"center\"}},{\"type\":\"image\",\"props\":{\"image\":\"app\\\/uploads\\\/2020\\\/02\\\/content-service.jpg\",\"image_alt\":\"Service von Zeltwanger \\u2013 Hand an Steuerungstablet\",\"image_svg_color\":\"emphasis\",\"margin\":\"\"}}]}]}],\"name\":\"Intro Text\"},{\"type\":\"section\",\"props\":{\"image_position\":\"center-center\",\"padding\":\"large\",\"padding_remove_top\":false,\"style\":\"default\",\"title_breakpoint\":\"xl\",\"title_position\":\"top-left\",\"title_rotation\":\"left\",\"vertical_align\":\"middle\",\"width\":\"small\"},\"children\":[{\"type\":\"row\",\"props\":{\"margin\":\"large\",\"margin_remove_bottom\":false},\"children\":[{\"type\":\"column\",\"props\":{\"image_position\":\"center-center\",\"media_overlay_gradient\":\"\",\"position_sticky_breakpoint\":\"m\",\"width_medium\":\"1-1\"},\"children\":[{\"type\":\"text\",\"props\":{\"column_breakpoint\":\"m\",\"content\":\"Als kunden&shy;orientier&shy;ter Dienst&shy;leister bieten wir ein umfas&shy;sendes Service&shy;angebot von der Prozess&shy;analyse bis hin zur Moderni&shy;sierung Ihrer Ma&shy;schinen. Neben unserem fach&shy;lichen, hoch&shy;technolo&shy;gischen Knowhow k\\u00f6nnen Sie dabei vor allem auf unsere Verl\\u00e4ss&shy;lichkeit und unser Gesp\\u00fcr f\\u00fcr Zukunfts&shy;trends z\\u00e4hlen.\",\"margin\":\"medium\",\"text_align\":\"center\"}}]}]},{\"type\":\"row\",\"children\":[{\"type\":\"column\",\"props\":{\"image_position\":\"center-center\",\"media_overlay_gradient\":\"\",\"position_sticky_breakpoint\":\"m\",\"width_medium\":\"1-1\"},\"children\":[{\"type\":\"headline\",\"props\":{\"content\":\"Unser Service\",\"margin\":\"medium\",\"margin_remove_top\":true,\"text_align\":\"center\",\"title_element\":\"h2\",\"title_style\":\"heading-large\"}}]}]},{\"type\":\"row\",\"props\":{\"layout\":\"1-3,1-3,1-3\",\"margin\":\"medium\",\"row_gap\":\"large\"},\"children\":[{\"type\":\"column\",\"props\":{\"image_position\":\"center-center\",\"media_overlay_gradient\":\"\",\"position_sticky_breakpoint\":\"m\",\"width_medium\":\"1-3\"},\"children\":[{\"type\":\"headline\",\"props\":{\"content\":\"Lohnfertigung, <br \\\/>Montagedienstleistungen:\",\"title_element\":\"h4\",\"title_style\":\"h4\"}},{\"type\":\"text\",\"props\":{\"column_breakpoint\":\"m\",\"content\":\"\n\n<ul>\\n\n\n<li>Beratung Kosten &amp; Machbarkeit<\\\/li>\\n\n\n<li>Kalkulation<\\\/li>\\n\n\n<li>Planung &amp; virtuelle Simulationen<\\\/li>\\n\n\n<li>Transparente Produktion<\\\/li>\\n\n\n<li>Ersatzteilservice<\\\/li>\\n\n\n<li>Wartung<\\\/li>\\n\n\n<li>Modernisierung der Anlagen<\\\/li>\\n<\\\/ul>\",\"margin\":\"default\"}},{\"type\":\"button\",\"props\":{\"grid_column_gap\":\"small\",\"grid_row_gap\":\"small\",\"margin\":\"default\"},\"children\":[{\"type\":\"button_item\",\"props\":{\"button_style\":\"default\",\"content\":\"Lohnfertigung & Montage\",\"icon_align\":\"left\",\"link\":\"de\\\/service\\\/lohnfertigung-und-montagedienstleistungen\\\/\",\"link_title\":\"Link zur Seite Service im Bereich Lohnfertigung und Montagedienstleistungen\"}}]}]},{\"type\":\"column\",\"props\":{\"image_position\":\"center-center\",\"media_overlay_gradient\":\"\",\"position_sticky_breakpoint\":\"m\",\"width_medium\":\"1-3\"},\"children\":[{\"type\":\"headline\",\"props\":{\"content\":\"Dichtheitspr\\u00fcfung, <br \\\/>Funktionspr\\u00fcfung:\",\"title_element\":\"h4\",\"title_style\":\"h4\"}},{\"type\":\"text\",\"props\":{\"column_breakpoint\":\"m\",\"content\":\"\n\n<ul>\\n\n\n<li>Grundsatzuntersuchung &amp; Beratung<\\\/li>\\n\n\n<li>Vorversuche<\\\/li>\\n\n\n<li>Adaptionen<\\\/li>\\n\n\n<li>Inbetriebnahme<\\\/li>\\n\n\n<li>Schulungen<\\\/li>\\n\n\n<li>Kalibrierungsservice<\\\/li>\\n\n\n<li>Wartung<\\\/li>\\n\n\n<li>Modernisierung der Anlagen<\\\/li>\\n<\\\/ul>\",\"margin\":\"default\"}},{\"type\":\"button\",\"props\":{\"grid_column_gap\":\"small\",\"grid_row_gap\":\"small\",\"margin\":\"default\"},\"children\":[{\"type\":\"button_item\",\"props\":{\"button_style\":\"default\",\"content\":\"Dichtheitspr\\u00fcfung\",\"icon_align\":\"left\",\"link\":\"de\\\/service\\\/dichtheitspruefung\\\/\",\"link_title\":\"Link zur Seite Service Dichtheitspr\\u00fcfung\"}}]}]},{\"type\":\"column\",\"props\":{\"image_position\":\"center-center\",\"media_overlay_gradient\":\"\",\"position_sticky_breakpoint\":\"m\",\"width_medium\":\"1-3\"},\"children\":[{\"type\":\"headline\",\"props\":{\"content\":\"\n\n<p>Thermomanagement:<br \\\/>\\u00a0 \\u00a0<\\\/p>\",\"title_element\":\"h4\",\"title_style\":\"h4\"}},{\"type\":\"text\",\"props\":{\"column_breakpoint\":\"m\",\"content\":\"\n\n<ul>\\n\n\n<li>Beratung, Einbringen von Prozess-Know-how<\\\/li>\\n\n\n<li>Inbetriebnahme<\\\/li>\\n\n\n<li>Anwenderschulungen<\\\/li>\\n\n\n<li>Technischer Support<\\\/li>\\n\n\n<li>Ersatzteilversorgung<\\\/li>\\n\n\n<li>Softwareupdates<\\\/li>\\n\n\n<li>Wartung<\\\/li>\\n\n\n<li>Modernisierung der Anlagen<\\\/li>\\n<\\\/ul>\",\"margin\":\"default\"}}]}]}],\"name\":\"Dienstleistungen\"},{\"type\":\"section\",\"props\":{\"class\":\"highlight-section\",\"height\":\"percent\",\"id\":\"Fernwartung\",\"image\":\"app\\\/uploads\\\/2020\\\/04\\\/header_technologien_03-1.png\",\"image_position\":\"center-center\",\"image_size\":\"cover\",\"image_width\":\"2560\",\"media_background\":\"rgba(43, 88, 149, 0.9)\",\"media_blend_mode\":\"multiply\",\"media_overlay\":\"rgba(0, 65, 100, 0.6)\",\"padding\":\"large\",\"padding_remove_bottom\":false,\"padding_remove_top\":false,\"style\":\"default\",\"text_color\":\"light\",\"title_breakpoint\":\"xl\",\"title_position\":\"top-left\",\"title_rotation\":\"left\",\"vertical_align\":\"middle\",\"width\":\"small\"},\"children\":[{\"type\":\"row\",\"props\":{\"row_gap\":\"large\"},\"children\":[{\"type\":\"column\",\"props\":{\"image_position\":\"center-center\",\"media_overlay_gradient\":\"\",\"position_sticky_breakpoint\":\"m\",\"width_medium\":\"1-1\"},\"children\":[{\"type\":\"headline\",\"props\":{\"content\":\"Fernwartungs&shy;software\",\"margin\":\"medium\",\"margin_remove_top\":true,\"text_align\":\"center\",\"title_element\":\"h2\",\"title_style\":\"heading-large\"}},{\"type\":\"text\",\"props\":{\"column_breakpoint\":\"m\",\"content\":\"\n\n<p>Als Teil unseres regelm\\u00e4\\u00dfigen Wartungsservice bieten wir Ihnen an, eine <strong>Fernwartungssoftware<\\\/strong> zu installieren. So k\\u00f6nnen unsere Supportteams bei Problemen die Fehlerquelle schneller aufdecken und zeitnah eingreifen.<\\\/p>\",\"margin\":\"default\",\"text_align\":\"center\"}},{\"type\":\"button\",\"props\":{\"grid_column_gap\":\"small\",\"grid_row_gap\":\"small\",\"margin\":\"default\",\"text_align\":\"center\"},\"children\":[{\"type\":\"button_item\",\"props\":{\"button_style\":\"default\",\"content\":\"Fernwartungssoftware herunterladen\",\"icon_align\":\"left\",\"link\":\"https:\\\/\\\/www.zeltwanger.de\\\/app\\\/uploads\\\/file-manager\\\/TeamViewerQS_de.exe\",\"link_title\":\"Link zur Seite Wartung\"}}]},{\"type\":\"text\",\"props\":{\"column_breakpoint\":\"m\",\"content\":\"\n\n<p>Das Programm ist f\\u00fcr Windows XP, Vista, 7 und 10 geeignet. Eine Installation oder Adminis\\u00adtrator\\u00adrechte sind daf\\u00fcr nicht notwendig. <br \\\/>An Ihrem Computer werden keine \\u00c4nderungen vorgenommen.<\\\/p>\",\"margin\":\"default\",\"text_align\":\"center\",\"text_style\":\"small\"}},{\"type\":\"text\",\"props\":{\"column_breakpoint\":\"m\",\"content\":\"\n\n<div class=\\\"uk-margin\\\" data-id=\\\"page#52\\\">\\n\n\n<p>Ihr <a href=\\\"https:\\\/\\\/www.zeltwanger.de\\\/de\\\/service\\\/ansprechpartner\\\/\\\">ZELTWANGER Kundenservice<\\\/a> ist Ihnen bei der Handhabung gerne behilflich.<\\\/p>\\n<\\\/div>\",\"margin\":\"medium\",\"margin_remove_bottom\":true,\"text_align\":\"center\"}}]}]}],\"name\":\"Wartung\"},{\"type\":\"section\",\"props\":{\"image\":\"\",\"image_position\":\"bottom-right\",\"media_visibility\":\"l\",\"padding_remove_bottom\":false,\"padding_remove_top\":false,\"style\":\"default\",\"title_breakpoint\":\"xl\",\"title_position\":\"top-left\",\"title_rotation\":\"left\",\"vertical_align\":\"middle\",\"width\":\"default\"},\"children\":[{\"type\":\"row\",\"children\":[{\"type\":\"column\",\"props\":{\"image_position\":\"center-center\",\"media_overlay_gradient\":\"\",\"position_sticky_breakpoint\":\"m\",\"width_large\":\"1-1\"},\"children\":[{\"type\":\"headline\",\"props\":{\"content\":\"Downloads &amp; &shy;Ansprechpartner\",\"margin\":\"medium\",\"margin_remove_top\":true,\"text_align\":\"center\",\"title_element\":\"h2\",\"title_style\":\"heading-large\"}},{\"type\":\"text\",\"props\":{\"block_align\":\"center\",\"column_breakpoint\":\"m\",\"content\":\"Sie sind auf der Suche nach Infor&shy;mationen zu unseren Ger\\u00e4ten und Anlagen? Sie m\\u00f6chten ein bestimmtes Daten&shy;blatt herunter&shy;laden? Sie&nbsp;haben Inte&shy;resse an unseren Brosch\\u00fcren?\",\"margin\":\"remove-vertical\",\"maxwidth\":\"2xlarge\",\"text_align\":\"center\"}},{\"type\":\"button\",\"props\":{\"grid_column_gap\":\"small\",\"grid_row_gap\":\"small\",\"margin\":\"medium\",\"margin_remove_bottom\":false,\"margin_remove_top\":false,\"text_align\":\"center\"},\"children\":[{\"type\":\"button_item\",\"props\":{\"button_style\":\"default\",\"content\":\"Alle Downloads finden Sie hier\",\"icon_align\":\"left\",\"link\":\"de\\\/service\\\/downloads\\\/\",\"link_title\":\"Link zur Seite Downloads\"}},{\"type\":\"button_item\",\"props\":{\"button_style\":\"default\",\"content\":\"Ihr zust\\u00e4ndiger Ansprechpartner\",\"icon_align\":\"left\",\"link\":\"de\\\/service\\\/ansprechpartner\\\/\",\"link_title\":\"Link zur Seite Ansprechpartner\"}}]}]}]}],\"name\":\"Downloads\"}],\"version\":\"3.0.31\",\"type\":\"layout\"} --><\/p>\n","protected":false},"excerpt":{"rendered":"<p>ZELTWANGER Service Wir unter&shy;st\u00fctzen&nbsp;Sie bei &shy;allen &shy;Prozessen Die Industrie ist im Umbruch. Sie als Unter&shy;nehmer stehen dadurch vielen Heraus&shy;forde&shy;rungen gegen\u00fcber: schnel&shy;lere Liefer&shy;zeiten, kleinere Serien, Personal&shy;mangel, Industrie 4.0. Wir sehen unsere Aufgabe darin, Sie zu beraten und zu beglei&shy;ten. Und nat\u00fcr&shy;lich stehen Ihnen unsere Support&shy;teams bei allen Wartungs&shy;fragen und Proble&shy;men zur Verf\u00fcgung. Als kunden&shy;orientier&shy;ter Dienst&shy;leister bieten [&hellip;]<\/p>\n","protected":false},"author":9,"featured_media":0,"parent":0,"menu_order":0,"comment_status":"closed","ping_status":"closed","template":"","meta":{"_acf_changed":false,"footnotes":""},"class_list":["post-53","page","type-page","status-publish","hentry"],"acf":[],"yoast_head":"<!-- This site is optimized with the Yoast SEO plugin v27.4 - https:\/\/yoast.com\/product\/yoast-seo-wordpress\/ -->\n<title>Service &amp; Prozessunterst\u00fctzung | ZELTWANGER<\/title>\n<meta name=\"description\" content=\"Wir unterst\u00fctzen von Grundsatzuntersuchung \u00fcber Kalkulation bis Wartung | Gro\u00dfes Ersatzteillager \u2022 schnell &amp; zuverl\u00e4ssig \u2022 ZELTWANGER Service\" \/>\n<meta name=\"robots\" content=\"index, follow, max-snippet:-1, max-image-preview:large, max-video-preview:-1\" \/>\n<link rel=\"canonical\" href=\"https:\/\/www.zeltwanger.de\/de\/service\/\" \/>\n<meta property=\"og:locale\" content=\"de_DE\" \/>\n<meta property=\"og:type\" content=\"article\" \/>\n<meta property=\"og:title\" content=\"Service &amp; Prozessunterst\u00fctzung | ZELTWANGER\" \/>\n<meta property=\"og:description\" content=\"Wir unterst\u00fctzen von Grundsatzuntersuchung \u00fcber Kalkulation bis Wartung | Gro\u00dfes Ersatzteillager \u2022 schnell &amp; zuverl\u00e4ssig \u2022 ZELTWANGER Service\" \/>\n<meta property=\"og:url\" content=\"https:\/\/www.zeltwanger.de\/de\/service\/\" \/>\n<meta property=\"og:site_name\" content=\"ZELTWANGER\" \/>\n<meta property=\"article:publisher\" content=\"https:\/\/www.facebook.com\/zeltwanger.karriere\/\" \/>\n<meta property=\"article:modified_time\" content=\"2023-06-27T11:30:06+00:00\" \/>\n<meta name=\"twitter:card\" content=\"summary_large_image\" \/>\n<meta name=\"twitter:label1\" content=\"Gesch\u00e4tzte Lesezeit\" \/>\n\t<meta name=\"twitter:data1\" content=\"2\u00a0Minuten\" \/>\n<script type=\"application\/ld+json\" class=\"yoast-schema-graph\">{\"@context\":\"https:\\\/\\\/schema.org\",\"@graph\":[{\"@type\":\"WebPage\",\"@id\":\"https:\\\/\\\/www.zeltwanger.de\\\/de\\\/service\\\/\",\"url\":\"https:\\\/\\\/www.zeltwanger.de\\\/de\\\/service\\\/\",\"name\":\"Service & Prozessunterst\u00fctzung | ZELTWANGER\",\"isPartOf\":{\"@id\":\"https:\\\/\\\/www.zeltwanger.de\\\/de\\\/#website\"},\"datePublished\":\"2019-12-02T12:51:39+00:00\",\"dateModified\":\"2023-06-27T11:30:06+00:00\",\"description\":\"Wir unterst\u00fctzen von Grundsatzuntersuchung \u00fcber Kalkulation bis Wartung | Gro\u00dfes Ersatzteillager \u2022 schnell & zuverl\u00e4ssig \u2022 ZELTWANGER Service\",\"breadcrumb\":{\"@id\":\"https:\\\/\\\/www.zeltwanger.de\\\/de\\\/service\\\/#breadcrumb\"},\"inLanguage\":\"de\",\"potentialAction\":[{\"@type\":\"ReadAction\",\"target\":[\"https:\\\/\\\/www.zeltwanger.de\\\/de\\\/service\\\/\"]}]},{\"@type\":\"BreadcrumbList\",\"@id\":\"https:\\\/\\\/www.zeltwanger.de\\\/de\\\/service\\\/#breadcrumb\",\"itemListElement\":[{\"@type\":\"ListItem\",\"position\":1,\"name\":\"Home\",\"item\":\"https:\\\/\\\/www.zeltwanger.de\\\/de\\\/\"},{\"@type\":\"ListItem\",\"position\":2,\"name\":\"Service\"}]},{\"@type\":\"WebSite\",\"@id\":\"https:\\\/\\\/www.zeltwanger.de\\\/de\\\/#website\",\"url\":\"https:\\\/\\\/www.zeltwanger.de\\\/de\\\/\",\"name\":\"ZELTWANGER\",\"description\":\"Innovation aus Freude an Technik\",\"publisher\":{\"@id\":\"https:\\\/\\\/www.zeltwanger.de\\\/de\\\/#organization\"},\"potentialAction\":[{\"@type\":\"SearchAction\",\"target\":{\"@type\":\"EntryPoint\",\"urlTemplate\":\"https:\\\/\\\/www.zeltwanger.de\\\/de\\\/?s={search_term_string}\"},\"query-input\":{\"@type\":\"PropertyValueSpecification\",\"valueRequired\":true,\"valueName\":\"search_term_string\"}}],\"inLanguage\":\"de\"},{\"@type\":\"Organization\",\"@id\":\"https:\\\/\\\/www.zeltwanger.de\\\/de\\\/#organization\",\"name\":\"ZELTWANGER\",\"url\":\"https:\\\/\\\/www.zeltwanger.de\\\/de\\\/\",\"logo\":{\"@type\":\"ImageObject\",\"inLanguage\":\"de\",\"@id\":\"https:\\\/\\\/www.zeltwanger.de\\\/de\\\/#\\\/schema\\\/logo\\\/image\\\/\",\"url\":\"https:\\\/\\\/www.zeltwanger.de\\\/app\\\/uploads\\\/2024\\\/03\\\/ZELTWANGER-Maennchen_nebeneinander_RGB_Screen_quadratisch_klein-e1710331495893.jpg\",\"contentUrl\":\"https:\\\/\\\/www.zeltwanger.de\\\/app\\\/uploads\\\/2024\\\/03\\\/ZELTWANGER-Maennchen_nebeneinander_RGB_Screen_quadratisch_klein-e1710331495893.jpg\",\"width\":144,\"height\":144,\"caption\":\"ZELTWANGER\"},\"image\":{\"@id\":\"https:\\\/\\\/www.zeltwanger.de\\\/de\\\/#\\\/schema\\\/logo\\\/image\\\/\"},\"sameAs\":[\"https:\\\/\\\/www.facebook.com\\\/zeltwanger.karriere\\\/\",\"https:\\\/\\\/www.linkedin.com\\\/company\\\/11844117\\\/\"]}]}<\/script>\n<!-- \/ Yoast SEO plugin. -->","yoast_head_json":{"title":"Service & Prozessunterst\u00fctzung | ZELTWANGER","description":"Wir unterst\u00fctzen von Grundsatzuntersuchung \u00fcber Kalkulation bis Wartung | Gro\u00dfes Ersatzteillager \u2022 schnell & zuverl\u00e4ssig \u2022 ZELTWANGER Service","robots":{"index":"index","follow":"follow","max-snippet":"max-snippet:-1","max-image-preview":"max-image-preview:large","max-video-preview":"max-video-preview:-1"},"canonical":"https:\/\/www.zeltwanger.de\/de\/service\/","og_locale":"de_DE","og_type":"article","og_title":"Service & Prozessunterst\u00fctzung | ZELTWANGER","og_description":"Wir unterst\u00fctzen von Grundsatzuntersuchung \u00fcber Kalkulation bis Wartung | Gro\u00dfes Ersatzteillager \u2022 schnell & zuverl\u00e4ssig \u2022 ZELTWANGER Service","og_url":"https:\/\/www.zeltwanger.de\/de\/service\/","og_site_name":"ZELTWANGER","article_publisher":"https:\/\/www.facebook.com\/zeltwanger.karriere\/","article_modified_time":"2023-06-27T11:30:06+00:00","twitter_card":"summary_large_image","twitter_misc":{"Gesch\u00e4tzte Lesezeit":"2\u00a0Minuten"},"schema":{"@context":"https:\/\/schema.org","@graph":[{"@type":"WebPage","@id":"https:\/\/www.zeltwanger.de\/de\/service\/","url":"https:\/\/www.zeltwanger.de\/de\/service\/","name":"Service & Prozessunterst\u00fctzung | ZELTWANGER","isPartOf":{"@id":"https:\/\/www.zeltwanger.de\/de\/#website"},"datePublished":"2019-12-02T12:51:39+00:00","dateModified":"2023-06-27T11:30:06+00:00","description":"Wir unterst\u00fctzen von Grundsatzuntersuchung \u00fcber Kalkulation bis Wartung | Gro\u00dfes Ersatzteillager \u2022 schnell & zuverl\u00e4ssig \u2022 ZELTWANGER Service","breadcrumb":{"@id":"https:\/\/www.zeltwanger.de\/de\/service\/#breadcrumb"},"inLanguage":"de","potentialAction":[{"@type":"ReadAction","target":["https:\/\/www.zeltwanger.de\/de\/service\/"]}]},{"@type":"BreadcrumbList","@id":"https:\/\/www.zeltwanger.de\/de\/service\/#breadcrumb","itemListElement":[{"@type":"ListItem","position":1,"name":"Home","item":"https:\/\/www.zeltwanger.de\/de\/"},{"@type":"ListItem","position":2,"name":"Service"}]},{"@type":"WebSite","@id":"https:\/\/www.zeltwanger.de\/de\/#website","url":"https:\/\/www.zeltwanger.de\/de\/","name":"ZELTWANGER","description":"Innovation aus Freude an Technik","publisher":{"@id":"https:\/\/www.zeltwanger.de\/de\/#organization"},"potentialAction":[{"@type":"SearchAction","target":{"@type":"EntryPoint","urlTemplate":"https:\/\/www.zeltwanger.de\/de\/?s={search_term_string}"},"query-input":{"@type":"PropertyValueSpecification","valueRequired":true,"valueName":"search_term_string"}}],"inLanguage":"de"},{"@type":"Organization","@id":"https:\/\/www.zeltwanger.de\/de\/#organization","name":"ZELTWANGER","url":"https:\/\/www.zeltwanger.de\/de\/","logo":{"@type":"ImageObject","inLanguage":"de","@id":"https:\/\/www.zeltwanger.de\/de\/#\/schema\/logo\/image\/","url":"https:\/\/www.zeltwanger.de\/app\/uploads\/2024\/03\/ZELTWANGER-Maennchen_nebeneinander_RGB_Screen_quadratisch_klein-e1710331495893.jpg","contentUrl":"https:\/\/www.zeltwanger.de\/app\/uploads\/2024\/03\/ZELTWANGER-Maennchen_nebeneinander_RGB_Screen_quadratisch_klein-e1710331495893.jpg","width":144,"height":144,"caption":"ZELTWANGER"},"image":{"@id":"https:\/\/www.zeltwanger.de\/de\/#\/schema\/logo\/image\/"},"sameAs":["https:\/\/www.facebook.com\/zeltwanger.karriere\/","https:\/\/www.linkedin.com\/company\/11844117\/"]}]}},"_links":{"self":[{"href":"https:\/\/www.zeltwanger.de\/de\/wp-json\/wp\/v2\/pages\/53","targetHints":{"allow":["GET"]}}],"collection":[{"href":"https:\/\/www.zeltwanger.de\/de\/wp-json\/wp\/v2\/pages"}],"about":[{"href":"https:\/\/www.zeltwanger.de\/de\/wp-json\/wp\/v2\/types\/page"}],"author":[{"embeddable":true,"href":"https:\/\/www.zeltwanger.de\/de\/wp-json\/wp\/v2\/users\/9"}],"replies":[{"embeddable":true,"href":"https:\/\/www.zeltwanger.de\/de\/wp-json\/wp\/v2\/comments?post=53"}],"version-history":[{"count":191,"href":"https:\/\/www.zeltwanger.de\/de\/wp-json\/wp\/v2\/pages\/53\/revisions"}],"predecessor-version":[{"id":24698,"href":"https:\/\/www.zeltwanger.de\/de\/wp-json\/wp\/v2\/pages\/53\/revisions\/24698"}],"wp:attachment":[{"href":"https:\/\/www.zeltwanger.de\/de\/wp-json\/wp\/v2\/media?parent=53"}],"curies":[{"name":"wp","href":"https:\/\/api.w.org\/{rel}","templated":true}]}}