{"id":49,"date":"2019-12-02T13:51:04","date_gmt":"2019-12-02T12:51:04","guid":{"rendered":"https:\/\/www.zeltwanger.de\/?page_id=49"},"modified":"2024-01-16T14:28:30","modified_gmt":"2024-01-16T13:28:30","slug":"technologien","status":"publish","type":"page","link":"https:\/\/www.zeltwanger.de\/de\/technologien\/","title":{"rendered":"Technologien"},"content":{"rendered":"<div>\n<p>    <img decoding=\"async\" src=\"\/app\/uploads\/2023\/10\/ZELTWANGER_Unternehmensgruppe.jpg\" alt=\"technologien\"><\/p>\n<p>Technologien<\/p>\n<\/div>\n<div>L\u00f6sungen f\u00fcr morgen <br \/>entstehen bei uns heute<\/div>\n<div>Ob bei der Auftragsfertigung, bei der Dichtheitspr\u00fcfung oder im Thermomanagement \u2013 wir setzen auf modernste Technologien, um Ihr Unternehmen zukunftsf\u00e4hig zu machen.<\/div>\n<ul>\n<li>\n<p>        <img decoding=\"async\" src=\"\/app\/uploads\/2023\/02\/Icon_Fertigungs-DL.svg\" alt=\"Fertigungs und Montagedienstleistung icon\"><\/p>\n<div>\n<p><span>Fertigungsdienstleitungen hochpr\u00e4ziser und komplexer Einzelteile und Serien<\/span><\/p>\n<\/div>\n<p><a href=\"\/de\/technologien\/lohnfertigung\/\">Mehr erfahren<\/a><\/p>\n<\/li>\n<li>\n<p>        <img decoding=\"async\" src=\"\/app\/uploads\/2023\/02\/Icon_Montage-DL.svg\" alt=\"Montagedienstleistung icon\"><\/p>\n<div>\n<div class=\"el-content uk-panel uk-margin-top\">Montagedienstleistungen f\u00fcr Baugruppen und Komplettanlagen<\/div>\n<\/div>\n<p><a href=\"\/de\/technologien\/montagedienstleistungen\/\">Mehr erfahren<\/a><\/p>\n<\/li>\n<li>\n<p>        <img decoding=\"async\" src=\"\/app\/uploads\/2023\/11\/Icon_automatisierte_DP_Produkte-1.svg\" alt=\"Batterie Icon\"><\/p>\n<div>\n<p>Konfigurierbare ZEDfamily Dichtheitspr\u00fcfger\u00e4te und Stationen <\/p>\n<\/div>\n<p><a href=\"\/de\/produkte\/\">Mehr erfahren<\/a><\/p>\n<\/li>\n<li>\n<p>        <img decoding=\"async\" src=\"\/app\/uploads\/2023\/11\/Icon_automatisierte_DP_Loesungen-1.svg\" alt=\"Dichtheitspr\u00fcfung Icon\"><\/p>\n<div>\n<p>Kundenspezifische Dichtheitspr\u00fcfung in beliebiger Automationstiefe<\/p>\n<\/div>\n<p><a href=\"\/de\/technologien\/dichtheitspruefung\/\">Mehr erfahren<\/a><\/p>\n<\/li>\n<li>\n<p>        <img decoding=\"async\" src=\"\/app\/uploads\/2023\/02\/Icon_Thermomanagement.svg\" alt=\"Thermo icon\"><\/p>\n<div>\n<p>Anlagen f\u00fcr die automatisierte W\u00e4rmetauscherfertigung<\/p>\n<\/div>\n<p><a href=\"\/de\/unternehmen\/zeltwanger-thermomanagement-gmbh-co-kg\/\">Mehr erfahren<\/a><\/p>\n<\/li>\n<li>\n<p>        <img decoding=\"async\" src=\"\/app\/uploads\/2023\/03\/Icon_Wellrippe.svg\" alt=\"Thermomanagement icon\"><\/p>\n<div>Fertigungssystem f\u00fcr pr\u00e4zise W\u00e4rmetauscherlamellen<\/div>\n<p><a href=\"\/de\/technologien\/thermomanagement\/zeltwanger-fin-mill\/\">Mehr erfahren<\/a><\/p>\n<\/li>\n<\/ul>\n<p><!--more--><br \/>\n<!-- {\"type\":\"layout\",\"children\":[{\"type\":\"section\",\"props\":{\"image_position\":\"center-center\",\"padding_remove_bottom\":true,\"padding_remove_top\":true,\"style\":\"default\",\"title_breakpoint\":\"xl\",\"title_position\":\"top-left\",\"title_rotation\":\"left\",\"vertical_align\":\"middle\",\"width\":\"\"},\"children\":[{\"type\":\"row\",\"children\":[{\"type\":\"column\",\"props\":{\"image_position\":\"center-center\",\"position_sticky_breakpoint\":\"m\",\"width_medium\":\"1-1\"},\"children\":[{\"type\":\"slideshow\",\"props\":{\"class\":\"like-mobile-panel-slider sub-page\",\"css\":\"li.el-item {\\n\\n}\",\"image_height\":\"929px\",\"image_loading\":true,\"image_width\":\"2548px\",\"link_style\":\"primary\",\"link_text\":\"Read more\",\"margin\":\"default\",\"meta_align\":\"above-title\",\"meta_element\":\"div\",\"meta_style\":\"h2\",\"nav\":\"\",\"nav_align\":\"center\",\"nav_below\":false,\"nav_breakpoint\":\"s\",\"nav_position\":\"bottom-center\",\"nav_position_margin\":\"medium\",\"nav_vertical\":false,\"overlay_animation\":\"parallax\",\"overlay_container\":\"large\",\"overlay_parallax_x\":\"90\",\"overlay_parallax_y\":\"0\",\"overlay_position\":\"bottom-left\",\"overlay_style\":\"overlay-primary\",\"overlay_width\":\"xlarge\",\"show_content\":true,\"show_link\":true,\"show_meta\":true,\"show_thumbnail\":false,\"show_title\":true,\"slidenav\":\"default\",\"slidenav_breakpoint\":\"s\",\"slidenav_hover\":true,\"slidenav_large\":false,\"slidenav_margin\":\"small\",\"slidenav_outside_breakpoint\":\"xl\",\"slideshow_autoplay\":true,\"slideshow_autoplay_interval\":\"10\",\"slideshow_autoplay_pause\":false,\"slideshow_max_height\":\"700\",\"slideshow_min_height\":\"500\",\"slideshow_velocity\":\"0.5\",\"text_align\":\"left\",\"text_align_breakpoint\":\"s\",\"text_align_fallback\":\"center\",\"text_color\":\"light\",\"thumbnav_height\":\"75\",\"thumbnav_svg_color\":\"emphasis\",\"thumbnav_width\":\"100\",\"title_element\":\"div\",\"title_style\":\"h1\"},\"children\":[{\"type\":\"slideshow_item\",\"props\":{\"content\":\"\",\"image\":\"app\\\/uploads\\\/2023\\\/10\\\/ZELTWANGER_Unternehmensgruppe.jpg\",\"image_alt\":\"technologien\",\"meta\":\"Technologien\",\"title\":\"\"}}]}]}]}],\"name\":\"Header - neu - single\"},{\"type\":\"section\",\"props\":{\"image_position\":\"center-center\",\"style\":\"default\",\"title_breakpoint\":\"xl\",\"title_position\":\"top-left\",\"title_rotation\":\"left\",\"vertical_align\":\"middle\",\"width\":\"default\"},\"children\":[{\"type\":\"row\",\"props\":{\"margin_remove_bottom\":false,\"width\":\"small\"},\"children\":[{\"type\":\"column\",\"props\":{\"image_position\":\"center-center\",\"position_sticky_breakpoint\":\"m\"},\"children\":[{\"type\":\"headline\",\"props\":{\"content\":\"L\\u00f6sungen f\\u00fcr morgen <br \/>entstehen bei uns heute\",\"margin\":\"medium\",\"margin_remove_top\":true,\"text_align\":\"center\",\"title_element\":\"div\",\"title_style\":\"heading-large\"}},{\"type\":\"text\",\"props\":{\"block_align\":\"center\",\"column_breakpoint\":\"m\",\"content\":\"Ob bei der Auftragsfertigung, bei der Dichtheitspr\\u00fcfung oder im Thermomanagement \\u2013 wir setzen auf modernste Technologien, um Ihr Unternehmen zukunftsf\\u00e4hig zu machen.\",\"margin\":\"default\",\"maxwidth\":\"2xlarge\",\"text_align\":\"center\"}}]}]}]},{\"type\":\"section\",\"props\":{\"image_position\":\"center-center\",\"padding_remove_top\":true,\"style\":\"default\",\"title_breakpoint\":\"xl\",\"title_position\":\"top-left\",\"title_rotation\":\"left\",\"vertical_align\":\"middle\",\"width\":\"default\"},\"children\":[{\"type\":\"row\",\"children\":[{\"type\":\"column\",\"props\":{\"image_position\":\"center-center\",\"position_sticky_breakpoint\":\"m\"},\"children\":[{\"type\":\"grid\",\"props\":{\"content_column_breakpoint\":\"m\",\"css\":\".el-element .uk-margin-remove-first-child {\\n    display: flex;\\n    flex-direction: column;\\n    justify-content: center;\\n}\\n\\n.el-element .uk-panel>:last-child {\\n    margin-bottom: 0px;\\n}\\n\\n\\n.el-element .uk-subnav-pill>*>:first-child {\\n    padding: 3px 20px 1px;\\n}\",\"filter\":true,\"filter_align\":\"left\",\"filter_all\":true,\"filter_all_label\":\"Alle\",\"filter_grid_breakpoint\":\"m\",\"filter_grid_width\":\"auto\",\"filter_position\":\"top\",\"filter_style\":\"subnav-pill\",\"grid_default\":\"1\",\"grid_medium\":\"2\",\"icon_width\":80,\"image_align\":\"left\",\"image_grid_breakpoint\":\"m\",\"image_grid_width\":\"auto\",\"image_svg_color\":\"emphasis\",\"item_animation\":true,\"link_style\":\"primary\",\"link_text\":\"Read more\",\"margin\":\"default\",\"margin_remove_bottom\":false,\"meta_align\":\"below-title\",\"meta_element\":\"div\",\"meta_style\":\"text-meta\",\"panel_padding\":\"small\",\"panel_style\":\"card-default\",\"show_content\":true,\"show_image\":true,\"show_link\":true,\"show_meta\":true,\"show_title\":true,\"title_align\":\"top\",\"title_element\":\"h3\",\"title_grid_breakpoint\":\"m\",\"title_grid_width\":\"1-2\",\"title_hover_style\":\"reset\"},\"children\":[{\"type\":\"grid_item\",\"props\":{\"content\":\"\n\n<p><span>Fertigungsdienstleitungen hochpr\\u00e4ziser und komplexer Einzelteile und Serien<\\\/span><\\\/p>\",\"image\":\"app\\\/uploads\\\/2023\\\/02\\\/Icon_Fertigungs-DL.svg\",\"image_alt\":\"Fertigungs und Montagedienstleistung icon\",\"link\":\"\\\/de\\\/technologien\\\/lohnfertigung\\\/\",\"link_text\":\"Mehr erfahren\",\"tags\":\"Auftragsfertigung\",\"title\":\"\"}},{\"type\":\"grid_item\",\"props\":{\"content\":\"\n\n<div class=\\\"el-content uk-panel uk-margin-top\\\">Montagedienstleistungen f\\u00fcr Baugruppen und Komplettanlagen<\\\/div>\",\"image\":\"app\\\/uploads\\\/2023\\\/02\\\/Icon_Montage-DL.svg\",\"image_alt\":\"Montagedienstleistung icon\",\"link\":\"\\\/de\\\/technologien\\\/montagedienstleistungen\\\/\",\"link_text\":\"Mehr erfahren\",\"tags\":\"Auftragsfertigung\",\"title\":\"\"}},{\"type\":\"grid_item\",\"props\":{\"content\":\"\n\n<p>Konfigurierbare ZEDfamily Dichtheitspr\\u00fcfger\\u00e4te und Stationen <\\\/p>\",\"image\":\"app\\\/uploads\\\/2023\\\/11\\\/Icon_automatisierte_DP_Produkte-1.svg\",\"image_alt\":\"Batterie Icon\",\"link\":\"\\\/de\\\/produkte\\\/\",\"link_text\":\"Mehr erfahren\",\"tags\":\"Dichtheitspr\\u00fcfung\",\"title\":\"\"}},{\"type\":\"grid_item\",\"props\":{\"content\":\"\n\n<p>Kundenspezifische Dichtheitspr\\u00fcfung in beliebiger Automationstiefe<\\\/p>\",\"image\":\"app\\\/uploads\\\/2023\\\/11\\\/Icon_automatisierte_DP_Loesungen-1.svg\",\"image_alt\":\"Dichtheitspr\\u00fcfung Icon\",\"link\":\"\\\/de\\\/technologien\\\/dichtheitspruefung\\\/\",\"link_text\":\"Mehr erfahren\",\"tags\":\"Dichtheitspr\\u00fcfung\",\"title\":\"\"}},{\"type\":\"grid_item\",\"props\":{\"content\":\"\n\n<p>Anlagen f\\u00fcr die automatisierte W\\u00e4rmetauscherfertigung<\\\/p>\",\"image\":\"app\\\/uploads\\\/2023\\\/02\\\/Icon_Thermomanagement.svg\",\"image_alt\":\"Thermo icon\",\"link\":\"\\\/de\\\/unternehmen\\\/zeltwanger-thermomanagement-gmbh-co-kg\\\/\",\"link_text\":\"Mehr erfahren\",\"tags\":\"Thermomanagement\",\"title\":\"\"}},{\"type\":\"grid_item\",\"props\":{\"content\":\"Fertigungssystem f\\u00fcr pr\\u00e4zise W\\u00e4rmetauscherlamellen\",\"image\":\"app\\\/uploads\\\/2023\\\/03\\\/Icon_Wellrippe.svg\",\"image_alt\":\"Thermomanagement icon\",\"link\":\"\\\/de\\\/technologien\\\/thermomanagement\\\/zeltwanger-fin-mill\\\/\",\"link_text\":\"Mehr erfahren\",\"tags\":\"Thermomanagement\",\"title\":\"\"}}]}]}]}],\"name\":\"Grid | icon + text + button\"}],\"version\":\"4.2.11\"} --><\/p>\n","protected":false},"excerpt":{"rendered":"<p>Technologien L\u00f6sungen f\u00fcr morgen entstehen bei uns heute Ob bei der Auftragsfertigung, bei der Dichtheitspr\u00fcfung oder im Thermomanagement \u2013 wir setzen auf modernste Technologien, um Ihr Unternehmen zukunftsf\u00e4hig zu machen. Fertigungsdienstleitungen hochpr\u00e4ziser und komplexer Einzelteile und Serien Mehr erfahren Montagedienstleistungen f\u00fcr Baugruppen und Komplettanlagen Mehr erfahren Konfigurierbare ZEDfamily Dichtheitspr\u00fcfger\u00e4te und Stationen Mehr erfahren Kundenspezifische Dichtheitspr\u00fcfung [&hellip;]<\/p>\n","protected":false},"author":9,"featured_media":0,"parent":0,"menu_order":0,"comment_status":"closed","ping_status":"closed","template":"","meta":{"_acf_changed":false,"footnotes":""},"class_list":["post-49","page","type-page","status-publish","hentry"],"acf":[],"yoast_head":"<!-- This site is optimized with the Yoast SEO plugin v27.5 - https:\/\/yoast.com\/product\/yoast-seo-wordpress\/ -->\n<title>Technologien f\u00fcr Morgen | ZELTWANGER | Hier entdecken<\/title>\n<meta name=\"description\" content=\"Wir arbeiten mit modernsten Technologien an L\u00f6sungen f\u00fcr Morgen | Automatisierung \u2022 Dichtheitspr\u00fcfung \u2022 Laser \u2022 Predictive Maintenance | Mehr dazu\" \/>\n<meta name=\"robots\" content=\"index, follow, max-snippet:-1, max-image-preview:large, max-video-preview:-1\" \/>\n<link rel=\"canonical\" href=\"https:\/\/www.zeltwanger.de\/de\/technologien\/\" \/>\n<meta property=\"og:locale\" content=\"de_DE\" \/>\n<meta property=\"og:type\" content=\"article\" \/>\n<meta property=\"og:title\" content=\"Technologien f\u00fcr Morgen | ZELTWANGER | Hier entdecken\" \/>\n<meta property=\"og:description\" content=\"Wir arbeiten mit modernsten Technologien an L\u00f6sungen f\u00fcr Morgen | Automatisierung \u2022 Dichtheitspr\u00fcfung \u2022 Laser \u2022 Predictive Maintenance | Mehr dazu\" \/>\n<meta property=\"og:url\" content=\"https:\/\/www.zeltwanger.de\/de\/technologien\/\" \/>\n<meta property=\"og:site_name\" content=\"ZELTWANGER\" \/>\n<meta property=\"article:publisher\" content=\"https:\/\/www.facebook.com\/zeltwanger.karriere\/\" \/>\n<meta property=\"article:modified_time\" content=\"2024-01-16T13:28:30+00:00\" \/>\n<meta name=\"twitter:card\" content=\"summary_large_image\" \/>\n<meta name=\"twitter:label1\" content=\"Gesch\u00e4tzte Lesezeit\" \/>\n\t<meta name=\"twitter:data1\" content=\"3\u00a0Minuten\" \/>\n<script type=\"application\/ld+json\" class=\"yoast-schema-graph\">{\"@context\":\"https:\\\/\\\/schema.org\",\"@graph\":[{\"@type\":\"WebPage\",\"@id\":\"https:\\\/\\\/www.zeltwanger.de\\\/de\\\/technologien\\\/\",\"url\":\"https:\\\/\\\/www.zeltwanger.de\\\/de\\\/technologien\\\/\",\"name\":\"Technologien f\u00fcr Morgen | ZELTWANGER | Hier entdecken\",\"isPartOf\":{\"@id\":\"https:\\\/\\\/www.zeltwanger.de\\\/de\\\/#website\"},\"datePublished\":\"2019-12-02T12:51:04+00:00\",\"dateModified\":\"2024-01-16T13:28:30+00:00\",\"description\":\"Wir arbeiten mit modernsten Technologien an L\u00f6sungen f\u00fcr Morgen | Automatisierung \u2022 Dichtheitspr\u00fcfung \u2022 Laser \u2022 Predictive Maintenance | Mehr dazu\",\"breadcrumb\":{\"@id\":\"https:\\\/\\\/www.zeltwanger.de\\\/de\\\/technologien\\\/#breadcrumb\"},\"inLanguage\":\"de\",\"potentialAction\":[{\"@type\":\"ReadAction\",\"target\":[\"https:\\\/\\\/www.zeltwanger.de\\\/de\\\/technologien\\\/\"]}]},{\"@type\":\"BreadcrumbList\",\"@id\":\"https:\\\/\\\/www.zeltwanger.de\\\/de\\\/technologien\\\/#breadcrumb\",\"itemListElement\":[{\"@type\":\"ListItem\",\"position\":1,\"name\":\"Home\",\"item\":\"https:\\\/\\\/www.zeltwanger.de\\\/de\\\/\"},{\"@type\":\"ListItem\",\"position\":2,\"name\":\"Technologien\"}]},{\"@type\":\"WebSite\",\"@id\":\"https:\\\/\\\/www.zeltwanger.de\\\/de\\\/#website\",\"url\":\"https:\\\/\\\/www.zeltwanger.de\\\/de\\\/\",\"name\":\"ZELTWANGER\",\"description\":\"Innovation aus Freude an Technik\",\"publisher\":{\"@id\":\"https:\\\/\\\/www.zeltwanger.de\\\/de\\\/#organization\"},\"potentialAction\":[{\"@type\":\"SearchAction\",\"target\":{\"@type\":\"EntryPoint\",\"urlTemplate\":\"https:\\\/\\\/www.zeltwanger.de\\\/de\\\/?s={search_term_string}\"},\"query-input\":{\"@type\":\"PropertyValueSpecification\",\"valueRequired\":true,\"valueName\":\"search_term_string\"}}],\"inLanguage\":\"de\"},{\"@type\":\"Organization\",\"@id\":\"https:\\\/\\\/www.zeltwanger.de\\\/de\\\/#organization\",\"name\":\"ZELTWANGER\",\"url\":\"https:\\\/\\\/www.zeltwanger.de\\\/de\\\/\",\"logo\":{\"@type\":\"ImageObject\",\"inLanguage\":\"de\",\"@id\":\"https:\\\/\\\/www.zeltwanger.de\\\/de\\\/#\\\/schema\\\/logo\\\/image\\\/\",\"url\":\"https:\\\/\\\/www.zeltwanger.de\\\/app\\\/uploads\\\/2024\\\/03\\\/ZELTWANGER-Maennchen_nebeneinander_RGB_Screen_quadratisch_klein-e1710331495893.jpg\",\"contentUrl\":\"https:\\\/\\\/www.zeltwanger.de\\\/app\\\/uploads\\\/2024\\\/03\\\/ZELTWANGER-Maennchen_nebeneinander_RGB_Screen_quadratisch_klein-e1710331495893.jpg\",\"width\":144,\"height\":144,\"caption\":\"ZELTWANGER\"},\"image\":{\"@id\":\"https:\\\/\\\/www.zeltwanger.de\\\/de\\\/#\\\/schema\\\/logo\\\/image\\\/\"},\"sameAs\":[\"https:\\\/\\\/www.facebook.com\\\/zeltwanger.karriere\\\/\",\"https:\\\/\\\/www.linkedin.com\\\/company\\\/11844117\\\/\"]}]}<\/script>\n<!-- \/ Yoast SEO plugin. -->","yoast_head_json":{"title":"Technologien f\u00fcr Morgen | ZELTWANGER | Hier entdecken","description":"Wir arbeiten mit modernsten Technologien an L\u00f6sungen f\u00fcr Morgen | Automatisierung \u2022 Dichtheitspr\u00fcfung \u2022 Laser \u2022 Predictive Maintenance | Mehr dazu","robots":{"index":"index","follow":"follow","max-snippet":"max-snippet:-1","max-image-preview":"max-image-preview:large","max-video-preview":"max-video-preview:-1"},"canonical":"https:\/\/www.zeltwanger.de\/de\/technologien\/","og_locale":"de_DE","og_type":"article","og_title":"Technologien f\u00fcr Morgen | ZELTWANGER | Hier entdecken","og_description":"Wir arbeiten mit modernsten Technologien an L\u00f6sungen f\u00fcr Morgen | Automatisierung \u2022 Dichtheitspr\u00fcfung \u2022 Laser \u2022 Predictive Maintenance | Mehr dazu","og_url":"https:\/\/www.zeltwanger.de\/de\/technologien\/","og_site_name":"ZELTWANGER","article_publisher":"https:\/\/www.facebook.com\/zeltwanger.karriere\/","article_modified_time":"2024-01-16T13:28:30+00:00","twitter_card":"summary_large_image","twitter_misc":{"Gesch\u00e4tzte Lesezeit":"3\u00a0Minuten"},"schema":{"@context":"https:\/\/schema.org","@graph":[{"@type":"WebPage","@id":"https:\/\/www.zeltwanger.de\/de\/technologien\/","url":"https:\/\/www.zeltwanger.de\/de\/technologien\/","name":"Technologien f\u00fcr Morgen | ZELTWANGER | Hier entdecken","isPartOf":{"@id":"https:\/\/www.zeltwanger.de\/de\/#website"},"datePublished":"2019-12-02T12:51:04+00:00","dateModified":"2024-01-16T13:28:30+00:00","description":"Wir arbeiten mit modernsten Technologien an L\u00f6sungen f\u00fcr Morgen | Automatisierung \u2022 Dichtheitspr\u00fcfung \u2022 Laser \u2022 Predictive Maintenance | Mehr dazu","breadcrumb":{"@id":"https:\/\/www.zeltwanger.de\/de\/technologien\/#breadcrumb"},"inLanguage":"de","potentialAction":[{"@type":"ReadAction","target":["https:\/\/www.zeltwanger.de\/de\/technologien\/"]}]},{"@type":"BreadcrumbList","@id":"https:\/\/www.zeltwanger.de\/de\/technologien\/#breadcrumb","itemListElement":[{"@type":"ListItem","position":1,"name":"Home","item":"https:\/\/www.zeltwanger.de\/de\/"},{"@type":"ListItem","position":2,"name":"Technologien"}]},{"@type":"WebSite","@id":"https:\/\/www.zeltwanger.de\/de\/#website","url":"https:\/\/www.zeltwanger.de\/de\/","name":"ZELTWANGER","description":"Innovation aus Freude an Technik","publisher":{"@id":"https:\/\/www.zeltwanger.de\/de\/#organization"},"potentialAction":[{"@type":"SearchAction","target":{"@type":"EntryPoint","urlTemplate":"https:\/\/www.zeltwanger.de\/de\/?s={search_term_string}"},"query-input":{"@type":"PropertyValueSpecification","valueRequired":true,"valueName":"search_term_string"}}],"inLanguage":"de"},{"@type":"Organization","@id":"https:\/\/www.zeltwanger.de\/de\/#organization","name":"ZELTWANGER","url":"https:\/\/www.zeltwanger.de\/de\/","logo":{"@type":"ImageObject","inLanguage":"de","@id":"https:\/\/www.zeltwanger.de\/de\/#\/schema\/logo\/image\/","url":"https:\/\/www.zeltwanger.de\/app\/uploads\/2024\/03\/ZELTWANGER-Maennchen_nebeneinander_RGB_Screen_quadratisch_klein-e1710331495893.jpg","contentUrl":"https:\/\/www.zeltwanger.de\/app\/uploads\/2024\/03\/ZELTWANGER-Maennchen_nebeneinander_RGB_Screen_quadratisch_klein-e1710331495893.jpg","width":144,"height":144,"caption":"ZELTWANGER"},"image":{"@id":"https:\/\/www.zeltwanger.de\/de\/#\/schema\/logo\/image\/"},"sameAs":["https:\/\/www.facebook.com\/zeltwanger.karriere\/","https:\/\/www.linkedin.com\/company\/11844117\/"]}]}},"_links":{"self":[{"href":"https:\/\/www.zeltwanger.de\/de\/wp-json\/wp\/v2\/pages\/49","targetHints":{"allow":["GET"]}}],"collection":[{"href":"https:\/\/www.zeltwanger.de\/de\/wp-json\/wp\/v2\/pages"}],"about":[{"href":"https:\/\/www.zeltwanger.de\/de\/wp-json\/wp\/v2\/types\/page"}],"author":[{"embeddable":true,"href":"https:\/\/www.zeltwanger.de\/de\/wp-json\/wp\/v2\/users\/9"}],"replies":[{"embeddable":true,"href":"https:\/\/www.zeltwanger.de\/de\/wp-json\/wp\/v2\/comments?post=49"}],"version-history":[{"count":199,"href":"https:\/\/www.zeltwanger.de\/de\/wp-json\/wp\/v2\/pages\/49\/revisions"}],"predecessor-version":[{"id":28102,"href":"https:\/\/www.zeltwanger.de\/de\/wp-json\/wp\/v2\/pages\/49\/revisions\/28102"}],"wp:attachment":[{"href":"https:\/\/www.zeltwanger.de\/de\/wp-json\/wp\/v2\/media?parent=49"}],"curies":[{"name":"wp","href":"https:\/\/api.w.org\/{rel}","templated":true}]}}