{"id":33373,"date":"2025-06-03T13:54:43","date_gmt":"2025-06-03T11:54:43","guid":{"rendered":"https:\/\/www.zeltwanger.de\/?page_id=33373"},"modified":"2026-02-24T14:42:31","modified_gmt":"2026-02-24T13:42:31","slug":"branchen-anwendungen-auftragsfertigung","status":"publish","type":"page","link":"https:\/\/www.zeltwanger.de\/de\/branchen-anwendungen-auftragsfertigung\/","title":{"rendered":"Branchen &#038; Anwendungen Auftragsfertigung"},"content":{"rendered":"<div>\n<p>    <img decoding=\"async\" src=\"\/app\/uploads\/2023\/10\/ZELTWANGER_Unternehmensgruppe.jpg\" alt=\"Branchen &#038; Anwendungen\"><\/p>\n<p>Branchen &#038; Anwendungen<\/p>\n<div>\n<p>Auftragsfertigung f\u00fcr spezielle Einsatzbereiche<\/p>\n<\/div>\n<\/div>\n<h1>L\u00f6sungen f\u00fcr Ihre Branche <\/h1>\n<div>\n<p style=\"text-align: center;\">In zahlreichen Branchen sind hochpr\u00e4zise Maschinenbauteile und effiziente Montageprozesse entscheidend f\u00fcr den Erfolg. Wir bieten individuelle L\u00f6sungen f\u00fcr Ihre Anforderungen.<\/p>\n<\/div>\n<div>\n<p>    <img decoding=\"async\" src=\"\/app\/uploads\/2023\/07\/Icon_Technology_at_its_best.svg\" alt=\"ZELTWANGER Halbleiter Icon\"><\/p>\n<div>\n<p><span>Hochpr\u00e4zisen Bauteile f\u00fcr Fertigungstechnologien in der Halbleiter- und optischen Industrie<\/span><\/p>\n<\/div>\n<p><a href=\"\/de\/technologien\/halbleiterfertigung\/\">Mehr erfahren<\/a><\/p>\n<\/div>\n<p><!--more--><br \/>\n<!-- {\"type\":\"layout\",\"children\":[{\"type\":\"section\",\"props\":{\"image_position\":\"center-center\",\"padding_bottom\":\"none\",\"padding_top\":\"none\",\"style\":\"default\",\"title_breakpoint\":\"xl\",\"title_position\":\"top-left\",\"title_rotation\":\"left\",\"vertical_align\":\"\",\"width\":\"\"},\"children\":[{\"type\":\"row\",\"children\":[{\"type\":\"column\",\"props\":{\"image_position\":\"center-center\",\"position_sticky_breakpoint\":\"m\",\"width_medium\":\"1-1\"},\"children\":[{\"type\":\"slideshow\",\"props\":{\"class\":\"like-mobile-panel-slider sub-page \",\"css\":\"@media screen and (min-width: 960px) {\\n.el-element img{\\nleft: unset;\\ntop: unset; \\n--uk-position-translate-x: unset; \\n--uk-position-translate-y: unset; \\ntransform:unset; \\nbottom: 0;\\n}}\",\"image_height\":\"929px\",\"image_loading\":true,\"image_width\":\"2548px\",\"link_style\":\"primary\",\"link_text\":\"Read more\",\"margin_bottom\":\"default\",\"margin_top\":\"default\",\"meta_align\":\"above-title\",\"meta_element\":\"h1\",\"meta_style\":\"h2\",\"nav\":\"\",\"nav_align\":\"center\",\"nav_below\":false,\"nav_breakpoint\":\"s\",\"nav_position\":\"bottom-center\",\"nav_position_margin\":\"medium\",\"nav_vertical\":false,\"overlay_animation\":\"parallax\",\"overlay_container\":\"large\",\"overlay_parallax_x\":\"90\",\"overlay_parallax_y\":\"0\",\"overlay_position\":\"bottom-left\",\"overlay_style\":\"overlay-primary\",\"overlay_width\":\"xlarge\",\"show_content\":true,\"show_link\":true,\"show_meta\":true,\"show_thumbnail\":false,\"show_title\":true,\"slidenav\":\"default\",\"slidenav_breakpoint\":\"s\",\"slidenav_hover\":true,\"slidenav_large\":false,\"slidenav_margin\":\"small\",\"slidenav_outside_breakpoint\":\"xl\",\"slideshow_autoplay\":true,\"slideshow_autoplay_interval\":\"10\",\"slideshow_autoplay_pause\":false,\"slideshow_max_height\":\"700\",\"slideshow_min_height\":\"500\",\"slideshow_velocity\":\"0.5\",\"text_align\":\"left\",\"text_align_breakpoint\":\"s\",\"text_align_fallback\":\"center\",\"text_color\":\"light\",\"thumbnav_height\":\"75\",\"thumbnav_svg_color\":\"emphasis\",\"thumbnav_width\":\"100\",\"title_element\":\"div\",\"title_hover_style\":\"reset\",\"title_style\":\"h1\"},\"children\":[{\"type\":\"slideshow_item\",\"props\":{\"content\":\"\n\n<p>Auftragsfertigung f\u00fcr spezielle Einsatzbereiche<\/p>\n\n\",\"image\":\"app\/uploads\/2023\/10\/ZELTWANGER_Unternehmensgruppe.jpg\",\"image_alt\":\"Branchen & Anwendungen\",\"meta\":\"Branchen & Anwendungen\",\"title\":\"\"}}]}]}]}],\"name\":\"Header - neu - single\"},{\"type\":\"section\",\"props\":{\"image_position\":\"center-center\",\"padding_bottom\":\"none\",\"style\":\"default\",\"title_breakpoint\":\"xl\",\"title_position\":\"top-left\",\"title_rotation\":\"left\",\"vertical_align\":\"\",\"width\":\"small\"},\"children\":[{\"type\":\"row\",\"children\":[{\"type\":\"column\",\"props\":{\"image_position\":\"center-center\",\"position_sticky_breakpoint\":\"m\"},\"children\":[{\"type\":\"headline\",\"props\":{\"content\":\"L\u00f6sungen f\u00fcr Ihre Branche \",\"image_align\":\"left\",\"image_margin\":\"xsmall\",\"text_align\":\"center\",\"title_element\":\"h1\"}},{\"type\":\"text\",\"props\":{\"column_breakpoint\":\"m\",\"content\":\"\n\n<p style=\\\"text-align: center;\\\">In zahlreichen Branchen sind hochpr\u00e4zise Maschinenbauteile und effiziente Montageprozesse entscheidend f\u00fcr den Erfolg. Wir bieten individuelle L\u00f6sungen f\u00fcr Ihre Anforderungen.<\/p>\n\n\",\"margin_bottom\":\"default\",\"margin_top\":\"default\",\"text_align\":\"left\"}}]}]}],\"name\":\"Technologien Intro Text\"},{\"type\":\"section\",\"props\":{\"image_position\":\"center-center\",\"overlap\":false,\"status\":\"disabled\",\"style\":\"default\",\"title_breakpoint\":\"xl\",\"title_position\":\"top-left\",\"title_rotation\":\"left\",\"vertical_align\":\"\",\"width\":\"default\"},\"children\":[{\"type\":\"row\",\"props\":{\"layout\":\"1-2,1-2\"},\"children\":[{\"type\":\"column\",\"props\":{\"image_position\":\"center-center\",\"position_sticky_breakpoint\":\"m\",\"width_medium\":\"1-2\"},\"children\":[{\"type\":\"panel\",\"props\":{\"content\":\"\",\"content_column_breakpoint\":\"m\",\"image\":\"app\/uploads\/2023\/11\/ZELTWANGER_Batteriemodul.jpg\",\"image_align\":\"top\",\"image_alt\":\"Dichtheitspr\u00fcfung von Batteriezellen, Modulen und Batteriepacks\",\"image_grid_breakpoint\":\"m\",\"image_grid_width\":\"1-2\",\"image_link\":false,\"image_svg_color\":\"emphasis\",\"image_transition\":\"scale-up\",\"link\":\"\/de\/dichtheitspruefung-von-batterien\/\",\"link_style\":\"primary\",\"link_text\":\"Mehr erfahren\",\"margin_bottom\":\"default\",\"margin_top\":\"default\",\"meta_align\":\"below-title\",\"meta_element\":\"div\",\"meta_style\":\"text-meta\",\"panel_image_no_padding\":true,\"panel_link\":false,\"panel_padding\":\"default\",\"panel_style\":\"card-default\",\"title\":\"Dichtheitspr\u00fcfung von Batteriezellen, Modulen und Batteriepacks\",\"title_align\":\"top\",\"title_element\":\"div\",\"title_grid_breakpoint\":\"m\",\"title_grid_width\":\"1-2\",\"title_hover_style\":\"\",\"title_link\":false,\"title_style\":\"text-lead\"}},{\"type\":\"panel\",\"props\":{\"content\":\"\",\"content_column_breakpoint\":\"m\",\"image\":\"app\/uploads\/2023\/11\/ZELTWANGER_Medizintechnik.jpg\",\"image_align\":\"top\",\"image_alt\":\"Dichtheits- und Funktionspr\u00fcfung von Medizinprodukten\",\"image_grid_breakpoint\":\"m\",\"image_grid_width\":\"1-2\",\"image_link\":false,\"image_svg_color\":\"emphasis\",\"image_transition\":\"scale-up\",\"link\":\"\/de\/dichtheitspruefung-von-medizinprodukten\/\",\"link_style\":\"primary\",\"link_text\":\"Mehr erfahren\",\"margin_bottom\":\"default\",\"margin_top\":\"default\",\"meta_align\":\"below-title\",\"meta_element\":\"div\",\"meta_style\":\"text-meta\",\"panel_image_no_padding\":true,\"panel_link\":false,\"panel_padding\":\"default\",\"panel_style\":\"card-default\",\"title\":\"Dichtheits- und Funktionspr\u00fcfung von Medizinprodukten\",\"title_align\":\"top\",\"title_element\":\"div\",\"title_grid_breakpoint\":\"m\",\"title_grid_width\":\"1-2\",\"title_hover_style\":\"\",\"title_link\":false,\"title_style\":\"text-lead\"}}]},{\"type\":\"column\",\"props\":{\"image_position\":\"center-center\",\"position_sticky_breakpoint\":\"m\",\"width_medium\":\"1-2\"},\"children\":[{\"type\":\"panel\",\"props\":{\"content\":\"\",\"content_column_breakpoint\":\"m\",\"image\":\"app\/uploads\/2023\/11\/ZELTWANGER_Dichtheitspruefung.jpg\",\"image_align\":\"top\",\"image_alt\":\"Dichtheitspr\u00fcfung von Brennstoffzellen und Elektrolyseuren\",\"image_grid_breakpoint\":\"m\",\"image_grid_width\":\"1-2\",\"image_link\":false,\"image_svg_color\":\"emphasis\",\"image_transition\":\"scale-up\",\"link\":\"\/de\/dichtheitspruefung-fuer-brennstoffzellen\/\",\"link_style\":\"primary\",\"link_text\":\"Mehr erfahren\",\"margin_bottom\":\"default\",\"margin_top\":\"default\",\"meta_align\":\"below-title\",\"meta_element\":\"div\",\"meta_style\":\"text-meta\",\"panel_image_no_padding\":true,\"panel_padding\":\"default\",\"panel_style\":\"card-default\",\"title\":\"Dichtheitspr\u00fcfung von Brennstoffzellen und Elektrolyseuren\",\"title_align\":\"top\",\"title_element\":\"div\",\"title_grid_breakpoint\":\"m\",\"title_grid_width\":\"1-2\",\"title_hover_style\":\"reset\",\"title_style\":\"text-lead\"}},{\"type\":\"panel\",\"props\":{\"content\":\"\",\"content_column_breakpoint\":\"m\",\"image\":\"app\/uploads\/2023\/11\/ZELTWANGER_Biopharma.jpg\",\"image_align\":\"top\",\"image_alt\":\"Integrit\u00e4tspr\u00fcfung f\u00fcr Biopharma und Life Sciences\",\"image_grid_breakpoint\":\"m\",\"image_grid_width\":\"1-2\",\"image_link\":false,\"image_svg_color\":\"emphasis\",\"image_transition\":\"scale-up\",\"link\":\"\/de\/integritaetspruefung-fuer-biopharma-und-life-sciences\/\",\"link_style\":\"primary\",\"link_text\":\"Mehr erfahren\",\"margin_bottom\":\"default\",\"margin_top\":\"default\",\"meta_align\":\"below-title\",\"meta_element\":\"div\",\"meta_style\":\"text-meta\",\"panel_image_no_padding\":true,\"panel_padding\":\"default\",\"panel_style\":\"card-default\",\"title\":\"Integrit\u00e4tspr\u00fcfung f\u00fcr Biopharma und Life Sciences\",\"title_align\":\"top\",\"title_element\":\"div\",\"title_grid_breakpoint\":\"m\",\"title_grid_width\":\"1-2\",\"title_hover_style\":\"reset\",\"title_style\":\"text-lead\"}}]}]}]},{\"type\":\"section\",\"props\":{\"image_position\":\"center-center\",\"style\":\"default\",\"title_breakpoint\":\"xl\",\"title_position\":\"top-left\",\"title_rotation\":\"left\",\"vertical_align\":\"\",\"width\":\"default\"},\"children\":[{\"type\":\"row\",\"children\":[{\"type\":\"column\",\"props\":{\"image_position\":\"center-center\",\"position_sticky_breakpoint\":\"m\"},\"children\":[{\"type\":\"grid\",\"props\":{\"content_column_breakpoint\":\"m\",\"css\":\".el-element .uk-margin-remove-first-child {\\n    display: flex;\\n    flex-direction: column;\\n    justify-content: center;\\n}\\n\\n.el-element .uk-panel>:last-child {\\n    margin-bottom: 0px;\\n}\",\"filter\":false,\"filter_align\":\"left\",\"filter_all\":true,\"filter_grid_breakpoint\":\"m\",\"filter_grid_width\":\"auto\",\"filter_position\":\"top\",\"filter_style\":\"tab\",\"grid_default\":\"1\",\"grid_medium\":\"2\",\"image_align\":\"left\",\"image_grid_breakpoint\":\"m\",\"image_grid_width\":\"auto\",\"image_svg_color\":\"emphasis\",\"item_animation\":true,\"lightbox_bg_close\":true,\"link_style\":\"primary\",\"link_text\":\"Read more\",\"margin_bottom\":\"default\",\"margin_top\":\"default\",\"meta_align\":\"below-title\",\"meta_element\":\"div\",\"meta_style\":\"text-meta\",\"panel_padding\":\"small\",\"panel_style\":\"card-default\",\"show_content\":true,\"show_hover_image\":true,\"show_hover_video\":true,\"show_image\":true,\"show_link\":true,\"show_meta\":true,\"show_title\":true,\"show_video\":true,\"title_align\":\"top\",\"title_element\":\"h3\",\"title_grid_breakpoint\":\"m\",\"title_grid_width\":\"1-2\",\"title_hover_style\":\"reset\"},\"children\":[{\"type\":\"grid_item\",\"props\":{\"content\":\"\n\n<p><span>Hochpr\u00e4zisen Bauteile f\u00fcr Fertigungstechnologien in der Halbleiter- und optischen Industrie<\/span><\/p>\n\n\",\"image\":\"app\/uploads\/2023\/07\/Icon_Technology_at_its_best.svg\",\"image_alt\":\"ZELTWANGER Halbleiter Icon\",\"link\":\"\/de\/technologien\/halbleiterfertigung\/\",\"link_text\":\"Mehr erfahren\",\"title\":\"\"}}]}]}]}],\"name\":\"Grid | icon + text + button\"}],\"version\":\"5.0.14\"} --><\/p>\n","protected":false},"excerpt":{"rendered":"<p>Branchen &#038; Anwendungen Auftragsfertigung f\u00fcr spezielle Einsatzbereiche L\u00f6sungen f\u00fcr Ihre Branche In zahlreichen Branchen sind hochpr\u00e4zise Maschinenbauteile und effiziente Montageprozesse entscheidend f\u00fcr den Erfolg. Wir bieten individuelle L\u00f6sungen f\u00fcr Ihre Anforderungen. Hochpr\u00e4zisen Bauteile f\u00fcr Fertigungstechnologien in der Halbleiter- und optischen Industrie Mehr erfahren<\/p>\n","protected":false},"author":21,"featured_media":0,"parent":0,"menu_order":0,"comment_status":"closed","ping_status":"closed","template":"","meta":{"_acf_changed":false,"footnotes":""},"class_list":["post-33373","page","type-page","status-publish","hentry"],"acf":[],"yoast_head":"<!-- This site is optimized with the Yoast SEO plugin v27.5 - https:\/\/yoast.com\/product\/yoast-seo-wordpress\/ -->\n<title>Branchenl\u00f6sungen f\u00fcr Auftragsfertigung &amp; Montage | ZELTWANGER<\/title>\n<meta name=\"description\" content=\"Ma\u00dfgeschneiderte L\u00f6sungen in der Auftragsfertigung \u2013 von hochpr\u00e4zisen Maschinenbauteilen bis zur zuverl\u00e4ssigen Montage, flexibel und effizient.\" \/>\n<meta name=\"robots\" content=\"index, follow, max-snippet:-1, max-image-preview:large, max-video-preview:-1\" \/>\n<link rel=\"canonical\" href=\"https:\/\/www.zeltwanger.de\/de\/branchen-anwendungen-auftragsfertigung\/\" \/>\n<meta property=\"og:locale\" content=\"de_DE\" \/>\n<meta property=\"og:type\" content=\"article\" \/>\n<meta property=\"og:title\" content=\"Branchenl\u00f6sungen f\u00fcr Auftragsfertigung &amp; Montage | ZELTWANGER\" \/>\n<meta property=\"og:description\" content=\"Ma\u00dfgeschneiderte L\u00f6sungen in der Auftragsfertigung \u2013 von hochpr\u00e4zisen Maschinenbauteilen bis zur zuverl\u00e4ssigen Montage, flexibel und effizient.\" \/>\n<meta property=\"og:url\" content=\"https:\/\/www.zeltwanger.de\/de\/branchen-anwendungen-auftragsfertigung\/\" \/>\n<meta property=\"og:site_name\" content=\"ZELTWANGER\" \/>\n<meta property=\"article:publisher\" content=\"https:\/\/www.facebook.com\/zeltwanger.karriere\/\" \/>\n<meta property=\"article:modified_time\" content=\"2026-02-24T13:42:31+00:00\" \/>\n<meta name=\"twitter:card\" content=\"summary_large_image\" \/>\n<meta name=\"twitter:label1\" content=\"Gesch\u00e4tzte Lesezeit\" \/>\n\t<meta name=\"twitter:data1\" content=\"1\u00a0Minute\" \/>\n<script type=\"application\/ld+json\" class=\"yoast-schema-graph\">{\"@context\":\"https:\\\/\\\/schema.org\",\"@graph\":[{\"@type\":\"WebPage\",\"@id\":\"https:\\\/\\\/www.zeltwanger.de\\\/de\\\/branchen-anwendungen-auftragsfertigung\\\/\",\"url\":\"https:\\\/\\\/www.zeltwanger.de\\\/de\\\/branchen-anwendungen-auftragsfertigung\\\/\",\"name\":\"Branchenl\u00f6sungen f\u00fcr Auftragsfertigung & Montage | ZELTWANGER\",\"isPartOf\":{\"@id\":\"https:\\\/\\\/www.zeltwanger.de\\\/de\\\/#website\"},\"datePublished\":\"2025-06-03T11:54:43+00:00\",\"dateModified\":\"2026-02-24T13:42:31+00:00\",\"description\":\"Ma\u00dfgeschneiderte L\u00f6sungen in der Auftragsfertigung \u2013 von hochpr\u00e4zisen Maschinenbauteilen bis zur zuverl\u00e4ssigen Montage, flexibel und effizient.\",\"breadcrumb\":{\"@id\":\"https:\\\/\\\/www.zeltwanger.de\\\/de\\\/branchen-anwendungen-auftragsfertigung\\\/#breadcrumb\"},\"inLanguage\":\"de\",\"potentialAction\":[{\"@type\":\"ReadAction\",\"target\":[\"https:\\\/\\\/www.zeltwanger.de\\\/de\\\/branchen-anwendungen-auftragsfertigung\\\/\"]}]},{\"@type\":\"BreadcrumbList\",\"@id\":\"https:\\\/\\\/www.zeltwanger.de\\\/de\\\/branchen-anwendungen-auftragsfertigung\\\/#breadcrumb\",\"itemListElement\":[{\"@type\":\"ListItem\",\"position\":1,\"name\":\"Home\",\"item\":\"https:\\\/\\\/www.zeltwanger.de\\\/de\\\/\"},{\"@type\":\"ListItem\",\"position\":2,\"name\":\"Branchen &#038; Anwendungen Auftragsfertigung\"}]},{\"@type\":\"WebSite\",\"@id\":\"https:\\\/\\\/www.zeltwanger.de\\\/de\\\/#website\",\"url\":\"https:\\\/\\\/www.zeltwanger.de\\\/de\\\/\",\"name\":\"ZELTWANGER\",\"description\":\"Innovation aus Freude an Technik\",\"publisher\":{\"@id\":\"https:\\\/\\\/www.zeltwanger.de\\\/de\\\/#organization\"},\"potentialAction\":[{\"@type\":\"SearchAction\",\"target\":{\"@type\":\"EntryPoint\",\"urlTemplate\":\"https:\\\/\\\/www.zeltwanger.de\\\/de\\\/?s={search_term_string}\"},\"query-input\":{\"@type\":\"PropertyValueSpecification\",\"valueRequired\":true,\"valueName\":\"search_term_string\"}}],\"inLanguage\":\"de\"},{\"@type\":\"Organization\",\"@id\":\"https:\\\/\\\/www.zeltwanger.de\\\/de\\\/#organization\",\"name\":\"ZELTWANGER\",\"url\":\"https:\\\/\\\/www.zeltwanger.de\\\/de\\\/\",\"logo\":{\"@type\":\"ImageObject\",\"inLanguage\":\"de\",\"@id\":\"https:\\\/\\\/www.zeltwanger.de\\\/de\\\/#\\\/schema\\\/logo\\\/image\\\/\",\"url\":\"https:\\\/\\\/www.zeltwanger.de\\\/app\\\/uploads\\\/2024\\\/03\\\/ZELTWANGER-Maennchen_nebeneinander_RGB_Screen_quadratisch_klein-e1710331495893.jpg\",\"contentUrl\":\"https:\\\/\\\/www.zeltwanger.de\\\/app\\\/uploads\\\/2024\\\/03\\\/ZELTWANGER-Maennchen_nebeneinander_RGB_Screen_quadratisch_klein-e1710331495893.jpg\",\"width\":144,\"height\":144,\"caption\":\"ZELTWANGER\"},\"image\":{\"@id\":\"https:\\\/\\\/www.zeltwanger.de\\\/de\\\/#\\\/schema\\\/logo\\\/image\\\/\"},\"sameAs\":[\"https:\\\/\\\/www.facebook.com\\\/zeltwanger.karriere\\\/\",\"https:\\\/\\\/www.linkedin.com\\\/company\\\/11844117\\\/\"]}]}<\/script>\n<!-- \/ Yoast SEO plugin. -->","yoast_head_json":{"title":"Branchenl\u00f6sungen f\u00fcr Auftragsfertigung & Montage | ZELTWANGER","description":"Ma\u00dfgeschneiderte L\u00f6sungen in der Auftragsfertigung \u2013 von hochpr\u00e4zisen Maschinenbauteilen bis zur zuverl\u00e4ssigen Montage, flexibel und effizient.","robots":{"index":"index","follow":"follow","max-snippet":"max-snippet:-1","max-image-preview":"max-image-preview:large","max-video-preview":"max-video-preview:-1"},"canonical":"https:\/\/www.zeltwanger.de\/de\/branchen-anwendungen-auftragsfertigung\/","og_locale":"de_DE","og_type":"article","og_title":"Branchenl\u00f6sungen f\u00fcr Auftragsfertigung & Montage | ZELTWANGER","og_description":"Ma\u00dfgeschneiderte L\u00f6sungen in der Auftragsfertigung \u2013 von hochpr\u00e4zisen Maschinenbauteilen bis zur zuverl\u00e4ssigen Montage, flexibel und effizient.","og_url":"https:\/\/www.zeltwanger.de\/de\/branchen-anwendungen-auftragsfertigung\/","og_site_name":"ZELTWANGER","article_publisher":"https:\/\/www.facebook.com\/zeltwanger.karriere\/","article_modified_time":"2026-02-24T13:42:31+00:00","twitter_card":"summary_large_image","twitter_misc":{"Gesch\u00e4tzte Lesezeit":"1\u00a0Minute"},"schema":{"@context":"https:\/\/schema.org","@graph":[{"@type":"WebPage","@id":"https:\/\/www.zeltwanger.de\/de\/branchen-anwendungen-auftragsfertigung\/","url":"https:\/\/www.zeltwanger.de\/de\/branchen-anwendungen-auftragsfertigung\/","name":"Branchenl\u00f6sungen f\u00fcr Auftragsfertigung & Montage | ZELTWANGER","isPartOf":{"@id":"https:\/\/www.zeltwanger.de\/de\/#website"},"datePublished":"2025-06-03T11:54:43+00:00","dateModified":"2026-02-24T13:42:31+00:00","description":"Ma\u00dfgeschneiderte L\u00f6sungen in der Auftragsfertigung \u2013 von hochpr\u00e4zisen Maschinenbauteilen bis zur zuverl\u00e4ssigen Montage, flexibel und effizient.","breadcrumb":{"@id":"https:\/\/www.zeltwanger.de\/de\/branchen-anwendungen-auftragsfertigung\/#breadcrumb"},"inLanguage":"de","potentialAction":[{"@type":"ReadAction","target":["https:\/\/www.zeltwanger.de\/de\/branchen-anwendungen-auftragsfertigung\/"]}]},{"@type":"BreadcrumbList","@id":"https:\/\/www.zeltwanger.de\/de\/branchen-anwendungen-auftragsfertigung\/#breadcrumb","itemListElement":[{"@type":"ListItem","position":1,"name":"Home","item":"https:\/\/www.zeltwanger.de\/de\/"},{"@type":"ListItem","position":2,"name":"Branchen &#038; Anwendungen Auftragsfertigung"}]},{"@type":"WebSite","@id":"https:\/\/www.zeltwanger.de\/de\/#website","url":"https:\/\/www.zeltwanger.de\/de\/","name":"ZELTWANGER","description":"Innovation aus Freude an Technik","publisher":{"@id":"https:\/\/www.zeltwanger.de\/de\/#organization"},"potentialAction":[{"@type":"SearchAction","target":{"@type":"EntryPoint","urlTemplate":"https:\/\/www.zeltwanger.de\/de\/?s={search_term_string}"},"query-input":{"@type":"PropertyValueSpecification","valueRequired":true,"valueName":"search_term_string"}}],"inLanguage":"de"},{"@type":"Organization","@id":"https:\/\/www.zeltwanger.de\/de\/#organization","name":"ZELTWANGER","url":"https:\/\/www.zeltwanger.de\/de\/","logo":{"@type":"ImageObject","inLanguage":"de","@id":"https:\/\/www.zeltwanger.de\/de\/#\/schema\/logo\/image\/","url":"https:\/\/www.zeltwanger.de\/app\/uploads\/2024\/03\/ZELTWANGER-Maennchen_nebeneinander_RGB_Screen_quadratisch_klein-e1710331495893.jpg","contentUrl":"https:\/\/www.zeltwanger.de\/app\/uploads\/2024\/03\/ZELTWANGER-Maennchen_nebeneinander_RGB_Screen_quadratisch_klein-e1710331495893.jpg","width":144,"height":144,"caption":"ZELTWANGER"},"image":{"@id":"https:\/\/www.zeltwanger.de\/de\/#\/schema\/logo\/image\/"},"sameAs":["https:\/\/www.facebook.com\/zeltwanger.karriere\/","https:\/\/www.linkedin.com\/company\/11844117\/"]}]}},"_links":{"self":[{"href":"https:\/\/www.zeltwanger.de\/de\/wp-json\/wp\/v2\/pages\/33373","targetHints":{"allow":["GET"]}}],"collection":[{"href":"https:\/\/www.zeltwanger.de\/de\/wp-json\/wp\/v2\/pages"}],"about":[{"href":"https:\/\/www.zeltwanger.de\/de\/wp-json\/wp\/v2\/types\/page"}],"author":[{"embeddable":true,"href":"https:\/\/www.zeltwanger.de\/de\/wp-json\/wp\/v2\/users\/21"}],"replies":[{"embeddable":true,"href":"https:\/\/www.zeltwanger.de\/de\/wp-json\/wp\/v2\/comments?post=33373"}],"version-history":[{"count":10,"href":"https:\/\/www.zeltwanger.de\/de\/wp-json\/wp\/v2\/pages\/33373\/revisions"}],"predecessor-version":[{"id":35501,"href":"https:\/\/www.zeltwanger.de\/de\/wp-json\/wp\/v2\/pages\/33373\/revisions\/35501"}],"wp:attachment":[{"href":"https:\/\/www.zeltwanger.de\/de\/wp-json\/wp\/v2\/media?parent=33373"}],"curies":[{"name":"wp","href":"https:\/\/api.w.org\/{rel}","templated":true}]}}