{"id":32594,"date":"2025-03-18T13:34:35","date_gmt":"2025-03-18T12:34:35","guid":{"rendered":"https:\/\/www.zeltwanger.de\/?page_id=32594"},"modified":"2025-04-16T10:23:22","modified_gmt":"2025-04-16T08:23:22","slug":"zeltwanger-leak-testing-automation-lp","status":"publish","type":"page","link":"https:\/\/www.zeltwanger.de\/de\/unternehmen\/zeltwanger-leak-testing-automation-lp\/","title":{"rendered":"ZELTWANGER Leak Testing &#038; Automation LP"},"content":{"rendered":"<h1>ZELTWANGER Leaktesting &#038; Automation<\/h1>\n<h2>THE LEAK TESTING EXPERTS<\/h2>\n<h2>\n<p>ZELTWANGER <br \/>Leak Testing &amp; Automation LP<\/p>\n<\/h2>\n<div>\n<p style=\"text-align: center;\">Mit Sitz in Charleston, SC, USA, vertreten wir den Gesch\u00e4ftsbereich Dichtheitspr\u00fcfung der ZELTWANGER Gruppe f\u00fcr den nordamerikanischen Markt.<\/p>\n<p style=\"text-align: center;\">Unsere hochmodernen Dichtheitspr\u00fcfger\u00e4te, automatisierten Anlagen und umfassenden Serviceleistungen erm\u00f6glichen Herstellern verschiedenster Branchen, Lecks in Produkten und Komponenten zuverl\u00e4ssig zu erkennen. Das Ergebnis: maximale Effizienz, Qualit\u00e4t und Nachhaltigkeit.<\/p>\n<\/div>\n<h2>Dichtheitspr\u00fcfger\u00e4te und Pr\u00fcfstationen<\/h2>\n<div>\n<p>Unsere konfigurierbaren Dichtheitspr\u00fcfger\u00e4te \u00fcberzeugen durch ihre modulare Erweiterbarkeit, benutzerfreundliche Bedienoberfl\u00e4che und intelligente Zusatzfunktionen. Dadurch lassen sie sich flexibel anpassen und einsetzen \u2013 sei es als professionelle Standalone-L\u00f6sung oder als integrierte Messtechnik in anspruchsvollen Pr\u00fcfsystemen. F\u00fcr noch mehr Effizienz bieten unsere teilautomatisierten Pr\u00fcfstationen eine schnelle und kosteneffiziente Dichtheitspr\u00fcfung und sind damit ideal f\u00fcr hohe Pr\u00fcfdurchs\u00e4tze geeignet.<\/p>\n<\/div>\n<p><p>\n        <a href=\"\/de\/produkte\/\">Zu den Produkten<\/a>\n    <\/p>\n<\/p>\n<p><img decoding=\"async\" src=\"\/app\/uploads\/2025\/03\/Bilder_LTA-D_Unternehmensseite_DP.png\" alt=\"Dichtheitspr\u00fcfger\u00e4te\"><br \/>\n<img decoding=\"async\" src=\"\/app\/uploads\/2025\/03\/Dichtheitspruefung_Automatisierung.png\" alt=\"Dichtheitspr\u00fcfger\u00e4te\"><\/p>\n<h2>Kundenspezifische L\u00f6sungen<\/h2>\n<div>\n<p>Wir bieten kundenspezifische skalierbare und automatisierte L\u00f6sungen f\u00fcr die Dichtheitspr\u00fcfung mit Luft und Nachweisgasen. Unsere fortschrittlichen Pr\u00fcfanlagen integrieren sich nahtlos in komplexe Produktionsumgebungen. Neben der Dichtheitspr\u00fcfung automatisieren wir auch angrenzende Prozesse wie Handling, Produktmarkierung und F\u00fcgen. Mit unserem umfassenden Service begleiten wir unsere Kunden von der Entwicklung \u00fcber die Inbetriebnahme bis hin zur Wartung und Nachr\u00fcstung.<\/p>\n<\/div>\n<p><p>\n        <a href=\"\/de\/technologien\/dichtheitspruefung\/\">Zu den L\u00f6sungen<\/a>\n    <\/p>\n<\/p>\n<h2>Mehr als nur Dichtheitspr\u00fcftechnologie<\/h2>\n<div>\n<p>Erfolg in der Dichtheitspr\u00fcfung erfordert mehr als nur fortschrittliche Technologie \u2013 es braucht einen verl\u00e4sslichen Partner. Mit unserem ganzheitlichen Ansatz begleiten wir unsere Kunden in jeder Phase, von der fr\u00fchen Prototypenvalidierung bis zur Serienproduktion. F\u00fcr langfristige Zuverl\u00e4ssigkeit bieten wir umfassenden After-Sales-Support, einschlie\u00dflich Vor-Ort-Service, Wartung und Kalibrierung. Spezialisierte Schulungsprogramme vermitteln Teams das Fachwissen, um die Dichtheitspr\u00fcfung zu optimieren und die Effizienz zu maximieren.<\/p>\n<\/div>\n<p><img decoding=\"async\" src=\"\/app\/uploads\/2025\/03\/Bilder_Unternehmen_Gruppe_LTA-D.png\" alt=\"Dichtheitspr\u00fcfger\u00e4te\"><br \/>\n<img decoding=\"async\" src=\"\/app\/uploads\/2025\/03\/ZELTWANGER_e-mobility.png\" alt=\"Dichtheitspr\u00fcfger\u00e4te\"><\/p>\n<h2>Nachhaltige Innovation f\u00f6rdern<\/h2>\n<div>\n<p class=\"MsoNormal\">Nachhaltigkeit beginnt mit intelligenter Technologie. Bei ZELTWANGER sind wir Pioniere in der Dichtheitspr\u00fcfung f\u00fcr Batteriesysteme, Brennstoffzellen-Stacks, Elektrolyseure und deren Komponenten \u2013 und gew\u00e4hrleisten dabei h\u00f6chste Zuverl\u00e4ssigkeit und Sicherheit in jeder Phase. Durch kontinuierliche Innovation erm\u00f6glichen wir unseren Kunden, nachhaltige Produkte effizient und in gro\u00dfem Ma\u00dfstab zu fertigen.<\/p>\n<\/div>\n<h2>Kontakt aufnehmen<\/h2>\n<div>\n<h1><\/h1>\n<p>Option: <\/p>\n<\/div>\n<h2>Experten-Support<\/h2>\n<div>\n<h1><\/h1>\n<p>Option: <\/p>\n<\/div>\n<p><!--more--><br \/>\n<!-- {\"type\":\"layout\",\"children\":[{\"type\":\"section\",\"props\":{\"class\":\"highlight-section\",\"image\":\"app\\\/uploads\\\/2024\\\/06\\\/Zeltwanger_Automation.jpg\",\"image_position\":\"center-center\",\"image_size\":\"cover\",\"media_background\":\"rgba(43, 88, 149, 0.9)\",\"media_blend_mode\":\"multiply\",\"media_overlay\":\"rgba(0, 65, 100, 0)\",\"padding\":\"xlarge\",\"style\":\"default\",\"title_breakpoint\":\"xl\",\"title_position\":\"top-left\",\"title_rotation\":\"left\",\"vertical_align\":\"\",\"width\":\"small\"},\"children\":[{\"type\":\"row\",\"props\":{\"width\":\"small\"},\"children\":[{\"type\":\"column\",\"props\":{\"image_position\":\"center-center\",\"position_sticky_breakpoint\":\"m\",\"text_color\":\"light\",\"width_medium\":\"1-1\"},\"children\":[{\"type\":\"headline\",\"props\":{\"content\":\"ZELTWANGER Leaktesting & Automation\",\"margin\":\"small\",\"text_align\":\"center\",\"title_element\":\"h1\",\"title_style\":\"heading-small\"}},{\"type\":\"headline\",\"props\":{\"content\":\"THE LEAK TESTING EXPERTS\",\"margin\":\"medium\",\"margin_remove_top\":true,\"text_align\":\"center\",\"title_element\":\"h2\",\"title_style\":\"heading-large\"}}]}]}],\"name\":\"Intro Text blauer Hintergrund\"},{\"type\":\"section\",\"props\":{\"image_position\":\"center-center\",\"padding_remove_bottom\":false,\"style\":\"default\",\"title_breakpoint\":\"xl\",\"title_position\":\"top-left\",\"title_rotation\":\"left\",\"vertical_align\":\"\",\"width\":\"small\"},\"children\":[{\"type\":\"row\",\"children\":[{\"type\":\"column\",\"props\":{\"image_position\":\"center-center\",\"position_sticky_breakpoint\":\"m\",\"width_medium\":\"1-1\"},\"children\":[{\"type\":\"headline\",\"props\":{\"content\":\"\n\n<p>ZELTWANGER <br \\\/>Leak Testing &amp; Automation LP<\\\/p>\",\"text_align\":\"center\",\"title_color\":\"primary\",\"title_element\":\"h2\",\"title_style\":\"heading-large\"}},{\"type\":\"text\",\"props\":{\"column_breakpoint\":\"m\",\"content\":\"\n\n<p style=\\\"text-align: center;\\\">Mit Sitz in Charleston, SC, USA, vertreten wir den Gesch\\u00e4ftsbereich Dichtheitspr\\u00fcfung der ZELTWANGER Gruppe f\\u00fcr den nordamerikanischen Markt.<\\\/p>\\n\n\n<p style=\\\"text-align: center;\\\">Unsere hochmodernen Dichtheitspr\\u00fcfger\\u00e4te, automatisierten Anlagen und umfassenden Serviceleistungen erm\\u00f6glichen Herstellern verschiedenster Branchen, Lecks in Produkten und Komponenten zuverl\\u00e4ssig zu erkennen. Das Ergebnis: maximale Effizienz, Qualit\\u00e4t und Nachhaltigkeit.<\\\/p>\",\"margin\":\"default\",\"text_align\":\"left\"}}]}],\"props\":{\"width\":\"default\"}}],\"name\":\"Technologien Intro Text\"},{\"type\":\"section\",\"props\":{\"image_position\":\"center-center\",\"padding\":\"small\",\"style\":\"default\",\"title_breakpoint\":\"xl\",\"title_position\":\"top-left\",\"title_rotation\":\"left\",\"vertical_align\":\"\",\"width\":\"default\"},\"children\":[{\"type\":\"row\",\"props\":{\"column_gap\":\"large\",\"layout\":\"1-2,1-2\",\"margin\":\"large\"},\"children\":[{\"type\":\"column\",\"props\":{\"image_position\":\"center-center\",\"order_first\":\"m\",\"position_sticky_breakpoint\":\"m\",\"vertical_align\":\"middle\",\"width_medium\":\"1-2\"},\"children\":[{\"type\":\"headline\",\"props\":{\"content\":\"Dichtheitspr\\u00fcfger\\u00e4te und Pr\\u00fcfstationen\",\"title_color\":\"primary\",\"title_element\":\"h2\",\"title_style\":\"heading-medium\"}},{\"type\":\"text\",\"props\":{\"column_breakpoint\":\"m\",\"content\":\"\n\n<p>Unsere konfigurierbaren Dichtheitspr\\u00fcfger\\u00e4te \\u00fcberzeugen durch ihre modulare Erweiterbarkeit, benutzerfreundliche Bedienoberfl\\u00e4che und intelligente Zusatzfunktionen. Dadurch lassen sie sich flexibel anpassen und einsetzen \\u2013 sei es als professionelle Standalone-L\\u00f6sung oder als integrierte Messtechnik in anspruchsvollen Pr\\u00fcfsystemen. F\\u00fcr noch mehr Effizienz bieten unsere teilautomatisierten Pr\\u00fcfstationen eine schnelle und kosteneffiziente Dichtheitspr\\u00fcfung und sind damit ideal f\\u00fcr hohe Pr\\u00fcfdurchs\\u00e4tze geeignet.<\\\/p>\",\"margin\":\"default\"}},{\"type\":\"button\",\"props\":{\"grid_column_gap\":\"small\",\"grid_row_gap\":\"small\",\"margin\":\"default\",\"text_align\":\"left\"},\"children\":[{\"type\":\"button_item\",\"props\":{\"button_style\":\"primary\",\"content\":\"Zu den Produkten\",\"dialog_layout\":\"modal\",\"dialog_offcanvas_flip\":true,\"icon_align\":\"left\",\"link\":\"\\\/de\\\/produkte\\\/\",\"link_title\":\"Zu den Produkten\"}}]}]},{\"type\":\"column\",\"props\":{\"image_position\":\"center-center\",\"order_first\":\"xs\",\"position_sticky_breakpoint\":\"m\",\"width_medium\":\"1-2\"},\"children\":[{\"type\":\"image\",\"props\":{\"image\":\"app\\\/uploads\\\/2025\\\/03\\\/Bilder_LTA-D_Unternehmensseite_DP.png\",\"image_alt\":\"Dichtheitspr\\u00fcfger\\u00e4te\",\"image_height\":500,\"image_svg_color\":\"emphasis\",\"margin\":\"default\"}}]}]},{\"type\":\"row\",\"props\":{\"column_gap\":\"large\",\"layout\":\"1-2,1-2\",\"margin\":\"large\"},\"children\":[{\"type\":\"column\",\"props\":{\"image_position\":\"center-center\",\"position_sticky_breakpoint\":\"m\",\"vertical_align\":\"middle\",\"width_medium\":\"1-2\"},\"children\":[{\"type\":\"image\",\"props\":{\"image\":\"app\\\/uploads\\\/2025\\\/03\\\/Dichtheitspruefung_Automatisierung.png\",\"image_alt\":\"Dichtheitspr\\u00fcfger\\u00e4te\",\"image_svg_color\":\"emphasis\",\"margin\":\"default\"}}]},{\"type\":\"column\",\"props\":{\"image_position\":\"center-center\",\"position_sticky_breakpoint\":\"m\",\"vertical_align\":\"middle\",\"width_medium\":\"1-2\"},\"children\":[{\"type\":\"headline\",\"props\":{\"content\":\"Kundenspezifische L\\u00f6sungen\",\"title_color\":\"primary\",\"title_element\":\"h2\",\"title_style\":\"heading-medium\"}},{\"type\":\"text\",\"props\":{\"column_breakpoint\":\"m\",\"content\":\"\n\n<p>Wir bieten kundenspezifische skalierbare und automatisierte L\\u00f6sungen f\\u00fcr die Dichtheitspr\\u00fcfung mit Luft und Nachweisgasen. Unsere fortschrittlichen Pr\\u00fcfanlagen integrieren sich nahtlos in komplexe Produktionsumgebungen. Neben der Dichtheitspr\\u00fcfung automatisieren wir auch angrenzende Prozesse wie Handling, Produktmarkierung und F\\u00fcgen. Mit unserem umfassenden Service begleiten wir unsere Kunden von der Entwicklung \\u00fcber die Inbetriebnahme bis hin zur Wartung und Nachr\\u00fcstung.<\\\/p>\",\"margin\":\"default\"}},{\"type\":\"button\",\"props\":{\"grid_column_gap\":\"small\",\"grid_row_gap\":\"small\",\"margin\":\"default\",\"text_align\":\"left\"},\"children\":[{\"type\":\"button_item\",\"props\":{\"button_style\":\"primary\",\"content\":\"Zu den L\\u00f6sungen\",\"dialog_layout\":\"modal\",\"dialog_offcanvas_flip\":true,\"icon_align\":\"left\",\"link\":\"\\\/de\\\/technologien\\\/dichtheitspruefung\\\/\",\"link_title\":\"Zu den L\\u00f6sungen\"}}]}]}]},{\"type\":\"row\",\"props\":{\"column_gap\":\"large\",\"layout\":\"1-2,1-2\",\"margin\":\"large\"},\"children\":[{\"type\":\"column\",\"props\":{\"image_position\":\"center-center\",\"order_first\":\"m\",\"position_sticky_breakpoint\":\"m\",\"vertical_align\":\"middle\",\"width_medium\":\"1-2\"},\"children\":[{\"type\":\"headline\",\"props\":{\"content\":\"Mehr als nur Dichtheitspr\\u00fcftechnologie\",\"title_color\":\"primary\",\"title_element\":\"h2\",\"title_style\":\"heading-medium\"}},{\"type\":\"text\",\"props\":{\"column_breakpoint\":\"m\",\"content\":\"\n\n<p>Erfolg in der Dichtheitspr\\u00fcfung erfordert mehr als nur fortschrittliche Technologie \\u2013 es braucht einen verl\\u00e4sslichen Partner. Mit unserem ganzheitlichen Ansatz begleiten wir unsere Kunden in jeder Phase, von der fr\\u00fchen Prototypenvalidierung bis zur Serienproduktion. F\\u00fcr langfristige Zuverl\\u00e4ssigkeit bieten wir umfassenden After-Sales-Support, einschlie\\u00dflich Vor-Ort-Service, Wartung und Kalibrierung. Spezialisierte Schulungsprogramme vermitteln Teams das Fachwissen, um die Dichtheitspr\\u00fcfung zu optimieren und die Effizienz zu maximieren.<\\\/p>\",\"margin\":\"default\"}}]},{\"type\":\"column\",\"props\":{\"image_position\":\"center-center\",\"order_first\":\"xs\",\"position_sticky_breakpoint\":\"m\",\"width_medium\":\"1-2\"},\"children\":[{\"type\":\"image\",\"props\":{\"image\":\"app\\\/uploads\\\/2025\\\/03\\\/Bilder_Unternehmen_Gruppe_LTA-D.png\",\"image_alt\":\"Dichtheitspr\\u00fcfger\\u00e4te\",\"image_svg_color\":\"emphasis\",\"margin\":\"default\"}}]}]},{\"type\":\"row\",\"props\":{\"column_gap\":\"large\",\"layout\":\"1-2,1-2\",\"margin\":\"large\"},\"children\":[{\"type\":\"column\",\"props\":{\"image_position\":\"center-center\",\"order_first\":\"xs\",\"position_sticky_breakpoint\":\"m\",\"vertical_align\":\"middle\",\"width_medium\":\"1-2\"},\"children\":[{\"type\":\"image\",\"props\":{\"image\":\"app\\\/uploads\\\/2025\\\/03\\\/ZELTWANGER_e-mobility.png\",\"image_alt\":\"Dichtheitspr\\u00fcfger\\u00e4te\",\"image_svg_color\":\"emphasis\",\"margin\":\"default\"}}]},{\"type\":\"column\",\"props\":{\"image_position\":\"center-center\",\"order_first\":\"xs\",\"position_sticky_breakpoint\":\"m\",\"vertical_align\":\"middle\",\"width_medium\":\"1-2\"},\"children\":[{\"type\":\"headline\",\"props\":{\"content\":\"Nachhaltige Innovation f\\u00f6rdern\",\"title_color\":\"primary\",\"title_element\":\"h2\",\"title_style\":\"heading-medium\"}},{\"type\":\"text\",\"props\":{\"column_breakpoint\":\"m\",\"content\":\"\n\n<p class=\\\"MsoNormal\\\">Nachhaltigkeit beginnt mit intelligenter Technologie. Bei ZELTWANGER sind wir Pioniere in der Dichtheitspr\\u00fcfung f\\u00fcr Batteriesysteme, Brennstoffzellen-Stacks, Elektrolyseure und deren Komponenten \\u2013 und gew\\u00e4hrleisten dabei h\\u00f6chste Zuverl\\u00e4ssigkeit und Sicherheit in jeder Phase. Durch kontinuierliche Innovation erm\\u00f6glichen wir unseren Kunden, nachhaltige Produkte effizient und in gro\\u00dfem Ma\\u00dfstab zu fertigen.<\\\/p>\",\"margin\":\"default\"}}]}]}]},{\"type\":\"section\",\"props\":{\"image_position\":\"center-center\",\"style\":\"secondary\",\"title_breakpoint\":\"xl\",\"title_position\":\"top-left\",\"title_rotation\":\"left\",\"vertical_align\":\"\",\"width\":\"default\"},\"children\":[{\"type\":\"row\",\"props\":{\"width\":\"small\"},\"children\":[{\"type\":\"column\",\"props\":{\"image_position\":\"center-center\",\"position_sticky_breakpoint\":\"m\"},\"children\":[{\"type\":\"headline\",\"props\":{\"content\":\"Kontakt aufnehmen\",\"text_align\":\"center\",\"title_element\":\"h2\",\"title_style\":\"heading-large\"}},{\"type\":\"contacts\",\"props\":{\"content_title\":\"Klingt interessant?\",\"flyout_button_text\":\"Kontaktieren Sie uns\",\"parent\":\"contacts\",\"show_content_title\":true,\"show_image\":true},\"children\":[{\"type\":\"flyout_item\",\"props\":{\"post_id\":20894}},{\"type\":\"flyout_item\",\"props\":{\"post_id\":20901}}]}]}]}],\"name\":\"Ansprechpartner | LTA\"},{\"type\":\"section\",\"props\":{\"image_position\":\"center-center\",\"style\":\"default\",\"title_breakpoint\":\"xl\",\"title_position\":\"top-left\",\"title_rotation\":\"left\",\"vertical_align\":\"middle\",\"width\":\"default\"},\"children\":[{\"type\":\"row\",\"children\":[{\"type\":\"column\",\"props\":{\"image_position\":\"center-center\",\"position_sticky_breakpoint\":\"m\"},\"children\":[{\"type\":\"headline\",\"props\":{\"content\":\"Experten-Support\",\"text_align\":\"center\",\"title_element\":\"h2\",\"title_style\":\"heading-large\"}}]}]},{\"type\":\"row\",\"props\":{\"width\":\"small\"},\"children\":[{\"type\":\"column\",\"props\":{\"image_position\":\"center-center\",\"position_sticky_breakpoint\":\"m\"},\"children\":[{\"type\":\"contacts\",\"props\":{\"content_title\":\"Klingt interessant?\",\"flyout_button_text\":\"Kontaktieren Sie uns\",\"horizontal_layout\":false,\"parent\":\"contacts\",\"show_content_title\":true,\"show_image\":true},\"children\":[{\"type\":\"flyout_item\",\"props\":{\"post_id\":30290}}]}]}]}]}],\"version\":\"4.5.3\"} --><\/p>\n","protected":false},"excerpt":{"rendered":"<p>ZELTWANGER Leaktesting &#038; Automation THE LEAK TESTING EXPERTS ZELTWANGER Leak Testing &amp; Automation LP Mit Sitz in Charleston, SC, USA, vertreten wir den Gesch\u00e4ftsbereich Dichtheitspr\u00fcfung der ZELTWANGER Gruppe f\u00fcr den nordamerikanischen Markt. Unsere hochmodernen Dichtheitspr\u00fcfger\u00e4te, automatisierten Anlagen und umfassenden Serviceleistungen erm\u00f6glichen Herstellern verschiedenster Branchen, Lecks in Produkten und Komponenten zuverl\u00e4ssig zu erkennen. Das Ergebnis: maximale [&hellip;]<\/p>\n","protected":false},"author":21,"featured_media":0,"parent":55,"menu_order":0,"comment_status":"closed","ping_status":"closed","template":"","meta":{"_acf_changed":false,"footnotes":""},"class_list":["post-32594","page","type-page","status-publish","hentry"],"acf":[],"yoast_head":"<!-- This site is optimized with the Yoast SEO plugin v27.4 - https:\/\/yoast.com\/product\/yoast-seo-wordpress\/ -->\n<title>ZELTWANGER Leak Testing &amp; Automation LP<\/title>\n<meta name=\"description\" content=\"ZELTWANGER Niederlassung in Charleston, SC, USA, spezialisiert auf konfigurierbare Dichtheitspr\u00fcfger\u00e4te und automatisierte L\u00f6sungen mit Luft und Nachweisgasen.\" \/>\n<meta name=\"robots\" content=\"index, follow, max-snippet:-1, max-image-preview:large, max-video-preview:-1\" \/>\n<link rel=\"canonical\" href=\"https:\/\/www.zeltwanger.de\/de\/unternehmen\/zeltwanger-leak-testing-automation-lp\/\" \/>\n<meta property=\"og:locale\" content=\"de_DE\" \/>\n<meta property=\"og:type\" content=\"article\" \/>\n<meta property=\"og:title\" content=\"ZELTWANGER Leak Testing &amp; Automation LP\" \/>\n<meta property=\"og:description\" content=\"ZELTWANGER Niederlassung in Charleston, SC, USA, spezialisiert auf konfigurierbare Dichtheitspr\u00fcfger\u00e4te und automatisierte L\u00f6sungen mit Luft und Nachweisgasen.\" \/>\n<meta property=\"og:url\" content=\"https:\/\/www.zeltwanger.de\/de\/unternehmen\/zeltwanger-leak-testing-automation-lp\/\" \/>\n<meta property=\"og:site_name\" content=\"ZELTWANGER\" \/>\n<meta property=\"article:publisher\" content=\"https:\/\/www.facebook.com\/zeltwanger.karriere\/\" \/>\n<meta property=\"article:modified_time\" content=\"2025-04-16T08:23:22+00:00\" \/>\n<meta name=\"twitter:card\" content=\"summary_large_image\" \/>\n<meta name=\"twitter:label1\" content=\"Gesch\u00e4tzte Lesezeit\" \/>\n\t<meta name=\"twitter:data1\" content=\"3\u00a0Minuten\" \/>\n<script type=\"application\/ld+json\" class=\"yoast-schema-graph\">{\"@context\":\"https:\\\/\\\/schema.org\",\"@graph\":[{\"@type\":\"WebPage\",\"@id\":\"https:\\\/\\\/www.zeltwanger.de\\\/de\\\/unternehmen\\\/zeltwanger-leak-testing-automation-lp\\\/\",\"url\":\"https:\\\/\\\/www.zeltwanger.de\\\/de\\\/unternehmen\\\/zeltwanger-leak-testing-automation-lp\\\/\",\"name\":\"ZELTWANGER Leak Testing & Automation LP\",\"isPartOf\":{\"@id\":\"https:\\\/\\\/www.zeltwanger.de\\\/de\\\/#website\"},\"datePublished\":\"2025-03-18T12:34:35+00:00\",\"dateModified\":\"2025-04-16T08:23:22+00:00\",\"description\":\"ZELTWANGER Niederlassung in Charleston, SC, USA, spezialisiert auf konfigurierbare Dichtheitspr\u00fcfger\u00e4te und automatisierte L\u00f6sungen mit Luft und Nachweisgasen.\",\"breadcrumb\":{\"@id\":\"https:\\\/\\\/www.zeltwanger.de\\\/de\\\/unternehmen\\\/zeltwanger-leak-testing-automation-lp\\\/#breadcrumb\"},\"inLanguage\":\"de\",\"potentialAction\":[{\"@type\":\"ReadAction\",\"target\":[\"https:\\\/\\\/www.zeltwanger.de\\\/de\\\/unternehmen\\\/zeltwanger-leak-testing-automation-lp\\\/\"]}]},{\"@type\":\"BreadcrumbList\",\"@id\":\"https:\\\/\\\/www.zeltwanger.de\\\/de\\\/unternehmen\\\/zeltwanger-leak-testing-automation-lp\\\/#breadcrumb\",\"itemListElement\":[{\"@type\":\"ListItem\",\"position\":1,\"name\":\"Home\",\"item\":\"https:\\\/\\\/www.zeltwanger.de\\\/de\\\/\"},{\"@type\":\"ListItem\",\"position\":2,\"name\":\"Unternehmen\",\"item\":\"https:\\\/\\\/www.zeltwanger.de\\\/de\\\/unternehmen\\\/\"},{\"@type\":\"ListItem\",\"position\":3,\"name\":\"ZELTWANGER Leak Testing &#038; Automation LP\"}]},{\"@type\":\"WebSite\",\"@id\":\"https:\\\/\\\/www.zeltwanger.de\\\/de\\\/#website\",\"url\":\"https:\\\/\\\/www.zeltwanger.de\\\/de\\\/\",\"name\":\"ZELTWANGER\",\"description\":\"Innovation aus Freude an Technik\",\"publisher\":{\"@id\":\"https:\\\/\\\/www.zeltwanger.de\\\/de\\\/#organization\"},\"potentialAction\":[{\"@type\":\"SearchAction\",\"target\":{\"@type\":\"EntryPoint\",\"urlTemplate\":\"https:\\\/\\\/www.zeltwanger.de\\\/de\\\/?s={search_term_string}\"},\"query-input\":{\"@type\":\"PropertyValueSpecification\",\"valueRequired\":true,\"valueName\":\"search_term_string\"}}],\"inLanguage\":\"de\"},{\"@type\":\"Organization\",\"@id\":\"https:\\\/\\\/www.zeltwanger.de\\\/de\\\/#organization\",\"name\":\"ZELTWANGER\",\"url\":\"https:\\\/\\\/www.zeltwanger.de\\\/de\\\/\",\"logo\":{\"@type\":\"ImageObject\",\"inLanguage\":\"de\",\"@id\":\"https:\\\/\\\/www.zeltwanger.de\\\/de\\\/#\\\/schema\\\/logo\\\/image\\\/\",\"url\":\"https:\\\/\\\/www.zeltwanger.de\\\/app\\\/uploads\\\/2024\\\/03\\\/ZELTWANGER-Maennchen_nebeneinander_RGB_Screen_quadratisch_klein-e1710331495893.jpg\",\"contentUrl\":\"https:\\\/\\\/www.zeltwanger.de\\\/app\\\/uploads\\\/2024\\\/03\\\/ZELTWANGER-Maennchen_nebeneinander_RGB_Screen_quadratisch_klein-e1710331495893.jpg\",\"width\":144,\"height\":144,\"caption\":\"ZELTWANGER\"},\"image\":{\"@id\":\"https:\\\/\\\/www.zeltwanger.de\\\/de\\\/#\\\/schema\\\/logo\\\/image\\\/\"},\"sameAs\":[\"https:\\\/\\\/www.facebook.com\\\/zeltwanger.karriere\\\/\",\"https:\\\/\\\/www.linkedin.com\\\/company\\\/11844117\\\/\"]}]}<\/script>\n<!-- \/ Yoast SEO plugin. -->","yoast_head_json":{"title":"ZELTWANGER Leak Testing & Automation LP","description":"ZELTWANGER Niederlassung in Charleston, SC, USA, spezialisiert auf konfigurierbare Dichtheitspr\u00fcfger\u00e4te und automatisierte L\u00f6sungen mit Luft und Nachweisgasen.","robots":{"index":"index","follow":"follow","max-snippet":"max-snippet:-1","max-image-preview":"max-image-preview:large","max-video-preview":"max-video-preview:-1"},"canonical":"https:\/\/www.zeltwanger.de\/de\/unternehmen\/zeltwanger-leak-testing-automation-lp\/","og_locale":"de_DE","og_type":"article","og_title":"ZELTWANGER Leak Testing & Automation LP","og_description":"ZELTWANGER Niederlassung in Charleston, SC, USA, spezialisiert auf konfigurierbare Dichtheitspr\u00fcfger\u00e4te und automatisierte L\u00f6sungen mit Luft und Nachweisgasen.","og_url":"https:\/\/www.zeltwanger.de\/de\/unternehmen\/zeltwanger-leak-testing-automation-lp\/","og_site_name":"ZELTWANGER","article_publisher":"https:\/\/www.facebook.com\/zeltwanger.karriere\/","article_modified_time":"2025-04-16T08:23:22+00:00","twitter_card":"summary_large_image","twitter_misc":{"Gesch\u00e4tzte Lesezeit":"3\u00a0Minuten"},"schema":{"@context":"https:\/\/schema.org","@graph":[{"@type":"WebPage","@id":"https:\/\/www.zeltwanger.de\/de\/unternehmen\/zeltwanger-leak-testing-automation-lp\/","url":"https:\/\/www.zeltwanger.de\/de\/unternehmen\/zeltwanger-leak-testing-automation-lp\/","name":"ZELTWANGER Leak Testing & Automation LP","isPartOf":{"@id":"https:\/\/www.zeltwanger.de\/de\/#website"},"datePublished":"2025-03-18T12:34:35+00:00","dateModified":"2025-04-16T08:23:22+00:00","description":"ZELTWANGER Niederlassung in Charleston, SC, USA, spezialisiert auf konfigurierbare Dichtheitspr\u00fcfger\u00e4te und automatisierte L\u00f6sungen mit Luft und Nachweisgasen.","breadcrumb":{"@id":"https:\/\/www.zeltwanger.de\/de\/unternehmen\/zeltwanger-leak-testing-automation-lp\/#breadcrumb"},"inLanguage":"de","potentialAction":[{"@type":"ReadAction","target":["https:\/\/www.zeltwanger.de\/de\/unternehmen\/zeltwanger-leak-testing-automation-lp\/"]}]},{"@type":"BreadcrumbList","@id":"https:\/\/www.zeltwanger.de\/de\/unternehmen\/zeltwanger-leak-testing-automation-lp\/#breadcrumb","itemListElement":[{"@type":"ListItem","position":1,"name":"Home","item":"https:\/\/www.zeltwanger.de\/de\/"},{"@type":"ListItem","position":2,"name":"Unternehmen","item":"https:\/\/www.zeltwanger.de\/de\/unternehmen\/"},{"@type":"ListItem","position":3,"name":"ZELTWANGER Leak Testing &#038; Automation LP"}]},{"@type":"WebSite","@id":"https:\/\/www.zeltwanger.de\/de\/#website","url":"https:\/\/www.zeltwanger.de\/de\/","name":"ZELTWANGER","description":"Innovation aus Freude an Technik","publisher":{"@id":"https:\/\/www.zeltwanger.de\/de\/#organization"},"potentialAction":[{"@type":"SearchAction","target":{"@type":"EntryPoint","urlTemplate":"https:\/\/www.zeltwanger.de\/de\/?s={search_term_string}"},"query-input":{"@type":"PropertyValueSpecification","valueRequired":true,"valueName":"search_term_string"}}],"inLanguage":"de"},{"@type":"Organization","@id":"https:\/\/www.zeltwanger.de\/de\/#organization","name":"ZELTWANGER","url":"https:\/\/www.zeltwanger.de\/de\/","logo":{"@type":"ImageObject","inLanguage":"de","@id":"https:\/\/www.zeltwanger.de\/de\/#\/schema\/logo\/image\/","url":"https:\/\/www.zeltwanger.de\/app\/uploads\/2024\/03\/ZELTWANGER-Maennchen_nebeneinander_RGB_Screen_quadratisch_klein-e1710331495893.jpg","contentUrl":"https:\/\/www.zeltwanger.de\/app\/uploads\/2024\/03\/ZELTWANGER-Maennchen_nebeneinander_RGB_Screen_quadratisch_klein-e1710331495893.jpg","width":144,"height":144,"caption":"ZELTWANGER"},"image":{"@id":"https:\/\/www.zeltwanger.de\/de\/#\/schema\/logo\/image\/"},"sameAs":["https:\/\/www.facebook.com\/zeltwanger.karriere\/","https:\/\/www.linkedin.com\/company\/11844117\/"]}]}},"_links":{"self":[{"href":"https:\/\/www.zeltwanger.de\/de\/wp-json\/wp\/v2\/pages\/32594","targetHints":{"allow":["GET"]}}],"collection":[{"href":"https:\/\/www.zeltwanger.de\/de\/wp-json\/wp\/v2\/pages"}],"about":[{"href":"https:\/\/www.zeltwanger.de\/de\/wp-json\/wp\/v2\/types\/page"}],"author":[{"embeddable":true,"href":"https:\/\/www.zeltwanger.de\/de\/wp-json\/wp\/v2\/users\/21"}],"replies":[{"embeddable":true,"href":"https:\/\/www.zeltwanger.de\/de\/wp-json\/wp\/v2\/comments?post=32594"}],"version-history":[{"count":29,"href":"https:\/\/www.zeltwanger.de\/de\/wp-json\/wp\/v2\/pages\/32594\/revisions"}],"predecessor-version":[{"id":33181,"href":"https:\/\/www.zeltwanger.de\/de\/wp-json\/wp\/v2\/pages\/32594\/revisions\/33181"}],"up":[{"embeddable":true,"href":"https:\/\/www.zeltwanger.de\/de\/wp-json\/wp\/v2\/pages\/55"}],"wp:attachment":[{"href":"https:\/\/www.zeltwanger.de\/de\/wp-json\/wp\/v2\/media?parent=32594"}],"curies":[{"name":"wp","href":"https:\/\/api.w.org\/{rel}","templated":true}]}}