{"id":27771,"date":"2023-11-29T16:21:21","date_gmt":"2023-11-29T15:21:21","guid":{"rendered":"https:\/\/www.zeltwanger.de\/?page_id=27771"},"modified":"2025-09-11T10:07:24","modified_gmt":"2025-09-11T08:07:24","slug":"dichtheitspruefverfahren","status":"publish","type":"page","link":"https:\/\/www.zeltwanger.de\/de\/dichtheitspruefverfahren\/","title":{"rendered":"Dichtheitspr\u00fcfverfahren"},"content":{"rendered":"<div>\n<p>    <img decoding=\"async\" src=\"\/app\/uploads\/2023\/10\/ZELTWANGER_Dichtheitspruefung-4.jpg\" alt=\"ZELTWANGER: Dichtheitspr\u00fcfverfahren\"><\/p>\n<p>Dichtheitspr\u00fcfverfahren<\/p>\n<\/div>\n<h1>Wir haben das richtige Pr\u00fcfverfahren<\/h1>\n<div>\n<p style=\"text-align: center;\">F\u00fcr die Dichtheitspr\u00fcfung stehen verschiedene Pr\u00fcfverfahren mit Luft oder Nachweisgasen zur Verf\u00fcgung. Gerne bieten wir Ihnen Grundsatzuntersuchungen in Form von Machbarkeitsstudien an, um das optimale Pr\u00fcfverfahren f\u00fcr Ihre Spezifikation zu ermitteln.<\/p>\n<\/div>\n<ul>\n<li>\n<p>        <img decoding=\"async\" src=\"\/app\/uploads\/2023\/11\/Icon_Dichtheitspruefung_mit_Luft.svg\" alt=\" Pr\u00fcfverfahren mit Luft\"><\/p>\n<h3> Pr\u00fcfverfahren mit Luft<\/h3>\n<div>Mithilfe der Durchflussmessung und der Druck\u00e4nderungsmessung k\u00f6nnen viele effiziente Pr\u00fcfverfahren realisiert werden.<\/div>\n<p><a href=\"\/de\/technologien\/dichtheitspruefung\/dichtheitspruefung-mit-luft\/dichtheitspruefverfahren-mit-luft\/\">Mehr erfahren<\/a><\/p>\n<\/li>\n<li>\n<p>        <img decoding=\"async\" src=\"\/app\/uploads\/2023\/11\/Icon_Dichtheitspruefung_mit_Nachweisgas.svg\" alt=\" Pr\u00fcfverfahren mit Nachweisgasen\"><\/p>\n<h3> Pr\u00fcfverfahren mit Nachweisgasen<\/h3>\n<div>Dichtheitspr\u00fcfung mit Nachweisgasen wie Helium erm\u00f6glicht es, selbst die kleinsten Lecks aufzusp\u00fcren.<\/div>\n<p><a href=\"\/de\/technologien\/dichtheitspruefung\/dichtheitspruefung-mit-nachweisgasen\/\">Mehr erfahren<\/a><\/p>\n<\/li>\n<\/ul>\n<p><!--more--><br \/>\n<!-- {\"type\":\"layout\",\"children\":[{\"type\":\"section\",\"props\":{\"image_position\":\"center-center\",\"padding_remove_bottom\":true,\"padding_remove_top\":true,\"style\":\"default\",\"title_breakpoint\":\"xl\",\"title_position\":\"top-left\",\"title_rotation\":\"left\",\"vertical_align\":\"middle\",\"width\":\"\"},\"children\":[{\"type\":\"row\",\"children\":[{\"type\":\"column\",\"props\":{\"image_position\":\"center-center\",\"position_sticky_breakpoint\":\"m\",\"width_medium\":\"1-1\"},\"children\":[{\"type\":\"slideshow\",\"props\":{\"class\":\"like-mobile-panel-slider sub-page \",\"css\":\"li.el-item {\\n\\n}\",\"image_height\":\"929px\",\"image_loading\":true,\"image_width\":\"2548px\",\"link_style\":\"primary\",\"link_text\":\"Read more\",\"margin\":\"default\",\"meta_align\":\"above-title\",\"meta_element\":\"h1\",\"meta_style\":\"h2\",\"nav\":\"\",\"nav_align\":\"center\",\"nav_below\":false,\"nav_breakpoint\":\"s\",\"nav_position\":\"bottom-center\",\"nav_position_margin\":\"medium\",\"nav_vertical\":false,\"overlay_animation\":\"parallax\",\"overlay_container\":\"large\",\"overlay_parallax_x\":\"90\",\"overlay_parallax_y\":\"0\",\"overlay_position\":\"bottom-left\",\"overlay_style\":\"overlay-primary\",\"overlay_width\":\"xlarge\",\"show_content\":true,\"show_link\":true,\"show_meta\":true,\"show_thumbnail\":false,\"show_title\":true,\"slidenav\":\"default\",\"slidenav_breakpoint\":\"s\",\"slidenav_hover\":true,\"slidenav_large\":false,\"slidenav_margin\":\"small\",\"slidenav_outside_breakpoint\":\"xl\",\"slideshow_autoplay\":true,\"slideshow_autoplay_interval\":\"10\",\"slideshow_autoplay_pause\":false,\"slideshow_max_height\":\"700\",\"slideshow_min_height\":\"500\",\"slideshow_velocity\":\"0.5\",\"text_align\":\"left\",\"text_align_breakpoint\":\"s\",\"text_align_fallback\":\"center\",\"text_color\":\"light\",\"thumbnav_height\":\"75\",\"thumbnav_svg_color\":\"emphasis\",\"thumbnav_width\":\"100\",\"title_element\":\"h1\",\"title_style\":\"h1\"},\"children\":[{\"type\":\"slideshow_item\",\"props\":{\"content\":\"\",\"image\":\"app\\\/uploads\\\/2023\\\/10\\\/ZELTWANGER_Dichtheitspruefung-4.jpg\",\"image_alt\":\"ZELTWANGER: Dichtheitspr\\u00fcfverfahren\",\"meta\":\"Dichtheitspr\\u00fcfverfahren\",\"title\":\"\"}}]}]}]}],\"name\":\"Header - neu - single\"},{\"type\":\"section\",\"props\":{\"class\":\"breadcrumb\",\"image_position\":\"center-center\",\"padding\":\"xsmall\",\"padding_remove_bottom\":true,\"padding_remove_top\":false,\"style\":\"default\",\"title_breakpoint\":\"xl\",\"title_position\":\"top-left\",\"title_rotation\":\"left\",\"vertical_align\":\"middle\",\"width\":\"default\"},\"children\":[{\"type\":\"row\",\"props\":{\"width\":\"default\"},\"children\":[{\"type\":\"column\",\"props\":{\"image_position\":\"center-center\",\"position_sticky_breakpoint\":\"m\",\"width_medium\":\"1-1\"},\"children\":[{\"type\":\"breadcrumbs\",\"props\":{\"image_svg_color\":\"emphasis\",\"margin\":\"default\"}}]}]}],\"name\":\"Breadcrumb\"},{\"type\":\"section\",\"props\":{\"image_position\":\"center-center\",\"padding_remove_top\":true,\"style\":\"default\",\"title_breakpoint\":\"xl\",\"title_position\":\"top-left\",\"title_rotation\":\"left\",\"vertical_align\":\"middle\",\"width\":\"small\"},\"children\":[{\"type\":\"row\",\"children\":[{\"type\":\"column\",\"props\":{\"image_position\":\"center-center\",\"position_sticky_breakpoint\":\"m\"},\"children\":[{\"type\":\"headline\",\"props\":{\"content\":\"Wir haben das richtige Pr\\u00fcfverfahren\",\"text_align\":\"center\",\"title_element\":\"h1\"}},{\"type\":\"text\",\"props\":{\"column_breakpoint\":\"m\",\"content\":\"\n\n<p style=\\\"text-align: center;\\\">F\\u00fcr die Dichtheitspr\\u00fcfung stehen verschiedene Pr\\u00fcfverfahren mit Luft oder Nachweisgasen zur Verf\\u00fcgung. Gerne bieten wir Ihnen Grundsatzuntersuchungen in Form von Machbarkeitsstudien an, um das optimale Pr\\u00fcfverfahren f\\u00fcr Ihre Spezifikation zu ermitteln.<\\\/p>\",\"margin\":\"default\"}}]}]}]},{\"type\":\"section\",\"props\":{\"image_position\":\"center-center\",\"padding_remove_top\":true,\"style\":\"default\",\"title_breakpoint\":\"xl\",\"title_position\":\"top-left\",\"title_rotation\":\"left\",\"vertical_align\":\"middle\",\"width\":\"default\"},\"children\":[{\"type\":\"row\",\"children\":[{\"type\":\"column\",\"props\":{\"image_position\":\"center-center\",\"position_sticky_breakpoint\":\"m\"},\"children\":[{\"type\":\"grid\",\"props\":{\"content_column_breakpoint\":\"m\",\"filter_align\":\"left\",\"filter_all\":true,\"filter_grid_breakpoint\":\"m\",\"filter_grid_width\":\"auto\",\"filter_position\":\"top\",\"filter_style\":\"tab\",\"grid_default\":\"1\",\"grid_medium\":\"2\",\"icon_width\":80,\"image_align\":\"left\",\"image_grid_breakpoint\":\"m\",\"image_grid_width\":\"auto\",\"image_svg_color\":\"emphasis\",\"item_animation\":true,\"link_style\":\"primary\",\"link_text\":\"Read more\",\"margin\":\"default\",\"meta_align\":\"below-title\",\"meta_element\":\"div\",\"meta_style\":\"text-meta\",\"panel_padding\":\"default\",\"panel_style\":\"card-default\",\"show_content\":true,\"show_image\":true,\"show_link\":true,\"show_meta\":true,\"show_title\":true,\"title_align\":\"top\",\"title_color\":\"primary\",\"title_element\":\"h3\",\"title_grid_breakpoint\":\"m\",\"title_grid_width\":\"1-2\",\"title_hover_style\":\"reset\"},\"children\":[{\"type\":\"grid_item\",\"props\":{\"content\":\"Mithilfe der Durchflussmessung und der Druck\\u00e4nderungsmessung k\\u00f6nnen viele effiziente Pr\\u00fcfverfahren realisiert werden.\",\"image\":\"app\\\/uploads\\\/2023\\\/11\\\/Icon_Dichtheitspruefung_mit_Luft.svg\",\"image_alt\":\" Pr\\u00fcfverfahren mit Luft\",\"link\":\"\\\/de\\\/technologien\\\/dichtheitspruefung\\\/dichtheitspruefung-mit-luft\\\/dichtheitspruefverfahren-mit-luft\\\/\",\"link_text\":\"Mehr erfahren\",\"title\":\" Pr\\u00fcfverfahren mit Luft\"}},{\"type\":\"grid_item\",\"props\":{\"content\":\"Dichtheitspr\\u00fcfung mit Nachweisgasen wie Helium erm\\u00f6glicht es, selbst die kleinsten Lecks aufzusp\\u00fcren.\",\"image\":\"app\\\/uploads\\\/2023\\\/11\\\/Icon_Dichtheitspruefung_mit_Nachweisgas.svg\",\"image_alt\":\" Pr\\u00fcfverfahren mit Nachweisgasen\",\"link\":\"\\\/de\\\/technologien\\\/dichtheitspruefung\\\/dichtheitspruefung-mit-nachweisgasen\\\/\",\"link_text\":\"Mehr erfahren\",\"title\":\" Pr\\u00fcfverfahren mit Nachweisgasen\"}}]}]}]}]}],\"version\":\"4.0.13\"} --><\/p>\n","protected":false},"excerpt":{"rendered":"<p>Dichtheitspr\u00fcfverfahren Wir haben das richtige Pr\u00fcfverfahren F\u00fcr die Dichtheitspr\u00fcfung stehen verschiedene Pr\u00fcfverfahren mit Luft oder Nachweisgasen zur Verf\u00fcgung. Gerne bieten wir Ihnen Grundsatzuntersuchungen in Form von Machbarkeitsstudien an, um das optimale Pr\u00fcfverfahren f\u00fcr Ihre Spezifikation zu ermitteln. Pr\u00fcfverfahren mit Luft Mithilfe der Durchflussmessung und der Druck\u00e4nderungsmessung k\u00f6nnen viele effiziente Pr\u00fcfverfahren realisiert werden. Mehr erfahren Pr\u00fcfverfahren [&hellip;]<\/p>\n","protected":false},"author":21,"featured_media":0,"parent":0,"menu_order":0,"comment_status":"closed","ping_status":"closed","template":"","meta":{"_acf_changed":false,"footnotes":""},"class_list":["post-27771","page","type-page","status-publish","hentry"],"acf":[],"yoast_head":"<!-- This site is optimized with the Yoast SEO plugin v27.4 - https:\/\/yoast.com\/product\/yoast-seo-wordpress\/ -->\n<title>Dichtheitspr\u00fcfverfahren | Helium, Durchfluss- &amp; Druck\u00e4nderung<\/title>\n<meta name=\"description\" content=\"ZELTWANGER bietet alle g\u00e4ngigen Dichtheitspr\u00fcfverfahren \u2013 Helium-Tests, Durchflussmessung, Druck\u00e4nderung, Schn\u00fcffelpr\u00fcfung &amp; Vakuum-Methoden f\u00fcr h\u00f6chste Qualit\u00e4t.\" \/>\n<meta name=\"robots\" content=\"index, follow, max-snippet:-1, max-image-preview:large, max-video-preview:-1\" \/>\n<link rel=\"canonical\" href=\"https:\/\/www.zeltwanger.de\/de\/dichtheitspruefverfahren\/\" \/>\n<meta property=\"og:locale\" content=\"de_DE\" \/>\n<meta property=\"og:type\" content=\"article\" \/>\n<meta property=\"og:title\" content=\"Dichtheitspr\u00fcfverfahren | Helium, Durchfluss- &amp; Druck\u00e4nderung\" \/>\n<meta property=\"og:description\" content=\"ZELTWANGER bietet alle g\u00e4ngigen Dichtheitspr\u00fcfverfahren \u2013 Helium-Tests, Durchflussmessung, Druck\u00e4nderung, Schn\u00fcffelpr\u00fcfung &amp; Vakuum-Methoden f\u00fcr h\u00f6chste Qualit\u00e4t.\" \/>\n<meta property=\"og:url\" content=\"https:\/\/www.zeltwanger.de\/de\/dichtheitspruefverfahren\/\" \/>\n<meta property=\"og:site_name\" content=\"ZELTWANGER\" \/>\n<meta property=\"article:publisher\" content=\"https:\/\/www.facebook.com\/zeltwanger.karriere\/\" \/>\n<meta property=\"article:modified_time\" content=\"2025-09-11T08:07:24+00:00\" \/>\n<meta name=\"twitter:card\" content=\"summary_large_image\" \/>\n<meta name=\"twitter:label1\" content=\"Gesch\u00e4tzte Lesezeit\" \/>\n\t<meta name=\"twitter:data1\" content=\"1\u00a0Minute\" \/>\n<script type=\"application\/ld+json\" class=\"yoast-schema-graph\">{\"@context\":\"https:\\\/\\\/schema.org\",\"@graph\":[{\"@type\":\"WebPage\",\"@id\":\"https:\\\/\\\/www.zeltwanger.de\\\/de\\\/dichtheitspruefverfahren\\\/\",\"url\":\"https:\\\/\\\/www.zeltwanger.de\\\/de\\\/dichtheitspruefverfahren\\\/\",\"name\":\"Dichtheitspr\u00fcfverfahren | Helium, Durchfluss- & Druck\u00e4nderung\",\"isPartOf\":{\"@id\":\"https:\\\/\\\/www.zeltwanger.de\\\/de\\\/#website\"},\"datePublished\":\"2023-11-29T15:21:21+00:00\",\"dateModified\":\"2025-09-11T08:07:24+00:00\",\"description\":\"ZELTWANGER bietet alle g\u00e4ngigen Dichtheitspr\u00fcfverfahren \u2013 Helium-Tests, Durchflussmessung, Druck\u00e4nderung, Schn\u00fcffelpr\u00fcfung & Vakuum-Methoden f\u00fcr h\u00f6chste Qualit\u00e4t.\",\"breadcrumb\":{\"@id\":\"https:\\\/\\\/www.zeltwanger.de\\\/de\\\/dichtheitspruefverfahren\\\/#breadcrumb\"},\"inLanguage\":\"de\",\"potentialAction\":[{\"@type\":\"ReadAction\",\"target\":[\"https:\\\/\\\/www.zeltwanger.de\\\/de\\\/dichtheitspruefverfahren\\\/\"]}]},{\"@type\":\"BreadcrumbList\",\"@id\":\"https:\\\/\\\/www.zeltwanger.de\\\/de\\\/dichtheitspruefverfahren\\\/#breadcrumb\",\"itemListElement\":[{\"@type\":\"ListItem\",\"position\":1,\"name\":\"Home\",\"item\":\"https:\\\/\\\/www.zeltwanger.de\\\/de\\\/\"},{\"@type\":\"ListItem\",\"position\":2,\"name\":\"Dichtheitspr\u00fcfverfahren\"}]},{\"@type\":\"WebSite\",\"@id\":\"https:\\\/\\\/www.zeltwanger.de\\\/de\\\/#website\",\"url\":\"https:\\\/\\\/www.zeltwanger.de\\\/de\\\/\",\"name\":\"ZELTWANGER\",\"description\":\"Innovation aus Freude an Technik\",\"publisher\":{\"@id\":\"https:\\\/\\\/www.zeltwanger.de\\\/de\\\/#organization\"},\"potentialAction\":[{\"@type\":\"SearchAction\",\"target\":{\"@type\":\"EntryPoint\",\"urlTemplate\":\"https:\\\/\\\/www.zeltwanger.de\\\/de\\\/?s={search_term_string}\"},\"query-input\":{\"@type\":\"PropertyValueSpecification\",\"valueRequired\":true,\"valueName\":\"search_term_string\"}}],\"inLanguage\":\"de\"},{\"@type\":\"Organization\",\"@id\":\"https:\\\/\\\/www.zeltwanger.de\\\/de\\\/#organization\",\"name\":\"ZELTWANGER\",\"url\":\"https:\\\/\\\/www.zeltwanger.de\\\/de\\\/\",\"logo\":{\"@type\":\"ImageObject\",\"inLanguage\":\"de\",\"@id\":\"https:\\\/\\\/www.zeltwanger.de\\\/de\\\/#\\\/schema\\\/logo\\\/image\\\/\",\"url\":\"https:\\\/\\\/www.zeltwanger.de\\\/app\\\/uploads\\\/2024\\\/03\\\/ZELTWANGER-Maennchen_nebeneinander_RGB_Screen_quadratisch_klein-e1710331495893.jpg\",\"contentUrl\":\"https:\\\/\\\/www.zeltwanger.de\\\/app\\\/uploads\\\/2024\\\/03\\\/ZELTWANGER-Maennchen_nebeneinander_RGB_Screen_quadratisch_klein-e1710331495893.jpg\",\"width\":144,\"height\":144,\"caption\":\"ZELTWANGER\"},\"image\":{\"@id\":\"https:\\\/\\\/www.zeltwanger.de\\\/de\\\/#\\\/schema\\\/logo\\\/image\\\/\"},\"sameAs\":[\"https:\\\/\\\/www.facebook.com\\\/zeltwanger.karriere\\\/\",\"https:\\\/\\\/www.linkedin.com\\\/company\\\/11844117\\\/\"]}]}<\/script>\n<!-- \/ Yoast SEO plugin. -->","yoast_head_json":{"title":"Dichtheitspr\u00fcfverfahren | Helium, Durchfluss- & Druck\u00e4nderung","description":"ZELTWANGER bietet alle g\u00e4ngigen Dichtheitspr\u00fcfverfahren \u2013 Helium-Tests, Durchflussmessung, Druck\u00e4nderung, Schn\u00fcffelpr\u00fcfung & Vakuum-Methoden f\u00fcr h\u00f6chste Qualit\u00e4t.","robots":{"index":"index","follow":"follow","max-snippet":"max-snippet:-1","max-image-preview":"max-image-preview:large","max-video-preview":"max-video-preview:-1"},"canonical":"https:\/\/www.zeltwanger.de\/de\/dichtheitspruefverfahren\/","og_locale":"de_DE","og_type":"article","og_title":"Dichtheitspr\u00fcfverfahren | Helium, Durchfluss- & Druck\u00e4nderung","og_description":"ZELTWANGER bietet alle g\u00e4ngigen Dichtheitspr\u00fcfverfahren \u2013 Helium-Tests, Durchflussmessung, Druck\u00e4nderung, Schn\u00fcffelpr\u00fcfung & Vakuum-Methoden f\u00fcr h\u00f6chste Qualit\u00e4t.","og_url":"https:\/\/www.zeltwanger.de\/de\/dichtheitspruefverfahren\/","og_site_name":"ZELTWANGER","article_publisher":"https:\/\/www.facebook.com\/zeltwanger.karriere\/","article_modified_time":"2025-09-11T08:07:24+00:00","twitter_card":"summary_large_image","twitter_misc":{"Gesch\u00e4tzte Lesezeit":"1\u00a0Minute"},"schema":{"@context":"https:\/\/schema.org","@graph":[{"@type":"WebPage","@id":"https:\/\/www.zeltwanger.de\/de\/dichtheitspruefverfahren\/","url":"https:\/\/www.zeltwanger.de\/de\/dichtheitspruefverfahren\/","name":"Dichtheitspr\u00fcfverfahren | Helium, Durchfluss- & Druck\u00e4nderung","isPartOf":{"@id":"https:\/\/www.zeltwanger.de\/de\/#website"},"datePublished":"2023-11-29T15:21:21+00:00","dateModified":"2025-09-11T08:07:24+00:00","description":"ZELTWANGER bietet alle g\u00e4ngigen Dichtheitspr\u00fcfverfahren \u2013 Helium-Tests, Durchflussmessung, Druck\u00e4nderung, Schn\u00fcffelpr\u00fcfung & Vakuum-Methoden f\u00fcr h\u00f6chste Qualit\u00e4t.","breadcrumb":{"@id":"https:\/\/www.zeltwanger.de\/de\/dichtheitspruefverfahren\/#breadcrumb"},"inLanguage":"de","potentialAction":[{"@type":"ReadAction","target":["https:\/\/www.zeltwanger.de\/de\/dichtheitspruefverfahren\/"]}]},{"@type":"BreadcrumbList","@id":"https:\/\/www.zeltwanger.de\/de\/dichtheitspruefverfahren\/#breadcrumb","itemListElement":[{"@type":"ListItem","position":1,"name":"Home","item":"https:\/\/www.zeltwanger.de\/de\/"},{"@type":"ListItem","position":2,"name":"Dichtheitspr\u00fcfverfahren"}]},{"@type":"WebSite","@id":"https:\/\/www.zeltwanger.de\/de\/#website","url":"https:\/\/www.zeltwanger.de\/de\/","name":"ZELTWANGER","description":"Innovation aus Freude an Technik","publisher":{"@id":"https:\/\/www.zeltwanger.de\/de\/#organization"},"potentialAction":[{"@type":"SearchAction","target":{"@type":"EntryPoint","urlTemplate":"https:\/\/www.zeltwanger.de\/de\/?s={search_term_string}"},"query-input":{"@type":"PropertyValueSpecification","valueRequired":true,"valueName":"search_term_string"}}],"inLanguage":"de"},{"@type":"Organization","@id":"https:\/\/www.zeltwanger.de\/de\/#organization","name":"ZELTWANGER","url":"https:\/\/www.zeltwanger.de\/de\/","logo":{"@type":"ImageObject","inLanguage":"de","@id":"https:\/\/www.zeltwanger.de\/de\/#\/schema\/logo\/image\/","url":"https:\/\/www.zeltwanger.de\/app\/uploads\/2024\/03\/ZELTWANGER-Maennchen_nebeneinander_RGB_Screen_quadratisch_klein-e1710331495893.jpg","contentUrl":"https:\/\/www.zeltwanger.de\/app\/uploads\/2024\/03\/ZELTWANGER-Maennchen_nebeneinander_RGB_Screen_quadratisch_klein-e1710331495893.jpg","width":144,"height":144,"caption":"ZELTWANGER"},"image":{"@id":"https:\/\/www.zeltwanger.de\/de\/#\/schema\/logo\/image\/"},"sameAs":["https:\/\/www.facebook.com\/zeltwanger.karriere\/","https:\/\/www.linkedin.com\/company\/11844117\/"]}]}},"_links":{"self":[{"href":"https:\/\/www.zeltwanger.de\/de\/wp-json\/wp\/v2\/pages\/27771","targetHints":{"allow":["GET"]}}],"collection":[{"href":"https:\/\/www.zeltwanger.de\/de\/wp-json\/wp\/v2\/pages"}],"about":[{"href":"https:\/\/www.zeltwanger.de\/de\/wp-json\/wp\/v2\/types\/page"}],"author":[{"embeddable":true,"href":"https:\/\/www.zeltwanger.de\/de\/wp-json\/wp\/v2\/users\/21"}],"replies":[{"embeddable":true,"href":"https:\/\/www.zeltwanger.de\/de\/wp-json\/wp\/v2\/comments?post=27771"}],"version-history":[{"count":14,"href":"https:\/\/www.zeltwanger.de\/de\/wp-json\/wp\/v2\/pages\/27771\/revisions"}],"predecessor-version":[{"id":28032,"href":"https:\/\/www.zeltwanger.de\/de\/wp-json\/wp\/v2\/pages\/27771\/revisions\/28032"}],"wp:attachment":[{"href":"https:\/\/www.zeltwanger.de\/de\/wp-json\/wp\/v2\/media?parent=27771"}],"curies":[{"name":"wp","href":"https:\/\/api.w.org\/{rel}","templated":true}]}}