{"id":22144,"date":"2023-01-16T13:52:16","date_gmt":"2023-01-16T12:52:16","guid":{"rendered":"https:\/\/www.zeltwanger.de\/?page_id=22144"},"modified":"2025-11-18T12:01:32","modified_gmt":"2025-11-18T11:01:32","slug":"kontaktanfrage","status":"publish","type":"page","link":"https:\/\/www.zeltwanger.de\/de\/kontaktanfrage\/","title":{"rendered":"Kontaktanfrage"},"content":{"rendered":"<div>\n<p>    <img decoding=\"async\" src=\"\/app\/uploads\/2023\/10\/ZELTWANGER_Unternehmensgruppe.jpg\" alt=\"ZELTWANGER Weltweit\"><\/p>\n<p>Kontaktm\u00f6glichkeiten<\/p>\n<\/div>\n<h2>\n<p>Kontaktieren Sie uns<\/p>\n<\/h2>\n<div>\n<p>Hier finden Sie f\u00fcr jedes Anliegen die richtigen Ansprechpartner. Wir freuen uns auf Ihre Nachricht.<\/p>\n<\/div>\n<ul>\n<li>\n<p><img decoding=\"async\" src=\"\/app\/uploads\/2024\/07\/Auftragsfertigung.png\" alt=\"ZELTWANGER Maschinenbau\"><\/p>\n<h2>Auftragsfertigung<\/h2>\n<div>\n<p>Kontaktm\u00f6glichkeiten im Bereich Fertigungs- und Montagedienstleistungen.\u00a0<\/p>\n<\/div>\n<p><a href=\"\/kontaktanfrage\/auftragsfertigung\/\">Kontakt aufnehmen<\/a><\/p>\n<\/li>\n<li>\n<p><img decoding=\"async\" src=\"\/app\/uploads\/2024\/06\/Dichtheitspruefung_Automatisierung.jpg\" alt=\"Dichtheitspr\u00fcfung rendering Anlage\"><\/p>\n<h2>Dichtheitspr\u00fcfung<\/h2>\n<div>\n<p>Kontaktm\u00f6glichkeiten im Bereich Dichtheitspr\u00fcftechnik.\u00a0<\/p>\n<\/div>\n<p><a href=\"\/kontaktanfrage\/dichtheitspruefung\/\">Kontakt aufnehmen<\/a><\/p>\n<\/li>\n<li>\n<p><img decoding=\"async\" src=\"\/app\/uploads\/2023\/10\/ZELTWANGER_Thermomanagement.jpg\" alt=\"ZELTWANGER Thermomanagement\"><\/p>\n<h2>Thermomanagement<\/h2>\n<div>\n<p>Kontaktm\u00f6glichkeiten im Bereich Fertigungstechnik f\u00fcr W\u00e4rmetauscher.<\/p>\n<\/div>\n<p><a href=\"\/kontaktanfrage\/thermomanagement\/\">Kontakt aufnehmen<\/a><\/p>\n<\/li>\n<\/ul>\n<ul>\n<li>\n<p><img decoding=\"async\" src=\"\/app\/uploads\/2023\/02\/Icon_Karriere-1.svg\" alt=\"Batterie Icon\"><\/p>\n<h3>Human Resources<\/h3>\n<div>\n<ul class=\"uk-list\" data-id=\"page#2-0-0-1\" data-element=\"\">\n<li class=\"el-item\">\n<div class=\"el-content uk-panel\">\n<p>Auf der Suche nach einer neuen Herausforderung? Wir freuen uns darauf, von Ihnen zu h\u00f6ren!<span>\u00a0<\/span><a href=\"mailto:bewerbung@zeltwanger.de\">bewerbung@zeltwanger.de<\/a><\/p>\n<\/div>\n<\/li>\n<li class=\"el-item\">\n<div class=\"el-content uk-panel\"><\/div>\n<\/li>\n<\/ul>\n<\/div>\n<\/li>\n<li>\n<p><img decoding=\"async\" src=\"\/app\/uploads\/2023\/05\/Icon_Pressemitteilungen.svg\" alt=\"Brennstoffzelle Icon\"><\/p>\n<h3>Presse<\/h3>\n<div>\n<p>Sie ben\u00f6tigen Informationen f\u00fcr die Berichterstattung oder haben eine Interviewanfrage?<span>\u00a0<\/span><a href=\"mailto:presse@zeltwanger.de\">presse@zeltwanger.de<\/a><\/p>\n<\/div>\n<\/li>\n<\/ul>\n<p><!--more--><br \/>\n<!-- {\"type\":\"layout\",\"children\":[{\"type\":\"section\",\"props\":{\"image_position\":\"center-center\",\"padding_remove_bottom\":true,\"padding_remove_top\":true,\"style\":\"default\",\"title_breakpoint\":\"xl\",\"title_position\":\"top-left\",\"title_rotation\":\"left\",\"vertical_align\":\"\",\"width\":\"\"},\"children\":[{\"type\":\"row\",\"children\":[{\"type\":\"column\",\"props\":{\"image_position\":\"center-center\",\"position_sticky_breakpoint\":\"m\",\"width_medium\":\"1-1\"},\"children\":[{\"type\":\"slideshow\",\"props\":{\"class\":\"like-mobile-panel-slider sub-page\",\"css\":\"li.el-item {\\n\\n}\",\"image_height\":\"929px\",\"image_loading\":true,\"image_width\":\"2548px\",\"link_style\":\"primary\",\"link_text\":\"Read more\",\"margin\":\"default\",\"meta_align\":\"above-title\",\"meta_element\":\"h1\",\"meta_style\":\"h2\",\"nav\":\"\",\"nav_align\":\"center\",\"nav_below\":false,\"nav_breakpoint\":\"s\",\"nav_position\":\"bottom-center\",\"nav_position_margin\":\"medium\",\"nav_vertical\":false,\"overlay_animation\":\"parallax\",\"overlay_container\":\"large\",\"overlay_parallax_x\":\"90\",\"overlay_parallax_y\":\"0\",\"overlay_position\":\"bottom-left\",\"overlay_style\":\"overlay-primary\",\"overlay_width\":\"xlarge\",\"show_content\":true,\"show_link\":true,\"show_meta\":true,\"show_thumbnail\":false,\"show_title\":true,\"slidenav\":\"default\",\"slidenav_breakpoint\":\"s\",\"slidenav_hover\":true,\"slidenav_large\":false,\"slidenav_margin\":\"small\",\"slidenav_outside_breakpoint\":\"xl\",\"slideshow_autoplay\":true,\"slideshow_autoplay_interval\":\"10\",\"slideshow_autoplay_pause\":false,\"slideshow_max_height\":\"700\",\"slideshow_min_height\":\"500\",\"slideshow_velocity\":\"0.5\",\"text_align\":\"left\",\"text_align_breakpoint\":\"s\",\"text_align_fallback\":\"center\",\"text_color\":\"light\",\"thumbnav_height\":\"75\",\"thumbnav_svg_color\":\"emphasis\",\"thumbnav_width\":\"100\",\"title_element\":\"h1\",\"title_style\":\"h1\"},\"children\":[{\"type\":\"slideshow_item\",\"props\":{\"content\":\"\",\"image\":\"app\\\/uploads\\\/2023\\\/10\\\/ZELTWANGER_Unternehmensgruppe.jpg\",\"image_alt\":\"ZELTWANGER Weltweit\",\"meta\":\"Kontaktm\\u00f6glichkeiten\",\"title\":\"\"}}]}]}]}],\"name\":\"Header - neu - single\"},{\"type\":\"section\",\"props\":{\"image_position\":\"center-center\",\"padding_remove_bottom\":true,\"style\":\"default\",\"title_breakpoint\":\"xl\",\"title_position\":\"top-left\",\"title_rotation\":\"left\",\"vertical_align\":\"\",\"width\":\"small\"},\"children\":[{\"type\":\"row\",\"children\":[{\"type\":\"column\",\"props\":{\"image_position\":\"center-center\",\"position_sticky_breakpoint\":\"m\"},\"children\":[{\"type\":\"headline\",\"props\":{\"block_align\":\"center\",\"content\":\"\n\n<p>Kontaktieren Sie uns<\\\/p>\",\"text_align\":\"center\",\"title_color\":\"primary\",\"title_element\":\"h2\",\"title_style\":\"heading-large\"}},{\"type\":\"text\",\"props\":{\"column_breakpoint\":\"m\",\"content\":\"\n\n<p>Hier finden Sie f\\u00fcr jedes Anliegen die richtigen Ansprechpartner. Wir freuen uns auf Ihre Nachricht.<\\\/p>\",\"margin\":\"default\",\"text_align\":\"center\"}}]}]}]},{\"type\":\"section\",\"props\":{\"image_position\":\"center-center\",\"style\":\"default\",\"title_breakpoint\":\"xl\",\"title_position\":\"top-left\",\"title_rotation\":\"left\",\"vertical_align\":\"\",\"width\":\"default\"},\"children\":[{\"type\":\"row\",\"children\":[{\"type\":\"column\",\"props\":{\"image_position\":\"center-center\",\"position_sticky_breakpoint\":\"m\"},\"children\":[{\"type\":\"grid\",\"props\":{\"animation\":\"fade\",\"content_align\":true,\"content_column_breakpoint\":\"m\",\"filter_align\":\"left\",\"filter_all\":true,\"filter_grid_breakpoint\":\"m\",\"filter_grid_width\":\"auto\",\"filter_position\":\"top\",\"filter_style\":\"tab\",\"grid_column_align\":false,\"grid_default\":\"1\",\"grid_medium\":\"3\",\"grid_row_align\":false,\"grid_small\":\"2\",\"icon_width\":80,\"image_align\":\"top\",\"image_grid_breakpoint\":\"m\",\"image_grid_width\":\"1-2\",\"image_link\":true,\"image_loading\":true,\"image_svg_animate\":false,\"image_svg_color\":\"emphasis\",\"image_svg_inline\":false,\"image_transition\":\"scale-up\",\"item_animation\":true,\"link_margin\":\"remove\",\"link_style\":\"primary\",\"link_text\":\"Kontakt aufnehmen\",\"margin\":\"large\",\"margin_remove_bottom\":false,\"meta_align\":\"below-title\",\"meta_element\":\"div\",\"meta_style\":\"text-meta\",\"panel_expand\":\"content\",\"panel_image_no_padding\":true,\"panel_link\":true,\"panel_padding\":\"default\",\"panel_style\":\"card-default\",\"parallax_easing\":\"1\",\"show_content\":true,\"show_image\":true,\"show_link\":true,\"show_meta\":true,\"show_title\":true,\"text_align\":\"left\",\"title_align\":\"top\",\"title_color\":\"primary\",\"title_element\":\"h2\",\"title_grid_breakpoint\":\"m\",\"title_grid_width\":\"1-2\",\"title_hover_style\":\"reset\",\"title_style\":\"heading-medium\"},\"children\":[{\"type\":\"grid_item\",\"props\":{\"content\":\"\n\n<p>Kontaktm\\u00f6glichkeiten im Bereich Fertigungs- und Montagedienstleistungen.\\u00a0<\\\/p>\",\"image\":\"app\\\/uploads\\\/2024\\\/07\\\/Auftragsfertigung.png\",\"image_alt\":\"ZELTWANGER Maschinenbau\",\"link\":\"\\\/kontaktanfrage\\\/auftragsfertigung\\\/\",\"title\":\"Auftragsfertigung\"}},{\"type\":\"grid_item\",\"props\":{\"content\":\"\n\n<p>Kontaktm\\u00f6glichkeiten im Bereich Dichtheitspr\\u00fcftechnik.\\u00a0<\\\/p>\",\"image\":\"app\\\/uploads\\\/2024\\\/06\\\/Dichtheitspruefung_Automatisierung.jpg\",\"image_alt\":\"Dichtheitspr\\u00fcfung rendering Anlage\",\"link\":\"\\\/kontaktanfrage\\\/dichtheitspruefung\\\/\",\"title\":\"Dichtheitspr\\u00fcfung\"}},{\"type\":\"grid_item\",\"props\":{\"content\":\"\n\n<p>Kontaktm\\u00f6glichkeiten im Bereich Fertigungstechnik f\\u00fcr W\\u00e4rmetauscher.<\\\/p>\",\"image\":\"app\\\/uploads\\\/2023\\\/10\\\/ZELTWANGER_Thermomanagement.jpg\",\"image_alt\":\"ZELTWANGER Thermomanagement\",\"link\":\"\\\/kontaktanfrage\\\/thermomanagement\\\/\",\"title\":\"Thermomanagement\"}}],\"name\":\"3 Boxen Bild Text CTA\"},{\"type\":\"grid\",\"props\":{\"content_column_breakpoint\":\"m\",\"css\":\".el-element .uk-margin-remove-first-child {\\n    display: flex;\\n    flex-direction: column;\\n    justify-content: center;\\n}\\n\\n.el-element .uk-panel>:last-child {\\n    margin-bottom: 0px;\\n}\",\"filter\":false,\"filter_align\":\"left\",\"filter_all\":true,\"filter_grid_breakpoint\":\"m\",\"filter_grid_width\":\"auto\",\"filter_position\":\"top\",\"filter_style\":\"tab\",\"grid_default\":\"1\",\"grid_medium\":\"2\",\"icon_width\":80,\"image_align\":\"left\",\"image_grid_breakpoint\":\"m\",\"image_grid_width\":\"auto\",\"image_svg_color\":\"emphasis\",\"item_animation\":true,\"link_style\":\"primary\",\"link_text\":\"Read more\",\"margin\":\"default\",\"margin_remove_bottom\":false,\"meta_align\":\"below-title\",\"meta_element\":\"div\",\"meta_style\":\"text-meta\",\"panel_padding\":\"small\",\"panel_style\":\"card-default\",\"show_content\":true,\"show_image\":true,\"show_link\":true,\"show_meta\":true,\"show_title\":true,\"title_align\":\"top\",\"title_color\":\"primary\",\"title_element\":\"h3\",\"title_grid_breakpoint\":\"m\",\"title_grid_width\":\"1-2\",\"title_hover_style\":\"reset\",\"title_style\":\"heading-medium\"},\"children\":[{\"type\":\"grid_item\",\"props\":{\"content\":\"\n\n<ul class=\\\"uk-list\\\" data-id=\\\"page#2-0-0-1\\\" data-element=\\\"\\\">\\n\n\n<li class=\\\"el-item\\\">\\n\n\n<div class=\\\"el-content uk-panel\\\">\\n\n\n<p>Auf der Suche nach einer neuen Herausforderung? Wir freuen uns darauf, von Ihnen zu h\\u00f6ren!<span>\\u00a0<\\\/span><a href=\\\"mailto:bewerbung@zeltwanger.de\\\">bewerbung@zeltwanger.de<\\\/a><\\\/p>\\n<\\\/div>\\n<\\\/li>\\n\n\n<li class=\\\"el-item\\\">\\n\n\n<div class=\\\"el-content uk-panel\\\"><\\\/div>\\n<\\\/li>\\n<\\\/ul>\",\"image\":\"app\\\/uploads\\\/2023\\\/02\\\/Icon_Karriere-1.svg\",\"image_alt\":\"Batterie Icon\",\"link_text\":\"Kontakt aufnehmen\",\"title\":\"Human Resources\"}},{\"type\":\"grid_item\",\"props\":{\"content\":\"\n\n<p>Sie ben\\u00f6tigen Informationen f\\u00fcr die Berichterstattung oder haben eine Interviewanfrage?<span>\\u00a0<\\\/span><a href=\\\"mailto:presse@zeltwanger.de\\\">presse@zeltwanger.de<\\\/a><\\\/p>\",\"image\":\"app\\\/uploads\\\/2023\\\/05\\\/Icon_Pressemitteilungen.svg\",\"image_alt\":\"Brennstoffzelle Icon\",\"link_text\":\"Kontakt aufnehmen\",\"title\":\"Presse\"}}]}]}]}],\"name\":\"Application Examples\"}],\"version\":\"4.4.7\"} --><\/p>\n","protected":false},"excerpt":{"rendered":"<p>Kontaktm\u00f6glichkeiten Kontaktieren Sie uns Hier finden Sie f\u00fcr jedes Anliegen die richtigen Ansprechpartner. Wir freuen uns auf Ihre Nachricht. Auftragsfertigung Kontaktm\u00f6glichkeiten im Bereich Fertigungs- und Montagedienstleistungen.\u00a0 Kontakt aufnehmen Dichtheitspr\u00fcfung Kontaktm\u00f6glichkeiten im Bereich Dichtheitspr\u00fcftechnik.\u00a0 Kontakt aufnehmen Thermomanagement Kontaktm\u00f6glichkeiten im Bereich Fertigungstechnik f\u00fcr W\u00e4rmetauscher. Kontakt aufnehmen Human Resources Auf der Suche nach einer neuen Herausforderung? Wir freuen [&hellip;]<\/p>\n","protected":false},"author":21,"featured_media":0,"parent":0,"menu_order":0,"comment_status":"closed","ping_status":"closed","template":"","meta":{"_acf_changed":false,"footnotes":""},"class_list":["post-22144","page","type-page","status-publish","hentry"],"acf":[],"yoast_head":"<!-- This site is optimized with the Yoast SEO plugin v27.5 - https:\/\/yoast.com\/product\/yoast-seo-wordpress\/ -->\n<title>Kontakt \u2013 ZELTWANGER Gruppe<\/title>\n<meta name=\"robots\" content=\"index, follow, max-snippet:-1, max-image-preview:large, max-video-preview:-1\" \/>\n<link rel=\"canonical\" href=\"https:\/\/www.zeltwanger.de\/de\/kontaktanfrage\/\" \/>\n<meta property=\"og:locale\" content=\"de_DE\" \/>\n<meta property=\"og:type\" content=\"article\" \/>\n<meta property=\"og:title\" content=\"Kontakt \u2013 ZELTWANGER Gruppe\" \/>\n<meta property=\"og:description\" content=\"Kontaktm\u00f6glichkeiten Kontaktieren Sie uns Hier finden Sie f\u00fcr jedes Anliegen die richtigen Ansprechpartner. Wir freuen uns auf Ihre Nachricht. Auftragsfertigung Kontaktm\u00f6glichkeiten im Bereich Fertigungs- und Montagedienstleistungen.\u00a0 Kontakt aufnehmen Dichtheitspr\u00fcfung Kontaktm\u00f6glichkeiten im Bereich Dichtheitspr\u00fcftechnik.\u00a0 Kontakt aufnehmen Thermomanagement Kontaktm\u00f6glichkeiten im Bereich Fertigungstechnik f\u00fcr W\u00e4rmetauscher. Kontakt aufnehmen Human Resources Auf der Suche nach einer neuen Herausforderung? Wir freuen [&hellip;]\" \/>\n<meta property=\"og:url\" content=\"https:\/\/www.zeltwanger.de\/de\/kontaktanfrage\/\" \/>\n<meta property=\"og:site_name\" content=\"ZELTWANGER\" \/>\n<meta property=\"article:publisher\" content=\"https:\/\/www.facebook.com\/zeltwanger.karriere\/\" \/>\n<meta property=\"article:modified_time\" content=\"2025-11-18T11:01:32+00:00\" \/>\n<meta name=\"twitter:card\" content=\"summary_large_image\" \/>\n<meta name=\"twitter:label1\" content=\"Gesch\u00e4tzte Lesezeit\" \/>\n\t<meta name=\"twitter:data1\" content=\"2\u00a0Minuten\" \/>\n<script type=\"application\/ld+json\" class=\"yoast-schema-graph\">{\"@context\":\"https:\\\/\\\/schema.org\",\"@graph\":[{\"@type\":\"WebPage\",\"@id\":\"https:\\\/\\\/www.zeltwanger.de\\\/de\\\/kontaktanfrage\\\/\",\"url\":\"https:\\\/\\\/www.zeltwanger.de\\\/de\\\/kontaktanfrage\\\/\",\"name\":\"Kontakt \u2013 ZELTWANGER Gruppe\",\"isPartOf\":{\"@id\":\"https:\\\/\\\/www.zeltwanger.de\\\/de\\\/#website\"},\"datePublished\":\"2023-01-16T12:52:16+00:00\",\"dateModified\":\"2025-11-18T11:01:32+00:00\",\"breadcrumb\":{\"@id\":\"https:\\\/\\\/www.zeltwanger.de\\\/de\\\/kontaktanfrage\\\/#breadcrumb\"},\"inLanguage\":\"de\",\"potentialAction\":[{\"@type\":\"ReadAction\",\"target\":[\"https:\\\/\\\/www.zeltwanger.de\\\/de\\\/kontaktanfrage\\\/\"]}]},{\"@type\":\"BreadcrumbList\",\"@id\":\"https:\\\/\\\/www.zeltwanger.de\\\/de\\\/kontaktanfrage\\\/#breadcrumb\",\"itemListElement\":[{\"@type\":\"ListItem\",\"position\":1,\"name\":\"Home\",\"item\":\"https:\\\/\\\/www.zeltwanger.de\\\/de\\\/\"},{\"@type\":\"ListItem\",\"position\":2,\"name\":\"Kontaktanfrage\"}]},{\"@type\":\"WebSite\",\"@id\":\"https:\\\/\\\/www.zeltwanger.de\\\/de\\\/#website\",\"url\":\"https:\\\/\\\/www.zeltwanger.de\\\/de\\\/\",\"name\":\"ZELTWANGER\",\"description\":\"Innovation aus Freude an Technik\",\"publisher\":{\"@id\":\"https:\\\/\\\/www.zeltwanger.de\\\/de\\\/#organization\"},\"potentialAction\":[{\"@type\":\"SearchAction\",\"target\":{\"@type\":\"EntryPoint\",\"urlTemplate\":\"https:\\\/\\\/www.zeltwanger.de\\\/de\\\/?s={search_term_string}\"},\"query-input\":{\"@type\":\"PropertyValueSpecification\",\"valueRequired\":true,\"valueName\":\"search_term_string\"}}],\"inLanguage\":\"de\"},{\"@type\":\"Organization\",\"@id\":\"https:\\\/\\\/www.zeltwanger.de\\\/de\\\/#organization\",\"name\":\"ZELTWANGER\",\"url\":\"https:\\\/\\\/www.zeltwanger.de\\\/de\\\/\",\"logo\":{\"@type\":\"ImageObject\",\"inLanguage\":\"de\",\"@id\":\"https:\\\/\\\/www.zeltwanger.de\\\/de\\\/#\\\/schema\\\/logo\\\/image\\\/\",\"url\":\"https:\\\/\\\/www.zeltwanger.de\\\/app\\\/uploads\\\/2024\\\/03\\\/ZELTWANGER-Maennchen_nebeneinander_RGB_Screen_quadratisch_klein-e1710331495893.jpg\",\"contentUrl\":\"https:\\\/\\\/www.zeltwanger.de\\\/app\\\/uploads\\\/2024\\\/03\\\/ZELTWANGER-Maennchen_nebeneinander_RGB_Screen_quadratisch_klein-e1710331495893.jpg\",\"width\":144,\"height\":144,\"caption\":\"ZELTWANGER\"},\"image\":{\"@id\":\"https:\\\/\\\/www.zeltwanger.de\\\/de\\\/#\\\/schema\\\/logo\\\/image\\\/\"},\"sameAs\":[\"https:\\\/\\\/www.facebook.com\\\/zeltwanger.karriere\\\/\",\"https:\\\/\\\/www.linkedin.com\\\/company\\\/11844117\\\/\"]}]}<\/script>\n<!-- \/ Yoast SEO plugin. -->","yoast_head_json":{"title":"Kontakt \u2013 ZELTWANGER Gruppe","robots":{"index":"index","follow":"follow","max-snippet":"max-snippet:-1","max-image-preview":"max-image-preview:large","max-video-preview":"max-video-preview:-1"},"canonical":"https:\/\/www.zeltwanger.de\/de\/kontaktanfrage\/","og_locale":"de_DE","og_type":"article","og_title":"Kontakt \u2013 ZELTWANGER Gruppe","og_description":"Kontaktm\u00f6glichkeiten Kontaktieren Sie uns Hier finden Sie f\u00fcr jedes Anliegen die richtigen Ansprechpartner. Wir freuen uns auf Ihre Nachricht. Auftragsfertigung Kontaktm\u00f6glichkeiten im Bereich Fertigungs- und Montagedienstleistungen.\u00a0 Kontakt aufnehmen Dichtheitspr\u00fcfung Kontaktm\u00f6glichkeiten im Bereich Dichtheitspr\u00fcftechnik.\u00a0 Kontakt aufnehmen Thermomanagement Kontaktm\u00f6glichkeiten im Bereich Fertigungstechnik f\u00fcr W\u00e4rmetauscher. Kontakt aufnehmen Human Resources Auf der Suche nach einer neuen Herausforderung? Wir freuen [&hellip;]","og_url":"https:\/\/www.zeltwanger.de\/de\/kontaktanfrage\/","og_site_name":"ZELTWANGER","article_publisher":"https:\/\/www.facebook.com\/zeltwanger.karriere\/","article_modified_time":"2025-11-18T11:01:32+00:00","twitter_card":"summary_large_image","twitter_misc":{"Gesch\u00e4tzte Lesezeit":"2\u00a0Minuten"},"schema":{"@context":"https:\/\/schema.org","@graph":[{"@type":"WebPage","@id":"https:\/\/www.zeltwanger.de\/de\/kontaktanfrage\/","url":"https:\/\/www.zeltwanger.de\/de\/kontaktanfrage\/","name":"Kontakt \u2013 ZELTWANGER Gruppe","isPartOf":{"@id":"https:\/\/www.zeltwanger.de\/de\/#website"},"datePublished":"2023-01-16T12:52:16+00:00","dateModified":"2025-11-18T11:01:32+00:00","breadcrumb":{"@id":"https:\/\/www.zeltwanger.de\/de\/kontaktanfrage\/#breadcrumb"},"inLanguage":"de","potentialAction":[{"@type":"ReadAction","target":["https:\/\/www.zeltwanger.de\/de\/kontaktanfrage\/"]}]},{"@type":"BreadcrumbList","@id":"https:\/\/www.zeltwanger.de\/de\/kontaktanfrage\/#breadcrumb","itemListElement":[{"@type":"ListItem","position":1,"name":"Home","item":"https:\/\/www.zeltwanger.de\/de\/"},{"@type":"ListItem","position":2,"name":"Kontaktanfrage"}]},{"@type":"WebSite","@id":"https:\/\/www.zeltwanger.de\/de\/#website","url":"https:\/\/www.zeltwanger.de\/de\/","name":"ZELTWANGER","description":"Innovation aus Freude an Technik","publisher":{"@id":"https:\/\/www.zeltwanger.de\/de\/#organization"},"potentialAction":[{"@type":"SearchAction","target":{"@type":"EntryPoint","urlTemplate":"https:\/\/www.zeltwanger.de\/de\/?s={search_term_string}"},"query-input":{"@type":"PropertyValueSpecification","valueRequired":true,"valueName":"search_term_string"}}],"inLanguage":"de"},{"@type":"Organization","@id":"https:\/\/www.zeltwanger.de\/de\/#organization","name":"ZELTWANGER","url":"https:\/\/www.zeltwanger.de\/de\/","logo":{"@type":"ImageObject","inLanguage":"de","@id":"https:\/\/www.zeltwanger.de\/de\/#\/schema\/logo\/image\/","url":"https:\/\/www.zeltwanger.de\/app\/uploads\/2024\/03\/ZELTWANGER-Maennchen_nebeneinander_RGB_Screen_quadratisch_klein-e1710331495893.jpg","contentUrl":"https:\/\/www.zeltwanger.de\/app\/uploads\/2024\/03\/ZELTWANGER-Maennchen_nebeneinander_RGB_Screen_quadratisch_klein-e1710331495893.jpg","width":144,"height":144,"caption":"ZELTWANGER"},"image":{"@id":"https:\/\/www.zeltwanger.de\/de\/#\/schema\/logo\/image\/"},"sameAs":["https:\/\/www.facebook.com\/zeltwanger.karriere\/","https:\/\/www.linkedin.com\/company\/11844117\/"]}]}},"_links":{"self":[{"href":"https:\/\/www.zeltwanger.de\/de\/wp-json\/wp\/v2\/pages\/22144","targetHints":{"allow":["GET"]}}],"collection":[{"href":"https:\/\/www.zeltwanger.de\/de\/wp-json\/wp\/v2\/pages"}],"about":[{"href":"https:\/\/www.zeltwanger.de\/de\/wp-json\/wp\/v2\/types\/page"}],"author":[{"embeddable":true,"href":"https:\/\/www.zeltwanger.de\/de\/wp-json\/wp\/v2\/users\/21"}],"replies":[{"embeddable":true,"href":"https:\/\/www.zeltwanger.de\/de\/wp-json\/wp\/v2\/comments?post=22144"}],"version-history":[{"count":58,"href":"https:\/\/www.zeltwanger.de\/de\/wp-json\/wp\/v2\/pages\/22144\/revisions"}],"predecessor-version":[{"id":31034,"href":"https:\/\/www.zeltwanger.de\/de\/wp-json\/wp\/v2\/pages\/22144\/revisions\/31034"}],"wp:attachment":[{"href":"https:\/\/www.zeltwanger.de\/de\/wp-json\/wp\/v2\/media?parent=22144"}],"curies":[{"name":"wp","href":"https:\/\/api.w.org\/{rel}","templated":true}]}}