{"id":2128,"date":"2020-01-23T15:50:07","date_gmt":"2020-01-23T14:50:07","guid":{"rendered":"https:\/\/www.zeltwanger.de\/?page_id=2128"},"modified":"2025-09-11T14:52:27","modified_gmt":"2025-09-11T12:52:27","slug":"initiativbewerbung","status":"publish","type":"page","link":"https:\/\/www.zeltwanger.de\/de\/unternehmen\/karriere\/stellenangebote\/initiativbewerbung\/","title":{"rendered":"Initiativbewerbung"},"content":{"rendered":"<h1>\n<p>Initiativbewerbungen<\/p>\n<\/h1>\n<h2>\n<p>Ergreifen Sie die Initiative!<\/p>\n<\/h2>\n<div>\n<p>Wir sind immer auf der Suche nach Talenten sowie erfahrenen Fach- und F\u00fchrungskr\u00e4ften, die eine neue Herausforderung suchen. <\/p>\n<\/div>\n<div>\n<p>Auch wenn momentan keine entsprechenden Stellen ausgeschrieben sind, freuen wir uns, wenn Sie uns mit einer passenden und vollst\u00e4ndigen Bewerbung \u00fcber unser Online-Portal begeistern.<\/p>\n<p>Eine Eingangsbest\u00e4tigung senden wir Ihnen per E-Mail zu.<\/p>\n<\/div>\n<p>\n    <a href=\"https:\/\/job.zeltwanger.de\/de\/jobposting\/7820b4bc11a9c6265fc76a5b7d562c4a5eea0ce20\/apply?ref=homepage\">Bewerben Sie sich hier<\/a>\n<\/p>\n<h2>Noch Fragen?<\/h2>\n<div>\n<p>Ihre Ansprechpartner sind gerne f\u00fcr Sie da:<\/p>\n<\/div>\n<div>\n<h1><\/h1>\n<p>Option: <\/p>\n<\/div>\n<h3>ERFAHREN SIE MEHR dar\u00fcber, was arbeiten bei uns bedeutet<\/h3>\n<h2>Stellenangebote<\/h2>\n<div>\n<p><a href=\"https:\/\/www.zeltwanger.de\/de\/unternehmen\/karriere\/stellenangebote\/\">Alle freien Stellen im \u00dcberblick<\/a><\/p>\n<\/div>\n<h2>Arbeiten bei Zeltwanger<\/h2>\n<div>\n<p>Freude an Technik, Interesse an neuen Ideen, ein respektvolles Miteinander \u2013<\/p>\n<\/div>\n<div>\n<p><a href=\"https:\/\/www.zeltwanger.de\/de\/unternehmen\/karriere\/arbeiten-bei-zeltwanger\/\">Darauf kommt es uns an<\/a><\/p>\n<\/div>\n<h2>Fach- und F\u00fchrungskr\u00e4fte<\/h2>\n<div>\n<p>Was erwartet Sie bei uns als Fach- und F\u00fchrungskraft? <\/p>\n<\/div>\n<div>\n<p><a href=\"https:\/\/www.zeltwanger.de\/de\/unternehmen\/karriere\/fach-und-fuehrungskraefte\/\">Erfahren Sie mehr dar\u00fcber<\/a><\/p>\n<\/div>\n<p><!--more--><br \/>\n<!-- {\"children\":[{\"type\":\"section\",\"props\":{\"class\":\"highlight-section\",\"image_position\":\"center-center\",\"padding\":\"xlarge\",\"style\":\"default\",\"title_breakpoint\":\"xl\",\"title_position\":\"top-left\",\"title_rotation\":\"left\",\"vertical_align\":\"middle\",\"width\":\"small\"},\"children\":[{\"type\":\"row\",\"props\":{\"width\":\"small\"},\"children\":[{\"type\":\"column\",\"props\":{\"image_position\":\"center-center\",\"media_overlay_gradient\":\"\",\"position_sticky_breakpoint\":\"m\",\"text_color\":\"light\",\"width_medium\":\"1-1\"},\"children\":[{\"type\":\"headline\",\"props\":{\"content\":\"\n\n<p>Initiativbewerbungen<\\\/p>\",\"text_align\":\"center\",\"title_element\":\"h1\",\"title_style\":\"heading-small\"}},{\"type\":\"headline\",\"props\":{\"content\":\"\n\n<p>Ergreifen Sie die Initiative!<\\\/p>\",\"margin\":\"medium\",\"margin_remove_top\":true,\"text_align\":\"center\",\"title_element\":\"h2\",\"title_style\":\"heading-large\"}},{\"type\":\"text\",\"props\":{\"block_align\":\"center\",\"column_breakpoint\":\"m\",\"content\":\"\n\n<p>Wir sind immer auf der Suche nach Talenten sowie erfahrenen Fach- und F\\u00fchrungskr\\u00e4ften, die eine neue Herausforderung suchen. <\\\/p>\",\"margin\":\"default\",\"maxwidth\":\"2xlarge\",\"text_align\":\"center\"}}]}]}],\"name\":\"Intro Text blauer Hintergrund\"},{\"type\":\"section\",\"props\":{\"image_position\":\"center-center\",\"padding_remove_bottom\":true,\"style\":\"default\",\"title_breakpoint\":\"xl\",\"title_position\":\"top-left\",\"title_rotation\":\"left\",\"vertical_align\":\"middle\",\"width\":\"small\"},\"children\":[{\"type\":\"row\",\"children\":[{\"type\":\"column\",\"props\":{\"image_position\":\"center-center\",\"media_overlay_gradient\":\"\",\"position_sticky_breakpoint\":\"m\",\"width_medium\":\"1-1\"},\"children\":[{\"type\":\"text\",\"props\":{\"column_breakpoint\":\"m\",\"content\":\"\n\n<p>Auch wenn momentan keine entsprechenden Stellen ausgeschrieben sind, freuen wir uns, wenn Sie uns mit einer passenden und vollst\\u00e4ndigen Bewerbung \\u00fcber unser Online-Portal begeistern.<\\\/p>\\n\n\n<p>Eine Eingangsbest\\u00e4tigung senden wir Ihnen per E-Mail zu.<\\\/p>\",\"margin\":\"default\",\"text_align\":\"center\"}},{\"type\":\"button\",\"props\":{\"grid_column_gap\":\"small\",\"grid_row_gap\":\"small\",\"margin\":\"default\",\"text_align\":\"center\"},\"children\":[{\"type\":\"button_item\",\"props\":{\"button_style\":\"primary\",\"content\":\"Bewerben Sie sich hier\",\"icon_align\":\"left\",\"link\":\"https:\\\/\\\/job.zeltwanger.de\\\/de\\\/jobposting\\\/7820b4bc11a9c6265fc76a5b7d562c4a5eea0ce20\\\/apply?ref=homepage\",\"link_target\":\"blank\",\"link_title\":\"Link zur Stellenangebotsseite Initiativbewerbung\"}}]}]}]}],\"name\":\"Block mit sekund\\u00e4rer \\u00dcberschrift\"},{\"type\":\"section\",\"props\":{\"css\":\" .el-section .uk-container-small {\\n    background-color: #003c8e;\\n}\\n\\n.el-section .uk-container {\\n     max-width: 780px;\\n}\\n\\n.el-section .uk-container {\\n     padding: 40px;\\n}\\n\",\"image_position\":\"center-center\",\"padding_remove_bottom\":true,\"padding_remove_top\":false,\"style\":\"default\",\"title_breakpoint\":\"xl\",\"title_position\":\"top-left\",\"title_rotation\":\"left\",\"vertical_align\":\"middle\",\"width\":\"small\"},\"children\":[{\"type\":\"row\",\"props\":{\"margin\":\"medium\",\"margin_remove_bottom\":false},\"children\":[{\"type\":\"column\",\"props\":{\"image_position\":\"center-center\",\"media_overlay_gradient\":\"\",\"position_sticky_breakpoint\":\"m\",\"text_color\":\"light\",\"width_medium\":\"1-1\"},\"children\":[{\"type\":\"headline\",\"props\":{\"content\":\"Noch Fragen?\",\"margin\":\"medium\",\"margin_remove_bottom\":false,\"text_align\":\"center\",\"title_element\":\"h2\",\"title_style\":\"heading-medium\"}},{\"type\":\"text\",\"props\":{\"column_breakpoint\":\"m\",\"content\":\"\n\n<p>Ihre Ansprechpartner sind gerne f\\u00fcr Sie da:<\\\/p>\",\"margin\":\"default\"}},{\"type\":\"contacts\",\"props\":{\"content_title\":\"Klingt interessant?\",\"flyout_button_text\":\"Kontaktieren Sie uns\",\"parent\":\"contacts\",\"show_content_title\":true,\"show_image\":true},\"children\":[{\"type\":\"flyout_item\",\"props\":{\"name_text\":\"22461\",\"post_id\":22461}},{\"type\":\"flyout_item\",\"props\":{\"name_text\":\"22457\",\"post_id\":22457}}]}]}]}],\"name\":\"Ansprechperson blaue Kachel Karriere\"},{\"type\":\"section\",\"props\":{\"image_position\":\"center-center\",\"padding_remove_top\":false,\"style\":\"default\",\"title_breakpoint\":\"xl\",\"title_position\":\"top-left\",\"title_rotation\":\"left\",\"vertical_align\":\"middle\",\"width\":\"small\"},\"children\":[{\"type\":\"row\",\"props\":{\"margin\":\"medium\"},\"children\":[{\"type\":\"column\",\"props\":{\"image_position\":\"center-center\",\"media_overlay_gradient\":\"\",\"position_sticky_breakpoint\":\"m\",\"width_medium\":\"1-1\"},\"children\":[{\"type\":\"headline\",\"props\":{\"content\":\"ERFAHREN SIE MEHR dar\\u00fcber, was arbeiten bei uns bedeutet\",\"title_element\":\"h3\",\"title_style\":\"heading-medium\"}}]}]},{\"type\":\"row\",\"props\":{\"column_gap\":\"collapse\",\"layout\":\"1-2,1-2\",\"margin\":\"small\",\"row_gap\":\"collapse\"},\"children\":[{\"type\":\"column\",\"props\":{\"image_position\":\"center-center\",\"media_overlay_gradient\":\"\",\"position_sticky_breakpoint\":\"m\",\"style\":\"secondary\",\"vertical_align\":\"middle\",\"width_small\":\"1-2\"},\"children\":[{\"type\":\"headline\",\"props\":{\"content\":\"Stellenangebote\",\"position\":\"relative\",\"title_element\":\"h2\",\"title_style\":\"heading-medium\"}}]},{\"type\":\"column\",\"props\":{\"image_position\":\"center-center\",\"media_overlay_gradient\":\"\",\"position_sticky_breakpoint\":\"m\",\"style\":\"secondary\",\"vertical_align\":\"middle\",\"width_small\":\"1-2\"},\"children\":[{\"type\":\"text\",\"props\":{\"column_breakpoint\":\"m\",\"content\":\"\n\n<p><a href=\\\"https:\\\/\\\/www.zeltwanger.de\\\/de\\\/unternehmen\\\/karriere\\\/stellenangebote\\\/\\\">Alle freien Stellen im \\u00dcberblick<\\\/a><\\\/p>\",\"css\":\".el-element p {\\n\\tmargin-bottom: 0;\\n}\",\"margin\":\"default\",\"position_right\":\"0\",\"position_top\":\"20px\",\"text_align\":\"right\",\"text_align_breakpoint\":\"s\"}}]}]},{\"type\":\"row\",\"props\":{\"layout\":\"1-2,1-2\"},\"children\":[{\"type\":\"column\",\"props\":{\"image_position\":\"center-center\",\"media_overlay_gradient\":\"\",\"position_sticky_breakpoint\":\"m\",\"style\":\"secondary\",\"width_medium\":\"1-2\"},\"children\":[{\"type\":\"headline\",\"props\":{\"content\":\"Arbeiten bei Zeltwanger\",\"title_element\":\"h2\",\"title_style\":\"heading-medium\"}},{\"type\":\"text\",\"props\":{\"column_breakpoint\":\"m\",\"content\":\"\n\n<p>Freude an Technik, Interesse an neuen Ideen, ein respektvolles Miteinander \\u2013<\\\/p>\",\"margin\":\"default\"}},{\"type\":\"text\",\"props\":{\"column_breakpoint\":\"m\",\"content\":\"\n\n<p><a href=\\\"https:\\\/\\\/www.zeltwanger.de\\\/de\\\/unternehmen\\\/karriere\\\/arbeiten-bei-zeltwanger\\\/\\\">Darauf kommt es uns an<\\\/a><\\\/p>\",\"margin\":\"default\"},\"name\":\"Link\"}]},{\"type\":\"column\",\"props\":{\"image_position\":\"center-center\",\"media_overlay_gradient\":\"\",\"position_sticky_breakpoint\":\"m\",\"style\":\"secondary\",\"width_medium\":\"1-2\"},\"children\":[{\"type\":\"headline\",\"props\":{\"content\":\"Fach- und F\\u00fchrungskr\\u00e4fte\",\"title_element\":\"h2\",\"title_style\":\"heading-medium\"}},{\"type\":\"text\",\"props\":{\"column_breakpoint\":\"m\",\"content\":\"\n\n<p>Was erwartet Sie bei uns als Fach- und F\\u00fchrungskraft? <\\\/p>\",\"margin\":\"default\"}},{\"type\":\"text\",\"props\":{\"column_breakpoint\":\"m\",\"content\":\"\n\n<p><a href=\\\"https:\\\/\\\/www.zeltwanger.de\\\/de\\\/unternehmen\\\/karriere\\\/fach-und-fuehrungskraefte\\\/\\\">Erfahren Sie mehr dar\\u00fcber<\\\/a><\\\/p>\",\"margin\":\"default\"},\"name\":\"Link\"}]}]}],\"name\":\"CTA Graue Kacheln\"}],\"version\":\"3.0.20\",\"type\":\"layout\"} --><\/p>\n","protected":false},"excerpt":{"rendered":"<p>Initiativbewerbungen Ergreifen Sie die Initiative! Wir sind immer auf der Suche nach Talenten sowie erfahrenen Fach- und F\u00fchrungskr\u00e4ften, die eine neue Herausforderung suchen. Auch wenn momentan keine entsprechenden Stellen ausgeschrieben sind, freuen wir uns, wenn Sie uns mit einer passenden und vollst\u00e4ndigen Bewerbung \u00fcber unser Online-Portal begeistern. Eine Eingangsbest\u00e4tigung senden wir Ihnen per E-Mail zu. [&hellip;]<\/p>\n","protected":false},"author":9,"featured_media":0,"parent":862,"menu_order":0,"comment_status":"closed","ping_status":"closed","template":"","meta":{"_acf_changed":false,"footnotes":""},"class_list":["post-2128","page","type-page","status-publish","hentry"],"acf":[],"yoast_head":"<!-- This site is optimized with the Yoast SEO plugin v26.9 - https:\/\/yoast.com\/product\/yoast-seo-wordpress\/ -->\n<title>Initiativbewerbung bei ZELTWANGER | Fachkr\u00e4fte &amp; Talente<\/title>\n<meta name=\"description\" content=\"Wir sind immer auf der Suche nach motivierten &amp; qualifizierten Fachkr\u00e4ften | Jetzt initiativ bewerben &amp; bei ZELTWANGER einsteigen.\" \/>\n<meta name=\"robots\" content=\"index, follow, max-snippet:-1, max-image-preview:large, max-video-preview:-1\" \/>\n<link rel=\"canonical\" href=\"https:\/\/www.zeltwanger.de\/de\/unternehmen\/karriere\/stellenangebote\/initiativbewerbung\/\" \/>\n<meta property=\"og:locale\" content=\"de_DE\" \/>\n<meta property=\"og:type\" content=\"article\" \/>\n<meta property=\"og:title\" content=\"Initiativbewerbung bei ZELTWANGER | Fachkr\u00e4fte &amp; Talente\" \/>\n<meta property=\"og:description\" content=\"Wir sind immer auf der Suche nach motivierten &amp; qualifizierten Fachkr\u00e4ften | Jetzt initiativ bewerben &amp; bei ZELTWANGER einsteigen.\" \/>\n<meta property=\"og:url\" content=\"https:\/\/www.zeltwanger.de\/de\/unternehmen\/karriere\/stellenangebote\/initiativbewerbung\/\" \/>\n<meta property=\"og:site_name\" content=\"ZELTWANGER\" \/>\n<meta property=\"article:publisher\" content=\"https:\/\/www.facebook.com\/zeltwanger.karriere\/\" \/>\n<meta property=\"article:modified_time\" content=\"2025-09-11T12:52:27+00:00\" \/>\n<meta name=\"twitter:card\" content=\"summary_large_image\" \/>\n<meta name=\"twitter:label1\" content=\"Gesch\u00e4tzte Lesezeit\" \/>\n\t<meta name=\"twitter:data1\" content=\"1\u00a0Minute\" \/>\n<script type=\"application\/ld+json\" class=\"yoast-schema-graph\">{\"@context\":\"https:\/\/schema.org\",\"@graph\":[{\"@type\":\"WebPage\",\"@id\":\"https:\/\/www.zeltwanger.de\/de\/unternehmen\/karriere\/stellenangebote\/initiativbewerbung\/\",\"url\":\"https:\/\/www.zeltwanger.de\/de\/unternehmen\/karriere\/stellenangebote\/initiativbewerbung\/\",\"name\":\"Initiativbewerbung bei ZELTWANGER | Fachkr\u00e4fte & Talente\",\"isPartOf\":{\"@id\":\"https:\/\/www.zeltwanger.de\/de\/#website\"},\"datePublished\":\"2020-01-23T14:50:07+00:00\",\"dateModified\":\"2025-09-11T12:52:27+00:00\",\"description\":\"Wir sind immer auf der Suche nach motivierten & qualifizierten Fachkr\u00e4ften | Jetzt initiativ bewerben & bei ZELTWANGER einsteigen.\",\"breadcrumb\":{\"@id\":\"https:\/\/www.zeltwanger.de\/de\/unternehmen\/karriere\/stellenangebote\/initiativbewerbung\/#breadcrumb\"},\"inLanguage\":\"de\",\"potentialAction\":[{\"@type\":\"ReadAction\",\"target\":[\"https:\/\/www.zeltwanger.de\/de\/unternehmen\/karriere\/stellenangebote\/initiativbewerbung\/\"]}]},{\"@type\":\"BreadcrumbList\",\"@id\":\"https:\/\/www.zeltwanger.de\/de\/unternehmen\/karriere\/stellenangebote\/initiativbewerbung\/#breadcrumb\",\"itemListElement\":[{\"@type\":\"ListItem\",\"position\":1,\"name\":\"Home\",\"item\":\"https:\/\/www.zeltwanger.de\/de\/\"},{\"@type\":\"ListItem\",\"position\":2,\"name\":\"Unternehmen\",\"item\":\"https:\/\/www.zeltwanger.de\/de\/unternehmen\/\"},{\"@type\":\"ListItem\",\"position\":3,\"name\":\"Karriere\",\"item\":\"https:\/\/www.zeltwanger.de\/de\/unternehmen\/karriere\/\"},{\"@type\":\"ListItem\",\"position\":4,\"name\":\"Stellenangebote\",\"item\":\"https:\/\/www.zeltwanger.de\/de\/unternehmen\/karriere\/stellenangebote\/\"},{\"@type\":\"ListItem\",\"position\":5,\"name\":\"Initiativbewerbung\"}]},{\"@type\":\"WebSite\",\"@id\":\"https:\/\/www.zeltwanger.de\/de\/#website\",\"url\":\"https:\/\/www.zeltwanger.de\/de\/\",\"name\":\"ZELTWANGER\",\"description\":\"Innovation aus Freude an Technik\",\"publisher\":{\"@id\":\"https:\/\/www.zeltwanger.de\/de\/#organization\"},\"potentialAction\":[{\"@type\":\"SearchAction\",\"target\":{\"@type\":\"EntryPoint\",\"urlTemplate\":\"https:\/\/www.zeltwanger.de\/de\/?s={search_term_string}\"},\"query-input\":{\"@type\":\"PropertyValueSpecification\",\"valueRequired\":true,\"valueName\":\"search_term_string\"}}],\"inLanguage\":\"de\"},{\"@type\":\"Organization\",\"@id\":\"https:\/\/www.zeltwanger.de\/de\/#organization\",\"name\":\"ZELTWANGER\",\"url\":\"https:\/\/www.zeltwanger.de\/de\/\",\"logo\":{\"@type\":\"ImageObject\",\"inLanguage\":\"de\",\"@id\":\"https:\/\/www.zeltwanger.de\/de\/#\/schema\/logo\/image\/\",\"url\":\"https:\/\/www.zeltwanger.de\/app\/uploads\/2024\/03\/ZELTWANGER-Maennchen_nebeneinander_RGB_Screen_quadratisch_klein-e1710331495893.jpg\",\"contentUrl\":\"https:\/\/www.zeltwanger.de\/app\/uploads\/2024\/03\/ZELTWANGER-Maennchen_nebeneinander_RGB_Screen_quadratisch_klein-e1710331495893.jpg\",\"width\":144,\"height\":144,\"caption\":\"ZELTWANGER\"},\"image\":{\"@id\":\"https:\/\/www.zeltwanger.de\/de\/#\/schema\/logo\/image\/\"},\"sameAs\":[\"https:\/\/www.facebook.com\/zeltwanger.karriere\/\",\"https:\/\/www.linkedin.com\/company\/11844117\/\"]}]}<\/script>\n<!-- \/ Yoast SEO plugin. -->","yoast_head_json":{"title":"Initiativbewerbung bei ZELTWANGER | Fachkr\u00e4fte & Talente","description":"Wir sind immer auf der Suche nach motivierten & qualifizierten Fachkr\u00e4ften | Jetzt initiativ bewerben & bei ZELTWANGER einsteigen.","robots":{"index":"index","follow":"follow","max-snippet":"max-snippet:-1","max-image-preview":"max-image-preview:large","max-video-preview":"max-video-preview:-1"},"canonical":"https:\/\/www.zeltwanger.de\/de\/unternehmen\/karriere\/stellenangebote\/initiativbewerbung\/","og_locale":"de_DE","og_type":"article","og_title":"Initiativbewerbung bei ZELTWANGER | Fachkr\u00e4fte & Talente","og_description":"Wir sind immer auf der Suche nach motivierten & qualifizierten Fachkr\u00e4ften | Jetzt initiativ bewerben & bei ZELTWANGER einsteigen.","og_url":"https:\/\/www.zeltwanger.de\/de\/unternehmen\/karriere\/stellenangebote\/initiativbewerbung\/","og_site_name":"ZELTWANGER","article_publisher":"https:\/\/www.facebook.com\/zeltwanger.karriere\/","article_modified_time":"2025-09-11T12:52:27+00:00","twitter_card":"summary_large_image","twitter_misc":{"Gesch\u00e4tzte Lesezeit":"1\u00a0Minute"},"schema":{"@context":"https:\/\/schema.org","@graph":[{"@type":"WebPage","@id":"https:\/\/www.zeltwanger.de\/de\/unternehmen\/karriere\/stellenangebote\/initiativbewerbung\/","url":"https:\/\/www.zeltwanger.de\/de\/unternehmen\/karriere\/stellenangebote\/initiativbewerbung\/","name":"Initiativbewerbung bei ZELTWANGER | Fachkr\u00e4fte & Talente","isPartOf":{"@id":"https:\/\/www.zeltwanger.de\/de\/#website"},"datePublished":"2020-01-23T14:50:07+00:00","dateModified":"2025-09-11T12:52:27+00:00","description":"Wir sind immer auf der Suche nach motivierten & qualifizierten Fachkr\u00e4ften | Jetzt initiativ bewerben & bei ZELTWANGER einsteigen.","breadcrumb":{"@id":"https:\/\/www.zeltwanger.de\/de\/unternehmen\/karriere\/stellenangebote\/initiativbewerbung\/#breadcrumb"},"inLanguage":"de","potentialAction":[{"@type":"ReadAction","target":["https:\/\/www.zeltwanger.de\/de\/unternehmen\/karriere\/stellenangebote\/initiativbewerbung\/"]}]},{"@type":"BreadcrumbList","@id":"https:\/\/www.zeltwanger.de\/de\/unternehmen\/karriere\/stellenangebote\/initiativbewerbung\/#breadcrumb","itemListElement":[{"@type":"ListItem","position":1,"name":"Home","item":"https:\/\/www.zeltwanger.de\/de\/"},{"@type":"ListItem","position":2,"name":"Unternehmen","item":"https:\/\/www.zeltwanger.de\/de\/unternehmen\/"},{"@type":"ListItem","position":3,"name":"Karriere","item":"https:\/\/www.zeltwanger.de\/de\/unternehmen\/karriere\/"},{"@type":"ListItem","position":4,"name":"Stellenangebote","item":"https:\/\/www.zeltwanger.de\/de\/unternehmen\/karriere\/stellenangebote\/"},{"@type":"ListItem","position":5,"name":"Initiativbewerbung"}]},{"@type":"WebSite","@id":"https:\/\/www.zeltwanger.de\/de\/#website","url":"https:\/\/www.zeltwanger.de\/de\/","name":"ZELTWANGER","description":"Innovation aus Freude an Technik","publisher":{"@id":"https:\/\/www.zeltwanger.de\/de\/#organization"},"potentialAction":[{"@type":"SearchAction","target":{"@type":"EntryPoint","urlTemplate":"https:\/\/www.zeltwanger.de\/de\/?s={search_term_string}"},"query-input":{"@type":"PropertyValueSpecification","valueRequired":true,"valueName":"search_term_string"}}],"inLanguage":"de"},{"@type":"Organization","@id":"https:\/\/www.zeltwanger.de\/de\/#organization","name":"ZELTWANGER","url":"https:\/\/www.zeltwanger.de\/de\/","logo":{"@type":"ImageObject","inLanguage":"de","@id":"https:\/\/www.zeltwanger.de\/de\/#\/schema\/logo\/image\/","url":"https:\/\/www.zeltwanger.de\/app\/uploads\/2024\/03\/ZELTWANGER-Maennchen_nebeneinander_RGB_Screen_quadratisch_klein-e1710331495893.jpg","contentUrl":"https:\/\/www.zeltwanger.de\/app\/uploads\/2024\/03\/ZELTWANGER-Maennchen_nebeneinander_RGB_Screen_quadratisch_klein-e1710331495893.jpg","width":144,"height":144,"caption":"ZELTWANGER"},"image":{"@id":"https:\/\/www.zeltwanger.de\/de\/#\/schema\/logo\/image\/"},"sameAs":["https:\/\/www.facebook.com\/zeltwanger.karriere\/","https:\/\/www.linkedin.com\/company\/11844117\/"]}]}},"_links":{"self":[{"href":"https:\/\/www.zeltwanger.de\/de\/wp-json\/wp\/v2\/pages\/2128","targetHints":{"allow":["GET"]}}],"collection":[{"href":"https:\/\/www.zeltwanger.de\/de\/wp-json\/wp\/v2\/pages"}],"about":[{"href":"https:\/\/www.zeltwanger.de\/de\/wp-json\/wp\/v2\/types\/page"}],"author":[{"embeddable":true,"href":"https:\/\/www.zeltwanger.de\/de\/wp-json\/wp\/v2\/users\/9"}],"replies":[{"embeddable":true,"href":"https:\/\/www.zeltwanger.de\/de\/wp-json\/wp\/v2\/comments?post=2128"}],"version-history":[{"count":31,"href":"https:\/\/www.zeltwanger.de\/de\/wp-json\/wp\/v2\/pages\/2128\/revisions"}],"predecessor-version":[{"id":22494,"href":"https:\/\/www.zeltwanger.de\/de\/wp-json\/wp\/v2\/pages\/2128\/revisions\/22494"}],"up":[{"embeddable":true,"href":"https:\/\/www.zeltwanger.de\/de\/wp-json\/wp\/v2\/pages\/862"}],"wp:attachment":[{"href":"https:\/\/www.zeltwanger.de\/de\/wp-json\/wp\/v2\/media?parent=2128"}],"curies":[{"name":"wp","href":"https:\/\/api.w.org\/{rel}","templated":true}]}}