{"id":1524,"date":"2020-01-21T13:21:16","date_gmt":"2020-01-21T12:21:16","guid":{"rendered":"https:\/\/www.zeltwanger.de\/?page_id=1524"},"modified":"2022-01-14T13:10:54","modified_gmt":"2022-01-14T12:10:54","slug":"leitbild","status":"publish","type":"page","link":"https:\/\/www.zeltwanger.de\/de\/unternehmen\/leitbild\/","title":{"rendered":"Leitbild"},"content":{"rendered":"<h1>\n<p>Unser Leitbild bei ZELTWANGER<\/p>\n<\/h1>\n<h1>\n<p>Technik trifft Freude <\/p>\n<\/h1>\n<div>\n<p>ZELTWANGER steht f\u00fcr Kompetenz, Innovation und technische L\u00f6sungen auf h\u00f6chstem Niveau.<\/p>\n<p>M\u00f6glich wird dies jedoch nur durch eine konsequent gelebte Unternehmenskultur, die nicht nur die Art und Weise unserer Zusammenarbeit bestimmt, sondern vielmehr der Grund ist, warum die ZELTWANGER-Unternehmensgruppe \u00fcberhaupt existiert.<\/p>\n<\/div>\n<h2>Die Gr\u00fcndervision<\/h2>\n<div>\n<p>Entstanden ist ZELTWANGER aus der \u00dcberzeugung, dass es m\u00f6glich ist, Zusammenarbeit und unternehmerisches Handeln besser zu gestalten. Dies l\u00e4sst sich mit drei Schlagworten beschreiben, die 1982 zur Gr\u00fcndung von ZELTWANGER f\u00fchrten und noch heute der Ma\u00dfstab unternehmerischer Entscheidungen sind: Freude, Freiheit und Harmonie.<\/p>\n<\/div>\n<div>\n<p><strong>Freude ist f\u00fcr uns die Basis<\/strong> erfolgreichen Handelns. Ohne Freude sind Innovation und technologische H\u00f6chstleistungen nicht denkbar. Menschen, die bei ZELTWANGER arbeiten, tun dies aus Leidenschaft und mit Freude.<\/p>\n<\/div>\n<div>\n<p><strong>Freiheit verstehen wir<\/strong> nicht als Fehlen von Regeln, sondern als M\u00f6glichkeit f\u00fcr jeden Einzelnen, selbst den Weg zum idealen Ergebnis zu bestimmen. Die Grundlagen hierf\u00fcr sind Qualifikation, Zielorientierung und gelebtes Vertrauen in jede einzelne Mitarbeiterin und jeden einzelnen Mitarbeiter.<\/p>\n<\/div>\n<div>\n<p><strong>Harmonie leben wir nach innen<\/strong> genauso wie nach au\u00dfen. Achtung, Respekt, Vertrauen, Offenheit und Ehrlichkeit bestimmen unser Miteinander. Als Unternehmen \u00fcbernehmen wir gesellschaftliche Verantwortung und fertigen nur Dinge, die dem Menschen und der Umwelt nutzen.<\/p>\n<\/div>\n<h2>Unser Leitsatz pr\u00e4gt uns<\/h2>\n<div>\n<p>Auf Basis dieser Gr\u00fcndervision lebt die heutige Unternehmensgruppe ein Leitbild, das sich in einem Satz zusammenfassen l\u00e4sst:<\/p>\n<p><strong>Wir sind Technologie- und Innovationsf\u00fchrer in unseren Branchen, dies erreichen wir durch herausragende Leistungen, gelebte Leidenschaft und die Nutzung bestm\u00f6glicher Synergien.<\/strong><\/p>\n<\/div>\n<h3>Unsere Verantwortung ist gewachsen<\/h3>\n<h2>Historie \u2013 <br \/>Was uns gepr\u00e4gt hat<\/h2>\n<div>\n<p><a href=\"https:\/\/www.zeltwanger.de\/de\/unternehmen\/historie\/\">Zur Unternehmensgeschichte<\/a><\/p>\n<\/div>\n<h2>Wir \u00fcbernehmen <br \/>Verantwortung<\/h2>\n<div>\n<p><a href=\"https:\/\/www.zeltwanger.de\/de\/unternehmen\/verantwortung\/\">Was das bedeutet<\/a><\/p>\n<\/div>\n<h2>Unsere Kunden stehen im Mittelpunkt<\/h2>\n<div>\n<p><a href=\"https:\/\/www.zeltwanger.de\/de\/service\/\">Ansprechpartner &amp; Service<\/a><\/p>\n<\/div>\n<h2>Wir bieten Jobs, die Freude machen<\/h2>\n<div>\n<p><a href=\"https:\/\/www.zeltwanger.de\/de\/unternehmen\/karriere\/\">ZELTWANGER Karriere<\/a><\/p>\n<\/div>\n<div>\n<h1><\/h1>\n<p>Option: <\/p>\n<\/div>\n<p><!--more--><br \/>\n<!-- {\"children\":[{\"type\":\"section\",\"props\":{\"style\":\"default\",\"width\":\"small\",\"vertical_align\":\"middle\",\"title_position\":\"top-left\",\"title_rotation\":\"left\",\"title_breakpoint\":\"xl\",\"image_position\":\"center-center\",\"padding\":\"xlarge\",\"class\":\"highlight-section\"},\"children\":[{\"type\":\"row\",\"props\":{\"width\":\"small\"},\"children\":[{\"type\":\"column\",\"props\":{\"image_position\":\"center-center\",\"media_overlay_gradient\":\"\",\"text_color\":\"light\",\"width_medium\":\"1-1\",\"position_sticky_breakpoint\":\"m\"},\"children\":[{\"type\":\"headline\",\"props\":{\"title_element\":\"h1\",\"title_style\":\"heading-small\",\"text_align\":\"center\",\"content\":\"\n\n<p>Unser Leitbild bei ZELTWANGER<\\\/p>\"}},{\"type\":\"headline\",\"props\":{\"title_element\":\"h1\",\"title_style\":\"heading-large\",\"margin\":\"medium\",\"text_align\":\"center\",\"content\":\"\n\n<p>Technik trifft Freude <\\\/p>\",\"margin_remove_top\":true}},{\"type\":\"text\",\"props\":{\"margin\":\"default\",\"column_breakpoint\":\"m\",\"maxwidth\":\"2xlarge\",\"block_align\":\"center\",\"text_align\":\"center\",\"content\":\"\n\n<p>ZELTWANGER steht f\\u00fcr Kompetenz, Innovation und technische L\\u00f6sungen auf h\\u00f6chstem Niveau.<\\\/p>\\n\n\n<p>M\\u00f6glich wird dies jedoch nur durch eine konsequent gelebte Unternehmenskultur, die nicht nur die Art und Weise unserer Zusammenarbeit bestimmt, sondern vielmehr der Grund ist, warum die ZELTWANGER-Unternehmensgruppe \\u00fcberhaupt existiert.<\\\/p>\"}}]}]}],\"name\":\"Intro Text blauer Hintergrund\"},{\"type\":\"section\",\"props\":{\"style\":\"default\",\"width\":\"default\",\"vertical_align\":\"middle\",\"title_position\":\"top-left\",\"title_rotation\":\"left\",\"title_breakpoint\":\"xl\",\"image_position\":\"center-center\",\"padding\":\"xsmall\",\"padding_remove_top\":false,\"class\":\"breadcrumb\",\"padding_remove_bottom\":true},\"children\":[{\"type\":\"row\",\"props\":{\"width\":\"small\"},\"children\":[{\"type\":\"column\",\"props\":{\"image_position\":\"center-center\",\"media_overlay_gradient\":\"\",\"width_medium\":\"1-1\",\"position_sticky_breakpoint\":\"m\"},\"children\":[{\"type\":\"breadcrumbs\",\"props\":{\"margin\":\"default\",\"image_svg_color\":\"emphasis\"}}]}]}],\"name\":\"Breadcrumb\"},{\"type\":\"section\",\"props\":{\"style\":\"default\",\"width\":\"small\",\"vertical_align\":\"middle\",\"title_position\":\"top-left\",\"title_rotation\":\"left\",\"title_breakpoint\":\"xl\",\"image_position\":\"center-center\"},\"children\":[{\"type\":\"row\",\"children\":[{\"type\":\"column\",\"props\":{\"image_position\":\"center-center\",\"media_overlay_gradient\":\"\",\"width_medium\":\"1-1\",\"position_sticky_breakpoint\":\"m\"},\"children\":[{\"type\":\"headline\",\"props\":{\"title_element\":\"h2\",\"title_style\":\"heading-medium\",\"content\":\"Die Gr\\u00fcndervision\"}},{\"type\":\"text\",\"props\":{\"margin\":\"default\",\"column_breakpoint\":\"m\",\"content\":\"\n\n<p>Entstanden ist ZELTWANGER aus der \\u00dcberzeugung, dass es m\\u00f6glich ist, Zusammenarbeit und unternehmerisches Handeln besser zu gestalten. Dies l\\u00e4sst sich mit drei Schlagworten beschreiben, die 1982 zur Gr\\u00fcndung von ZELTWANGER f\\u00fchrten und noch heute der Ma\\u00dfstab unternehmerischer Entscheidungen sind: Freude, Freiheit und Harmonie.<\\\/p>\"}}]}]},{\"type\":\"row\",\"props\":{\"margin\":\"medium\",\"margin_remove_bottom\":true},\"children\":[{\"type\":\"column\",\"props\":{\"image_position\":\"center-center\",\"media_overlay_gradient\":\"\",\"width_medium\":\"1-1\",\"position_sticky_breakpoint\":\"m\"},\"children\":[{\"type\":\"text\",\"props\":{\"margin\":\"default\",\"column_breakpoint\":\"m\",\"content\":\"\n\n<p><strong>Freude ist f\\u00fcr uns die Basis<\\\/strong> erfolgreichen Handelns. Ohne Freude sind Innovation und technologische H\\u00f6chstleistungen nicht denkbar. Menschen, die bei ZELTWANGER arbeiten, tun dies aus Leidenschaft und mit Freude.<\\\/p>\"}}]}]},{\"type\":\"row\",\"props\":{\"margin\":\"medium\",\"margin_remove_bottom\":true},\"children\":[{\"type\":\"column\",\"props\":{\"image_position\":\"center-center\",\"media_overlay_gradient\":\"\",\"width_medium\":\"1-1\",\"position_sticky_breakpoint\":\"m\"},\"children\":[{\"type\":\"text\",\"props\":{\"margin\":\"default\",\"column_breakpoint\":\"m\",\"content\":\"\n\n<p><strong>Freiheit verstehen wir<\\\/strong> nicht als Fehlen von Regeln, sondern als M\\u00f6glichkeit f\\u00fcr jeden Einzelnen, selbst den Weg zum idealen Ergebnis zu bestimmen. Die Grundlagen hierf\\u00fcr sind Qualifikation, Zielorientierung und gelebtes Vertrauen in jede einzelne Mitarbeiterin und jeden einzelnen Mitarbeiter.<\\\/p>\"}}]}]},{\"type\":\"row\",\"props\":{\"margin\":\"medium\",\"margin_remove_bottom\":true},\"children\":[{\"type\":\"column\",\"props\":{\"image_position\":\"center-center\",\"media_overlay_gradient\":\"\",\"width_medium\":\"1-1\",\"position_sticky_breakpoint\":\"m\"},\"children\":[{\"type\":\"text\",\"props\":{\"margin\":\"default\",\"column_breakpoint\":\"m\",\"content\":\"\n\n<p><strong>Harmonie leben wir nach innen<\\\/strong> genauso wie nach au\\u00dfen. Achtung, Respekt, Vertrauen, Offenheit und Ehrlichkeit bestimmen unser Miteinander. Als Unternehmen \\u00fcbernehmen wir gesellschaftliche Verantwortung und fertigen nur Dinge, die dem Menschen und der Umwelt nutzen.<\\\/p>\"}}]}]}],\"name\":\"Gr\\u00fcndervision\"},{\"type\":\"section\",\"props\":{\"style\":\"secondary\",\"width\":\"small\",\"vertical_align\":\"middle\",\"title_position\":\"top-left\",\"title_rotation\":\"left\",\"title_breakpoint\":\"xl\",\"image_position\":\"center-center\"},\"children\":[{\"type\":\"row\",\"props\":{\"margin\":\"large\",\"margin_remove_bottom\":true},\"children\":[{\"type\":\"column\",\"props\":{\"image_position\":\"center-center\",\"media_overlay_gradient\":\"\",\"width_medium\":\"1-1\",\"position_sticky_breakpoint\":\"m\"},\"children\":[{\"type\":\"headline\",\"props\":{\"title_element\":\"h2\",\"title_style\":\"heading-medium\",\"content\":\"Unser Leitsatz pr\\u00e4gt uns\"}},{\"type\":\"text\",\"props\":{\"margin\":\"default\",\"column_breakpoint\":\"m\",\"content\":\"\n\n<p>Auf Basis dieser Gr\\u00fcndervision lebt die heutige Unternehmensgruppe ein Leitbild, das sich in einem Satz zusammenfassen l\\u00e4sst:<\\\/p>\\n\n\n<p><strong>Wir sind Technologie- und Innovationsf\\u00fchrer in unseren Branchen, dies erreichen wir durch herausragende Leistungen, gelebte Leidenschaft und die Nutzung bestm\\u00f6glicher Synergien.<\\\/strong><\\\/p>\"}}]}]}],\"name\":\"Leitsatz\"},{\"type\":\"section\",\"props\":{\"style\":\"default\",\"width\":\"small\",\"vertical_align\":\"middle\",\"title_position\":\"top-left\",\"title_rotation\":\"left\",\"title_breakpoint\":\"xl\",\"image_position\":\"center-center\",\"padding_remove_top\":false},\"children\":[{\"type\":\"row\",\"props\":{\"margin\":\"medium\"},\"children\":[{\"type\":\"column\",\"props\":{\"image_position\":\"center-center\",\"media_overlay_gradient\":\"\",\"width_medium\":\"1-1\",\"position_sticky_breakpoint\":\"m\"},\"children\":[{\"type\":\"headline\",\"props\":{\"title_element\":\"h3\",\"title_style\":\"heading-medium\",\"content\":\"Unsere Verantwortung ist gewachsen\"}}]}]},{\"type\":\"row\",\"props\":{\"layout\":\"1-2,1-2\"},\"children\":[{\"type\":\"column\",\"props\":{\"image_position\":\"center-center\",\"media_overlay_gradient\":\"\",\"style\":\"secondary\",\"width_medium\":\"1-2\",\"position_sticky_breakpoint\":\"m\"},\"children\":[{\"type\":\"headline\",\"props\":{\"title_element\":\"h2\",\"title_style\":\"heading-medium\",\"content\":\"Historie \\u2013 <br \\\/>Was uns gepr\\u00e4gt hat\"}},{\"type\":\"text\",\"props\":{\"margin\":\"default\",\"column_breakpoint\":\"m\",\"content\":\"\n\n<p><a href=\\\"https:\\\/\\\/www.zeltwanger.de\\\/de\\\/unternehmen\\\/historie\\\/\\\">Zur Unternehmensgeschichte<\\\/a><\\\/p>\"},\"name\":\"Link\"}]},{\"type\":\"column\",\"props\":{\"image_position\":\"center-center\",\"media_overlay_gradient\":\"\",\"style\":\"secondary\",\"width_medium\":\"1-2\",\"position_sticky_breakpoint\":\"m\"},\"children\":[{\"type\":\"headline\",\"props\":{\"title_element\":\"h2\",\"title_style\":\"heading-medium\",\"content\":\"Wir \\u00fcbernehmen <br \/>Verantwortung\"}},{\"type\":\"text\",\"props\":{\"margin\":\"default\",\"column_breakpoint\":\"m\",\"content\":\"\n\n<p><a href=\\\"https:\\\/\\\/www.zeltwanger.de\\\/de\\\/unternehmen\\\/verantwortung\\\/\\\">Was das bedeutet<\\\/a><\\\/p>\"},\"name\":\"Link\"}]}]},{\"type\":\"row\",\"props\":{\"layout\":\"1-2,1-2\"},\"children\":[{\"type\":\"column\",\"props\":{\"image_position\":\"center-center\",\"media_overlay_gradient\":\"\",\"style\":\"secondary\",\"width_medium\":\"1-2\",\"position_sticky_breakpoint\":\"m\"},\"children\":[{\"type\":\"headline\",\"props\":{\"title_element\":\"h2\",\"title_style\":\"heading-medium\",\"content\":\"Unsere Kunden stehen im Mittelpunkt\"}},{\"type\":\"text\",\"props\":{\"margin\":\"default\",\"column_breakpoint\":\"m\",\"content\":\"\n\n<p><a href=\\\"https:\\\/\\\/www.zeltwanger.de\\\/de\\\/service\\\/\\\">Ansprechpartner &amp; Service<\\\/a><\\\/p>\"},\"name\":\"Link\"}]},{\"type\":\"column\",\"props\":{\"image_position\":\"center-center\",\"media_overlay_gradient\":\"\",\"style\":\"secondary\",\"width_medium\":\"1-2\",\"position_sticky_breakpoint\":\"m\"},\"children\":[{\"type\":\"headline\",\"props\":{\"title_element\":\"h2\",\"title_style\":\"heading-medium\",\"content\":\"Wir bieten Jobs, die Freude machen\"}},{\"type\":\"text\",\"props\":{\"margin\":\"default\",\"column_breakpoint\":\"m\",\"content\":\"\n\n<p><a href=\\\"https:\\\/\\\/www.zeltwanger.de\\\/de\\\/unternehmen\\\/karriere\\\/\\\">ZELTWANGER Karriere<\\\/a><\\\/p>\"},\"name\":\"Link\"}]}]}],\"name\":\"CTA Graue Kacheln\"},{\"type\":\"section\",\"props\":{\"style\":\"default\",\"width\":\"default\",\"vertical_align\":\"middle\",\"title_position\":\"top-left\",\"title_rotation\":\"left\",\"title_breakpoint\":\"xl\",\"image_position\":\"center-center\",\"id\":\"flyout\"},\"children\":[{\"type\":\"row\",\"children\":[{\"type\":\"column\",\"props\":{\"image_position\":\"center-center\",\"media_overlay_gradient\":\"\",\"width_medium\":\"1-1\",\"position_sticky_breakpoint\":\"m\"},\"children\":[{\"type\":\"flyout\",\"props\":{\"show_image\":true,\"show_content_title\":true,\"flyout_button_text\":\"Kontaktieren Sie uns\",\"content_title\":\"Noch fragen?\"},\"children\":[{\"type\":\"flyout_item\",\"props\":{\"name_text\":\"\",\"job_name\":\"ZELTWANGER Marketing & Unternehmenskommunikation\",\"department\":\"\",\"phone\":\"+49 7071 3663-301\",\"mail\":\"pr@zeltwanger.de\",\"image\":\"app\\\/uploads\\\/2020\\\/03\\\/kontakt_platzhalter.svg\",\"image_alt\":\"ZELTWANGER\"}}]}]}]}],\"name\":\"Ansprechperson Flyout\"}],\"version\":\"2.7.8\",\"type\":\"layout\"} --><\/p>\n","protected":false},"excerpt":{"rendered":"<p>Unser Leitbild bei ZELTWANGER Technik trifft Freude ZELTWANGER steht f\u00fcr Kompetenz, Innovation und technische L\u00f6sungen auf h\u00f6chstem Niveau. M\u00f6glich wird dies jedoch nur durch eine konsequent gelebte Unternehmenskultur, die nicht nur die Art und Weise unserer Zusammenarbeit bestimmt, sondern vielmehr der Grund ist, warum die ZELTWANGER-Unternehmensgruppe \u00fcberhaupt existiert. Die Gr\u00fcndervision Entstanden ist ZELTWANGER aus der [&hellip;]<\/p>\n","protected":false},"author":9,"featured_media":0,"parent":55,"menu_order":0,"comment_status":"closed","ping_status":"closed","template":"","meta":{"_acf_changed":false,"footnotes":""},"class_list":["post-1524","page","type-page","status-publish","hentry"],"acf":[],"yoast_head":"<!-- This site is optimized with the Yoast SEO plugin v27.5 - https:\/\/yoast.com\/product\/yoast-seo-wordpress\/ -->\n<title>Technik trifft Freude \u2013 ZELTWANGER Leitbild<\/title>\n<meta name=\"description\" content=\"Freude, Freiheit, Harmonie \u2013 unsere ungew\u00f6hnlichen Werte pr\u00e4gen unseren Unternehmensalltag. Mehr zum Zeltwanger-Leitbild\" \/>\n<meta name=\"robots\" content=\"index, follow, max-snippet:-1, max-image-preview:large, max-video-preview:-1\" \/>\n<link rel=\"canonical\" href=\"https:\/\/www.zeltwanger.de\/de\/unternehmen\/leitbild\/\" \/>\n<meta property=\"og:locale\" content=\"de_DE\" \/>\n<meta property=\"og:type\" content=\"article\" \/>\n<meta property=\"og:title\" content=\"Technik trifft Freude \u2013 ZELTWANGER Leitbild\" \/>\n<meta property=\"og:description\" content=\"Freude, Freiheit, Harmonie \u2013 unsere ungew\u00f6hnlichen Werte pr\u00e4gen unseren Unternehmensalltag. Mehr zum Zeltwanger-Leitbild\" \/>\n<meta property=\"og:url\" content=\"https:\/\/www.zeltwanger.de\/de\/unternehmen\/leitbild\/\" \/>\n<meta property=\"og:site_name\" content=\"ZELTWANGER\" \/>\n<meta property=\"article:publisher\" content=\"https:\/\/www.facebook.com\/zeltwanger.karriere\/\" \/>\n<meta property=\"article:modified_time\" content=\"2022-01-14T12:10:54+00:00\" \/>\n<meta name=\"twitter:card\" content=\"summary_large_image\" \/>\n<meta name=\"twitter:label1\" content=\"Gesch\u00e4tzte Lesezeit\" \/>\n\t<meta name=\"twitter:data1\" content=\"1\u00a0Minute\" \/>\n<script type=\"application\/ld+json\" class=\"yoast-schema-graph\">{\"@context\":\"https:\\\/\\\/schema.org\",\"@graph\":[{\"@type\":\"WebPage\",\"@id\":\"https:\\\/\\\/www.zeltwanger.de\\\/de\\\/unternehmen\\\/leitbild\\\/\",\"url\":\"https:\\\/\\\/www.zeltwanger.de\\\/de\\\/unternehmen\\\/leitbild\\\/\",\"name\":\"Technik trifft Freude \u2013 ZELTWANGER Leitbild\",\"isPartOf\":{\"@id\":\"https:\\\/\\\/www.zeltwanger.de\\\/de\\\/#website\"},\"datePublished\":\"2020-01-21T12:21:16+00:00\",\"dateModified\":\"2022-01-14T12:10:54+00:00\",\"description\":\"Freude, Freiheit, Harmonie \u2013 unsere ungew\u00f6hnlichen Werte pr\u00e4gen unseren Unternehmensalltag. Mehr zum Zeltwanger-Leitbild\",\"breadcrumb\":{\"@id\":\"https:\\\/\\\/www.zeltwanger.de\\\/de\\\/unternehmen\\\/leitbild\\\/#breadcrumb\"},\"inLanguage\":\"de\",\"potentialAction\":[{\"@type\":\"ReadAction\",\"target\":[\"https:\\\/\\\/www.zeltwanger.de\\\/de\\\/unternehmen\\\/leitbild\\\/\"]}]},{\"@type\":\"BreadcrumbList\",\"@id\":\"https:\\\/\\\/www.zeltwanger.de\\\/de\\\/unternehmen\\\/leitbild\\\/#breadcrumb\",\"itemListElement\":[{\"@type\":\"ListItem\",\"position\":1,\"name\":\"Home\",\"item\":\"https:\\\/\\\/www.zeltwanger.de\\\/de\\\/\"},{\"@type\":\"ListItem\",\"position\":2,\"name\":\"Unternehmen\",\"item\":\"https:\\\/\\\/www.zeltwanger.de\\\/de\\\/unternehmen\\\/\"},{\"@type\":\"ListItem\",\"position\":3,\"name\":\"Leitbild\"}]},{\"@type\":\"WebSite\",\"@id\":\"https:\\\/\\\/www.zeltwanger.de\\\/de\\\/#website\",\"url\":\"https:\\\/\\\/www.zeltwanger.de\\\/de\\\/\",\"name\":\"ZELTWANGER\",\"description\":\"Innovation aus Freude an Technik\",\"publisher\":{\"@id\":\"https:\\\/\\\/www.zeltwanger.de\\\/de\\\/#organization\"},\"potentialAction\":[{\"@type\":\"SearchAction\",\"target\":{\"@type\":\"EntryPoint\",\"urlTemplate\":\"https:\\\/\\\/www.zeltwanger.de\\\/de\\\/?s={search_term_string}\"},\"query-input\":{\"@type\":\"PropertyValueSpecification\",\"valueRequired\":true,\"valueName\":\"search_term_string\"}}],\"inLanguage\":\"de\"},{\"@type\":\"Organization\",\"@id\":\"https:\\\/\\\/www.zeltwanger.de\\\/de\\\/#organization\",\"name\":\"ZELTWANGER\",\"url\":\"https:\\\/\\\/www.zeltwanger.de\\\/de\\\/\",\"logo\":{\"@type\":\"ImageObject\",\"inLanguage\":\"de\",\"@id\":\"https:\\\/\\\/www.zeltwanger.de\\\/de\\\/#\\\/schema\\\/logo\\\/image\\\/\",\"url\":\"https:\\\/\\\/www.zeltwanger.de\\\/app\\\/uploads\\\/2024\\\/03\\\/ZELTWANGER-Maennchen_nebeneinander_RGB_Screen_quadratisch_klein-e1710331495893.jpg\",\"contentUrl\":\"https:\\\/\\\/www.zeltwanger.de\\\/app\\\/uploads\\\/2024\\\/03\\\/ZELTWANGER-Maennchen_nebeneinander_RGB_Screen_quadratisch_klein-e1710331495893.jpg\",\"width\":144,\"height\":144,\"caption\":\"ZELTWANGER\"},\"image\":{\"@id\":\"https:\\\/\\\/www.zeltwanger.de\\\/de\\\/#\\\/schema\\\/logo\\\/image\\\/\"},\"sameAs\":[\"https:\\\/\\\/www.facebook.com\\\/zeltwanger.karriere\\\/\",\"https:\\\/\\\/www.linkedin.com\\\/company\\\/11844117\\\/\"]}]}<\/script>\n<!-- \/ Yoast SEO plugin. -->","yoast_head_json":{"title":"Technik trifft Freude \u2013 ZELTWANGER Leitbild","description":"Freude, Freiheit, Harmonie \u2013 unsere ungew\u00f6hnlichen Werte pr\u00e4gen unseren Unternehmensalltag. Mehr zum Zeltwanger-Leitbild","robots":{"index":"index","follow":"follow","max-snippet":"max-snippet:-1","max-image-preview":"max-image-preview:large","max-video-preview":"max-video-preview:-1"},"canonical":"https:\/\/www.zeltwanger.de\/de\/unternehmen\/leitbild\/","og_locale":"de_DE","og_type":"article","og_title":"Technik trifft Freude \u2013 ZELTWANGER Leitbild","og_description":"Freude, Freiheit, Harmonie \u2013 unsere ungew\u00f6hnlichen Werte pr\u00e4gen unseren Unternehmensalltag. Mehr zum Zeltwanger-Leitbild","og_url":"https:\/\/www.zeltwanger.de\/de\/unternehmen\/leitbild\/","og_site_name":"ZELTWANGER","article_publisher":"https:\/\/www.facebook.com\/zeltwanger.karriere\/","article_modified_time":"2022-01-14T12:10:54+00:00","twitter_card":"summary_large_image","twitter_misc":{"Gesch\u00e4tzte Lesezeit":"1\u00a0Minute"},"schema":{"@context":"https:\/\/schema.org","@graph":[{"@type":"WebPage","@id":"https:\/\/www.zeltwanger.de\/de\/unternehmen\/leitbild\/","url":"https:\/\/www.zeltwanger.de\/de\/unternehmen\/leitbild\/","name":"Technik trifft Freude \u2013 ZELTWANGER Leitbild","isPartOf":{"@id":"https:\/\/www.zeltwanger.de\/de\/#website"},"datePublished":"2020-01-21T12:21:16+00:00","dateModified":"2022-01-14T12:10:54+00:00","description":"Freude, Freiheit, Harmonie \u2013 unsere ungew\u00f6hnlichen Werte pr\u00e4gen unseren Unternehmensalltag. Mehr zum Zeltwanger-Leitbild","breadcrumb":{"@id":"https:\/\/www.zeltwanger.de\/de\/unternehmen\/leitbild\/#breadcrumb"},"inLanguage":"de","potentialAction":[{"@type":"ReadAction","target":["https:\/\/www.zeltwanger.de\/de\/unternehmen\/leitbild\/"]}]},{"@type":"BreadcrumbList","@id":"https:\/\/www.zeltwanger.de\/de\/unternehmen\/leitbild\/#breadcrumb","itemListElement":[{"@type":"ListItem","position":1,"name":"Home","item":"https:\/\/www.zeltwanger.de\/de\/"},{"@type":"ListItem","position":2,"name":"Unternehmen","item":"https:\/\/www.zeltwanger.de\/de\/unternehmen\/"},{"@type":"ListItem","position":3,"name":"Leitbild"}]},{"@type":"WebSite","@id":"https:\/\/www.zeltwanger.de\/de\/#website","url":"https:\/\/www.zeltwanger.de\/de\/","name":"ZELTWANGER","description":"Innovation aus Freude an Technik","publisher":{"@id":"https:\/\/www.zeltwanger.de\/de\/#organization"},"potentialAction":[{"@type":"SearchAction","target":{"@type":"EntryPoint","urlTemplate":"https:\/\/www.zeltwanger.de\/de\/?s={search_term_string}"},"query-input":{"@type":"PropertyValueSpecification","valueRequired":true,"valueName":"search_term_string"}}],"inLanguage":"de"},{"@type":"Organization","@id":"https:\/\/www.zeltwanger.de\/de\/#organization","name":"ZELTWANGER","url":"https:\/\/www.zeltwanger.de\/de\/","logo":{"@type":"ImageObject","inLanguage":"de","@id":"https:\/\/www.zeltwanger.de\/de\/#\/schema\/logo\/image\/","url":"https:\/\/www.zeltwanger.de\/app\/uploads\/2024\/03\/ZELTWANGER-Maennchen_nebeneinander_RGB_Screen_quadratisch_klein-e1710331495893.jpg","contentUrl":"https:\/\/www.zeltwanger.de\/app\/uploads\/2024\/03\/ZELTWANGER-Maennchen_nebeneinander_RGB_Screen_quadratisch_klein-e1710331495893.jpg","width":144,"height":144,"caption":"ZELTWANGER"},"image":{"@id":"https:\/\/www.zeltwanger.de\/de\/#\/schema\/logo\/image\/"},"sameAs":["https:\/\/www.facebook.com\/zeltwanger.karriere\/","https:\/\/www.linkedin.com\/company\/11844117\/"]}]}},"_links":{"self":[{"href":"https:\/\/www.zeltwanger.de\/de\/wp-json\/wp\/v2\/pages\/1524","targetHints":{"allow":["GET"]}}],"collection":[{"href":"https:\/\/www.zeltwanger.de\/de\/wp-json\/wp\/v2\/pages"}],"about":[{"href":"https:\/\/www.zeltwanger.de\/de\/wp-json\/wp\/v2\/types\/page"}],"author":[{"embeddable":true,"href":"https:\/\/www.zeltwanger.de\/de\/wp-json\/wp\/v2\/users\/9"}],"replies":[{"embeddable":true,"href":"https:\/\/www.zeltwanger.de\/de\/wp-json\/wp\/v2\/comments?post=1524"}],"version-history":[{"count":30,"href":"https:\/\/www.zeltwanger.de\/de\/wp-json\/wp\/v2\/pages\/1524\/revisions"}],"predecessor-version":[{"id":20370,"href":"https:\/\/www.zeltwanger.de\/de\/wp-json\/wp\/v2\/pages\/1524\/revisions\/20370"}],"up":[{"embeddable":true,"href":"https:\/\/www.zeltwanger.de\/de\/wp-json\/wp\/v2\/pages\/55"}],"wp:attachment":[{"href":"https:\/\/www.zeltwanger.de\/de\/wp-json\/wp\/v2\/media?parent=1524"}],"curies":[{"name":"wp","href":"https:\/\/api.w.org\/{rel}","templated":true}]}}