{"id":30762,"date":"2024-08-27T14:43:19","date_gmt":"2024-08-27T12:43:19","guid":{"rendered":"https:\/\/www.zeltwanger.de\/zadost-o-kontakt\/auftragsfertigung\/"},"modified":"2025-04-17T16:09:08","modified_gmt":"2025-04-17T14:09:08","slug":"zakazkova-vyroba","status":"publish","type":"page","link":"https:\/\/www.zeltwanger.de\/cz\/zadost-o-kontakt\/zakazkova-vyroba\/","title":{"rendered":"Zak\u00e1zkov\u00e1 v\u00fdroba"},"content":{"rendered":"<div>\n<p>    <img decoding=\"async\" src=\"\/app\/uploads\/2023\/10\/ZELTWANGER_Unternehmensgruppe.jpg\" alt=\"\"><\/p>\n<div>Zak\u00e1zkov\u00e1 v\u00fdroba<\/div>\n<p>Kontakt a kontaktn\u00ed osoba<\/p>\n<\/div>\n<h2><span data-teams=\"true\"><span class=\"ui-provider a b c d e f g h i j k l m n o p q r s t u v w x y z ab ac ae af ag ah ai aj ak\" dir=\"ltr\">Napi\u0161te n\u00e1m.<\/span><\/span><\/h2>\n<div>\n<p>Va\u0161i popt\u00e1vku ohledn\u011b <strong>zak\u00e1zkov\u00e1 v\u00fdroba<\/strong> zpracujeme rychle a kompetentn\u011b.<\/p>\n<\/div>\n<div>\n<br \/>\n<script charset=\"utf-8\" type=\"text\/javascript\" src=\"\/\/js-eu1.hsforms.net\/forms\/embed\/v2.js\"><\/script><br \/>\n<script>\n  hbspt.forms.create({\n    portalId: \"145014097\",\n    formId: \"48e3e6ff-8045-4e4a-aada-0abae9e64a45\",\n    region: \"eu1\"\n  });\n<\/script><br \/>\n\n<\/div>\n<h2>Kontaktn\u00ed osoba<\/h2>\n<h3>ZELTWANGER Maschinenbau GmbH, N\u011bmecko<\/h3>\n<div>\n<h1><\/h1>\n<p>Option: <\/p>\n<\/div>\n<h3>\n<p>ZELTWANGER AMT s.r.o., \u010cesk\u00e1 republika<\/p>\n<\/h3>\n<div>\n<h1><\/h1>\n<p>Option: <\/p>\n<\/div>\n<h3>\n<p>ZELTWANGER CNC Manufacturing LP, USA<\/p>\n<\/h3>\n<div>\n<h1><\/h1>\n<p>Option: <\/p>\n<\/div>\n<ul>\n<li>\n<p>        <img decoding=\"async\" src=\"\/app\/uploads\/2023\/02\/Icon_Messen_Events-1.svg\" alt=\"ZELTWANGER veletrhy a sch\u016fzky\"><\/p>\n<h3>veletrhy a sch\u016fzky<\/h3>\n<div>\n<p>Nav\u0161tivte n\u00e1s na veletrhu nebo akci<\/p>\n<\/div>\n<p><a href=\"https:\/\/www.zeltwanger.de\/cz\/category\/udalosti\/\">Zjist\u011bte v\u00edce<\/a><\/p>\n<\/li>\n<li>\n<p>        <img decoding=\"async\" src=\"\/app\/uploads\/2023\/05\/Icon_Standort.svg\" alt=\"ZELTWANGER Standorte\"><\/p>\n<h3>Z\u00e1vody<\/h3>\n<div>\n<p>Zde najdete na\u0161e spole\u010dnosti<\/p>\n<\/div>\n<p><a href=\"https:\/\/www.zeltwanger.de\/cz\/spolecnost\/zavody\/\">Zjistit v\u00edce<\/a><\/p>\n<\/li>\n<\/ul>\n<p><!--more--><br \/>\n<!-- {\"type\":\"layout\",\"children\":[{\"type\":\"section\",\"props\":{\"image_position\":\"center-center\",\"padding_remove_bottom\":true,\"padding_remove_top\":true,\"style\":\"default\",\"title_breakpoint\":\"xl\",\"title_position\":\"top-left\",\"title_rotation\":\"left\",\"vertical_align\":\"\",\"width\":\"\"},\"children\":[{\"type\":\"row\",\"children\":[{\"type\":\"column\",\"props\":{\"image_position\":\"center-center\",\"position_sticky_breakpoint\":\"m\",\"width_medium\":\"1-1\"},\"children\":[{\"type\":\"slideshow\",\"props\":{\"class\":\"like-mobile-panel-slider sub-page\",\"css\":\"li.el-item {\\n\\n}\",\"image_height\":\"929px\",\"image_loading\":true,\"image_width\":\"2548px\",\"link_style\":\"primary\",\"link_text\":\"Read more\",\"margin\":\"default\",\"meta_align\":\"above-title\",\"meta_element\":\"div\",\"meta_style\":\"h2\",\"nav\":\"\",\"nav_align\":\"center\",\"nav_below\":false,\"nav_breakpoint\":\"s\",\"nav_position\":\"bottom-center\",\"nav_position_margin\":\"medium\",\"nav_vertical\":false,\"overlay_animation\":\"parallax\",\"overlay_container\":\"large\",\"overlay_parallax_x\":\"90\",\"overlay_parallax_y\":\"0\",\"overlay_position\":\"bottom-left\",\"overlay_style\":\"overlay-primary\",\"overlay_width\":\"xlarge\",\"show_content\":true,\"show_link\":true,\"show_meta\":true,\"show_thumbnail\":false,\"show_title\":true,\"slidenav\":\"default\",\"slidenav_breakpoint\":\"s\",\"slidenav_hover\":true,\"slidenav_large\":false,\"slidenav_margin\":\"small\",\"slidenav_outside_breakpoint\":\"xl\",\"slideshow_autoplay\":true,\"slideshow_autoplay_interval\":\"10\",\"slideshow_autoplay_pause\":false,\"slideshow_max_height\":\"700\",\"slideshow_min_height\":\"500\",\"slideshow_velocity\":\"0.5\",\"text_align\":\"left\",\"text_align_breakpoint\":\"s\",\"text_align_fallback\":\"center\",\"text_color\":\"light\",\"thumbnav_height\":\"75\",\"thumbnav_svg_color\":\"emphasis\",\"thumbnav_width\":\"100\",\"title_element\":\"div\",\"title_hover_style\":\"reset\",\"title_style\":\"h1\"},\"children\":[{\"type\":\"slideshow_item\",\"props\":{\"content\":\"\",\"image\":\"app\\\/uploads\\\/2023\\\/10\\\/ZELTWANGER_Unternehmensgruppe.jpg\",\"meta\":\"Kontakt a kontaktn\\u00ed osoba\",\"title\":\"Zak\\u00e1zkov\\u00e1 v\\u00fdroba\"}}]}]}]}],\"name\":\"Header - neu - single\"},{\"type\":\"section\",\"props\":{\"image_position\":\"center-center\",\"style\":\"default\",\"title_breakpoint\":\"xl\",\"title_position\":\"top-left\",\"title_rotation\":\"left\",\"vertical_align\":\"\",\"width\":\"small\"},\"children\":[{\"type\":\"row\",\"children\":[{\"type\":\"column\",\"props\":{\"image_position\":\"center-center\",\"position_sticky_breakpoint\":\"m\"},\"children\":[{\"type\":\"headline\",\"props\":{\"content\":\"<span data-teams=\\\"true\\\"><span class=\\\"ui-provider a b c d e f g h i j k l m n o p q r s t u v w x y z ab ac ae af ag ah ai aj ak\\\" dir=\\\"ltr\\\">Napi\\u0161te n\\u00e1m.<\\\/span><\\\/span>\",\"text_align\":\"center\",\"title_element\":\"h2\",\"title_style\":\"heading-large\"}},{\"type\":\"text\",\"props\":{\"column_breakpoint\":\"m\",\"content\":\"\n\n<p>Va\\u0161i popt\\u00e1vku ohledn\\u011b <strong>zak\\u00e1zkov\\u00e1 v\\u00fdroba<\\\/strong> zpracujeme rychle a kompetentn\\u011b.<\\\/p>\",\"margin\":\"default\",\"text_align\":\"center\"}}]}]},{\"type\":\"row\",\"children\":[{\"type\":\"column\",\"props\":{\"image_position\":\"center-center\",\"position_sticky_breakpoint\":\"m\",\"style\":\"card-primary\"},\"children\":[{\"type\":\"html\",\"props\":{\"content\":\"[borlabs-cookie id=\\\"hubspot\\\" type=\\\"marketing\\\"]\\n<script charset=\\\"utf-8\\\" type=\\\"text\\\/javascript\\\" src=\\\"\\\/\\\/js-eu1.hsforms.net\\\/forms\\\/embed\\\/v2.js\\\"><\\\/script>\\n<script>\\n  hbspt.forms.create({\\n    portalId: \\\"145014097\\\",\\n    formId: \\\"48e3e6ff-8045-4e4a-aada-0abae9e64a45\\\",\\n    region: \\\"eu1\\\"\\n  });\\n<\\\/script>\\n[\\\/borlabs-cookie]\\n\\n\\n\\n\\n\\n\"}}]}]}]},{\"type\":\"section\",\"props\":{\"image_position\":\"center-center\",\"style\":\"secondary\",\"title_breakpoint\":\"xl\",\"title_position\":\"top-left\",\"title_rotation\":\"left\",\"vertical_align\":\"\",\"width\":\"default\"},\"children\":[{\"type\":\"row\",\"props\":{\"width\":\"small\"},\"children\":[{\"type\":\"column\",\"props\":{\"image_position\":\"center-center\",\"position_sticky_breakpoint\":\"m\"},\"children\":[{\"type\":\"headline\",\"props\":{\"content\":\"Kontaktn\\u00ed osoba\",\"text_align\":\"center\",\"title_element\":\"h2\",\"title_style\":\"heading-large\"}},{\"type\":\"headline\",\"props\":{\"content\":\"ZELTWANGER Maschinenbau GmbH, N\\u011bmecko\",\"text_align\":\"center\",\"title_element\":\"h3\"}},{\"type\":\"contacts\",\"props\":{\"content_title\":\"Klingt interessant?\",\"flyout_button_text\":\"Kontaktieren Sie uns\",\"parent\":\"contacts\",\"show_content_title\":true,\"show_image\":true},\"children\":[{\"type\":\"flyout_item\",\"props\":{\"post_id\":30264}},{\"type\":\"flyout_item\",\"props\":{\"post_id\":20895}},{\"type\":\"flyout_item\",\"props\":{\"post_id\":24444}}]}]}]}]},{\"type\":\"section\",\"props\":{\"image_position\":\"center-center\",\"style\":\"default\",\"title_breakpoint\":\"xl\",\"title_position\":\"top-left\",\"title_rotation\":\"left\",\"vertical_align\":\"\",\"width\":\"default\"},\"children\":[{\"type\":\"row\",\"props\":{\"width\":\"small\"},\"children\":[{\"type\":\"column\",\"props\":{\"image_position\":\"center-center\",\"position_sticky_breakpoint\":\"m\"},\"children\":[{\"type\":\"headline\",\"props\":{\"content\":\"\n\n<p>ZELTWANGER AMT s.r.o., \\u010cesk\\u00e1 republika<\\\/p>\",\"text_align\":\"center\",\"title_element\":\"h3\"}},{\"type\":\"contacts\",\"props\":{\"content_title\":\"Klingt interessant?\",\"flyout_button_text\":\"Kontaktieren Sie uns\",\"parent\":\"contacts\",\"show_content_title\":true,\"show_image\":true},\"children\":[{\"type\":\"flyout_item\",\"props\":{\"post_id\":20906}},{\"type\":\"flyout_item\",\"props\":{\"post_id\":28938}}]}]}]}]},{\"type\":\"section\",\"props\":{\"image_position\":\"center-center\",\"style\":\"secondary\",\"title_breakpoint\":\"xl\",\"title_position\":\"top-left\",\"title_rotation\":\"left\",\"vertical_align\":\"\",\"width\":\"default\"},\"children\":[{\"type\":\"row\",\"props\":{\"width\":\"small\"},\"children\":[{\"type\":\"column\",\"props\":{\"image_position\":\"center-center\",\"position_sticky_breakpoint\":\"m\"},\"children\":[{\"type\":\"headline\",\"props\":{\"content\":\"\n\n<p>ZELTWANGER CNC Manufacturing LP, USA<\\\/p>\",\"text_align\":\"center\",\"title_element\":\"h3\"}},{\"type\":\"contacts\",\"props\":{\"content_title\":\"Klingt interessant?\",\"flyout_button_text\":\"Kontaktieren Sie uns\",\"parent\":\"contacts\",\"show_content_title\":true,\"show_image\":true},\"children\":[{\"type\":\"flyout_item\",\"props\":{\"post_id\":20901}},{\"type\":\"flyout_item\",\"props\":{\"post_id\":20905}}]}]}]}]},{\"type\":\"section\",\"props\":{\"image_position\":\"center-center\",\"padding_remove_top\":false,\"style\":\"default\",\"title_breakpoint\":\"xl\",\"title_position\":\"top-left\",\"title_rotation\":\"left\",\"vertical_align\":\"\",\"width\":\"default\"},\"children\":[{\"type\":\"row\",\"children\":[{\"type\":\"column\",\"props\":{\"image_position\":\"center-center\",\"position_sticky_breakpoint\":\"m\"},\"children\":[{\"type\":\"grid\",\"props\":{\"content_column_breakpoint\":\"m\",\"filter_align\":\"left\",\"filter_all\":true,\"filter_grid_breakpoint\":\"m\",\"filter_grid_width\":\"auto\",\"filter_position\":\"top\",\"filter_style\":\"tab\",\"grid_default\":\"1\",\"grid_medium\":\"2\",\"icon_width\":80,\"image_align\":\"left\",\"image_grid_breakpoint\":\"m\",\"image_grid_width\":\"auto\",\"image_svg_color\":\"emphasis\",\"item_animation\":true,\"lightbox_bg_close\":true,\"link_style\":\"primary\",\"link_text\":\"Read more\",\"margin\":\"default\",\"meta_align\":\"below-title\",\"meta_element\":\"div\",\"meta_style\":\"text-meta\",\"panel_padding\":\"default\",\"panel_style\":\"card-default\",\"show_content\":true,\"show_hover_image\":true,\"show_hover_video\":true,\"show_image\":true,\"show_link\":true,\"show_meta\":true,\"show_title\":true,\"show_video\":true,\"title_align\":\"top\",\"title_color\":\"primary\",\"title_element\":\"h3\",\"title_grid_breakpoint\":\"m\",\"title_grid_width\":\"1-2\",\"title_hover_style\":\"reset\"},\"children\":[{\"type\":\"grid_item\",\"props\":{\"content\":\"\n\n<p>Nav\\u0161tivte n\\u00e1s na veletrhu nebo akci<\\\/p>\",\"image\":\"app\\\/uploads\\\/2023\\\/02\\\/Icon_Messen_Events-1.svg\",\"image_alt\":\"ZELTWANGER veletrhy a sch\\u016fzky\",\"link\":\"\\\/cz\\\/category\\\/udalosti\\\/\",\"link_text\":\"Zjist\\u011bte v\\u00edce\",\"title\":\"veletrhy a sch\\u016fzky\"}},{\"type\":\"grid_item\",\"props\":{\"content\":\"\n\n<p>Zde najdete na\\u0161e spole\\u010dnosti<\\\/p>\",\"image\":\"app\\\/uploads\\\/2023\\\/05\\\/Icon_Standort.svg\",\"image_alt\":\"ZELTWANGER Standorte\",\"link\":\"\\\/cz\\\/spolecnost\\\/zavody\\\/\",\"link_text\":\"Zjistit v\\u00edce\",\"title\":\"Z\\u00e1vody\"}}]}]}]}],\"name\":\"Grid | icon + text + button\"}],\"version\":\"4.5.3\"} --><\/p>\n","protected":false},"excerpt":{"rendered":"<p>Zak\u00e1zkov\u00e1 v\u00fdroba Kontakt a kontaktn\u00ed osoba Napi\u0161te n\u00e1m. Va\u0161i popt\u00e1vku ohledn\u011b zak\u00e1zkov\u00e1 v\u00fdroba zpracujeme rychle a kompetentn\u011b. Kontaktn\u00ed osoba ZELTWANGER Maschinenbau GmbH, N\u011bmecko Option: ZELTWANGER AMT s.r.o., \u010cesk\u00e1 republika Option: ZELTWANGER CNC Manufacturing LP, USA Option: veletrhy a sch\u016fzky Nav\u0161tivte n\u00e1s na veletrhu nebo akci Zjist\u011bte v\u00edce Z\u00e1vody Zde najdete na\u0161e spole\u010dnosti Zjistit v\u00edce<\/p>\n","protected":false},"author":21,"featured_media":0,"parent":23560,"menu_order":0,"comment_status":"closed","ping_status":"closed","template":"","meta":{"_acf_changed":false,"footnotes":""},"class_list":["post-30762","page","type-page","status-publish","hentry"],"acf":[],"yoast_head":"<!-- This site is optimized with the Yoast SEO plugin v26.9 - https:\/\/yoast.com\/product\/yoast-seo-wordpress\/ -->\n<title>Zak\u00e1zkov\u00e1 v\u00fdroba | ZELTWANGER<\/title>\n<meta name=\"description\" content=\"Kontaktujte n\u00e1\u0161 t\u00fdm odborn\u00edk\u016f pro p\u0159esnou zak\u00e1zkovou v\u00fdrobu ve stroj\u00edrenstv\u00ed. Od slo\u017eit\u00fdch strojn\u00edch d\u00edl\u016f p\u0159ipraven\u00fdch k instalaci a\u017e po mont\u00e1\u017e sestav a kompletn\u00edch syst\u00e9m\u016f \u2013 va\u0161e stroj\u00edrensk\u00e9 projekty realizujeme efektivn\u011b a spolehliv\u011b.\" \/>\n<meta name=\"robots\" content=\"index, follow, max-snippet:-1, max-image-preview:large, max-video-preview:-1\" \/>\n<link rel=\"canonical\" href=\"https:\/\/www.zeltwanger.de\/cz\/zadost-o-kontakt\/zakazkova-vyroba\/\" \/>\n<meta property=\"og:locale\" content=\"cs_CZ\" \/>\n<meta property=\"og:type\" content=\"article\" \/>\n<meta property=\"og:title\" content=\"Zak\u00e1zkov\u00e1 v\u00fdroba | ZELTWANGER\" \/>\n<meta property=\"og:description\" content=\"Kontaktujte n\u00e1\u0161 t\u00fdm odborn\u00edk\u016f pro p\u0159esnou zak\u00e1zkovou v\u00fdrobu ve stroj\u00edrenstv\u00ed. Od slo\u017eit\u00fdch strojn\u00edch d\u00edl\u016f p\u0159ipraven\u00fdch k instalaci a\u017e po mont\u00e1\u017e sestav a kompletn\u00edch syst\u00e9m\u016f \u2013 va\u0161e stroj\u00edrensk\u00e9 projekty realizujeme efektivn\u011b a spolehliv\u011b.\" \/>\n<meta property=\"og:url\" content=\"https:\/\/www.zeltwanger.de\/cz\/zadost-o-kontakt\/zakazkova-vyroba\/\" \/>\n<meta property=\"og:site_name\" content=\"ZELTWANGER\" \/>\n<meta property=\"article:publisher\" content=\"https:\/\/www.facebook.com\/zeltwanger.karriere\/\" \/>\n<meta property=\"article:modified_time\" content=\"2025-04-17T14:09:08+00:00\" \/>\n<meta name=\"twitter:card\" content=\"summary_large_image\" \/>\n<meta name=\"twitter:label1\" content=\"Odhadovan\u00e1 doba \u010dten\u00ed\" \/>\n\t<meta name=\"twitter:data1\" content=\"1 minuta\" \/>\n<script type=\"application\/ld+json\" class=\"yoast-schema-graph\">{\"@context\":\"https:\/\/schema.org\",\"@graph\":[{\"@type\":\"WebPage\",\"@id\":\"https:\/\/www.zeltwanger.de\/cz\/zadost-o-kontakt\/zakazkova-vyroba\/\",\"url\":\"https:\/\/www.zeltwanger.de\/cz\/zadost-o-kontakt\/zakazkova-vyroba\/\",\"name\":\"Zak\u00e1zkov\u00e1 v\u00fdroba | ZELTWANGER\",\"isPartOf\":{\"@id\":\"https:\/\/www.zeltwanger.de\/cz\/#website\"},\"datePublished\":\"2024-08-27T12:43:19+00:00\",\"dateModified\":\"2025-04-17T14:09:08+00:00\",\"description\":\"Kontaktujte n\u00e1\u0161 t\u00fdm odborn\u00edk\u016f pro p\u0159esnou zak\u00e1zkovou v\u00fdrobu ve stroj\u00edrenstv\u00ed. Od slo\u017eit\u00fdch strojn\u00edch d\u00edl\u016f p\u0159ipraven\u00fdch k instalaci a\u017e po mont\u00e1\u017e sestav a kompletn\u00edch syst\u00e9m\u016f \u2013 va\u0161e stroj\u00edrensk\u00e9 projekty realizujeme efektivn\u011b a spolehliv\u011b.\",\"breadcrumb\":{\"@id\":\"https:\/\/www.zeltwanger.de\/cz\/zadost-o-kontakt\/zakazkova-vyroba\/#breadcrumb\"},\"inLanguage\":\"cs\",\"potentialAction\":[{\"@type\":\"ReadAction\",\"target\":[\"https:\/\/www.zeltwanger.de\/cz\/zadost-o-kontakt\/zakazkova-vyroba\/\"]}]},{\"@type\":\"BreadcrumbList\",\"@id\":\"https:\/\/www.zeltwanger.de\/cz\/zadost-o-kontakt\/zakazkova-vyroba\/#breadcrumb\",\"itemListElement\":[{\"@type\":\"ListItem\",\"position\":1,\"name\":\"Home\",\"item\":\"https:\/\/www.zeltwanger.de\/cz\/homepage\/\"},{\"@type\":\"ListItem\",\"position\":2,\"name\":\"\u017e\u00e1dost o kontakt\",\"item\":\"https:\/\/www.zeltwanger.de\/cz\/zadost-o-kontakt\/\"},{\"@type\":\"ListItem\",\"position\":3,\"name\":\"Zak\u00e1zkov\u00e1 v\u00fdroba\"}]},{\"@type\":\"WebSite\",\"@id\":\"https:\/\/www.zeltwanger.de\/cz\/#website\",\"url\":\"https:\/\/www.zeltwanger.de\/cz\/\",\"name\":\"ZELTWANGER\",\"description\":\"Innovation aus Freude an Technik\",\"publisher\":{\"@id\":\"https:\/\/www.zeltwanger.de\/cz\/#organization\"},\"potentialAction\":[{\"@type\":\"SearchAction\",\"target\":{\"@type\":\"EntryPoint\",\"urlTemplate\":\"https:\/\/www.zeltwanger.de\/cz\/?s={search_term_string}\"},\"query-input\":{\"@type\":\"PropertyValueSpecification\",\"valueRequired\":true,\"valueName\":\"search_term_string\"}}],\"inLanguage\":\"cs\"},{\"@type\":\"Organization\",\"@id\":\"https:\/\/www.zeltwanger.de\/cz\/#organization\",\"name\":\"ZELTWANGER\",\"url\":\"https:\/\/www.zeltwanger.de\/cz\/\",\"logo\":{\"@type\":\"ImageObject\",\"inLanguage\":\"cs\",\"@id\":\"https:\/\/www.zeltwanger.de\/cz\/#\/schema\/logo\/image\/\",\"url\":\"https:\/\/www.zeltwanger.de\/app\/uploads\/2024\/03\/ZELTWANGER-Maennchen_nebeneinander_RGB_Screen_quadratisch_klein-e1710331495893.jpg\",\"contentUrl\":\"https:\/\/www.zeltwanger.de\/app\/uploads\/2024\/03\/ZELTWANGER-Maennchen_nebeneinander_RGB_Screen_quadratisch_klein-e1710331495893.jpg\",\"width\":144,\"height\":144,\"caption\":\"ZELTWANGER\"},\"image\":{\"@id\":\"https:\/\/www.zeltwanger.de\/cz\/#\/schema\/logo\/image\/\"},\"sameAs\":[\"https:\/\/www.facebook.com\/zeltwanger.karriere\/\",\"https:\/\/www.linkedin.com\/company\/11844117\/\"]}]}<\/script>\n<!-- \/ Yoast SEO plugin. -->","yoast_head_json":{"title":"Zak\u00e1zkov\u00e1 v\u00fdroba | ZELTWANGER","description":"Kontaktujte n\u00e1\u0161 t\u00fdm odborn\u00edk\u016f pro p\u0159esnou zak\u00e1zkovou v\u00fdrobu ve stroj\u00edrenstv\u00ed. Od slo\u017eit\u00fdch strojn\u00edch d\u00edl\u016f p\u0159ipraven\u00fdch k instalaci a\u017e po mont\u00e1\u017e sestav a kompletn\u00edch syst\u00e9m\u016f \u2013 va\u0161e stroj\u00edrensk\u00e9 projekty realizujeme efektivn\u011b a spolehliv\u011b.","robots":{"index":"index","follow":"follow","max-snippet":"max-snippet:-1","max-image-preview":"max-image-preview:large","max-video-preview":"max-video-preview:-1"},"canonical":"https:\/\/www.zeltwanger.de\/cz\/zadost-o-kontakt\/zakazkova-vyroba\/","og_locale":"cs_CZ","og_type":"article","og_title":"Zak\u00e1zkov\u00e1 v\u00fdroba | ZELTWANGER","og_description":"Kontaktujte n\u00e1\u0161 t\u00fdm odborn\u00edk\u016f pro p\u0159esnou zak\u00e1zkovou v\u00fdrobu ve stroj\u00edrenstv\u00ed. Od slo\u017eit\u00fdch strojn\u00edch d\u00edl\u016f p\u0159ipraven\u00fdch k instalaci a\u017e po mont\u00e1\u017e sestav a kompletn\u00edch syst\u00e9m\u016f \u2013 va\u0161e stroj\u00edrensk\u00e9 projekty realizujeme efektivn\u011b a spolehliv\u011b.","og_url":"https:\/\/www.zeltwanger.de\/cz\/zadost-o-kontakt\/zakazkova-vyroba\/","og_site_name":"ZELTWANGER","article_publisher":"https:\/\/www.facebook.com\/zeltwanger.karriere\/","article_modified_time":"2025-04-17T14:09:08+00:00","twitter_card":"summary_large_image","twitter_misc":{"Odhadovan\u00e1 doba \u010dten\u00ed":"1 minuta"},"schema":{"@context":"https:\/\/schema.org","@graph":[{"@type":"WebPage","@id":"https:\/\/www.zeltwanger.de\/cz\/zadost-o-kontakt\/zakazkova-vyroba\/","url":"https:\/\/www.zeltwanger.de\/cz\/zadost-o-kontakt\/zakazkova-vyroba\/","name":"Zak\u00e1zkov\u00e1 v\u00fdroba | ZELTWANGER","isPartOf":{"@id":"https:\/\/www.zeltwanger.de\/cz\/#website"},"datePublished":"2024-08-27T12:43:19+00:00","dateModified":"2025-04-17T14:09:08+00:00","description":"Kontaktujte n\u00e1\u0161 t\u00fdm odborn\u00edk\u016f pro p\u0159esnou zak\u00e1zkovou v\u00fdrobu ve stroj\u00edrenstv\u00ed. Od slo\u017eit\u00fdch strojn\u00edch d\u00edl\u016f p\u0159ipraven\u00fdch k instalaci a\u017e po mont\u00e1\u017e sestav a kompletn\u00edch syst\u00e9m\u016f \u2013 va\u0161e stroj\u00edrensk\u00e9 projekty realizujeme efektivn\u011b a spolehliv\u011b.","breadcrumb":{"@id":"https:\/\/www.zeltwanger.de\/cz\/zadost-o-kontakt\/zakazkova-vyroba\/#breadcrumb"},"inLanguage":"cs","potentialAction":[{"@type":"ReadAction","target":["https:\/\/www.zeltwanger.de\/cz\/zadost-o-kontakt\/zakazkova-vyroba\/"]}]},{"@type":"BreadcrumbList","@id":"https:\/\/www.zeltwanger.de\/cz\/zadost-o-kontakt\/zakazkova-vyroba\/#breadcrumb","itemListElement":[{"@type":"ListItem","position":1,"name":"Home","item":"https:\/\/www.zeltwanger.de\/cz\/homepage\/"},{"@type":"ListItem","position":2,"name":"\u017e\u00e1dost o kontakt","item":"https:\/\/www.zeltwanger.de\/cz\/zadost-o-kontakt\/"},{"@type":"ListItem","position":3,"name":"Zak\u00e1zkov\u00e1 v\u00fdroba"}]},{"@type":"WebSite","@id":"https:\/\/www.zeltwanger.de\/cz\/#website","url":"https:\/\/www.zeltwanger.de\/cz\/","name":"ZELTWANGER","description":"Innovation aus Freude an Technik","publisher":{"@id":"https:\/\/www.zeltwanger.de\/cz\/#organization"},"potentialAction":[{"@type":"SearchAction","target":{"@type":"EntryPoint","urlTemplate":"https:\/\/www.zeltwanger.de\/cz\/?s={search_term_string}"},"query-input":{"@type":"PropertyValueSpecification","valueRequired":true,"valueName":"search_term_string"}}],"inLanguage":"cs"},{"@type":"Organization","@id":"https:\/\/www.zeltwanger.de\/cz\/#organization","name":"ZELTWANGER","url":"https:\/\/www.zeltwanger.de\/cz\/","logo":{"@type":"ImageObject","inLanguage":"cs","@id":"https:\/\/www.zeltwanger.de\/cz\/#\/schema\/logo\/image\/","url":"https:\/\/www.zeltwanger.de\/app\/uploads\/2024\/03\/ZELTWANGER-Maennchen_nebeneinander_RGB_Screen_quadratisch_klein-e1710331495893.jpg","contentUrl":"https:\/\/www.zeltwanger.de\/app\/uploads\/2024\/03\/ZELTWANGER-Maennchen_nebeneinander_RGB_Screen_quadratisch_klein-e1710331495893.jpg","width":144,"height":144,"caption":"ZELTWANGER"},"image":{"@id":"https:\/\/www.zeltwanger.de\/cz\/#\/schema\/logo\/image\/"},"sameAs":["https:\/\/www.facebook.com\/zeltwanger.karriere\/","https:\/\/www.linkedin.com\/company\/11844117\/"]}]}},"_links":{"self":[{"href":"https:\/\/www.zeltwanger.de\/cz\/wp-json\/wp\/v2\/pages\/30762","targetHints":{"allow":["GET"]}}],"collection":[{"href":"https:\/\/www.zeltwanger.de\/cz\/wp-json\/wp\/v2\/pages"}],"about":[{"href":"https:\/\/www.zeltwanger.de\/cz\/wp-json\/wp\/v2\/types\/page"}],"author":[{"embeddable":true,"href":"https:\/\/www.zeltwanger.de\/cz\/wp-json\/wp\/v2\/users\/21"}],"replies":[{"embeddable":true,"href":"https:\/\/www.zeltwanger.de\/cz\/wp-json\/wp\/v2\/comments?post=30762"}],"version-history":[{"count":15,"href":"https:\/\/www.zeltwanger.de\/cz\/wp-json\/wp\/v2\/pages\/30762\/revisions"}],"predecessor-version":[{"id":33219,"href":"https:\/\/www.zeltwanger.de\/cz\/wp-json\/wp\/v2\/pages\/30762\/revisions\/33219"}],"up":[{"embeddable":true,"href":"https:\/\/www.zeltwanger.de\/cz\/wp-json\/wp\/v2\/pages\/23560"}],"wp:attachment":[{"href":"https:\/\/www.zeltwanger.de\/cz\/wp-json\/wp\/v2\/media?parent=30762"}],"curies":[{"name":"wp","href":"https:\/\/api.w.org\/{rel}","templated":true}]}}