{"id":28035,"date":"2023-11-29T16:21:21","date_gmt":"2023-11-29T15:21:21","guid":{"rendered":"https:\/\/www.zeltwanger.de\/dichtheitspruefverfahren\/"},"modified":"2023-12-20T11:31:55","modified_gmt":"2023-12-20T10:31:55","slug":"postup-zkousky-tesnosti","status":"publish","type":"page","link":"https:\/\/www.zeltwanger.de\/cz\/postup-zkousky-tesnosti\/","title":{"rendered":"Postup zkou\u0161ky t\u011bsnosti"},"content":{"rendered":"<div>\n<p>    <img decoding=\"async\" src=\"\/app\/uploads\/2023\/10\/ZELTWANGER_Dichtheitspruefung-4.jpg\" alt=\"ZELTWANGER: Postup zkou\u0161ky t\u011bsnosti\"><\/p>\n<p>Postup zkou\u0161ky t\u011bsnosti<\/p>\n<\/div>\n<h1>Zn\u00e1me spr\u00e1vn\u00fd zku\u0161ebn\u00ed postup<\/h1>\n<div>\n<p style=\"text-align: center;\">Pro zkou\u0161ku t\u011bsnosti jsou k\u00a0dispozici r\u016fzn\u00e9 zku\u0161ebn\u00ed metody, p\u0159i nich\u017e se vyu\u017e\u00edv\u00e1 vzduch nebo detek\u010dn\u00ed plyny. R\u00e1di v\u00e1m p\u0159edlo\u017e\u00edme komplexn\u00ed nab\u00eddku v\u00a0podob\u011b studi\u00ed proveditelnosti, abychom ur\u010dili optim\u00e1ln\u00ed zku\u0161ebn\u00ed postup pro va\u0161i specifikaci.<\/p>\n<\/div>\n<ul>\n<li>\n<p>        <img decoding=\"async\" src=\"\/app\/uploads\/2023\/11\/Icon_Dichtheitspruefung_mit_Luft.svg\" alt=\"Zku\u0161ebn\u00ed metody se vzduchem\"><\/p>\n<h3>Zku\u0161ebn\u00ed metody se vzduchem<\/h3>\n<div>Pomoc\u00ed m\u011b\u0159en\u00ed pr\u016ftoku a\u00a0zm\u011bny tlaku lze aplikovat mnoho \u00fa\u010dinn\u00fdch zku\u0161ebn\u00edch metod.<\/div>\n<p><a href=\"\/cz\/technologie\/test-tesnosti\/test-tesnosti-vzduchem\/postup-testovani-tesnosti-vzduchem\/\">Zjistit v\u00edce<\/a><\/p>\n<\/li>\n<li>\n<p>        <img decoding=\"async\" src=\"\/app\/uploads\/2023\/11\/Icon_Dichtheitspruefung_mit_Nachweisgas.svg\" alt=\"Zku\u0161ebn\u00ed metody s\u00a0detek\u010dn\u00edmi plyny\"><\/p>\n<h3>Zku\u0161ebn\u00ed metody s\u00a0detek\u010dn\u00edmi plyny<\/h3>\n<div>Testov\u00e1n\u00ed net\u011bsnost\u00ed s\u00a0detek\u010dn\u00edmi plyny, jako je helium, umo\u017e\u0148uje odhalit i\u00a0ty nejmen\u0161\u00ed net\u011bsnosti.<\/div>\n<p><a href=\"\/cz\/technologie\/test-tesnosti\/test-tesnosti-indikacnimi-plyny\/\">Zjistit v\u00edce<\/a><\/p>\n<\/li>\n<\/ul>\n<p><!--more--><br \/>\n<!-- {\"type\":\"layout\",\"children\":[{\"type\":\"section\",\"props\":{\"image_position\":\"center-center\",\"padding_remove_bottom\":true,\"padding_remove_top\":true,\"style\":\"default\",\"title_breakpoint\":\"xl\",\"title_position\":\"top-left\",\"title_rotation\":\"left\",\"vertical_align\":\"middle\",\"width\":\"\"},\"children\":[{\"type\":\"row\",\"children\":[{\"type\":\"column\",\"props\":{\"image_position\":\"center-center\",\"position_sticky_breakpoint\":\"m\",\"width_medium\":\"1-1\"},\"children\":[{\"type\":\"slideshow\",\"props\":{\"class\":\"like-mobile-panel-slider sub-page \",\"css\":\"li.el-item {\\n\\n}\",\"image_height\":\"929px\",\"image_loading\":true,\"image_width\":\"2548px\",\"link_style\":\"primary\",\"link_text\":\"Read more\",\"margin\":\"default\",\"meta_align\":\"above-title\",\"meta_element\":\"h1\",\"meta_style\":\"h2\",\"nav\":\"\",\"nav_align\":\"center\",\"nav_below\":false,\"nav_breakpoint\":\"s\",\"nav_position\":\"bottom-center\",\"nav_position_margin\":\"medium\",\"nav_vertical\":false,\"overlay_animation\":\"parallax\",\"overlay_container\":\"large\",\"overlay_parallax_x\":\"90\",\"overlay_parallax_y\":\"0\",\"overlay_position\":\"bottom-left\",\"overlay_style\":\"overlay-primary\",\"overlay_width\":\"xlarge\",\"show_content\":true,\"show_link\":true,\"show_meta\":true,\"show_thumbnail\":false,\"show_title\":true,\"slidenav\":\"default\",\"slidenav_breakpoint\":\"s\",\"slidenav_hover\":true,\"slidenav_large\":false,\"slidenav_margin\":\"small\",\"slidenav_outside_breakpoint\":\"xl\",\"slideshow_autoplay\":true,\"slideshow_autoplay_interval\":\"10\",\"slideshow_autoplay_pause\":false,\"slideshow_max_height\":\"700\",\"slideshow_min_height\":\"500\",\"slideshow_velocity\":\"0.5\",\"text_align\":\"left\",\"text_align_breakpoint\":\"s\",\"text_align_fallback\":\"center\",\"text_color\":\"light\",\"thumbnav_height\":\"75\",\"thumbnav_svg_color\":\"emphasis\",\"thumbnav_width\":\"100\",\"title_element\":\"h1\",\"title_style\":\"h1\"},\"children\":[{\"type\":\"slideshow_item\",\"props\":{\"content\":\"\",\"image\":\"app\\\/uploads\\\/2023\\\/10\\\/ZELTWANGER_Dichtheitspruefung-4.jpg\",\"image_alt\":\"ZELTWANGER: Postup zkou\\u0161ky t\\u011bsnosti\",\"meta\":\"Postup zkou\\u0161ky t\\u011bsnosti\",\"title\":\"\"}}]}]}]}],\"name\":\"Header - neu - single\"},{\"type\":\"section\",\"props\":{\"class\":\"breadcrumb\",\"image_position\":\"center-center\",\"padding\":\"xsmall\",\"padding_remove_bottom\":true,\"padding_remove_top\":false,\"style\":\"default\",\"title_breakpoint\":\"xl\",\"title_position\":\"top-left\",\"title_rotation\":\"left\",\"vertical_align\":\"middle\",\"width\":\"default\"},\"children\":[{\"type\":\"row\",\"props\":{\"width\":\"default\"},\"children\":[{\"type\":\"column\",\"props\":{\"image_position\":\"center-center\",\"position_sticky_breakpoint\":\"m\",\"width_medium\":\"1-1\"},\"children\":[{\"type\":\"breadcrumbs\",\"props\":{\"image_svg_color\":\"emphasis\",\"margin\":\"default\"}}]}]}],\"name\":\"Breadcrumb\"},{\"type\":\"section\",\"props\":{\"image_position\":\"center-center\",\"padding_remove_top\":true,\"style\":\"default\",\"title_breakpoint\":\"xl\",\"title_position\":\"top-left\",\"title_rotation\":\"left\",\"vertical_align\":\"middle\",\"width\":\"small\"},\"children\":[{\"type\":\"row\",\"children\":[{\"type\":\"column\",\"props\":{\"image_position\":\"center-center\",\"position_sticky_breakpoint\":\"m\"},\"children\":[{\"type\":\"headline\",\"props\":{\"content\":\"Zn\\u00e1me spr\\u00e1vn\\u00fd zku\\u0161ebn\\u00ed postup\",\"text_align\":\"center\",\"title_element\":\"h1\"}},{\"type\":\"text\",\"props\":{\"column_breakpoint\":\"m\",\"content\":\"\n\n<p style=\\\"text-align: center;\\\">Pro zkou\\u0161ku t\\u011bsnosti jsou k\\u00a0dispozici r\\u016fzn\\u00e9 zku\\u0161ebn\\u00ed metody, p\\u0159i nich\\u017e se vyu\\u017e\\u00edv\\u00e1 vzduch nebo detek\\u010dn\\u00ed plyny. R\\u00e1di v\\u00e1m p\\u0159edlo\\u017e\\u00edme komplexn\\u00ed nab\\u00eddku v\\u00a0podob\\u011b studi\\u00ed proveditelnosti, abychom ur\\u010dili optim\\u00e1ln\\u00ed zku\\u0161ebn\\u00ed postup pro va\\u0161i specifikaci.<\\\/p>\",\"margin\":\"default\"}}]}]}]},{\"type\":\"section\",\"props\":{\"image_position\":\"center-center\",\"padding_remove_top\":true,\"style\":\"default\",\"title_breakpoint\":\"xl\",\"title_position\":\"top-left\",\"title_rotation\":\"left\",\"vertical_align\":\"middle\",\"width\":\"default\"},\"children\":[{\"type\":\"row\",\"children\":[{\"type\":\"column\",\"props\":{\"image_position\":\"center-center\",\"position_sticky_breakpoint\":\"m\"},\"children\":[{\"type\":\"grid\",\"props\":{\"content_column_breakpoint\":\"m\",\"filter_align\":\"left\",\"filter_all\":true,\"filter_grid_breakpoint\":\"m\",\"filter_grid_width\":\"auto\",\"filter_position\":\"top\",\"filter_style\":\"tab\",\"grid_default\":\"1\",\"grid_medium\":\"2\",\"icon_width\":80,\"image_align\":\"left\",\"image_grid_breakpoint\":\"m\",\"image_grid_width\":\"auto\",\"image_svg_color\":\"emphasis\",\"item_animation\":true,\"link_style\":\"primary\",\"link_text\":\"Read more\",\"margin\":\"default\",\"meta_align\":\"below-title\",\"meta_element\":\"div\",\"meta_style\":\"text-meta\",\"panel_padding\":\"default\",\"panel_style\":\"card-default\",\"show_content\":true,\"show_image\":true,\"show_link\":true,\"show_meta\":true,\"show_title\":true,\"title_align\":\"top\",\"title_color\":\"primary\",\"title_element\":\"h3\",\"title_grid_breakpoint\":\"m\",\"title_grid_width\":\"1-2\",\"title_hover_style\":\"reset\"},\"children\":[{\"type\":\"grid_item\",\"props\":{\"content\":\"Pomoc\\u00ed m\\u011b\\u0159en\\u00ed pr\\u016ftoku a\\u00a0zm\\u011bny tlaku lze aplikovat mnoho \\u00fa\\u010dinn\\u00fdch zku\\u0161ebn\\u00edch metod.\",\"image\":\"app\\\/uploads\\\/2023\\\/11\\\/Icon_Dichtheitspruefung_mit_Luft.svg\",\"image_alt\":\"Zku\\u0161ebn\\u00ed metody se vzduchem\",\"link\":\"\\\/cz\\\/technologie\\\/test-tesnosti\\\/test-tesnosti-vzduchem\\\/postup-testovani-tesnosti-vzduchem\\\/\",\"link_text\":\"Zjistit v\\u00edce\",\"title\":\"Zku\\u0161ebn\\u00ed metody se vzduchem\"}},{\"type\":\"grid_item\",\"props\":{\"content\":\"Testov\\u00e1n\\u00ed net\\u011bsnost\\u00ed s\\u00a0detek\\u010dn\\u00edmi plyny, jako je helium, umo\\u017e\\u0148uje odhalit i\\u00a0ty nejmen\\u0161\\u00ed net\\u011bsnosti.\",\"image\":\"app\\\/uploads\\\/2023\\\/11\\\/Icon_Dichtheitspruefung_mit_Nachweisgas.svg\",\"image_alt\":\"Zku\\u0161ebn\\u00ed metody s\\u00a0detek\\u010dn\\u00edmi plyny\",\"link\":\"\\\/cz\\\/technologie\\\/test-tesnosti\\\/test-tesnosti-indikacnimi-plyny\\\/\",\"link_text\":\"Zjistit v\\u00edce\",\"title\":\"Zku\\u0161ebn\\u00ed metody s\\u00a0detek\\u010dn\\u00edmi plyny\"}}]}]}]}]}],\"version\":\"4.2.10\"} --><\/p>\n","protected":false},"excerpt":{"rendered":"<p>Postup zkou\u0161ky t\u011bsnosti Zn\u00e1me spr\u00e1vn\u00fd zku\u0161ebn\u00ed postup Pro zkou\u0161ku t\u011bsnosti jsou k\u00a0dispozici r\u016fzn\u00e9 zku\u0161ebn\u00ed metody, p\u0159i nich\u017e se vyu\u017e\u00edv\u00e1 vzduch nebo detek\u010dn\u00ed plyny. R\u00e1di v\u00e1m p\u0159edlo\u017e\u00edme komplexn\u00ed nab\u00eddku v\u00a0podob\u011b studi\u00ed proveditelnosti, abychom ur\u010dili optim\u00e1ln\u00ed zku\u0161ebn\u00ed postup pro va\u0161i specifikaci. Zku\u0161ebn\u00ed metody se vzduchem Pomoc\u00ed m\u011b\u0159en\u00ed pr\u016ftoku a\u00a0zm\u011bny tlaku lze aplikovat mnoho \u00fa\u010dinn\u00fdch zku\u0161ebn\u00edch metod. Zjistit [&hellip;]<\/p>\n","protected":false},"author":21,"featured_media":0,"parent":0,"menu_order":0,"comment_status":"closed","ping_status":"closed","template":"","meta":{"_acf_changed":false,"footnotes":""},"class_list":["post-28035","page","type-page","status-publish","hentry"],"acf":[],"yoast_head":"<!-- This site is optimized with the Yoast SEO plugin v27.4 - https:\/\/yoast.com\/product\/yoast-seo-wordpress\/ -->\n<title>Postup zkou\u0161ky t\u011bsnosti | ZELTWANGER<\/title>\n<meta name=\"description\" content=\"M\u011b\u0159en\u00ed pr\u016ftoku, m\u011b\u0159en\u00ed zm\u011bny tlaku, zkou\u0161ka \u010dichem, akumula\u010dn\u00ed zkou\u0161ka, vakuov\u00e1 zkou\u0161ka: ZELTWANGER nab\u00edz\u00ed v\u0161echny b\u011b\u017en\u00e9 zku\u0161ebn\u00ed metody.\" \/>\n<meta name=\"robots\" content=\"index, follow, max-snippet:-1, max-image-preview:large, max-video-preview:-1\" \/>\n<link rel=\"canonical\" href=\"https:\/\/www.zeltwanger.de\/cz\/postup-zkousky-tesnosti\/\" \/>\n<meta property=\"og:locale\" content=\"cs_CZ\" \/>\n<meta property=\"og:type\" content=\"article\" \/>\n<meta property=\"og:title\" content=\"Postup zkou\u0161ky t\u011bsnosti | ZELTWANGER\" \/>\n<meta property=\"og:description\" content=\"M\u011b\u0159en\u00ed pr\u016ftoku, m\u011b\u0159en\u00ed zm\u011bny tlaku, zkou\u0161ka \u010dichem, akumula\u010dn\u00ed zkou\u0161ka, vakuov\u00e1 zkou\u0161ka: ZELTWANGER nab\u00edz\u00ed v\u0161echny b\u011b\u017en\u00e9 zku\u0161ebn\u00ed metody.\" \/>\n<meta property=\"og:url\" content=\"https:\/\/www.zeltwanger.de\/cz\/postup-zkousky-tesnosti\/\" \/>\n<meta property=\"og:site_name\" content=\"ZELTWANGER\" \/>\n<meta property=\"article:publisher\" content=\"https:\/\/www.facebook.com\/zeltwanger.karriere\/\" \/>\n<meta property=\"article:modified_time\" content=\"2023-12-20T10:31:55+00:00\" \/>\n<meta name=\"twitter:card\" content=\"summary_large_image\" \/>\n<meta name=\"twitter:label1\" content=\"Odhadovan\u00e1 doba \u010dten\u00ed\" \/>\n\t<meta name=\"twitter:data1\" content=\"1 minuta\" \/>\n<script type=\"application\/ld+json\" class=\"yoast-schema-graph\">{\"@context\":\"https:\\\/\\\/schema.org\",\"@graph\":[{\"@type\":\"WebPage\",\"@id\":\"https:\\\/\\\/www.zeltwanger.de\\\/cz\\\/postup-zkousky-tesnosti\\\/\",\"url\":\"https:\\\/\\\/www.zeltwanger.de\\\/cz\\\/postup-zkousky-tesnosti\\\/\",\"name\":\"Postup zkou\u0161ky t\u011bsnosti | ZELTWANGER\",\"isPartOf\":{\"@id\":\"https:\\\/\\\/www.zeltwanger.de\\\/cz\\\/#website\"},\"datePublished\":\"2023-11-29T15:21:21+00:00\",\"dateModified\":\"2023-12-20T10:31:55+00:00\",\"description\":\"M\u011b\u0159en\u00ed pr\u016ftoku, m\u011b\u0159en\u00ed zm\u011bny tlaku, zkou\u0161ka \u010dichem, akumula\u010dn\u00ed zkou\u0161ka, vakuov\u00e1 zkou\u0161ka: ZELTWANGER nab\u00edz\u00ed v\u0161echny b\u011b\u017en\u00e9 zku\u0161ebn\u00ed metody.\",\"breadcrumb\":{\"@id\":\"https:\\\/\\\/www.zeltwanger.de\\\/cz\\\/postup-zkousky-tesnosti\\\/#breadcrumb\"},\"inLanguage\":\"cs\",\"potentialAction\":[{\"@type\":\"ReadAction\",\"target\":[\"https:\\\/\\\/www.zeltwanger.de\\\/cz\\\/postup-zkousky-tesnosti\\\/\"]}]},{\"@type\":\"BreadcrumbList\",\"@id\":\"https:\\\/\\\/www.zeltwanger.de\\\/cz\\\/postup-zkousky-tesnosti\\\/#breadcrumb\",\"itemListElement\":[{\"@type\":\"ListItem\",\"position\":1,\"name\":\"Home\",\"item\":\"https:\\\/\\\/www.zeltwanger.de\\\/cz\\\/homepage\\\/\"},{\"@type\":\"ListItem\",\"position\":2,\"name\":\"Postup zkou\u0161ky t\u011bsnosti\"}]},{\"@type\":\"WebSite\",\"@id\":\"https:\\\/\\\/www.zeltwanger.de\\\/cz\\\/#website\",\"url\":\"https:\\\/\\\/www.zeltwanger.de\\\/cz\\\/\",\"name\":\"ZELTWANGER\",\"description\":\"Innovation aus Freude an Technik\",\"publisher\":{\"@id\":\"https:\\\/\\\/www.zeltwanger.de\\\/cz\\\/#organization\"},\"potentialAction\":[{\"@type\":\"SearchAction\",\"target\":{\"@type\":\"EntryPoint\",\"urlTemplate\":\"https:\\\/\\\/www.zeltwanger.de\\\/cz\\\/?s={search_term_string}\"},\"query-input\":{\"@type\":\"PropertyValueSpecification\",\"valueRequired\":true,\"valueName\":\"search_term_string\"}}],\"inLanguage\":\"cs\"},{\"@type\":\"Organization\",\"@id\":\"https:\\\/\\\/www.zeltwanger.de\\\/cz\\\/#organization\",\"name\":\"ZELTWANGER\",\"url\":\"https:\\\/\\\/www.zeltwanger.de\\\/cz\\\/\",\"logo\":{\"@type\":\"ImageObject\",\"inLanguage\":\"cs\",\"@id\":\"https:\\\/\\\/www.zeltwanger.de\\\/cz\\\/#\\\/schema\\\/logo\\\/image\\\/\",\"url\":\"https:\\\/\\\/www.zeltwanger.de\\\/app\\\/uploads\\\/2024\\\/03\\\/ZELTWANGER-Maennchen_nebeneinander_RGB_Screen_quadratisch_klein-e1710331495893.jpg\",\"contentUrl\":\"https:\\\/\\\/www.zeltwanger.de\\\/app\\\/uploads\\\/2024\\\/03\\\/ZELTWANGER-Maennchen_nebeneinander_RGB_Screen_quadratisch_klein-e1710331495893.jpg\",\"width\":144,\"height\":144,\"caption\":\"ZELTWANGER\"},\"image\":{\"@id\":\"https:\\\/\\\/www.zeltwanger.de\\\/cz\\\/#\\\/schema\\\/logo\\\/image\\\/\"},\"sameAs\":[\"https:\\\/\\\/www.facebook.com\\\/zeltwanger.karriere\\\/\",\"https:\\\/\\\/www.linkedin.com\\\/company\\\/11844117\\\/\"]}]}<\/script>\n<!-- \/ Yoast SEO plugin. -->","yoast_head_json":{"title":"Postup zkou\u0161ky t\u011bsnosti | ZELTWANGER","description":"M\u011b\u0159en\u00ed pr\u016ftoku, m\u011b\u0159en\u00ed zm\u011bny tlaku, zkou\u0161ka \u010dichem, akumula\u010dn\u00ed zkou\u0161ka, vakuov\u00e1 zkou\u0161ka: ZELTWANGER nab\u00edz\u00ed v\u0161echny b\u011b\u017en\u00e9 zku\u0161ebn\u00ed metody.","robots":{"index":"index","follow":"follow","max-snippet":"max-snippet:-1","max-image-preview":"max-image-preview:large","max-video-preview":"max-video-preview:-1"},"canonical":"https:\/\/www.zeltwanger.de\/cz\/postup-zkousky-tesnosti\/","og_locale":"cs_CZ","og_type":"article","og_title":"Postup zkou\u0161ky t\u011bsnosti | ZELTWANGER","og_description":"M\u011b\u0159en\u00ed pr\u016ftoku, m\u011b\u0159en\u00ed zm\u011bny tlaku, zkou\u0161ka \u010dichem, akumula\u010dn\u00ed zkou\u0161ka, vakuov\u00e1 zkou\u0161ka: ZELTWANGER nab\u00edz\u00ed v\u0161echny b\u011b\u017en\u00e9 zku\u0161ebn\u00ed metody.","og_url":"https:\/\/www.zeltwanger.de\/cz\/postup-zkousky-tesnosti\/","og_site_name":"ZELTWANGER","article_publisher":"https:\/\/www.facebook.com\/zeltwanger.karriere\/","article_modified_time":"2023-12-20T10:31:55+00:00","twitter_card":"summary_large_image","twitter_misc":{"Odhadovan\u00e1 doba \u010dten\u00ed":"1 minuta"},"schema":{"@context":"https:\/\/schema.org","@graph":[{"@type":"WebPage","@id":"https:\/\/www.zeltwanger.de\/cz\/postup-zkousky-tesnosti\/","url":"https:\/\/www.zeltwanger.de\/cz\/postup-zkousky-tesnosti\/","name":"Postup zkou\u0161ky t\u011bsnosti | ZELTWANGER","isPartOf":{"@id":"https:\/\/www.zeltwanger.de\/cz\/#website"},"datePublished":"2023-11-29T15:21:21+00:00","dateModified":"2023-12-20T10:31:55+00:00","description":"M\u011b\u0159en\u00ed pr\u016ftoku, m\u011b\u0159en\u00ed zm\u011bny tlaku, zkou\u0161ka \u010dichem, akumula\u010dn\u00ed zkou\u0161ka, vakuov\u00e1 zkou\u0161ka: ZELTWANGER nab\u00edz\u00ed v\u0161echny b\u011b\u017en\u00e9 zku\u0161ebn\u00ed metody.","breadcrumb":{"@id":"https:\/\/www.zeltwanger.de\/cz\/postup-zkousky-tesnosti\/#breadcrumb"},"inLanguage":"cs","potentialAction":[{"@type":"ReadAction","target":["https:\/\/www.zeltwanger.de\/cz\/postup-zkousky-tesnosti\/"]}]},{"@type":"BreadcrumbList","@id":"https:\/\/www.zeltwanger.de\/cz\/postup-zkousky-tesnosti\/#breadcrumb","itemListElement":[{"@type":"ListItem","position":1,"name":"Home","item":"https:\/\/www.zeltwanger.de\/cz\/homepage\/"},{"@type":"ListItem","position":2,"name":"Postup zkou\u0161ky t\u011bsnosti"}]},{"@type":"WebSite","@id":"https:\/\/www.zeltwanger.de\/cz\/#website","url":"https:\/\/www.zeltwanger.de\/cz\/","name":"ZELTWANGER","description":"Innovation aus Freude an Technik","publisher":{"@id":"https:\/\/www.zeltwanger.de\/cz\/#organization"},"potentialAction":[{"@type":"SearchAction","target":{"@type":"EntryPoint","urlTemplate":"https:\/\/www.zeltwanger.de\/cz\/?s={search_term_string}"},"query-input":{"@type":"PropertyValueSpecification","valueRequired":true,"valueName":"search_term_string"}}],"inLanguage":"cs"},{"@type":"Organization","@id":"https:\/\/www.zeltwanger.de\/cz\/#organization","name":"ZELTWANGER","url":"https:\/\/www.zeltwanger.de\/cz\/","logo":{"@type":"ImageObject","inLanguage":"cs","@id":"https:\/\/www.zeltwanger.de\/cz\/#\/schema\/logo\/image\/","url":"https:\/\/www.zeltwanger.de\/app\/uploads\/2024\/03\/ZELTWANGER-Maennchen_nebeneinander_RGB_Screen_quadratisch_klein-e1710331495893.jpg","contentUrl":"https:\/\/www.zeltwanger.de\/app\/uploads\/2024\/03\/ZELTWANGER-Maennchen_nebeneinander_RGB_Screen_quadratisch_klein-e1710331495893.jpg","width":144,"height":144,"caption":"ZELTWANGER"},"image":{"@id":"https:\/\/www.zeltwanger.de\/cz\/#\/schema\/logo\/image\/"},"sameAs":["https:\/\/www.facebook.com\/zeltwanger.karriere\/","https:\/\/www.linkedin.com\/company\/11844117\/"]}]}},"_links":{"self":[{"href":"https:\/\/www.zeltwanger.de\/cz\/wp-json\/wp\/v2\/pages\/28035","targetHints":{"allow":["GET"]}}],"collection":[{"href":"https:\/\/www.zeltwanger.de\/cz\/wp-json\/wp\/v2\/pages"}],"about":[{"href":"https:\/\/www.zeltwanger.de\/cz\/wp-json\/wp\/v2\/types\/page"}],"author":[{"embeddable":true,"href":"https:\/\/www.zeltwanger.de\/cz\/wp-json\/wp\/v2\/users\/21"}],"replies":[{"embeddable":true,"href":"https:\/\/www.zeltwanger.de\/cz\/wp-json\/wp\/v2\/comments?post=28035"}],"version-history":[{"count":2,"href":"https:\/\/www.zeltwanger.de\/cz\/wp-json\/wp\/v2\/pages\/28035\/revisions"}],"predecessor-version":[{"id":28039,"href":"https:\/\/www.zeltwanger.de\/cz\/wp-json\/wp\/v2\/pages\/28035\/revisions\/28039"}],"wp:attachment":[{"href":"https:\/\/www.zeltwanger.de\/cz\/wp-json\/wp\/v2\/media?parent=28035"}],"curies":[{"name":"wp","href":"https:\/\/api.w.org\/{rel}","templated":true}]}}