{"id":27417,"date":"2023-11-16T10:32:34","date_gmt":"2023-11-16T09:32:34","guid":{"rendered":"https:\/\/www.zeltwanger.de\/branchen-anwendungen\/"},"modified":"2025-06-03T15:47:04","modified_gmt":"2025-06-03T13:47:04","slug":"odvetvi-a-aplikace","status":"publish","type":"page","link":"https:\/\/www.zeltwanger.de\/cz\/odvetvi-a-aplikace\/","title":{"rendered":"Odv\u011btv\u00ed a aplikace"},"content":{"rendered":"<div>\n<p>    <img decoding=\"async\" src=\"\/app\/uploads\/2023\/10\/ZELTWANGER_Unternehmensgruppe.jpg\" alt=\"Odv\u011btv\u00ed a aplikace\"><\/p>\n<p>Odv\u011btv\u00ed a aplikace<\/p>\n<div>\u0158e\u0161en\u00ed pro testov\u00e1n\u00ed t\u011bsnosti pro speci\u00e1ln\u00ed oblasti pou\u017eit\u00ed<\/div>\n<\/div>\n<h1>\u0158E\u0160EN\u00cd PRO VA\u0160E ODV\u011aTV\u00cd<\/h1>\n<div>\n<p style=\"text-align: center;\">Ve v\u0161ech v\u00fdrobn\u00edch odv\u011btv\u00edch jsou zkou\u0161ky t\u011bsnosti st\u0159edobodem proces\u016f zaji\u0161t\u011bn\u00ed kvality. Realizujeme \u0159e\u0161en\u00ed na m\u00edru pro ka\u017edou technickou v\u00fdzvu.<\/p>\n<\/div>\n<ul>\n<li>\n<p>        <img decoding=\"async\" src=\"\/app\/uploads\/2023\/12\/Icon_Batterie.svg\" alt=\"Batterie Icon\"><\/p>\n<div>\n<div class=\"el-title uk-text-lead uk-margin-top uk-margin-remove-bottom\">Zkou\u0161ka t\u011bsnosti bateriov\u00fdch \u010dl\u00e1nk\u016f, modul\u016f a\u00a0akumul\u00e1tor\u016f<\/div>\n<\/div>\n<p><a href=\"https:\/\/www.zeltwanger.de\/cz\/zkouska-tesnosti-baterii\/\">Zjistit v\u00edce<\/a><\/p>\n<\/li>\n<li>\n<p>        <img decoding=\"async\" src=\"\/app\/uploads\/2023\/12\/Icon_Brennstoffzelle-1.svg\" alt=\"Brennstoffzelle Icon\"><\/p>\n<div>\n<div class=\"el-title uk-text-lead uk-margin-top uk-margin-remove-bottom\">Zkou\u0161ka t\u011bsnosti palivov\u00fdch \u010dl\u00e1nk\u016f a\u00a0elektrolyz\u00e9r\u016f<\/div>\n<\/div>\n<p><a href=\"https:\/\/www.zeltwanger.de\/cz\/zkouska-tesnosti-palivovych-clanku\/\">Zjistit v\u00edce<\/a><\/p>\n<\/li>\n<li>\n<p>        <img decoding=\"async\" src=\"\/app\/uploads\/2023\/12\/Icon_Branche_Medizintechnik.svg\" alt=\"Medizin Icon\"><\/p>\n<div>\n<div class=\"el-title uk-text-lead uk-margin-top uk-margin-remove-bottom\">Zkou\u0161ky t\u011bsnosti a\u00a0funkce zdravotnick\u00fdch prost\u0159edk\u016f<\/div>\n<\/div>\n<p><a href=\"https:\/\/www.zeltwanger.de\/cz\/zkouska-tesnosti-zdravotnickych-prostredku\/\">Zjistit v\u00edce<\/a><\/p>\n<\/li>\n<li>\n<p>        <img decoding=\"async\" src=\"\/app\/uploads\/2023\/12\/Icon_Biopharma-2.svg\" alt=\"Biopharma Icon\"><\/p>\n<div>\n<div class=\"el-title uk-text-lead uk-margin-top uk-margin-remove-bottom\">Zkou\u0161ka integrity v\u00a0oblasti biofarmaceutick\u00fdch a\u00a0p\u0159\u00edrodn\u00edch v\u011bd<\/div>\n<\/div>\n<p><a href=\"https:\/\/www.zeltwanger.de\/cz\/zkousky-integrity-spolecnosti-biopharma\/\">Zjistit v\u00edce<\/a><\/p>\n<\/li>\n<\/ul>\n<p><!--more--><br \/>\n<!-- {\"type\":\"layout\",\"children\":[{\"type\":\"section\",\"props\":{\"image_position\":\"center-center\",\"padding_remove_bottom\":true,\"padding_remove_top\":true,\"style\":\"default\",\"title_breakpoint\":\"xl\",\"title_position\":\"top-left\",\"title_rotation\":\"left\",\"vertical_align\":\"\",\"width\":\"\"},\"children\":[{\"type\":\"row\",\"children\":[{\"type\":\"column\",\"props\":{\"image_position\":\"center-center\",\"position_sticky_breakpoint\":\"m\",\"width_medium\":\"1-1\"},\"children\":[{\"type\":\"slideshow\",\"props\":{\"class\":\"like-mobile-panel-slider sub-page \",\"css\":\"@media screen and (min-width: 960px) {\\n.el-element img{\\nleft: unset;\\ntop: unset; \\n--uk-position-translate-x: unset; \\n--uk-position-translate-y: unset; \\ntransform:unset; \\nbottom: 0;\\n}}\",\"image_height\":\"929px\",\"image_loading\":true,\"image_width\":\"2548px\",\"link_style\":\"primary\",\"link_text\":\"Read more\",\"margin\":\"default\",\"meta_align\":\"above-title\",\"meta_element\":\"h1\",\"meta_style\":\"h2\",\"nav\":\"\",\"nav_align\":\"center\",\"nav_below\":false,\"nav_breakpoint\":\"s\",\"nav_position\":\"bottom-center\",\"nav_position_margin\":\"medium\",\"nav_vertical\":false,\"overlay_animation\":\"parallax\",\"overlay_container\":\"large\",\"overlay_parallax_x\":\"90\",\"overlay_parallax_y\":\"0\",\"overlay_position\":\"bottom-left\",\"overlay_style\":\"overlay-primary\",\"overlay_width\":\"xlarge\",\"show_content\":true,\"show_link\":true,\"show_meta\":true,\"show_thumbnail\":false,\"show_title\":true,\"slidenav\":\"default\",\"slidenav_breakpoint\":\"s\",\"slidenav_hover\":true,\"slidenav_large\":false,\"slidenav_margin\":\"small\",\"slidenav_outside_breakpoint\":\"xl\",\"slideshow_autoplay\":true,\"slideshow_autoplay_interval\":\"10\",\"slideshow_autoplay_pause\":false,\"slideshow_max_height\":\"700\",\"slideshow_min_height\":\"500\",\"slideshow_velocity\":\"0.5\",\"text_align\":\"left\",\"text_align_breakpoint\":\"s\",\"text_align_fallback\":\"center\",\"text_color\":\"light\",\"thumbnav_height\":\"75\",\"thumbnav_svg_color\":\"emphasis\",\"thumbnav_width\":\"100\",\"title_element\":\"h1\",\"title_hover_style\":\"reset\",\"title_style\":\"h1\"},\"children\":[{\"type\":\"slideshow_item\",\"props\":{\"content\":\"\\u0158e\\u0161en\\u00ed pro testov\\u00e1n\\u00ed t\\u011bsnosti pro speci\\u00e1ln\\u00ed oblasti pou\\u017eit\\u00ed\",\"image\":\"app\\\/uploads\\\/2023\\\/10\\\/ZELTWANGER_Unternehmensgruppe.jpg\",\"image_alt\":\"Odv\\u011btv\\u00ed a aplikace\",\"meta\":\"Odv\\u011btv\\u00ed a aplikace\",\"title\":\"\"}}]}]}]}],\"name\":\"Header - neu - single\"},{\"type\":\"section\",\"props\":{\"image_position\":\"center-center\",\"padding_remove_bottom\":true,\"style\":\"default\",\"title_breakpoint\":\"xl\",\"title_position\":\"top-left\",\"title_rotation\":\"left\",\"vertical_align\":\"\",\"width\":\"small\"},\"children\":[{\"type\":\"row\",\"children\":[{\"type\":\"column\",\"props\":{\"image_position\":\"center-center\",\"position_sticky_breakpoint\":\"m\"},\"children\":[{\"type\":\"headline\",\"props\":{\"content\":\"\\u0158E\\u0160EN\\u00cd PRO VA\\u0160E ODV\\u011aTV\\u00cd\",\"text_align\":\"center\",\"title_element\":\"h1\"}},{\"type\":\"text\",\"props\":{\"column_breakpoint\":\"m\",\"content\":\"\n\n<p style=\\\"text-align: center;\\\">Ve v\\u0161ech v\\u00fdrobn\\u00edch odv\\u011btv\\u00edch jsou zkou\\u0161ky t\\u011bsnosti st\\u0159edobodem proces\\u016f zaji\\u0161t\\u011bn\\u00ed kvality. Realizujeme \\u0159e\\u0161en\\u00ed na m\\u00edru pro ka\\u017edou technickou v\\u00fdzvu.<\\\/p>\",\"margin\":\"default\",\"text_align\":\"left\"}}]}]}],\"name\":\"Technologien Intro Text\"},{\"type\":\"section\",\"props\":{\"image_position\":\"center-center\",\"overlap\":false,\"status\":\"disabled\",\"style\":\"default\",\"title_breakpoint\":\"xl\",\"title_position\":\"top-left\",\"title_rotation\":\"left\",\"vertical_align\":\"\",\"width\":\"default\"},\"children\":[{\"type\":\"row\",\"props\":{\"layout\":\"1-2,1-2\"},\"children\":[{\"type\":\"column\",\"props\":{\"image_position\":\"center-center\",\"position_sticky_breakpoint\":\"m\",\"width_medium\":\"1-2\"},\"children\":[{\"type\":\"panel\",\"props\":{\"content\":\"\",\"content_column_breakpoint\":\"m\",\"icon_width\":80,\"image\":\"app\\\/uploads\\\/2023\\\/11\\\/ZELTWANGER_Batteriemodul.jpg\",\"image_align\":\"top\",\"image_alt\":\"Testov\\u00e1n\\u00ed t\\u011bsnosti bateriov\\u00fdch \\u010dl\\u00e1nk\\u016f, modul\\u016f a bateriov\\u00fdch sad\",\"image_grid_breakpoint\":\"m\",\"image_grid_width\":\"1-2\",\"image_link\":false,\"image_svg_color\":\"emphasis\",\"image_transition\":\"scale-up\",\"link\":\"\\\/cz\\\/battery-leak-testing\\\/\",\"link_style\":\"primary\",\"link_text\":\"dozv\\u011bd\\u011bt se v\\u00edce\",\"margin\":\"default\",\"margin_remove_bottom\":false,\"meta_align\":\"below-title\",\"meta_element\":\"div\",\"meta_style\":\"text-meta\",\"panel_image_no_padding\":true,\"panel_link\":false,\"panel_padding\":\"default\",\"panel_style\":\"card-default\",\"title\":\"Zkou\\u0161ka t\\u011bsnosti bateriov\\u00fdch \\u010dl\\u00e1nk\\u016f, modul\\u016f a\\u00a0akumul\\u00e1tor\\u016f\",\"title_align\":\"top\",\"title_element\":\"div\",\"title_grid_breakpoint\":\"m\",\"title_grid_width\":\"1-2\",\"title_hover_style\":\"\",\"title_link\":false,\"title_style\":\"text-lead\"}},{\"type\":\"panel\",\"props\":{\"content\":\"\",\"content_column_breakpoint\":\"m\",\"icon_width\":80,\"image\":\"app\\\/uploads\\\/2023\\\/11\\\/ZELTWANGER_Medizintechnik.jpg\",\"image_align\":\"top\",\"image_alt\":\"Testov\\u00e1n\\u00ed t\\u011bsnosti a funk\\u010dnosti zdravotnick\\u00fdch prost\\u0159edk\\u016f\",\"image_grid_breakpoint\":\"m\",\"image_grid_width\":\"1-2\",\"image_link\":false,\"image_svg_color\":\"emphasis\",\"image_transition\":\"scale-up\",\"link\":\"\\\/cz\\\/zkouska-tesnosti-zdravotnickych-prostredku\\\/\",\"link_style\":\"primary\",\"link_text\":\"dozv\\u011bd\\u011bt se v\\u00edce\",\"margin\":\"default\",\"margin_remove_bottom\":false,\"meta_align\":\"below-title\",\"meta_element\":\"div\",\"meta_style\":\"text-meta\",\"panel_image_no_padding\":true,\"panel_link\":false,\"panel_padding\":\"default\",\"panel_style\":\"card-default\",\"title\":\"Zkou\\u0161ky t\\u011bsnosti a\\u00a0funkce zdravotnick\\u00fdch prost\\u0159edk\\u016f\",\"title_align\":\"top\",\"title_element\":\"div\",\"title_grid_breakpoint\":\"m\",\"title_grid_width\":\"1-2\",\"title_hover_style\":\"\",\"title_link\":false,\"title_style\":\"text-lead\"}}]},{\"type\":\"column\",\"props\":{\"image_position\":\"center-center\",\"position_sticky_breakpoint\":\"m\",\"width_medium\":\"1-2\"},\"children\":[{\"type\":\"panel\",\"props\":{\"content\":\"\",\"content_column_breakpoint\":\"m\",\"icon_width\":80,\"image\":\"app\\\/uploads\\\/2023\\\/11\\\/ZELTWANGER_Dichtheitspruefung.jpg\",\"image_align\":\"top\",\"image_alt\":\"Testov\\u00e1n\\u00ed t\\u011bsnosti palivov\\u00fdch \\u010dl\\u00e1nk\\u016f a elektrolyz\\u00e9r\\u016f\",\"image_grid_breakpoint\":\"m\",\"image_grid_width\":\"1-2\",\"image_link\":false,\"image_svg_color\":\"emphasis\",\"image_transition\":\"scale-up\",\"link\":\"\\\/cz\\\/leak-testing-for-fuel-cells-and-electrolyzers\\\/\",\"link_style\":\"primary\",\"link_text\":\"dozv\\u011bd\\u011bt se v\\u00edce\",\"margin\":\"default\",\"margin_remove_bottom\":false,\"meta_align\":\"below-title\",\"meta_element\":\"div\",\"meta_style\":\"text-meta\",\"panel_image_no_padding\":true,\"panel_padding\":\"default\",\"panel_style\":\"card-default\",\"title\":\"Zkou\\u0161ka t\\u011bsnosti palivov\\u00fdch \\u010dl\\u00e1nk\\u016f a\\u00a0elektrolyz\\u00e9r\\u016f\",\"title_align\":\"top\",\"title_element\":\"div\",\"title_grid_breakpoint\":\"m\",\"title_grid_width\":\"1-2\",\"title_hover_style\":\"reset\",\"title_style\":\"text-lead\"}},{\"type\":\"panel\",\"props\":{\"content\":\"\",\"content_column_breakpoint\":\"m\",\"icon_width\":80,\"image\":\"app\\\/uploads\\\/2023\\\/11\\\/ZELTWANGER_Biopharma.jpg\",\"image_align\":\"top\",\"image_alt\":\"Testov\\u00e1n\\u00ed integrity pro biofarmaka a biologick\\u00e9 v\\u011bdy\",\"image_grid_breakpoint\":\"m\",\"image_grid_width\":\"1-2\",\"image_link\":false,\"image_svg_color\":\"emphasis\",\"image_transition\":\"scale-up\",\"link\":\"\\\/cz\\\/zkousky-integrity-spolecnosti-biopharma\\\/\",\"link_style\":\"primary\",\"link_text\":\"dozv\\u011bd\\u011bt se v\\u00edce\",\"margin\":\"default\",\"margin_remove_bottom\":false,\"meta_align\":\"below-title\",\"meta_element\":\"div\",\"meta_style\":\"text-meta\",\"panel_image_no_padding\":true,\"panel_padding\":\"default\",\"panel_style\":\"card-default\",\"title\":\"Zkou\\u0161ka integrity v\\u00a0oblasti biofarmaceutick\\u00fdch a\\u00a0p\\u0159\\u00edrodn\\u00edch v\\u011bd\",\"title_align\":\"top\",\"title_element\":\"div\",\"title_grid_breakpoint\":\"m\",\"title_grid_width\":\"1-2\",\"title_hover_style\":\"reset\",\"title_style\":\"text-lead\"}}]}]}]},{\"type\":\"section\",\"props\":{\"image_position\":\"center-center\",\"padding_remove_top\":false,\"style\":\"default\",\"title_breakpoint\":\"xl\",\"title_position\":\"top-left\",\"title_rotation\":\"left\",\"vertical_align\":\"\",\"width\":\"default\"},\"children\":[{\"type\":\"row\",\"children\":[{\"type\":\"column\",\"props\":{\"image_position\":\"center-center\",\"position_sticky_breakpoint\":\"m\"},\"children\":[{\"type\":\"grid\",\"props\":{\"content_column_breakpoint\":\"m\",\"css\":\".el-element .uk-margin-remove-first-child {\\n    display: flex;\\n    flex-direction: column;\\n    justify-content: center;\\n}\\n\\n.el-element .uk-panel>:last-child {\\n    margin-bottom: 0px;\\n}\",\"filter\":false,\"filter_align\":\"left\",\"filter_all\":true,\"filter_grid_breakpoint\":\"m\",\"filter_grid_width\":\"auto\",\"filter_position\":\"top\",\"filter_style\":\"tab\",\"grid_default\":\"1\",\"grid_medium\":\"2\",\"icon_width\":80,\"image_align\":\"left\",\"image_grid_breakpoint\":\"m\",\"image_grid_width\":\"auto\",\"image_svg_color\":\"emphasis\",\"item_animation\":true,\"lightbox_bg_close\":true,\"link_style\":\"primary\",\"link_text\":\"Read more\",\"margin\":\"default\",\"margin_remove_bottom\":false,\"meta_align\":\"below-title\",\"meta_element\":\"div\",\"meta_style\":\"text-meta\",\"panel_padding\":\"small\",\"panel_style\":\"card-default\",\"show_content\":true,\"show_hover_image\":true,\"show_hover_video\":true,\"show_image\":true,\"show_link\":true,\"show_meta\":true,\"show_title\":true,\"show_video\":true,\"title_align\":\"top\",\"title_element\":\"h3\",\"title_grid_breakpoint\":\"m\",\"title_grid_width\":\"1-2\",\"title_hover_style\":\"reset\"},\"children\":[{\"type\":\"grid_item\",\"props\":{\"content\":\"\n\n<div class=\\\"el-title uk-text-lead uk-margin-top uk-margin-remove-bottom\\\">Zkou\\u0161ka t\\u011bsnosti bateriov\\u00fdch \\u010dl\\u00e1nk\\u016f, modul\\u016f a\\u00a0akumul\\u00e1tor\\u016f<\\\/div>\",\"image\":\"app\\\/uploads\\\/2023\\\/12\\\/Icon_Batterie.svg\",\"image_alt\":\"Batterie Icon\",\"link\":\"\\\/cz\\\/zkouska-tesnosti-baterii\\\/\",\"link_text\":\"Zjistit v\\u00edce\",\"title\":\"\"}},{\"type\":\"grid_item\",\"props\":{\"content\":\"\n\n<div class=\\\"el-title uk-text-lead uk-margin-top uk-margin-remove-bottom\\\">Zkou\\u0161ka t\\u011bsnosti palivov\\u00fdch \\u010dl\\u00e1nk\\u016f a\\u00a0elektrolyz\\u00e9r\\u016f<\\\/div>\",\"image\":\"app\\\/uploads\\\/2023\\\/12\\\/Icon_Brennstoffzelle-1.svg\",\"image_alt\":\"Brennstoffzelle Icon\",\"link\":\"\\\/cz\\\/zkouska-tesnosti-palivovych-clanku\\\/\",\"link_text\":\"Zjistit v\\u00edce\",\"title\":\"\"}},{\"type\":\"grid_item\",\"props\":{\"content\":\"\n\n<div class=\\\"el-title uk-text-lead uk-margin-top uk-margin-remove-bottom\\\">Zkou\\u0161ky t\\u011bsnosti a\\u00a0funkce zdravotnick\\u00fdch prost\\u0159edk\\u016f<\\\/div>\",\"image\":\"app\\\/uploads\\\/2023\\\/12\\\/Icon_Branche_Medizintechnik.svg\",\"image_alt\":\"Medizin Icon\",\"link\":\"\\\/cz\\\/zkouska-tesnosti-zdravotnickych-prostredku\\\/\",\"link_text\":\"Zjistit v\\u00edce\",\"title\":\"\"}},{\"type\":\"grid_item\",\"props\":{\"content\":\"\n\n<div class=\\\"el-title uk-text-lead uk-margin-top uk-margin-remove-bottom\\\">Zkou\\u0161ka integrity v\\u00a0oblasti biofarmaceutick\\u00fdch a\\u00a0p\\u0159\\u00edrodn\\u00edch v\\u011bd<\\\/div>\",\"image\":\"app\\\/uploads\\\/2023\\\/12\\\/Icon_Biopharma-2.svg\",\"image_alt\":\"Biopharma Icon\",\"link\":\"\\\/cz\\\/zkousky-integrity-spolecnosti-biopharma\\\/\",\"link_text\":\"Zjistit v\\u00edce\",\"title\":\"\"}}]}]}]}],\"name\":\"Grid | icon + text + button\"}],\"version\":\"4.5.11\"} --><\/p>\n","protected":false},"excerpt":{"rendered":"<p>Odv\u011btv\u00ed a aplikace \u0158e\u0161en\u00ed pro testov\u00e1n\u00ed t\u011bsnosti pro speci\u00e1ln\u00ed oblasti pou\u017eit\u00ed \u0158E\u0160EN\u00cd PRO VA\u0160E ODV\u011aTV\u00cd Ve v\u0161ech v\u00fdrobn\u00edch odv\u011btv\u00edch jsou zkou\u0161ky t\u011bsnosti st\u0159edobodem proces\u016f zaji\u0161t\u011bn\u00ed kvality. Realizujeme \u0159e\u0161en\u00ed na m\u00edru pro ka\u017edou technickou v\u00fdzvu. Zkou\u0161ka t\u011bsnosti bateriov\u00fdch \u010dl\u00e1nk\u016f, modul\u016f a\u00a0akumul\u00e1tor\u016f Zjistit v\u00edce Zkou\u0161ka t\u011bsnosti palivov\u00fdch \u010dl\u00e1nk\u016f a\u00a0elektrolyz\u00e9r\u016f Zjistit v\u00edce Zkou\u0161ky t\u011bsnosti a\u00a0funkce zdravotnick\u00fdch prost\u0159edk\u016f Zjistit [&hellip;]<\/p>\n","protected":false},"author":21,"featured_media":0,"parent":0,"menu_order":0,"comment_status":"closed","ping_status":"closed","template":"","meta":{"_acf_changed":false,"footnotes":""},"class_list":["post-27417","page","type-page","status-publish","hentry"],"acf":[],"yoast_head":"<!-- This site is optimized with the Yoast SEO plugin v27.4 - https:\/\/yoast.com\/product\/yoast-seo-wordpress\/ -->\n<title>Odv\u011btv\u00ed a aplikace | ZELTWANGER<\/title>\n<meta name=\"description\" content=\"Prozkoumejte \u0159e\u0161en\u00ed pro testov\u00e1n\u00ed \u00fanik\u016f \u0161it\u00e1 na m\u00edru pro specifick\u00e9 pr\u016fmyslov\u00e9 aplikace. Poskytujeme dokonal\u00e9 \u0159e\u0161en\u00ed.\" \/>\n<meta name=\"robots\" content=\"index, follow, max-snippet:-1, max-image-preview:large, max-video-preview:-1\" \/>\n<link rel=\"canonical\" href=\"https:\/\/www.zeltwanger.de\/cz\/odvetvi-a-aplikace\/\" \/>\n<meta property=\"og:locale\" content=\"cs_CZ\" \/>\n<meta property=\"og:type\" content=\"article\" \/>\n<meta property=\"og:title\" content=\"Odv\u011btv\u00ed a aplikace | ZELTWANGER\" \/>\n<meta property=\"og:description\" content=\"Prozkoumejte \u0159e\u0161en\u00ed pro testov\u00e1n\u00ed \u00fanik\u016f \u0161it\u00e1 na m\u00edru pro specifick\u00e9 pr\u016fmyslov\u00e9 aplikace. Poskytujeme dokonal\u00e9 \u0159e\u0161en\u00ed.\" \/>\n<meta property=\"og:url\" content=\"https:\/\/www.zeltwanger.de\/cz\/odvetvi-a-aplikace\/\" \/>\n<meta property=\"og:site_name\" content=\"ZELTWANGER\" \/>\n<meta property=\"article:publisher\" content=\"https:\/\/www.facebook.com\/zeltwanger.karriere\/\" \/>\n<meta property=\"article:modified_time\" content=\"2025-06-03T13:47:04+00:00\" \/>\n<meta name=\"twitter:card\" content=\"summary_large_image\" \/>\n<meta name=\"twitter:label1\" content=\"Odhadovan\u00e1 doba \u010dten\u00ed\" \/>\n\t<meta name=\"twitter:data1\" content=\"2 minuty\" \/>\n<script type=\"application\/ld+json\" class=\"yoast-schema-graph\">{\"@context\":\"https:\\\/\\\/schema.org\",\"@graph\":[{\"@type\":\"WebPage\",\"@id\":\"https:\\\/\\\/www.zeltwanger.de\\\/cz\\\/odvetvi-a-aplikace\\\/\",\"url\":\"https:\\\/\\\/www.zeltwanger.de\\\/cz\\\/odvetvi-a-aplikace\\\/\",\"name\":\"Odv\u011btv\u00ed a aplikace | ZELTWANGER\",\"isPartOf\":{\"@id\":\"https:\\\/\\\/www.zeltwanger.de\\\/cz\\\/#website\"},\"datePublished\":\"2023-11-16T09:32:34+00:00\",\"dateModified\":\"2025-06-03T13:47:04+00:00\",\"description\":\"Prozkoumejte \u0159e\u0161en\u00ed pro testov\u00e1n\u00ed \u00fanik\u016f \u0161it\u00e1 na m\u00edru pro specifick\u00e9 pr\u016fmyslov\u00e9 aplikace. Poskytujeme dokonal\u00e9 \u0159e\u0161en\u00ed.\",\"breadcrumb\":{\"@id\":\"https:\\\/\\\/www.zeltwanger.de\\\/cz\\\/odvetvi-a-aplikace\\\/#breadcrumb\"},\"inLanguage\":\"cs\",\"potentialAction\":[{\"@type\":\"ReadAction\",\"target\":[\"https:\\\/\\\/www.zeltwanger.de\\\/cz\\\/odvetvi-a-aplikace\\\/\"]}]},{\"@type\":\"BreadcrumbList\",\"@id\":\"https:\\\/\\\/www.zeltwanger.de\\\/cz\\\/odvetvi-a-aplikace\\\/#breadcrumb\",\"itemListElement\":[{\"@type\":\"ListItem\",\"position\":1,\"name\":\"Home\",\"item\":\"https:\\\/\\\/www.zeltwanger.de\\\/cz\\\/homepage\\\/\"},{\"@type\":\"ListItem\",\"position\":2,\"name\":\"Odv\u011btv\u00ed a aplikace\"}]},{\"@type\":\"WebSite\",\"@id\":\"https:\\\/\\\/www.zeltwanger.de\\\/cz\\\/#website\",\"url\":\"https:\\\/\\\/www.zeltwanger.de\\\/cz\\\/\",\"name\":\"ZELTWANGER\",\"description\":\"Innovation aus Freude an Technik\",\"publisher\":{\"@id\":\"https:\\\/\\\/www.zeltwanger.de\\\/cz\\\/#organization\"},\"potentialAction\":[{\"@type\":\"SearchAction\",\"target\":{\"@type\":\"EntryPoint\",\"urlTemplate\":\"https:\\\/\\\/www.zeltwanger.de\\\/cz\\\/?s={search_term_string}\"},\"query-input\":{\"@type\":\"PropertyValueSpecification\",\"valueRequired\":true,\"valueName\":\"search_term_string\"}}],\"inLanguage\":\"cs\"},{\"@type\":\"Organization\",\"@id\":\"https:\\\/\\\/www.zeltwanger.de\\\/cz\\\/#organization\",\"name\":\"ZELTWANGER\",\"url\":\"https:\\\/\\\/www.zeltwanger.de\\\/cz\\\/\",\"logo\":{\"@type\":\"ImageObject\",\"inLanguage\":\"cs\",\"@id\":\"https:\\\/\\\/www.zeltwanger.de\\\/cz\\\/#\\\/schema\\\/logo\\\/image\\\/\",\"url\":\"https:\\\/\\\/www.zeltwanger.de\\\/app\\\/uploads\\\/2024\\\/03\\\/ZELTWANGER-Maennchen_nebeneinander_RGB_Screen_quadratisch_klein-e1710331495893.jpg\",\"contentUrl\":\"https:\\\/\\\/www.zeltwanger.de\\\/app\\\/uploads\\\/2024\\\/03\\\/ZELTWANGER-Maennchen_nebeneinander_RGB_Screen_quadratisch_klein-e1710331495893.jpg\",\"width\":144,\"height\":144,\"caption\":\"ZELTWANGER\"},\"image\":{\"@id\":\"https:\\\/\\\/www.zeltwanger.de\\\/cz\\\/#\\\/schema\\\/logo\\\/image\\\/\"},\"sameAs\":[\"https:\\\/\\\/www.facebook.com\\\/zeltwanger.karriere\\\/\",\"https:\\\/\\\/www.linkedin.com\\\/company\\\/11844117\\\/\"]}]}<\/script>\n<!-- \/ Yoast SEO plugin. -->","yoast_head_json":{"title":"Odv\u011btv\u00ed a aplikace | ZELTWANGER","description":"Prozkoumejte \u0159e\u0161en\u00ed pro testov\u00e1n\u00ed \u00fanik\u016f \u0161it\u00e1 na m\u00edru pro specifick\u00e9 pr\u016fmyslov\u00e9 aplikace. Poskytujeme dokonal\u00e9 \u0159e\u0161en\u00ed.","robots":{"index":"index","follow":"follow","max-snippet":"max-snippet:-1","max-image-preview":"max-image-preview:large","max-video-preview":"max-video-preview:-1"},"canonical":"https:\/\/www.zeltwanger.de\/cz\/odvetvi-a-aplikace\/","og_locale":"cs_CZ","og_type":"article","og_title":"Odv\u011btv\u00ed a aplikace | ZELTWANGER","og_description":"Prozkoumejte \u0159e\u0161en\u00ed pro testov\u00e1n\u00ed \u00fanik\u016f \u0161it\u00e1 na m\u00edru pro specifick\u00e9 pr\u016fmyslov\u00e9 aplikace. Poskytujeme dokonal\u00e9 \u0159e\u0161en\u00ed.","og_url":"https:\/\/www.zeltwanger.de\/cz\/odvetvi-a-aplikace\/","og_site_name":"ZELTWANGER","article_publisher":"https:\/\/www.facebook.com\/zeltwanger.karriere\/","article_modified_time":"2025-06-03T13:47:04+00:00","twitter_card":"summary_large_image","twitter_misc":{"Odhadovan\u00e1 doba \u010dten\u00ed":"2 minuty"},"schema":{"@context":"https:\/\/schema.org","@graph":[{"@type":"WebPage","@id":"https:\/\/www.zeltwanger.de\/cz\/odvetvi-a-aplikace\/","url":"https:\/\/www.zeltwanger.de\/cz\/odvetvi-a-aplikace\/","name":"Odv\u011btv\u00ed a aplikace | ZELTWANGER","isPartOf":{"@id":"https:\/\/www.zeltwanger.de\/cz\/#website"},"datePublished":"2023-11-16T09:32:34+00:00","dateModified":"2025-06-03T13:47:04+00:00","description":"Prozkoumejte \u0159e\u0161en\u00ed pro testov\u00e1n\u00ed \u00fanik\u016f \u0161it\u00e1 na m\u00edru pro specifick\u00e9 pr\u016fmyslov\u00e9 aplikace. Poskytujeme dokonal\u00e9 \u0159e\u0161en\u00ed.","breadcrumb":{"@id":"https:\/\/www.zeltwanger.de\/cz\/odvetvi-a-aplikace\/#breadcrumb"},"inLanguage":"cs","potentialAction":[{"@type":"ReadAction","target":["https:\/\/www.zeltwanger.de\/cz\/odvetvi-a-aplikace\/"]}]},{"@type":"BreadcrumbList","@id":"https:\/\/www.zeltwanger.de\/cz\/odvetvi-a-aplikace\/#breadcrumb","itemListElement":[{"@type":"ListItem","position":1,"name":"Home","item":"https:\/\/www.zeltwanger.de\/cz\/homepage\/"},{"@type":"ListItem","position":2,"name":"Odv\u011btv\u00ed a aplikace"}]},{"@type":"WebSite","@id":"https:\/\/www.zeltwanger.de\/cz\/#website","url":"https:\/\/www.zeltwanger.de\/cz\/","name":"ZELTWANGER","description":"Innovation aus Freude an Technik","publisher":{"@id":"https:\/\/www.zeltwanger.de\/cz\/#organization"},"potentialAction":[{"@type":"SearchAction","target":{"@type":"EntryPoint","urlTemplate":"https:\/\/www.zeltwanger.de\/cz\/?s={search_term_string}"},"query-input":{"@type":"PropertyValueSpecification","valueRequired":true,"valueName":"search_term_string"}}],"inLanguage":"cs"},{"@type":"Organization","@id":"https:\/\/www.zeltwanger.de\/cz\/#organization","name":"ZELTWANGER","url":"https:\/\/www.zeltwanger.de\/cz\/","logo":{"@type":"ImageObject","inLanguage":"cs","@id":"https:\/\/www.zeltwanger.de\/cz\/#\/schema\/logo\/image\/","url":"https:\/\/www.zeltwanger.de\/app\/uploads\/2024\/03\/ZELTWANGER-Maennchen_nebeneinander_RGB_Screen_quadratisch_klein-e1710331495893.jpg","contentUrl":"https:\/\/www.zeltwanger.de\/app\/uploads\/2024\/03\/ZELTWANGER-Maennchen_nebeneinander_RGB_Screen_quadratisch_klein-e1710331495893.jpg","width":144,"height":144,"caption":"ZELTWANGER"},"image":{"@id":"https:\/\/www.zeltwanger.de\/cz\/#\/schema\/logo\/image\/"},"sameAs":["https:\/\/www.facebook.com\/zeltwanger.karriere\/","https:\/\/www.linkedin.com\/company\/11844117\/"]}]}},"_links":{"self":[{"href":"https:\/\/www.zeltwanger.de\/cz\/wp-json\/wp\/v2\/pages\/27417","targetHints":{"allow":["GET"]}}],"collection":[{"href":"https:\/\/www.zeltwanger.de\/cz\/wp-json\/wp\/v2\/pages"}],"about":[{"href":"https:\/\/www.zeltwanger.de\/cz\/wp-json\/wp\/v2\/types\/page"}],"author":[{"embeddable":true,"href":"https:\/\/www.zeltwanger.de\/cz\/wp-json\/wp\/v2\/users\/21"}],"replies":[{"embeddable":true,"href":"https:\/\/www.zeltwanger.de\/cz\/wp-json\/wp\/v2\/comments?post=27417"}],"version-history":[{"count":15,"href":"https:\/\/www.zeltwanger.de\/cz\/wp-json\/wp\/v2\/pages\/27417\/revisions"}],"predecessor-version":[{"id":33440,"href":"https:\/\/www.zeltwanger.de\/cz\/wp-json\/wp\/v2\/pages\/27417\/revisions\/33440"}],"wp:attachment":[{"href":"https:\/\/www.zeltwanger.de\/cz\/wp-json\/wp\/v2\/media?parent=27417"}],"curies":[{"name":"wp","href":"https:\/\/api.w.org\/{rel}","templated":true}]}}