{"id":23560,"date":"2023-04-06T11:13:35","date_gmt":"2023-04-06T09:13:35","guid":{"rendered":"https:\/\/www.zeltwanger.de\/kontaktanfrage\/"},"modified":"2025-03-18T15:48:00","modified_gmt":"2025-03-18T14:48:00","slug":"zadost-o-kontakt","status":"publish","type":"page","link":"https:\/\/www.zeltwanger.de\/cz\/zadost-o-kontakt\/","title":{"rendered":"\u017e\u00e1dost o kontakt"},"content":{"rendered":"<div>\n<p>    <img decoding=\"async\" src=\"\/app\/uploads\/2023\/10\/ZELTWANGER_Unternehmensgruppe.jpg\" alt=\"ZELTWANGER Kontakt a kontaktn\u00ed osoba\"><\/p>\n<p>Kontakt a kontaktn\u00ed osoba<\/p>\n<\/div>\n<h2>\n<p>Kontaktujte n\u00e1s<\/p>\n<\/h2>\n<div>\n<p>Zde najdete spr\u00e1vnou kontaktn\u00ed osobu pro ka\u017ed\u00fd probl\u00e9m. T\u011b\u0161\u00edme se na va\u0161i zpr\u00e1vu.<\/p>\n<\/div>\n<ul>\n<li>\n<p>        <img decoding=\"async\" src=\"\/app\/uploads\/2024\/07\/Auftragsfertigung.png\" alt=\"Smluvn\u00ed v\u00fdroba\"><\/p>\n<h2>Smluvn\u00ed v\u00fdroba<\/h2>\n<div>\n<p>Mo\u017enosti kontaktu a kontaktn\u00ed osoby pro v\u00fdrobn\u00ed a mont\u00e1\u017en\u00ed slu\u017eby.<\/p>\n<\/div>\n<p><a href=\"\/cz\/zadost-o-kontakt\/zakazkova-vyroba\/\">Nav\u00e1zat kontakt<\/a><\/p>\n<\/li>\n<li>\n<p>        <img decoding=\"async\" src=\"\/app\/uploads\/2024\/06\/Dichtheitspruefung_Automatisierung.jpg\" alt=\"Zkou\u0161ka t\u011bsnosti\"><\/p>\n<h2>Zkou\u0161ka t\u011bsnosti<\/h2>\n<div>\n<p>Mo\u017enosti kontaktu a kontaktn\u00ed osoby pro testov\u00e1n\u00ed t\u011bsnosti vzduchem a detek\u010dn\u00edmi plyny.<\/p>\n<\/div>\n<p><a href=\"\/cz\/zadost-o-kontakt\/zkouska-tesnosti\/\">Nav\u00e1zat kontakt<\/a><\/p>\n<\/li>\n<li>\n<p>        <img decoding=\"async\" src=\"\/app\/uploads\/2023\/10\/ZELTWANGER_Thermomanagement.jpg\" alt=\"ZELTWANGER Tepeln\u00fd management\"><\/p>\n<h2>Tepeln\u00fd management<\/h2>\n<div>\n<p>Mo\u017enosti kontaktu a kontaktn\u00ed osoby v oblasti technologie v\u00fdroby v\u00fdm\u011bn\u00edk\u016f.<\/p>\n<\/div>\n<p><a href=\"\/cz\/zadost-o-kontakt\/tepelny-management\/\">Nav\u00e1zat kontakt<\/a><\/p>\n<\/li>\n<\/ul>\n<ul>\n<li>\n<p>        <img decoding=\"async\" src=\"\/app\/uploads\/2023\/02\/Icon_Karriere-1.svg\" alt=\"Batterie Icon\"><\/p>\n<h3>Lidsk\u00e9 zdroje<\/h3>\n<div>\n<div class=\"el-content uk-panel\">Hled\u00e1te novou v\u00fdzvu? <br \/>T\u011b\u0161\u00edme se na va\u0161i zpr\u00e1vu! <a href=\"mailto:info@zeltwanger.cz\">info@zeltwanger.cz<\/a><\/div>\n<\/div>\n<\/li>\n<li>\n<p>        <img decoding=\"async\" src=\"\/app\/uploads\/2023\/05\/Icon_Pressemitteilungen.svg\" alt=\"Brennstoffzelle Icon\"><\/p>\n<h3>Stiskn\u011bte<\/h3>\n<div>\n<p>Pot\u0159ebujete informace pro pod\u00e1v\u00e1n\u00ed zpr\u00e1v nebo m\u00e1te \u017e\u00e1dost o rozhovor? <a href=\"mailto:presse@zeltwanger.de\">presse@zeltwanger.de<\/a><\/p>\n<\/div>\n<\/li>\n<\/ul>\n<p><!--more--><br \/>\n<!-- {\"type\":\"layout\",\"children\":[{\"type\":\"section\",\"props\":{\"image_position\":\"center-center\",\"padding_remove_bottom\":true,\"padding_remove_top\":true,\"style\":\"default\",\"title_breakpoint\":\"xl\",\"title_position\":\"top-left\",\"title_rotation\":\"left\",\"vertical_align\":\"\",\"width\":\"\"},\"children\":[{\"type\":\"row\",\"children\":[{\"type\":\"column\",\"props\":{\"image_position\":\"center-center\",\"position_sticky_breakpoint\":\"m\",\"width_medium\":\"1-1\"},\"children\":[{\"type\":\"slideshow\",\"props\":{\"class\":\"like-mobile-panel-slider sub-page\",\"css\":\"li.el-item {\\n\\n}\",\"image_height\":\"929px\",\"image_loading\":true,\"image_width\":\"2548px\",\"link_style\":\"primary\",\"link_text\":\"Read more\",\"margin\":\"default\",\"meta_align\":\"above-title\",\"meta_element\":\"h1\",\"meta_style\":\"h2\",\"nav\":\"\",\"nav_align\":\"center\",\"nav_below\":false,\"nav_breakpoint\":\"s\",\"nav_position\":\"bottom-center\",\"nav_position_margin\":\"medium\",\"nav_vertical\":false,\"overlay_animation\":\"parallax\",\"overlay_container\":\"large\",\"overlay_parallax_x\":\"90\",\"overlay_parallax_y\":\"0\",\"overlay_position\":\"bottom-left\",\"overlay_style\":\"overlay-primary\",\"overlay_width\":\"xlarge\",\"show_content\":true,\"show_link\":true,\"show_meta\":true,\"show_thumbnail\":false,\"show_title\":true,\"slidenav\":\"default\",\"slidenav_breakpoint\":\"s\",\"slidenav_hover\":true,\"slidenav_large\":false,\"slidenav_margin\":\"small\",\"slidenav_outside_breakpoint\":\"xl\",\"slideshow_autoplay\":true,\"slideshow_autoplay_interval\":\"10\",\"slideshow_autoplay_pause\":false,\"slideshow_max_height\":\"700\",\"slideshow_min_height\":\"500\",\"slideshow_velocity\":\"0.5\",\"text_align\":\"left\",\"text_align_breakpoint\":\"s\",\"text_align_fallback\":\"center\",\"text_color\":\"light\",\"thumbnav_height\":\"75\",\"thumbnav_svg_color\":\"emphasis\",\"thumbnav_width\":\"100\",\"title_element\":\"h1\",\"title_hover_style\":\"reset\",\"title_style\":\"h1\"},\"children\":[{\"type\":\"slideshow_item\",\"props\":{\"content\":\"\",\"image\":\"app\\\/uploads\\\/2023\\\/10\\\/ZELTWANGER_Unternehmensgruppe.jpg\",\"image_alt\":\"ZELTWANGER Kontakt a kontaktn\\u00ed osoba\",\"meta\":\"Kontakt a kontaktn\\u00ed osoba\",\"title\":\"\"}}]}]}]}],\"name\":\"Header - neu - single\"},{\"type\":\"section\",\"props\":{\"image_position\":\"center-center\",\"padding_remove_bottom\":true,\"style\":\"default\",\"title_breakpoint\":\"xl\",\"title_position\":\"top-left\",\"title_rotation\":\"left\",\"vertical_align\":\"\",\"width\":\"small\"},\"children\":[{\"type\":\"row\",\"children\":[{\"type\":\"column\",\"props\":{\"image_position\":\"center-center\",\"position_sticky_breakpoint\":\"m\"},\"children\":[{\"type\":\"headline\",\"props\":{\"block_align\":\"center\",\"content\":\"\n\n<p>Kontaktujte n\\u00e1s<\\\/p>\",\"text_align\":\"center\",\"title_color\":\"primary\",\"title_element\":\"h2\",\"title_style\":\"heading-large\"}},{\"type\":\"text\",\"props\":{\"column_breakpoint\":\"m\",\"content\":\"\n\n<p>Zde najdete spr\\u00e1vnou kontaktn\\u00ed osobu pro ka\\u017ed\\u00fd probl\\u00e9m. T\\u011b\\u0161\\u00edme se na va\\u0161i zpr\\u00e1vu.<\\\/p>\",\"margin\":\"default\",\"text_align\":\"center\"}}]}]}]},{\"type\":\"section\",\"props\":{\"image_position\":\"center-center\",\"style\":\"default\",\"title_breakpoint\":\"xl\",\"title_position\":\"top-left\",\"title_rotation\":\"left\",\"vertical_align\":\"\",\"width\":\"default\"},\"children\":[{\"type\":\"row\",\"children\":[{\"type\":\"column\",\"props\":{\"image_position\":\"center-center\",\"position_sticky_breakpoint\":\"m\"},\"children\":[{\"type\":\"grid\",\"props\":{\"animation\":\"fade\",\"content_align\":true,\"content_column_breakpoint\":\"m\",\"filter_align\":\"left\",\"filter_all\":true,\"filter_grid_breakpoint\":\"m\",\"filter_grid_width\":\"auto\",\"filter_position\":\"top\",\"filter_style\":\"tab\",\"grid_column_align\":false,\"grid_default\":\"1\",\"grid_medium\":\"3\",\"grid_row_align\":false,\"grid_small\":\"2\",\"icon_width\":80,\"image_align\":\"top\",\"image_grid_breakpoint\":\"m\",\"image_grid_width\":\"1-2\",\"image_link\":true,\"image_loading\":true,\"image_svg_animate\":false,\"image_svg_color\":\"emphasis\",\"image_svg_inline\":false,\"image_transition\":\"scale-up\",\"item_animation\":true,\"lightbox_bg_close\":true,\"link_margin\":\"remove\",\"link_style\":\"primary\",\"link_text\":\"Nav\\u00e1zat kontakt\",\"margin\":\"large\",\"margin_remove_bottom\":false,\"meta_align\":\"below-title\",\"meta_element\":\"div\",\"meta_style\":\"text-meta\",\"panel_expand\":\"content\",\"panel_image_no_padding\":true,\"panel_link\":true,\"panel_link_hover\":\"true\",\"panel_padding\":\"default\",\"panel_style\":\"card-default\",\"parallax_easing\":\"1\",\"show_content\":true,\"show_hover_image\":true,\"show_hover_video\":true,\"show_image\":true,\"show_link\":true,\"show_meta\":true,\"show_title\":true,\"show_video\":true,\"text_align\":\"left\",\"title_align\":\"top\",\"title_color\":\"primary\",\"title_element\":\"h2\",\"title_grid_breakpoint\":\"m\",\"title_grid_width\":\"1-2\",\"title_hover_style\":\"reset\",\"title_style\":\"heading-medium\"},\"children\":[{\"type\":\"grid_item\",\"props\":{\"content\":\"\n\n<p>Mo\\u017enosti kontaktu a kontaktn\\u00ed osoby pro v\\u00fdrobn\\u00ed a mont\\u00e1\\u017en\\u00ed slu\\u017eby.<\\\/p>\",\"image\":\"app\\\/uploads\\\/2024\\\/07\\\/Auftragsfertigung.png\",\"image_alt\":\"Smluvn\\u00ed v\\u00fdroba\",\"link\":\"\\\/cz\\\/zadost-o-kontakt\\\/zakazkova-vyroba\\\/\",\"title\":\"Smluvn\\u00ed v\\u00fdroba\"}},{\"type\":\"grid_item\",\"props\":{\"content\":\"\n\n<p>Mo\\u017enosti kontaktu a kontaktn\\u00ed osoby pro testov\\u00e1n\\u00ed t\\u011bsnosti vzduchem a detek\\u010dn\\u00edmi plyny.<\\\/p>\",\"image\":\"app\\\/uploads\\\/2024\\\/06\\\/Dichtheitspruefung_Automatisierung.jpg\",\"image_alt\":\"Zkou\\u0161ka t\\u011bsnosti\",\"link\":\"\\\/cz\\\/zadost-o-kontakt\\\/zkouska-tesnosti\\\/\",\"title\":\"Zkou\\u0161ka t\\u011bsnosti\"}},{\"type\":\"grid_item\",\"props\":{\"content\":\"\n\n<p>Mo\\u017enosti kontaktu a kontaktn\\u00ed osoby v oblasti technologie v\\u00fdroby v\\u00fdm\\u011bn\\u00edk\\u016f.<\\\/p>\",\"image\":\"app\\\/uploads\\\/2023\\\/10\\\/ZELTWANGER_Thermomanagement.jpg\",\"image_alt\":\"ZELTWANGER Tepeln\\u00fd management\",\"link\":\"\\\/cz\\\/zadost-o-kontakt\\\/tepelny-management\\\/\",\"title\":\"Tepeln\\u00fd management\"}}],\"name\":\"3 Boxen Bild Text CTA\"},{\"type\":\"grid\",\"props\":{\"content_column_breakpoint\":\"m\",\"css\":\".el-element .uk-margin-remove-first-child {\\n    display: flex;\\n    flex-direction: column;\\n    justify-content: center;\\n}\\n\\n.el-element .uk-panel>:last-child {\\n    margin-bottom: 0px;\\n}\",\"filter\":false,\"filter_align\":\"left\",\"filter_all\":true,\"filter_grid_breakpoint\":\"m\",\"filter_grid_width\":\"auto\",\"filter_position\":\"top\",\"filter_style\":\"tab\",\"grid_default\":\"1\",\"grid_medium\":\"2\",\"icon_width\":80,\"image_align\":\"left\",\"image_grid_breakpoint\":\"m\",\"image_grid_width\":\"auto\",\"image_svg_color\":\"emphasis\",\"item_animation\":true,\"lightbox_bg_close\":true,\"link_style\":\"primary\",\"link_text\":\"Read more\",\"margin\":\"default\",\"margin_remove_bottom\":false,\"meta_align\":\"below-title\",\"meta_element\":\"div\",\"meta_style\":\"text-meta\",\"panel_padding\":\"small\",\"panel_style\":\"card-default\",\"show_content\":true,\"show_hover_image\":true,\"show_hover_video\":true,\"show_image\":true,\"show_link\":true,\"show_meta\":true,\"show_title\":true,\"show_video\":true,\"title_align\":\"top\",\"title_color\":\"primary\",\"title_element\":\"h3\",\"title_grid_breakpoint\":\"m\",\"title_grid_width\":\"1-2\",\"title_hover_style\":\"reset\",\"title_style\":\"heading-medium\"},\"children\":[{\"type\":\"grid_item\",\"props\":{\"content\":\"\n\n<div class=\\\"el-content uk-panel\\\">Hled\\u00e1te novou v\\u00fdzvu? <br \\\/>T\\u011b\\u0161\\u00edme se na va\\u0161i zpr\\u00e1vu! <a href=\\\"mailto:info@zeltwanger.cz\\\">info@zeltwanger.cz<\\\/a><\\\/div>\",\"image\":\"app\\\/uploads\\\/2023\\\/02\\\/Icon_Karriere-1.svg\",\"image_alt\":\"Batterie Icon\",\"link_text\":\"Kontakt aufnehmen\",\"title\":\"Lidsk\\u00e9 zdroje\"}},{\"type\":\"grid_item\",\"props\":{\"content\":\"\n\n<p>Pot\\u0159ebujete informace pro pod\\u00e1v\\u00e1n\\u00ed zpr\\u00e1v nebo m\\u00e1te \\u017e\\u00e1dost o rozhovor? <a href=\\\"mailto:presse@zeltwanger.de\\\">presse@zeltwanger.de<\\\/a><\\\/p>\",\"image\":\"app\\\/uploads\\\/2023\\\/05\\\/Icon_Pressemitteilungen.svg\",\"image_alt\":\"Brennstoffzelle Icon\",\"link_text\":\"Kontakt aufnehmen\",\"title\":\"Stiskn\\u011bte\"}}]}]}]}],\"name\":\"Application Examples\"}],\"version\":\"4.5.3\"} --><\/p>\n","protected":false},"excerpt":{"rendered":"<p>Kontakt a kontaktn\u00ed osoba Kontaktujte n\u00e1s Zde najdete spr\u00e1vnou kontaktn\u00ed osobu pro ka\u017ed\u00fd probl\u00e9m. T\u011b\u0161\u00edme se na va\u0161i zpr\u00e1vu. Smluvn\u00ed v\u00fdroba Mo\u017enosti kontaktu a kontaktn\u00ed osoby pro v\u00fdrobn\u00ed a mont\u00e1\u017en\u00ed slu\u017eby. Nav\u00e1zat kontakt Zkou\u0161ka t\u011bsnosti Mo\u017enosti kontaktu a kontaktn\u00ed osoby pro testov\u00e1n\u00ed t\u011bsnosti vzduchem a detek\u010dn\u00edmi plyny. Nav\u00e1zat kontakt Tepeln\u00fd management Mo\u017enosti kontaktu a kontaktn\u00ed [&hellip;]<\/p>\n","protected":false},"author":21,"featured_media":0,"parent":0,"menu_order":0,"comment_status":"closed","ping_status":"closed","template":"","meta":{"_acf_changed":false,"footnotes":""},"class_list":["post-23560","page","type-page","status-publish","hentry"],"acf":[],"yoast_head":"<!-- This site is optimized with the Yoast SEO plugin v27.5 - https:\/\/yoast.com\/product\/yoast-seo-wordpress\/ -->\n<title>\u017e\u00e1dost o kontakt | ZELTWANGER<\/title>\n<meta name=\"robots\" content=\"index, follow, max-snippet:-1, max-image-preview:large, max-video-preview:-1\" \/>\n<link rel=\"canonical\" href=\"https:\/\/www.zeltwanger.de\/cz\/zadost-o-kontakt\/\" \/>\n<meta property=\"og:locale\" content=\"cs_CZ\" \/>\n<meta property=\"og:type\" content=\"article\" \/>\n<meta property=\"og:title\" content=\"\u017e\u00e1dost o kontakt | ZELTWANGER\" \/>\n<meta property=\"og:description\" content=\"Kontakt a kontaktn\u00ed osoba Kontaktujte n\u00e1s Zde najdete spr\u00e1vnou kontaktn\u00ed osobu pro ka\u017ed\u00fd probl\u00e9m. T\u011b\u0161\u00edme se na va\u0161i zpr\u00e1vu. Smluvn\u00ed v\u00fdroba Mo\u017enosti kontaktu a kontaktn\u00ed osoby pro v\u00fdrobn\u00ed a mont\u00e1\u017en\u00ed slu\u017eby. Nav\u00e1zat kontakt Zkou\u0161ka t\u011bsnosti Mo\u017enosti kontaktu a kontaktn\u00ed osoby pro testov\u00e1n\u00ed t\u011bsnosti vzduchem a detek\u010dn\u00edmi plyny. Nav\u00e1zat kontakt Tepeln\u00fd management Mo\u017enosti kontaktu a kontaktn\u00ed [&hellip;]\" \/>\n<meta property=\"og:url\" content=\"https:\/\/www.zeltwanger.de\/cz\/zadost-o-kontakt\/\" \/>\n<meta property=\"og:site_name\" content=\"ZELTWANGER\" \/>\n<meta property=\"article:publisher\" content=\"https:\/\/www.facebook.com\/zeltwanger.karriere\/\" \/>\n<meta property=\"article:modified_time\" content=\"2025-03-18T14:48:00+00:00\" \/>\n<meta name=\"twitter:card\" content=\"summary_large_image\" \/>\n<meta name=\"twitter:label1\" content=\"Odhadovan\u00e1 doba \u010dten\u00ed\" \/>\n\t<meta name=\"twitter:data1\" content=\"1 minuta\" \/>\n<script type=\"application\/ld+json\" class=\"yoast-schema-graph\">{\"@context\":\"https:\\\/\\\/schema.org\",\"@graph\":[{\"@type\":\"WebPage\",\"@id\":\"https:\\\/\\\/www.zeltwanger.de\\\/cz\\\/zadost-o-kontakt\\\/\",\"url\":\"https:\\\/\\\/www.zeltwanger.de\\\/cz\\\/zadost-o-kontakt\\\/\",\"name\":\"\u017e\u00e1dost o kontakt | ZELTWANGER\",\"isPartOf\":{\"@id\":\"https:\\\/\\\/www.zeltwanger.de\\\/cz\\\/#website\"},\"datePublished\":\"2023-04-06T09:13:35+00:00\",\"dateModified\":\"2025-03-18T14:48:00+00:00\",\"breadcrumb\":{\"@id\":\"https:\\\/\\\/www.zeltwanger.de\\\/cz\\\/zadost-o-kontakt\\\/#breadcrumb\"},\"inLanguage\":\"cs\",\"potentialAction\":[{\"@type\":\"ReadAction\",\"target\":[\"https:\\\/\\\/www.zeltwanger.de\\\/cz\\\/zadost-o-kontakt\\\/\"]}]},{\"@type\":\"BreadcrumbList\",\"@id\":\"https:\\\/\\\/www.zeltwanger.de\\\/cz\\\/zadost-o-kontakt\\\/#breadcrumb\",\"itemListElement\":[{\"@type\":\"ListItem\",\"position\":1,\"name\":\"Home\",\"item\":\"https:\\\/\\\/www.zeltwanger.de\\\/cz\\\/homepage\\\/\"},{\"@type\":\"ListItem\",\"position\":2,\"name\":\"\u017e\u00e1dost o kontakt\"}]},{\"@type\":\"WebSite\",\"@id\":\"https:\\\/\\\/www.zeltwanger.de\\\/cz\\\/#website\",\"url\":\"https:\\\/\\\/www.zeltwanger.de\\\/cz\\\/\",\"name\":\"ZELTWANGER\",\"description\":\"Innovation aus Freude an Technik\",\"publisher\":{\"@id\":\"https:\\\/\\\/www.zeltwanger.de\\\/cz\\\/#organization\"},\"potentialAction\":[{\"@type\":\"SearchAction\",\"target\":{\"@type\":\"EntryPoint\",\"urlTemplate\":\"https:\\\/\\\/www.zeltwanger.de\\\/cz\\\/?s={search_term_string}\"},\"query-input\":{\"@type\":\"PropertyValueSpecification\",\"valueRequired\":true,\"valueName\":\"search_term_string\"}}],\"inLanguage\":\"cs\"},{\"@type\":\"Organization\",\"@id\":\"https:\\\/\\\/www.zeltwanger.de\\\/cz\\\/#organization\",\"name\":\"ZELTWANGER\",\"url\":\"https:\\\/\\\/www.zeltwanger.de\\\/cz\\\/\",\"logo\":{\"@type\":\"ImageObject\",\"inLanguage\":\"cs\",\"@id\":\"https:\\\/\\\/www.zeltwanger.de\\\/cz\\\/#\\\/schema\\\/logo\\\/image\\\/\",\"url\":\"https:\\\/\\\/www.zeltwanger.de\\\/app\\\/uploads\\\/2024\\\/03\\\/ZELTWANGER-Maennchen_nebeneinander_RGB_Screen_quadratisch_klein-e1710331495893.jpg\",\"contentUrl\":\"https:\\\/\\\/www.zeltwanger.de\\\/app\\\/uploads\\\/2024\\\/03\\\/ZELTWANGER-Maennchen_nebeneinander_RGB_Screen_quadratisch_klein-e1710331495893.jpg\",\"width\":144,\"height\":144,\"caption\":\"ZELTWANGER\"},\"image\":{\"@id\":\"https:\\\/\\\/www.zeltwanger.de\\\/cz\\\/#\\\/schema\\\/logo\\\/image\\\/\"},\"sameAs\":[\"https:\\\/\\\/www.facebook.com\\\/zeltwanger.karriere\\\/\",\"https:\\\/\\\/www.linkedin.com\\\/company\\\/11844117\\\/\"]}]}<\/script>\n<!-- \/ Yoast SEO plugin. -->","yoast_head_json":{"title":"\u017e\u00e1dost o kontakt | ZELTWANGER","robots":{"index":"index","follow":"follow","max-snippet":"max-snippet:-1","max-image-preview":"max-image-preview:large","max-video-preview":"max-video-preview:-1"},"canonical":"https:\/\/www.zeltwanger.de\/cz\/zadost-o-kontakt\/","og_locale":"cs_CZ","og_type":"article","og_title":"\u017e\u00e1dost o kontakt | ZELTWANGER","og_description":"Kontakt a kontaktn\u00ed osoba Kontaktujte n\u00e1s Zde najdete spr\u00e1vnou kontaktn\u00ed osobu pro ka\u017ed\u00fd probl\u00e9m. T\u011b\u0161\u00edme se na va\u0161i zpr\u00e1vu. Smluvn\u00ed v\u00fdroba Mo\u017enosti kontaktu a kontaktn\u00ed osoby pro v\u00fdrobn\u00ed a mont\u00e1\u017en\u00ed slu\u017eby. Nav\u00e1zat kontakt Zkou\u0161ka t\u011bsnosti Mo\u017enosti kontaktu a kontaktn\u00ed osoby pro testov\u00e1n\u00ed t\u011bsnosti vzduchem a detek\u010dn\u00edmi plyny. Nav\u00e1zat kontakt Tepeln\u00fd management Mo\u017enosti kontaktu a kontaktn\u00ed [&hellip;]","og_url":"https:\/\/www.zeltwanger.de\/cz\/zadost-o-kontakt\/","og_site_name":"ZELTWANGER","article_publisher":"https:\/\/www.facebook.com\/zeltwanger.karriere\/","article_modified_time":"2025-03-18T14:48:00+00:00","twitter_card":"summary_large_image","twitter_misc":{"Odhadovan\u00e1 doba \u010dten\u00ed":"1 minuta"},"schema":{"@context":"https:\/\/schema.org","@graph":[{"@type":"WebPage","@id":"https:\/\/www.zeltwanger.de\/cz\/zadost-o-kontakt\/","url":"https:\/\/www.zeltwanger.de\/cz\/zadost-o-kontakt\/","name":"\u017e\u00e1dost o kontakt | ZELTWANGER","isPartOf":{"@id":"https:\/\/www.zeltwanger.de\/cz\/#website"},"datePublished":"2023-04-06T09:13:35+00:00","dateModified":"2025-03-18T14:48:00+00:00","breadcrumb":{"@id":"https:\/\/www.zeltwanger.de\/cz\/zadost-o-kontakt\/#breadcrumb"},"inLanguage":"cs","potentialAction":[{"@type":"ReadAction","target":["https:\/\/www.zeltwanger.de\/cz\/zadost-o-kontakt\/"]}]},{"@type":"BreadcrumbList","@id":"https:\/\/www.zeltwanger.de\/cz\/zadost-o-kontakt\/#breadcrumb","itemListElement":[{"@type":"ListItem","position":1,"name":"Home","item":"https:\/\/www.zeltwanger.de\/cz\/homepage\/"},{"@type":"ListItem","position":2,"name":"\u017e\u00e1dost o kontakt"}]},{"@type":"WebSite","@id":"https:\/\/www.zeltwanger.de\/cz\/#website","url":"https:\/\/www.zeltwanger.de\/cz\/","name":"ZELTWANGER","description":"Innovation aus Freude an Technik","publisher":{"@id":"https:\/\/www.zeltwanger.de\/cz\/#organization"},"potentialAction":[{"@type":"SearchAction","target":{"@type":"EntryPoint","urlTemplate":"https:\/\/www.zeltwanger.de\/cz\/?s={search_term_string}"},"query-input":{"@type":"PropertyValueSpecification","valueRequired":true,"valueName":"search_term_string"}}],"inLanguage":"cs"},{"@type":"Organization","@id":"https:\/\/www.zeltwanger.de\/cz\/#organization","name":"ZELTWANGER","url":"https:\/\/www.zeltwanger.de\/cz\/","logo":{"@type":"ImageObject","inLanguage":"cs","@id":"https:\/\/www.zeltwanger.de\/cz\/#\/schema\/logo\/image\/","url":"https:\/\/www.zeltwanger.de\/app\/uploads\/2024\/03\/ZELTWANGER-Maennchen_nebeneinander_RGB_Screen_quadratisch_klein-e1710331495893.jpg","contentUrl":"https:\/\/www.zeltwanger.de\/app\/uploads\/2024\/03\/ZELTWANGER-Maennchen_nebeneinander_RGB_Screen_quadratisch_klein-e1710331495893.jpg","width":144,"height":144,"caption":"ZELTWANGER"},"image":{"@id":"https:\/\/www.zeltwanger.de\/cz\/#\/schema\/logo\/image\/"},"sameAs":["https:\/\/www.facebook.com\/zeltwanger.karriere\/","https:\/\/www.linkedin.com\/company\/11844117\/"]}]}},"_links":{"self":[{"href":"https:\/\/www.zeltwanger.de\/cz\/wp-json\/wp\/v2\/pages\/23560","targetHints":{"allow":["GET"]}}],"collection":[{"href":"https:\/\/www.zeltwanger.de\/cz\/wp-json\/wp\/v2\/pages"}],"about":[{"href":"https:\/\/www.zeltwanger.de\/cz\/wp-json\/wp\/v2\/types\/page"}],"author":[{"embeddable":true,"href":"https:\/\/www.zeltwanger.de\/cz\/wp-json\/wp\/v2\/users\/21"}],"replies":[{"embeddable":true,"href":"https:\/\/www.zeltwanger.de\/cz\/wp-json\/wp\/v2\/comments?post=23560"}],"version-history":[{"count":36,"href":"https:\/\/www.zeltwanger.de\/cz\/wp-json\/wp\/v2\/pages\/23560\/revisions"}],"predecessor-version":[{"id":32772,"href":"https:\/\/www.zeltwanger.de\/cz\/wp-json\/wp\/v2\/pages\/23560\/revisions\/32772"}],"wp:attachment":[{"href":"https:\/\/www.zeltwanger.de\/cz\/wp-json\/wp\/v2\/media?parent=23560"}],"curies":[{"name":"wp","href":"https:\/\/api.w.org\/{rel}","templated":true}]}}