{"id":23509,"date":"2023-04-05T16:45:54","date_gmt":"2023-04-05T14:45:54","guid":{"rendered":"https:\/\/www.zeltwanger.de\/unternehmens-uebersicht\/"},"modified":"2025-02-25T16:12:30","modified_gmt":"2025-02-25T15:12:30","slug":"prehled-spolecnosti","status":"publish","type":"page","link":"https:\/\/www.zeltwanger.de\/cz\/prehled-spolecnosti\/","title":{"rendered":"P\u0159ehled spole\u010dnosti"},"content":{"rendered":"<h1>\n<p>ZELTWANGER Spole\u010dnost<\/p>\n<\/h1>\n<div>l\u00eddry v oblasti inovac\u00ed a technologi\u00ed <\/div>\n<div>\n<p>Over 400 employees. Eight independent companies. Three countries. ZELTWANGER.<\/p>\n<\/div>\n<ul>\n<li>\n<p>        <img decoding=\"async\" src=\"\/app\/uploads\/2023\/02\/Icon_ZW_Gruppe.svg\" alt=\"Skupina ZELTWANGER\"><\/p>\n<h3>Skupina ZELTWANGER<\/h3>\n<div>Seznamte se se skupinou a jej\u00edmi spole\u010dnostmi<\/div>\n<p><a href=\"\/cz\/spolecnost\/\">Zjistit v\u00edce<\/a><\/p>\n<\/li>\n<li>\n<p>        <img decoding=\"async\" src=\"\/app\/uploads\/2023\/02\/Icon_Karriere-1.svg\" alt=\"Kari\u00e9ra\"><\/p>\n<h3>Kari\u00e9ra<\/h3>\n<div>Pracovn\u00ed p\u0159\u00edle\u017eitosti ve spole\u010dnosti ZELTWANGER<\/div>\n<p><a href=\"\/cz\/spolecnost\/kariera\/\">Zjistit v\u00edce<\/a><\/p>\n<\/li>\n<li>\n<p>        <img decoding=\"async\" src=\"\/app\/uploads\/2023\/02\/Icon_Messen_Events-1.svg\" alt=\"veletrhy a sch\u016fzky\"><\/p>\n<h3>veletrhy a sch\u016fzky<\/h3>\n<div>Nav\u0161tivte n\u00e1s na veletrhu nebo akci<\/div>\n<p><a href=\"\/cz\/category\/udalosti\/\">Zjistit v\u00edce<\/a><\/p>\n<\/li>\n<li>\n<p>        <img decoding=\"async\" src=\"\/app\/uploads\/2023\/05\/Icon_Standort.svg\" alt=\"Z\u00e1vody\"><\/p>\n<h3>Z\u00e1vody<\/h3>\n<div>zde najdete na\u0161e spole\u010dnosti<\/div>\n<p><a href=\"\/cz\/spolecnost\/zavody\/\">Zjistit v\u00edce<\/a><\/p>\n<\/li>\n<li>\n<p>        <img decoding=\"async\" src=\"\/app\/uploads\/2023\/03\/Icon_Kontakt_Ansprechpartner.svg\" alt=\"Kontakt &#038; kontaktn\u00ed osoba \"><\/p>\n<h3>Kontakt &#038; kontaktn\u00ed osoba <\/h3>\n<div>Nev\u00e1hejte se s n\u00e1mi kdykoliv spojit<\/div>\n<p><a href=\"\/cz\/zadost-o-kontakt\/\">Zjistit v\u00edce<\/a><\/p>\n<\/li>\n<\/ul>\n<p><!--more--><br \/>\n<!-- {\"type\":\"layout\",\"children\":[{\"type\":\"section\",\"props\":{\"class\":\"highlight-section\",\"image\":\"app\\\/uploads\\\/2020\\\/04\\\/start_06_unternehmen_sw.jpg\",\"image_position\":\"bottom-center\",\"image_size\":\"cover\",\"image_width\":\"2560\",\"media_background\":\"rgba(43, 88, 149, 0.9)\",\"media_blend_mode\":\"multiply\",\"media_overlay\":\"rgba(0, 65, 100, 0.6)\",\"padding\":\"xlarge\",\"style\":\"default\",\"title_breakpoint\":\"xl\",\"title_position\":\"top-left\",\"title_rotation\":\"left\",\"vertical_align\":\"\",\"width\":\"small\"},\"children\":[{\"type\":\"row\",\"props\":{\"width\":\"small\"},\"children\":[{\"type\":\"column\",\"props\":{\"image_position\":\"center-center\",\"position_sticky_breakpoint\":\"m\",\"text_color\":\"light\",\"width_medium\":\"1-1\"},\"children\":[{\"type\":\"headline\",\"props\":{\"content\":\"\n\n<p>ZELTWANGER Spole\\u010dnost<\\\/p>\",\"margin\":\"small\",\"text_align\":\"center\",\"title_element\":\"h1\",\"title_style\":\"heading-small\"}},{\"type\":\"headline\",\"props\":{\"content\":\"l\\u00eddry v oblasti inovac\\u00ed a technologi\\u00ed \",\"margin\":\"medium\",\"margin_remove_top\":true,\"text_align\":\"center\",\"title_element\":\"div\",\"title_style\":\"heading-large\"}},{\"type\":\"text\",\"props\":{\"block_align\":\"center\",\"column_breakpoint\":\"m\",\"content\":\"\n\n<p>Over 400 employees. Eight independent companies. Three countries. ZELTWANGER.<\\\/p>\",\"margin\":\"default\",\"maxwidth\":\"2xlarge\",\"text_align\":\"center\"}}]}]}],\"name\":\"Intro Text blauer Hintergrund\"},{\"type\":\"section\",\"props\":{\"image_position\":\"center-center\",\"padding_remove_top\":false,\"style\":\"default\",\"title_breakpoint\":\"xl\",\"title_position\":\"top-left\",\"title_rotation\":\"left\",\"vertical_align\":\"\",\"width\":\"default\"},\"children\":[{\"type\":\"row\",\"children\":[{\"type\":\"column\",\"props\":{\"image_position\":\"center-center\",\"position_sticky_breakpoint\":\"m\"},\"children\":[{\"type\":\"grid\",\"props\":{\"content_column_breakpoint\":\"m\",\"filter_align\":\"left\",\"filter_all\":true,\"filter_grid_breakpoint\":\"m\",\"filter_grid_width\":\"auto\",\"filter_position\":\"top\",\"filter_style\":\"tab\",\"grid_default\":\"1\",\"grid_medium\":\"2\",\"icon_width\":80,\"image_align\":\"left\",\"image_grid_breakpoint\":\"m\",\"image_grid_width\":\"auto\",\"image_svg_color\":\"emphasis\",\"item_animation\":true,\"lightbox_bg_close\":true,\"link_style\":\"primary\",\"link_text\":\"Read more\",\"margin\":\"default\",\"meta_align\":\"below-title\",\"meta_element\":\"div\",\"meta_style\":\"text-meta\",\"panel_padding\":\"default\",\"panel_style\":\"card-default\",\"show_content\":true,\"show_hover_image\":true,\"show_hover_video\":true,\"show_image\":true,\"show_link\":true,\"show_meta\":true,\"show_title\":true,\"show_video\":true,\"title_align\":\"top\",\"title_color\":\"primary\",\"title_element\":\"h3\",\"title_grid_breakpoint\":\"m\",\"title_grid_width\":\"1-2\",\"title_hover_style\":\"reset\"},\"children\":[{\"type\":\"grid_item\",\"props\":{\"content\":\"Seznamte se se skupinou a jej\\u00edmi spole\\u010dnostmi\",\"image\":\"app\\\/uploads\\\/2023\\\/02\\\/Icon_ZW_Gruppe.svg\",\"image_alt\":\"Skupina ZELTWANGER\",\"link\":\"\\\/cz\\\/spolecnost\\\/\",\"link_text\":\"Zjistit v\\u00edce\",\"title\":\"Skupina ZELTWANGER\"}},{\"type\":\"grid_item\",\"props\":{\"content\":\"Pracovn\\u00ed p\\u0159\\u00edle\\u017eitosti ve spole\\u010dnosti ZELTWANGER\",\"image\":\"app\\\/uploads\\\/2023\\\/02\\\/Icon_Karriere-1.svg\",\"image_alt\":\"Kari\\u00e9ra\",\"link\":\"\\\/cz\\\/spolecnost\\\/kariera\\\/\",\"link_text\":\"Zjistit v\\u00edce\",\"title\":\"Kari\\u00e9ra\"}},{\"type\":\"grid_item\",\"props\":{\"content\":\"Nav\\u0161tivte n\\u00e1s na veletrhu nebo akci\",\"image\":\"app\\\/uploads\\\/2023\\\/02\\\/Icon_Messen_Events-1.svg\",\"image_alt\":\"veletrhy a sch\\u016fzky\",\"link\":\"\\\/cz\\\/category\\\/udalosti\\\/\",\"link_text\":\"Zjistit v\\u00edce\",\"title\":\"veletrhy a sch\\u016fzky\"}},{\"type\":\"grid_item\",\"props\":{\"content\":\"zde najdete na\\u0161e spole\\u010dnosti\",\"image\":\"app\\\/uploads\\\/2023\\\/05\\\/Icon_Standort.svg\",\"image_alt\":\"Z\\u00e1vody\",\"link\":\"\\\/cz\\\/spolecnost\\\/zavody\\\/\",\"link_text\":\"Zjistit v\\u00edce\",\"title\":\"Z\\u00e1vody\"}},{\"type\":\"grid_item\",\"props\":{\"content\":\"Nev\\u00e1hejte se s n\\u00e1mi kdykoliv spojit\",\"image\":\"app\\\/uploads\\\/2023\\\/03\\\/Icon_Kontakt_Ansprechpartner.svg\",\"image_alt\":\"Kontakt & kontaktn\\u00ed osoba \",\"link\":\"\\\/cz\\\/zadost-o-kontakt\\\/\",\"link_text\":\"Zjistit v\\u00edce\",\"title\":\"Kontakt & kontaktn\\u00ed osoba \"}}]}]}]}],\"name\":\"Grid | icon + text + button\"}],\"version\":\"4.5.3\"} --><\/p>\n","protected":false},"excerpt":{"rendered":"<p>ZELTWANGER Spole\u010dnost l\u00eddry v oblasti inovac\u00ed a technologi\u00ed Over 400 employees. Eight independent companies. Three countries. ZELTWANGER. Skupina ZELTWANGER Seznamte se se skupinou a jej\u00edmi spole\u010dnostmi Zjistit v\u00edce Kari\u00e9ra Pracovn\u00ed p\u0159\u00edle\u017eitosti ve spole\u010dnosti ZELTWANGER Zjistit v\u00edce veletrhy a sch\u016fzky Nav\u0161tivte n\u00e1s na veletrhu nebo akci Zjistit v\u00edce Z\u00e1vody zde najdete na\u0161e spole\u010dnosti Zjistit v\u00edce Kontakt [&hellip;]<\/p>\n","protected":false},"author":21,"featured_media":0,"parent":0,"menu_order":0,"comment_status":"closed","ping_status":"closed","template":"","meta":{"_acf_changed":false,"footnotes":""},"class_list":["post-23509","page","type-page","status-publish","hentry"],"acf":[],"yoast_head":"<!-- This site is optimized with the Yoast SEO plugin v27.4 - https:\/\/yoast.com\/product\/yoast-seo-wordpress\/ -->\n<title>P\u0159ehled spole\u010dnosti | ZELTWANGER<\/title>\n<meta name=\"robots\" content=\"index, follow, max-snippet:-1, max-image-preview:large, max-video-preview:-1\" \/>\n<link rel=\"canonical\" href=\"https:\/\/www.zeltwanger.de\/cz\/prehled-spolecnosti\/\" \/>\n<meta property=\"og:locale\" content=\"cs_CZ\" \/>\n<meta property=\"og:type\" content=\"article\" \/>\n<meta property=\"og:title\" content=\"P\u0159ehled spole\u010dnosti | ZELTWANGER\" \/>\n<meta property=\"og:description\" content=\"ZELTWANGER Spole\u010dnost l\u00eddry v oblasti inovac\u00ed a technologi\u00ed Over 400 employees. Eight independent companies. Three countries. ZELTWANGER. Skupina ZELTWANGER Seznamte se se skupinou a jej\u00edmi spole\u010dnostmi Zjistit v\u00edce Kari\u00e9ra Pracovn\u00ed p\u0159\u00edle\u017eitosti ve spole\u010dnosti ZELTWANGER Zjistit v\u00edce veletrhy a sch\u016fzky Nav\u0161tivte n\u00e1s na veletrhu nebo akci Zjistit v\u00edce Z\u00e1vody zde najdete na\u0161e spole\u010dnosti Zjistit v\u00edce Kontakt [&hellip;]\" \/>\n<meta property=\"og:url\" content=\"https:\/\/www.zeltwanger.de\/cz\/prehled-spolecnosti\/\" \/>\n<meta property=\"og:site_name\" content=\"ZELTWANGER\" \/>\n<meta property=\"article:publisher\" content=\"https:\/\/www.facebook.com\/zeltwanger.karriere\/\" \/>\n<meta property=\"article:modified_time\" content=\"2025-02-25T15:12:30+00:00\" \/>\n<meta name=\"twitter:card\" content=\"summary_large_image\" \/>\n<script type=\"application\/ld+json\" class=\"yoast-schema-graph\">{\"@context\":\"https:\\\/\\\/schema.org\",\"@graph\":[{\"@type\":\"WebPage\",\"@id\":\"https:\\\/\\\/www.zeltwanger.de\\\/cz\\\/prehled-spolecnosti\\\/\",\"url\":\"https:\\\/\\\/www.zeltwanger.de\\\/cz\\\/prehled-spolecnosti\\\/\",\"name\":\"P\u0159ehled spole\u010dnosti | ZELTWANGER\",\"isPartOf\":{\"@id\":\"https:\\\/\\\/www.zeltwanger.de\\\/cz\\\/#website\"},\"datePublished\":\"2023-04-05T14:45:54+00:00\",\"dateModified\":\"2025-02-25T15:12:30+00:00\",\"breadcrumb\":{\"@id\":\"https:\\\/\\\/www.zeltwanger.de\\\/cz\\\/prehled-spolecnosti\\\/#breadcrumb\"},\"inLanguage\":\"cs\",\"potentialAction\":[{\"@type\":\"ReadAction\",\"target\":[\"https:\\\/\\\/www.zeltwanger.de\\\/cz\\\/prehled-spolecnosti\\\/\"]}]},{\"@type\":\"BreadcrumbList\",\"@id\":\"https:\\\/\\\/www.zeltwanger.de\\\/cz\\\/prehled-spolecnosti\\\/#breadcrumb\",\"itemListElement\":[{\"@type\":\"ListItem\",\"position\":1,\"name\":\"Home\",\"item\":\"https:\\\/\\\/www.zeltwanger.de\\\/cz\\\/homepage\\\/\"},{\"@type\":\"ListItem\",\"position\":2,\"name\":\"P\u0159ehled spole\u010dnosti\"}]},{\"@type\":\"WebSite\",\"@id\":\"https:\\\/\\\/www.zeltwanger.de\\\/cz\\\/#website\",\"url\":\"https:\\\/\\\/www.zeltwanger.de\\\/cz\\\/\",\"name\":\"ZELTWANGER\",\"description\":\"Innovation aus Freude an Technik\",\"publisher\":{\"@id\":\"https:\\\/\\\/www.zeltwanger.de\\\/cz\\\/#organization\"},\"potentialAction\":[{\"@type\":\"SearchAction\",\"target\":{\"@type\":\"EntryPoint\",\"urlTemplate\":\"https:\\\/\\\/www.zeltwanger.de\\\/cz\\\/?s={search_term_string}\"},\"query-input\":{\"@type\":\"PropertyValueSpecification\",\"valueRequired\":true,\"valueName\":\"search_term_string\"}}],\"inLanguage\":\"cs\"},{\"@type\":\"Organization\",\"@id\":\"https:\\\/\\\/www.zeltwanger.de\\\/cz\\\/#organization\",\"name\":\"ZELTWANGER\",\"url\":\"https:\\\/\\\/www.zeltwanger.de\\\/cz\\\/\",\"logo\":{\"@type\":\"ImageObject\",\"inLanguage\":\"cs\",\"@id\":\"https:\\\/\\\/www.zeltwanger.de\\\/cz\\\/#\\\/schema\\\/logo\\\/image\\\/\",\"url\":\"https:\\\/\\\/www.zeltwanger.de\\\/app\\\/uploads\\\/2024\\\/03\\\/ZELTWANGER-Maennchen_nebeneinander_RGB_Screen_quadratisch_klein-e1710331495893.jpg\",\"contentUrl\":\"https:\\\/\\\/www.zeltwanger.de\\\/app\\\/uploads\\\/2024\\\/03\\\/ZELTWANGER-Maennchen_nebeneinander_RGB_Screen_quadratisch_klein-e1710331495893.jpg\",\"width\":144,\"height\":144,\"caption\":\"ZELTWANGER\"},\"image\":{\"@id\":\"https:\\\/\\\/www.zeltwanger.de\\\/cz\\\/#\\\/schema\\\/logo\\\/image\\\/\"},\"sameAs\":[\"https:\\\/\\\/www.facebook.com\\\/zeltwanger.karriere\\\/\",\"https:\\\/\\\/www.linkedin.com\\\/company\\\/11844117\\\/\"]}]}<\/script>\n<!-- \/ Yoast SEO plugin. -->","yoast_head_json":{"title":"P\u0159ehled spole\u010dnosti | ZELTWANGER","robots":{"index":"index","follow":"follow","max-snippet":"max-snippet:-1","max-image-preview":"max-image-preview:large","max-video-preview":"max-video-preview:-1"},"canonical":"https:\/\/www.zeltwanger.de\/cz\/prehled-spolecnosti\/","og_locale":"cs_CZ","og_type":"article","og_title":"P\u0159ehled spole\u010dnosti | ZELTWANGER","og_description":"ZELTWANGER Spole\u010dnost l\u00eddry v oblasti inovac\u00ed a technologi\u00ed Over 400 employees. Eight independent companies. Three countries. ZELTWANGER. Skupina ZELTWANGER Seznamte se se skupinou a jej\u00edmi spole\u010dnostmi Zjistit v\u00edce Kari\u00e9ra Pracovn\u00ed p\u0159\u00edle\u017eitosti ve spole\u010dnosti ZELTWANGER Zjistit v\u00edce veletrhy a sch\u016fzky Nav\u0161tivte n\u00e1s na veletrhu nebo akci Zjistit v\u00edce Z\u00e1vody zde najdete na\u0161e spole\u010dnosti Zjistit v\u00edce Kontakt [&hellip;]","og_url":"https:\/\/www.zeltwanger.de\/cz\/prehled-spolecnosti\/","og_site_name":"ZELTWANGER","article_publisher":"https:\/\/www.facebook.com\/zeltwanger.karriere\/","article_modified_time":"2025-02-25T15:12:30+00:00","twitter_card":"summary_large_image","schema":{"@context":"https:\/\/schema.org","@graph":[{"@type":"WebPage","@id":"https:\/\/www.zeltwanger.de\/cz\/prehled-spolecnosti\/","url":"https:\/\/www.zeltwanger.de\/cz\/prehled-spolecnosti\/","name":"P\u0159ehled spole\u010dnosti | ZELTWANGER","isPartOf":{"@id":"https:\/\/www.zeltwanger.de\/cz\/#website"},"datePublished":"2023-04-05T14:45:54+00:00","dateModified":"2025-02-25T15:12:30+00:00","breadcrumb":{"@id":"https:\/\/www.zeltwanger.de\/cz\/prehled-spolecnosti\/#breadcrumb"},"inLanguage":"cs","potentialAction":[{"@type":"ReadAction","target":["https:\/\/www.zeltwanger.de\/cz\/prehled-spolecnosti\/"]}]},{"@type":"BreadcrumbList","@id":"https:\/\/www.zeltwanger.de\/cz\/prehled-spolecnosti\/#breadcrumb","itemListElement":[{"@type":"ListItem","position":1,"name":"Home","item":"https:\/\/www.zeltwanger.de\/cz\/homepage\/"},{"@type":"ListItem","position":2,"name":"P\u0159ehled spole\u010dnosti"}]},{"@type":"WebSite","@id":"https:\/\/www.zeltwanger.de\/cz\/#website","url":"https:\/\/www.zeltwanger.de\/cz\/","name":"ZELTWANGER","description":"Innovation aus Freude an Technik","publisher":{"@id":"https:\/\/www.zeltwanger.de\/cz\/#organization"},"potentialAction":[{"@type":"SearchAction","target":{"@type":"EntryPoint","urlTemplate":"https:\/\/www.zeltwanger.de\/cz\/?s={search_term_string}"},"query-input":{"@type":"PropertyValueSpecification","valueRequired":true,"valueName":"search_term_string"}}],"inLanguage":"cs"},{"@type":"Organization","@id":"https:\/\/www.zeltwanger.de\/cz\/#organization","name":"ZELTWANGER","url":"https:\/\/www.zeltwanger.de\/cz\/","logo":{"@type":"ImageObject","inLanguage":"cs","@id":"https:\/\/www.zeltwanger.de\/cz\/#\/schema\/logo\/image\/","url":"https:\/\/www.zeltwanger.de\/app\/uploads\/2024\/03\/ZELTWANGER-Maennchen_nebeneinander_RGB_Screen_quadratisch_klein-e1710331495893.jpg","contentUrl":"https:\/\/www.zeltwanger.de\/app\/uploads\/2024\/03\/ZELTWANGER-Maennchen_nebeneinander_RGB_Screen_quadratisch_klein-e1710331495893.jpg","width":144,"height":144,"caption":"ZELTWANGER"},"image":{"@id":"https:\/\/www.zeltwanger.de\/cz\/#\/schema\/logo\/image\/"},"sameAs":["https:\/\/www.facebook.com\/zeltwanger.karriere\/","https:\/\/www.linkedin.com\/company\/11844117\/"]}]}},"_links":{"self":[{"href":"https:\/\/www.zeltwanger.de\/cz\/wp-json\/wp\/v2\/pages\/23509","targetHints":{"allow":["GET"]}}],"collection":[{"href":"https:\/\/www.zeltwanger.de\/cz\/wp-json\/wp\/v2\/pages"}],"about":[{"href":"https:\/\/www.zeltwanger.de\/cz\/wp-json\/wp\/v2\/types\/page"}],"author":[{"embeddable":true,"href":"https:\/\/www.zeltwanger.de\/cz\/wp-json\/wp\/v2\/users\/21"}],"replies":[{"embeddable":true,"href":"https:\/\/www.zeltwanger.de\/cz\/wp-json\/wp\/v2\/comments?post=23509"}],"version-history":[{"count":17,"href":"https:\/\/www.zeltwanger.de\/cz\/wp-json\/wp\/v2\/pages\/23509\/revisions"}],"predecessor-version":[{"id":32301,"href":"https:\/\/www.zeltwanger.de\/cz\/wp-json\/wp\/v2\/pages\/23509\/revisions\/32301"}],"wp:attachment":[{"href":"https:\/\/www.zeltwanger.de\/cz\/wp-json\/wp\/v2\/media?parent=23509"}],"curies":[{"name":"wp","href":"https:\/\/api.w.org\/{rel}","templated":true}]}}