{"id":23505,"date":"2023-04-05T16:40:36","date_gmt":"2023-04-05T14:40:36","guid":{"rendered":"https:\/\/www.zeltwanger.de\/technologie\/thermomanagement-2\/"},"modified":"2024-11-27T13:51:07","modified_gmt":"2024-11-27T12:51:07","slug":"tepelny-management","status":"publish","type":"page","link":"https:\/\/www.zeltwanger.de\/cz\/technologie\/tepelny-management\/","title":{"rendered":"Tepeln\u00fd management"},"content":{"rendered":"<h1>TEPELN\u00dd MANAGEMENT<br \/>\n<\/h1>\n<div>TECHNOLOGIE V\u00ddROBY V\u00ddM\u011aN\u00cdKU TEPLA\n<\/div>\n<div>\n<p style=\"text-align: center;\">Od lamely k bloku: efektivn\u00ed syst\u00e9my pro v\u00fdrobu a funk\u010dn\u00ed testov\u00e1n\u00ed modern\u00edch v\u00fdm\u011bn\u00edk\u016f tepla.<\/p>\n<\/div>\n<ul>\n<li>\n<p><img decoding=\"async\" src=\"\/app\/uploads\/2023\/02\/Icon_Thermomanagement.svg\" alt=\"Tepeln\u00fd management\"><\/p>\n<h3>Tepeln\u00fd management<\/h3>\n<div>Syst\u00e9my pro automatizovanou v\u00fdrobu v\u00fdm\u011bn\u00edk\u016f tepla<\/div>\n<p><a href=\"\/cz\/spolecnost\/zeltwanger-thermomanagement-gmbh-co-kg\/\">Zjistit v\u00edce<\/a><\/p>\n<\/li>\n<li>\n<p><img decoding=\"async\" src=\"\/app\/uploads\/2023\/03\/Icon_Wellrippe.svg\" alt=\"Fin Mill\"><\/p>\n<h3>Fin Mill<\/h3>\n<div>V\u00fdrobn\u00ed syst\u00e9m pro p\u0159esn\u00e1 \u017eebra v\u00fdm\u011bn\u00edku tepla<\/div>\n<p><a href=\"\/cz\/technologie\/tepelny-management\/zeltwanger-fin-mill\/\">Zjistit v\u00edce<\/a><\/p>\n<\/li>\n<li>\n<p><img decoding=\"async\" src=\"\/app\/uploads\/2023\/03\/Icon_Kontakt_Ansprechpartner.svg\" alt=\"Kontakt &#038; kontaktn\u00ed osoba\"><\/p>\n<h3>Kontakt &#038; kontaktn\u00ed osoba<\/h3>\n<div>Nev\u00e1hejte se s n\u00e1mi kdykoliv spojit<\/div>\n<p><a href=\"\/cz\/zadost-o-kontakt\/\">Zjistit v\u00edce<\/a><\/p>\n<\/li>\n<\/ul>\n<p><!--more--><br \/>\n<!-- {\"type\":\"layout\",\"children\":[{\"type\":\"section\",\"props\":{\"class\":\"highlight-section\",\"image\":\"app\\\/uploads\\\/2023\\\/04\\\/Thermomanagement_Waermetauscher.png\",\"image_position\":\"center-center\",\"image_size\":\"cover\",\"image_width\":\"2560\",\"media_background\":\"rgba(43, 88, 149, 0.9)\",\"media_blend_mode\":\"multiply\",\"media_overlay\":\"rgba(0, 65, 100, 0.6)\",\"padding\":\"xlarge\",\"style\":\"default\",\"title_breakpoint\":\"xl\",\"title_position\":\"top-left\",\"title_rotation\":\"left\",\"vertical_align\":\"\",\"width\":\"small\"},\"children\":[{\"type\":\"row\",\"props\":{\"width\":\"small\"},\"children\":[{\"type\":\"column\",\"props\":{\"image_position\":\"center-center\",\"position_sticky_breakpoint\":\"m\",\"text_color\":\"light\",\"width_medium\":\"1-1\"},\"children\":[{\"type\":\"headline\",\"props\":{\"content\":\"TEPELN\\u00dd MANAGEMENT\\n\",\"margin\":\"small\",\"text_align\":\"center\",\"title_element\":\"h1\",\"title_style\":\"heading-small\"}},{\"type\":\"headline\",\"props\":{\"content\":\"TECHNOLOGIE V\\u00ddROBY V\\u00ddM\\u011aN\\u00cdKU TEPLA\\n\",\"margin\":\"medium\",\"margin_remove_top\":true,\"text_align\":\"center\",\"title_element\":\"div\",\"title_style\":\"heading-large\"}},{\"type\":\"text\",\"props\":{\"block_align\":\"center\",\"column_breakpoint\":\"m\",\"content\":\"\n\n<p style=\\\"text-align: center;\\\">Od lamely k bloku: efektivn\\u00ed syst\\u00e9my pro v\\u00fdrobu a funk\\u010dn\\u00ed testov\\u00e1n\\u00ed modern\\u00edch v\\u00fdm\\u011bn\\u00edk\\u016f tepla.<\\\/p>\",\"margin\":\"default\",\"maxwidth\":\"2xlarge\",\"text_align\":\"center\"}}]}]}],\"name\":\"Intro Text blauer Hintergrund\"},{\"type\":\"section\",\"props\":{\"image_position\":\"center-center\",\"padding_remove_top\":false,\"style\":\"default\",\"title_breakpoint\":\"xl\",\"title_position\":\"top-left\",\"title_rotation\":\"left\",\"vertical_align\":\"\",\"width\":\"default\"},\"children\":[{\"type\":\"row\",\"children\":[{\"type\":\"column\",\"props\":{\"image_position\":\"center-center\",\"position_sticky_breakpoint\":\"m\"},\"children\":[{\"type\":\"grid\",\"props\":{\"content_column_breakpoint\":\"m\",\"filter_align\":\"left\",\"filter_all\":true,\"filter_grid_breakpoint\":\"m\",\"filter_grid_width\":\"auto\",\"filter_position\":\"top\",\"filter_style\":\"tab\",\"grid_default\":\"1\",\"grid_medium\":\"2\",\"icon_width\":80,\"image_align\":\"left\",\"image_grid_breakpoint\":\"m\",\"image_grid_width\":\"auto\",\"image_svg_color\":\"emphasis\",\"item_animation\":true,\"link_style\":\"primary\",\"link_text\":\"Read more\",\"margin\":\"default\",\"meta_align\":\"below-title\",\"meta_element\":\"div\",\"meta_style\":\"text-meta\",\"panel_padding\":\"default\",\"panel_style\":\"card-default\",\"show_content\":true,\"show_image\":true,\"show_link\":true,\"show_meta\":true,\"show_title\":true,\"title_align\":\"top\",\"title_color\":\"primary\",\"title_element\":\"h3\",\"title_grid_breakpoint\":\"m\",\"title_grid_width\":\"1-2\",\"title_hover_style\":\"reset\"},\"children\":[{\"type\":\"grid_item\",\"props\":{\"content\":\"Syst\\u00e9my pro automatizovanou v\\u00fdrobu v\\u00fdm\\u011bn\\u00edk\\u016f tepla\",\"image\":\"app\\\/uploads\\\/2023\\\/02\\\/Icon_Thermomanagement.svg\",\"image_alt\":\"Tepeln\\u00fd management\",\"link\":\"\\\/cz\\\/spolecnost\\\/zeltwanger-thermomanagement-gmbh-co-kg\\\/\",\"link_text\":\"Zjistit v\\u00edce\",\"title\":\"Tepeln\\u00fd management\"}},{\"type\":\"grid_item\",\"props\":{\"content\":\"V\\u00fdrobn\\u00ed syst\\u00e9m pro p\\u0159esn\\u00e1 \\u017eebra v\\u00fdm\\u011bn\\u00edku tepla\",\"image\":\"app\\\/uploads\\\/2023\\\/03\\\/Icon_Wellrippe.svg\",\"image_alt\":\"Fin Mill\",\"link\":\"\\\/cz\\\/technologie\\\/tepelny-management\\\/zeltwanger-fin-mill\\\/\",\"link_text\":\"Zjistit v\\u00edce\",\"title\":\"Fin Mill\"}},{\"type\":\"grid_item\",\"props\":{\"content\":\"Nev\\u00e1hejte se s n\\u00e1mi kdykoliv spojit\",\"image\":\"app\\\/uploads\\\/2023\\\/03\\\/Icon_Kontakt_Ansprechpartner.svg\",\"image_alt\":\"Kontakt & kontaktn\\u00ed osoba\",\"link\":\"\\\/cz\\\/zadost-o-kontakt\\\/\",\"link_text\":\"Zjistit v\\u00edce\",\"title\":\"Kontakt & kontaktn\\u00ed osoba\"}}]}]}]}],\"name\":\"Grid | icon + text + button\"}],\"version\":\"4.4.11\"} --><\/p>\n","protected":false},"excerpt":{"rendered":"<p>TEPELN\u00dd MANAGEMENT TECHNOLOGIE V\u00ddROBY V\u00ddM\u011aN\u00cdKU TEPLA Od lamely k bloku: efektivn\u00ed syst\u00e9my pro v\u00fdrobu a funk\u010dn\u00ed testov\u00e1n\u00ed modern\u00edch v\u00fdm\u011bn\u00edk\u016f tepla. Tepeln\u00fd management Syst\u00e9my pro automatizovanou v\u00fdrobu v\u00fdm\u011bn\u00edk\u016f tepla Zjistit v\u00edce Fin Mill V\u00fdrobn\u00ed syst\u00e9m pro p\u0159esn\u00e1 \u017eebra v\u00fdm\u011bn\u00edku tepla Zjistit v\u00edce Kontakt &#038; kontaktn\u00ed osoba Nev\u00e1hejte se s n\u00e1mi kdykoliv spojit Zjistit v\u00edce<\/p>\n","protected":false},"author":21,"featured_media":0,"parent":12874,"menu_order":0,"comment_status":"closed","ping_status":"closed","template":"","meta":{"_acf_changed":false,"footnotes":""},"class_list":["post-23505","page","type-page","status-publish","hentry"],"acf":[],"yoast_head":"<!-- This site is optimized with the Yoast SEO plugin v27.5 - https:\/\/yoast.com\/product\/yoast-seo-wordpress\/ -->\n<title>Tepeln\u00fd management | ZELTWANGER<\/title>\n<meta name=\"description\" content=\"P\u0159ehled Tepeln\u00fd management | Mont\u00e1\u017en\u00ed syst\u00e9my pro v\u00fdrobu v\u00fdm\u011bn\u00edk\u016f tepla\" \/>\n<meta name=\"robots\" content=\"index, follow, max-snippet:-1, max-image-preview:large, max-video-preview:-1\" \/>\n<link rel=\"canonical\" href=\"https:\/\/www.zeltwanger.de\/cz\/technologie\/tepelny-management\/\" \/>\n<meta property=\"og:locale\" content=\"cs_CZ\" \/>\n<meta property=\"og:type\" content=\"article\" \/>\n<meta property=\"og:title\" content=\"Tepeln\u00fd management | ZELTWANGER\" \/>\n<meta property=\"og:description\" content=\"P\u0159ehled Tepeln\u00fd management | Mont\u00e1\u017en\u00ed syst\u00e9my pro v\u00fdrobu v\u00fdm\u011bn\u00edk\u016f tepla\" \/>\n<meta property=\"og:url\" content=\"https:\/\/www.zeltwanger.de\/cz\/technologie\/tepelny-management\/\" \/>\n<meta property=\"og:site_name\" content=\"ZELTWANGER\" \/>\n<meta property=\"article:publisher\" content=\"https:\/\/www.facebook.com\/zeltwanger.karriere\/\" \/>\n<meta property=\"article:modified_time\" content=\"2024-11-27T12:51:07+00:00\" \/>\n<meta name=\"twitter:card\" content=\"summary_large_image\" \/>\n<meta name=\"twitter:label1\" content=\"Odhadovan\u00e1 doba \u010dten\u00ed\" \/>\n\t<meta name=\"twitter:data1\" content=\"1 minuta\" \/>\n<script type=\"application\/ld+json\" class=\"yoast-schema-graph\">{\"@context\":\"https:\\\/\\\/schema.org\",\"@graph\":[{\"@type\":\"WebPage\",\"@id\":\"https:\\\/\\\/www.zeltwanger.de\\\/cz\\\/technologie\\\/tepelny-management\\\/\",\"url\":\"https:\\\/\\\/www.zeltwanger.de\\\/cz\\\/technologie\\\/tepelny-management\\\/\",\"name\":\"Tepeln\u00fd management | ZELTWANGER\",\"isPartOf\":{\"@id\":\"https:\\\/\\\/www.zeltwanger.de\\\/cz\\\/#website\"},\"datePublished\":\"2023-04-05T14:40:36+00:00\",\"dateModified\":\"2024-11-27T12:51:07+00:00\",\"description\":\"P\u0159ehled Tepeln\u00fd management | Mont\u00e1\u017en\u00ed syst\u00e9my pro v\u00fdrobu v\u00fdm\u011bn\u00edk\u016f tepla\",\"breadcrumb\":{\"@id\":\"https:\\\/\\\/www.zeltwanger.de\\\/cz\\\/technologie\\\/tepelny-management\\\/#breadcrumb\"},\"inLanguage\":\"cs\",\"potentialAction\":[{\"@type\":\"ReadAction\",\"target\":[\"https:\\\/\\\/www.zeltwanger.de\\\/cz\\\/technologie\\\/tepelny-management\\\/\"]}]},{\"@type\":\"BreadcrumbList\",\"@id\":\"https:\\\/\\\/www.zeltwanger.de\\\/cz\\\/technologie\\\/tepelny-management\\\/#breadcrumb\",\"itemListElement\":[{\"@type\":\"ListItem\",\"position\":1,\"name\":\"Home\",\"item\":\"https:\\\/\\\/www.zeltwanger.de\\\/cz\\\/homepage\\\/\"},{\"@type\":\"ListItem\",\"position\":2,\"name\":\"Technologie\",\"item\":\"https:\\\/\\\/www.zeltwanger.de\\\/cz\\\/technologie\\\/\"},{\"@type\":\"ListItem\",\"position\":3,\"name\":\"Tepeln\u00fd management\"}]},{\"@type\":\"WebSite\",\"@id\":\"https:\\\/\\\/www.zeltwanger.de\\\/cz\\\/#website\",\"url\":\"https:\\\/\\\/www.zeltwanger.de\\\/cz\\\/\",\"name\":\"ZELTWANGER\",\"description\":\"Innovation aus Freude an Technik\",\"publisher\":{\"@id\":\"https:\\\/\\\/www.zeltwanger.de\\\/cz\\\/#organization\"},\"potentialAction\":[{\"@type\":\"SearchAction\",\"target\":{\"@type\":\"EntryPoint\",\"urlTemplate\":\"https:\\\/\\\/www.zeltwanger.de\\\/cz\\\/?s={search_term_string}\"},\"query-input\":{\"@type\":\"PropertyValueSpecification\",\"valueRequired\":true,\"valueName\":\"search_term_string\"}}],\"inLanguage\":\"cs\"},{\"@type\":\"Organization\",\"@id\":\"https:\\\/\\\/www.zeltwanger.de\\\/cz\\\/#organization\",\"name\":\"ZELTWANGER\",\"url\":\"https:\\\/\\\/www.zeltwanger.de\\\/cz\\\/\",\"logo\":{\"@type\":\"ImageObject\",\"inLanguage\":\"cs\",\"@id\":\"https:\\\/\\\/www.zeltwanger.de\\\/cz\\\/#\\\/schema\\\/logo\\\/image\\\/\",\"url\":\"https:\\\/\\\/www.zeltwanger.de\\\/app\\\/uploads\\\/2024\\\/03\\\/ZELTWANGER-Maennchen_nebeneinander_RGB_Screen_quadratisch_klein-e1710331495893.jpg\",\"contentUrl\":\"https:\\\/\\\/www.zeltwanger.de\\\/app\\\/uploads\\\/2024\\\/03\\\/ZELTWANGER-Maennchen_nebeneinander_RGB_Screen_quadratisch_klein-e1710331495893.jpg\",\"width\":144,\"height\":144,\"caption\":\"ZELTWANGER\"},\"image\":{\"@id\":\"https:\\\/\\\/www.zeltwanger.de\\\/cz\\\/#\\\/schema\\\/logo\\\/image\\\/\"},\"sameAs\":[\"https:\\\/\\\/www.facebook.com\\\/zeltwanger.karriere\\\/\",\"https:\\\/\\\/www.linkedin.com\\\/company\\\/11844117\\\/\"]}]}<\/script>\n<!-- \/ Yoast SEO plugin. -->","yoast_head_json":{"title":"Tepeln\u00fd management | ZELTWANGER","description":"P\u0159ehled Tepeln\u00fd management | Mont\u00e1\u017en\u00ed syst\u00e9my pro v\u00fdrobu v\u00fdm\u011bn\u00edk\u016f tepla","robots":{"index":"index","follow":"follow","max-snippet":"max-snippet:-1","max-image-preview":"max-image-preview:large","max-video-preview":"max-video-preview:-1"},"canonical":"https:\/\/www.zeltwanger.de\/cz\/technologie\/tepelny-management\/","og_locale":"cs_CZ","og_type":"article","og_title":"Tepeln\u00fd management | ZELTWANGER","og_description":"P\u0159ehled Tepeln\u00fd management | Mont\u00e1\u017en\u00ed syst\u00e9my pro v\u00fdrobu v\u00fdm\u011bn\u00edk\u016f tepla","og_url":"https:\/\/www.zeltwanger.de\/cz\/technologie\/tepelny-management\/","og_site_name":"ZELTWANGER","article_publisher":"https:\/\/www.facebook.com\/zeltwanger.karriere\/","article_modified_time":"2024-11-27T12:51:07+00:00","twitter_card":"summary_large_image","twitter_misc":{"Odhadovan\u00e1 doba \u010dten\u00ed":"1 minuta"},"schema":{"@context":"https:\/\/schema.org","@graph":[{"@type":"WebPage","@id":"https:\/\/www.zeltwanger.de\/cz\/technologie\/tepelny-management\/","url":"https:\/\/www.zeltwanger.de\/cz\/technologie\/tepelny-management\/","name":"Tepeln\u00fd management | ZELTWANGER","isPartOf":{"@id":"https:\/\/www.zeltwanger.de\/cz\/#website"},"datePublished":"2023-04-05T14:40:36+00:00","dateModified":"2024-11-27T12:51:07+00:00","description":"P\u0159ehled Tepeln\u00fd management | Mont\u00e1\u017en\u00ed syst\u00e9my pro v\u00fdrobu v\u00fdm\u011bn\u00edk\u016f tepla","breadcrumb":{"@id":"https:\/\/www.zeltwanger.de\/cz\/technologie\/tepelny-management\/#breadcrumb"},"inLanguage":"cs","potentialAction":[{"@type":"ReadAction","target":["https:\/\/www.zeltwanger.de\/cz\/technologie\/tepelny-management\/"]}]},{"@type":"BreadcrumbList","@id":"https:\/\/www.zeltwanger.de\/cz\/technologie\/tepelny-management\/#breadcrumb","itemListElement":[{"@type":"ListItem","position":1,"name":"Home","item":"https:\/\/www.zeltwanger.de\/cz\/homepage\/"},{"@type":"ListItem","position":2,"name":"Technologie","item":"https:\/\/www.zeltwanger.de\/cz\/technologie\/"},{"@type":"ListItem","position":3,"name":"Tepeln\u00fd management"}]},{"@type":"WebSite","@id":"https:\/\/www.zeltwanger.de\/cz\/#website","url":"https:\/\/www.zeltwanger.de\/cz\/","name":"ZELTWANGER","description":"Innovation aus Freude an Technik","publisher":{"@id":"https:\/\/www.zeltwanger.de\/cz\/#organization"},"potentialAction":[{"@type":"SearchAction","target":{"@type":"EntryPoint","urlTemplate":"https:\/\/www.zeltwanger.de\/cz\/?s={search_term_string}"},"query-input":{"@type":"PropertyValueSpecification","valueRequired":true,"valueName":"search_term_string"}}],"inLanguage":"cs"},{"@type":"Organization","@id":"https:\/\/www.zeltwanger.de\/cz\/#organization","name":"ZELTWANGER","url":"https:\/\/www.zeltwanger.de\/cz\/","logo":{"@type":"ImageObject","inLanguage":"cs","@id":"https:\/\/www.zeltwanger.de\/cz\/#\/schema\/logo\/image\/","url":"https:\/\/www.zeltwanger.de\/app\/uploads\/2024\/03\/ZELTWANGER-Maennchen_nebeneinander_RGB_Screen_quadratisch_klein-e1710331495893.jpg","contentUrl":"https:\/\/www.zeltwanger.de\/app\/uploads\/2024\/03\/ZELTWANGER-Maennchen_nebeneinander_RGB_Screen_quadratisch_klein-e1710331495893.jpg","width":144,"height":144,"caption":"ZELTWANGER"},"image":{"@id":"https:\/\/www.zeltwanger.de\/cz\/#\/schema\/logo\/image\/"},"sameAs":["https:\/\/www.facebook.com\/zeltwanger.karriere\/","https:\/\/www.linkedin.com\/company\/11844117\/"]}]}},"_links":{"self":[{"href":"https:\/\/www.zeltwanger.de\/cz\/wp-json\/wp\/v2\/pages\/23505","targetHints":{"allow":["GET"]}}],"collection":[{"href":"https:\/\/www.zeltwanger.de\/cz\/wp-json\/wp\/v2\/pages"}],"about":[{"href":"https:\/\/www.zeltwanger.de\/cz\/wp-json\/wp\/v2\/types\/page"}],"author":[{"embeddable":true,"href":"https:\/\/www.zeltwanger.de\/cz\/wp-json\/wp\/v2\/users\/21"}],"replies":[{"embeddable":true,"href":"https:\/\/www.zeltwanger.de\/cz\/wp-json\/wp\/v2\/comments?post=23505"}],"version-history":[{"count":11,"href":"https:\/\/www.zeltwanger.de\/cz\/wp-json\/wp\/v2\/pages\/23505\/revisions"}],"predecessor-version":[{"id":31609,"href":"https:\/\/www.zeltwanger.de\/cz\/wp-json\/wp\/v2\/pages\/23505\/revisions\/31609"}],"up":[{"embeddable":true,"href":"https:\/\/www.zeltwanger.de\/cz\/wp-json\/wp\/v2\/pages\/12874"}],"wp:attachment":[{"href":"https:\/\/www.zeltwanger.de\/cz\/wp-json\/wp\/v2\/media?parent=23505"}],"curies":[{"name":"wp","href":"https:\/\/api.w.org\/{rel}","templated":true}]}}