{"id":23490,"date":"2023-04-05T16:04:30","date_gmt":"2023-04-05T14:04:30","guid":{"rendered":"https:\/\/www.zeltwanger.de\/auftragsfertigung\/"},"modified":"2024-01-29T14:13:29","modified_gmt":"2024-01-29T13:13:29","slug":"vyroba-na-zakazku","status":"publish","type":"page","link":"https:\/\/www.zeltwanger.de\/cz\/vyroba-na-zakazku\/","title":{"rendered":"V\u00fdroba na zak\u00e1zku"},"content":{"rendered":"<h1>\n<div class=\"el-meta uk-text-meta uk-margin-top\">zak\u00e1zkov\u00e1 v\u00fdroba<\/div>\n<\/h1>\n<div>V\u00c1\u0160 N\u00c1PAD, EFEKTIVN\u011a REALIZOV\u00c1N<\/div>\n<div>A\u0165 u\u017e se jedn\u00e1 o jednotliv\u00e9 d\u00edly p\u0159ipraven\u00e9 k instalaci, slo\u017eit\u00e9 prototypy, sestavy nebo kompletn\u00ed syst\u00e9my \u2013 va\u0161e stroj\u00edrensk\u00e9 projekty realizujeme spolehliv\u011b a efektivn\u011b.<\/div>\n<ul>\n<li>\n<p>        <img decoding=\"async\" src=\"\/app\/uploads\/2023\/02\/Icon_Fertigungs-DL.svg\" alt=\"V\u00fdrobn\u00ed slu\u017eby\"><\/p>\n<h3>zak\u00e1zkov\u00e1 v\u00fdroba<\/h3>\n<div>V\u00fdroba vysoce p\u0159esn\u00fdch a komplexn\u00edch jednotliv\u00fdch d\u00edl\u016f a s\u00e9ri\u00ed<\/div>\n<p><a href=\"\/cz\/technologie\/smluvni-vyroba\/\">Zjistit v\u00edce<\/a><\/p>\n<\/li>\n<li>\n<p>        <img decoding=\"async\" src=\"\/app\/uploads\/2023\/02\/Icon_Montage-DL.svg\" alt=\"Mont\u00e1\u017en\u00ed slu\u017eby\"><\/p>\n<h3>Mont\u00e1\u017en\u00ed slu\u017eby<\/h3>\n<div>Mont\u00e1\u017e sestav a kompletn\u00edch syst\u00e9m\u016f<\/div>\n<p><a href=\"\/cz\/technologie\/montazni-sluzby\/\">Zjistit v\u00edce<\/a><\/p>\n<\/li>\n<li>\n<p>        <img decoding=\"async\" src=\"\/app\/uploads\/2023\/03\/Icon_Beratung.svg\" alt=\"Poradenstv\u00ed\"><\/p>\n<h3>Poradenstv\u00ed<\/h3>\n<div>Na\u0161e know-how pro va\u0161e stroj\u00edrensk\u00e9 projekty<\/div>\n<p><a href=\"\/cz\/servis\/stavba-stroju\/\">Zjistit v\u00edce<\/a><\/p>\n<\/li>\n<li>\n<p>        <img decoding=\"async\" src=\"\/app\/uploads\/2023\/03\/Icon_Kontakt_Ansprechpartner.svg\" alt=\"Kontakt &#038; kontaktn\u00ed osoba\"><\/p>\n<h3>Kontakt &#038; kontaktn\u00ed osoba<\/h3>\n<div>Nev\u00e1hejte se s n\u00e1mi kdykoliv spojit<\/div>\n<p><a href=\"\/cz\/zadost-o-kontakt\">Zjistit v\u00edce<\/a><\/p>\n<\/li>\n<li>\n<p>        <img decoding=\"async\" src=\"\/app\/uploads\/2023\/03\/Icon_Maschinenliste.svg\" alt=\"seznam stroj\u016f\"><\/p>\n<h3>seznam stroj\u016f<\/h3>\n<div>Profitujte z na\u0161ich modern\u00edch stroj\u016f<\/div>\n<p><a href=\"\/cz\/servis\/downloads#maschinenlisten-downloads\">Zjistit v\u00edce<\/a><\/p>\n<\/li>\n<\/ul>\n<p><!--more--><br \/>\n<!-- {\"type\":\"layout\",\"children\":[{\"type\":\"section\",\"props\":{\"class\":\"highlight-section\",\"image\":\"app\\\/uploads\\\/2023\\\/04\\\/ZELTWANGER_Auftragsfertigung.jpg\",\"image_position\":\"center-center\",\"image_size\":\"cover\",\"image_width\":\"2560\",\"media_background\":\"rgba(43, 88, 149, 0.9)\",\"media_blend_mode\":\"multiply\",\"media_overlay\":\"rgba(0, 65, 100, 0.6)\",\"padding\":\"xlarge\",\"style\":\"default\",\"title_breakpoint\":\"xl\",\"title_position\":\"top-left\",\"title_rotation\":\"left\",\"vertical_align\":\"middle\",\"width\":\"small\"},\"children\":[{\"type\":\"row\",\"props\":{\"width\":\"small\"},\"children\":[{\"type\":\"column\",\"props\":{\"image_position\":\"center-center\",\"position_sticky_breakpoint\":\"m\",\"text_color\":\"light\",\"width_medium\":\"1-1\"},\"children\":[{\"type\":\"headline\",\"props\":{\"content\":\"\n\n<div class=\\\"el-meta uk-text-meta uk-margin-top\\\">zak\\u00e1zkov\\u00e1 v\\u00fdroba<\\\/div>\",\"margin\":\"small\",\"text_align\":\"center\",\"title_element\":\"h1\",\"title_style\":\"heading-small\"}},{\"type\":\"headline\",\"props\":{\"content\":\"V\\u00c1\\u0160 N\\u00c1PAD, EFEKTIVN\\u011a REALIZOV\\u00c1N\",\"margin\":\"medium\",\"margin_remove_top\":true,\"text_align\":\"center\",\"title_element\":\"div\",\"title_style\":\"heading-large\"}},{\"type\":\"text\",\"props\":{\"block_align\":\"center\",\"column_breakpoint\":\"m\",\"content\":\"A\\u0165 u\\u017e se jedn\\u00e1 o jednotliv\\u00e9 d\\u00edly p\\u0159ipraven\\u00e9 k instalaci, slo\\u017eit\\u00e9 prototypy, sestavy nebo kompletn\\u00ed syst\\u00e9my \\u2013 va\\u0161e stroj\\u00edrensk\\u00e9 projekty realizujeme spolehliv\\u011b a efektivn\\u011b.\",\"margin\":\"default\",\"maxwidth\":\"2xlarge\",\"text_align\":\"center\"}}]}]}],\"name\":\"Intro Text blauer Hintergrund\"},{\"type\":\"section\",\"props\":{\"image_position\":\"center-center\",\"padding_remove_top\":false,\"style\":\"default\",\"title_breakpoint\":\"xl\",\"title_position\":\"top-left\",\"title_rotation\":\"left\",\"vertical_align\":\"middle\",\"width\":\"default\"},\"children\":[{\"type\":\"row\",\"children\":[{\"type\":\"column\",\"props\":{\"image_position\":\"center-center\",\"position_sticky_breakpoint\":\"m\"},\"children\":[{\"type\":\"grid\",\"props\":{\"content_column_breakpoint\":\"m\",\"filter_align\":\"left\",\"filter_all\":true,\"filter_grid_breakpoint\":\"m\",\"filter_grid_width\":\"auto\",\"filter_position\":\"top\",\"filter_style\":\"tab\",\"grid_default\":\"1\",\"grid_medium\":\"2\",\"icon_width\":80,\"image_align\":\"left\",\"image_grid_breakpoint\":\"m\",\"image_grid_width\":\"auto\",\"image_svg_color\":\"emphasis\",\"item_animation\":true,\"link_style\":\"primary\",\"link_text\":\"Read more\",\"margin\":\"default\",\"meta_align\":\"below-title\",\"meta_element\":\"div\",\"meta_style\":\"text-meta\",\"panel_padding\":\"default\",\"panel_style\":\"card-default\",\"show_content\":true,\"show_image\":true,\"show_link\":true,\"show_meta\":true,\"show_title\":true,\"title_align\":\"top\",\"title_color\":\"primary\",\"title_element\":\"h3\",\"title_grid_breakpoint\":\"m\",\"title_grid_width\":\"1-2\",\"title_hover_style\":\"reset\"},\"children\":[{\"type\":\"grid_item\",\"props\":{\"content\":\"V\\u00fdroba vysoce p\\u0159esn\\u00fdch a komplexn\\u00edch jednotliv\\u00fdch d\\u00edl\\u016f a s\\u00e9ri\\u00ed\",\"image\":\"app\\\/uploads\\\/2023\\\/02\\\/Icon_Fertigungs-DL.svg\",\"image_alt\":\"V\\u00fdrobn\\u00ed slu\\u017eby\",\"link\":\"\\\/cz\\\/technologie\\\/smluvni-vyroba\\\/\",\"link_text\":\"Zjistit v\\u00edce\",\"title\":\"zak\\u00e1zkov\\u00e1 v\\u00fdroba\"}},{\"type\":\"grid_item\",\"props\":{\"content\":\"Mont\\u00e1\\u017e sestav a kompletn\\u00edch syst\\u00e9m\\u016f\",\"image\":\"app\\\/uploads\\\/2023\\\/02\\\/Icon_Montage-DL.svg\",\"image_alt\":\"Mont\\u00e1\\u017en\\u00ed slu\\u017eby\",\"link\":\"\\\/cz\\\/technologie\\\/montazni-sluzby\\\/\",\"link_text\":\"Zjistit v\\u00edce\",\"title\":\"Mont\\u00e1\\u017en\\u00ed slu\\u017eby\"}},{\"type\":\"grid_item\",\"props\":{\"content\":\"Na\\u0161e know-how pro va\\u0161e stroj\\u00edrensk\\u00e9 projekty\",\"image\":\"app\\\/uploads\\\/2023\\\/03\\\/Icon_Beratung.svg\",\"image_alt\":\"Poradenstv\\u00ed\",\"link\":\"\\\/cz\\\/servis\\\/stavba-stroju\\\/\",\"link_text\":\"Zjistit v\\u00edce\",\"title\":\"Poradenstv\\u00ed\"}},{\"type\":\"grid_item\",\"props\":{\"content\":\"Nev\\u00e1hejte se s n\\u00e1mi kdykoliv spojit\",\"image\":\"app\\\/uploads\\\/2023\\\/03\\\/Icon_Kontakt_Ansprechpartner.svg\",\"image_alt\":\"Kontakt & kontaktn\\u00ed osoba\",\"link\":\"\\\/cz\\\/zadost-o-kontakt\",\"link_text\":\"Zjistit v\\u00edce\",\"title\":\"Kontakt & kontaktn\\u00ed osoba\"}},{\"type\":\"grid_item\",\"props\":{\"content\":\"Profitujte z na\\u0161ich modern\\u00edch stroj\\u016f\",\"image\":\"app\\\/uploads\\\/2023\\\/03\\\/Icon_Maschinenliste.svg\",\"image_alt\":\"seznam stroj\\u016f\",\"link\":\"\\\/cz\\\/servis\\\/downloads#maschinenlisten-downloads\",\"link_text\":\"Zjistit v\\u00edce\",\"title\":\"seznam stroj\\u016f\"}}]}]}]}],\"name\":\"Grid | icon + text + button\"}],\"version\":\"4.2.11\"} --><\/p>\n","protected":false},"excerpt":{"rendered":"<p>zak\u00e1zkov\u00e1 v\u00fdroba V\u00c1\u0160 N\u00c1PAD, EFEKTIVN\u011a REALIZOV\u00c1N A\u0165 u\u017e se jedn\u00e1 o jednotliv\u00e9 d\u00edly p\u0159ipraven\u00e9 k instalaci, slo\u017eit\u00e9 prototypy, sestavy nebo kompletn\u00ed syst\u00e9my \u2013 va\u0161e stroj\u00edrensk\u00e9 projekty realizujeme spolehliv\u011b a efektivn\u011b. zak\u00e1zkov\u00e1 v\u00fdroba V\u00fdroba vysoce p\u0159esn\u00fdch a komplexn\u00edch jednotliv\u00fdch d\u00edl\u016f a s\u00e9ri\u00ed Zjistit v\u00edce Mont\u00e1\u017en\u00ed slu\u017eby Mont\u00e1\u017e sestav a kompletn\u00edch syst\u00e9m\u016f Zjistit v\u00edce Poradenstv\u00ed Na\u0161e know-how [&hellip;]<\/p>\n","protected":false},"author":21,"featured_media":0,"parent":0,"menu_order":0,"comment_status":"closed","ping_status":"closed","template":"","meta":{"_acf_changed":false,"footnotes":""},"class_list":["post-23490","page","type-page","status-publish","hentry"],"acf":[],"yoast_head":"<!-- This site is optimized with the Yoast SEO plugin v27.4 - https:\/\/yoast.com\/product\/yoast-seo-wordpress\/ -->\n<title>V\u00fdroba na zak\u00e1zku | ZELTWANGER<\/title>\n<meta name=\"description\" content=\"P\u0159ehled na zak\u00e1zku | vysoce slo\u017eit\u00e9 obr\u00e1b\u011bn\u00ed | jednotliv\u00e9 d\u00edly p\u0159ipraven\u00e9 k instalaci | prototypy | Sestavy nebo kompletn\u00ed syst\u00e9my\" \/>\n<meta name=\"robots\" content=\"index, follow, max-snippet:-1, max-image-preview:large, max-video-preview:-1\" \/>\n<link rel=\"canonical\" href=\"https:\/\/www.zeltwanger.de\/cz\/vyroba-na-zakazku\/\" \/>\n<meta property=\"og:locale\" content=\"cs_CZ\" \/>\n<meta property=\"og:type\" content=\"article\" \/>\n<meta property=\"og:title\" content=\"V\u00fdroba na zak\u00e1zku | ZELTWANGER\" \/>\n<meta property=\"og:description\" content=\"P\u0159ehled na zak\u00e1zku | vysoce slo\u017eit\u00e9 obr\u00e1b\u011bn\u00ed | jednotliv\u00e9 d\u00edly p\u0159ipraven\u00e9 k instalaci | prototypy | Sestavy nebo kompletn\u00ed syst\u00e9my\" \/>\n<meta property=\"og:url\" content=\"https:\/\/www.zeltwanger.de\/cz\/vyroba-na-zakazku\/\" \/>\n<meta property=\"og:site_name\" content=\"ZELTWANGER\" \/>\n<meta property=\"article:publisher\" content=\"https:\/\/www.facebook.com\/zeltwanger.karriere\/\" \/>\n<meta property=\"article:modified_time\" content=\"2024-01-29T13:13:29+00:00\" \/>\n<meta name=\"twitter:card\" content=\"summary_large_image\" \/>\n<meta name=\"twitter:label1\" content=\"Odhadovan\u00e1 doba \u010dten\u00ed\" \/>\n\t<meta name=\"twitter:data1\" content=\"2 minuty\" \/>\n<script type=\"application\/ld+json\" class=\"yoast-schema-graph\">{\"@context\":\"https:\\\/\\\/schema.org\",\"@graph\":[{\"@type\":\"WebPage\",\"@id\":\"https:\\\/\\\/www.zeltwanger.de\\\/cz\\\/vyroba-na-zakazku\\\/\",\"url\":\"https:\\\/\\\/www.zeltwanger.de\\\/cz\\\/vyroba-na-zakazku\\\/\",\"name\":\"V\u00fdroba na zak\u00e1zku | ZELTWANGER\",\"isPartOf\":{\"@id\":\"https:\\\/\\\/www.zeltwanger.de\\\/cz\\\/#website\"},\"datePublished\":\"2023-04-05T14:04:30+00:00\",\"dateModified\":\"2024-01-29T13:13:29+00:00\",\"description\":\"P\u0159ehled na zak\u00e1zku | vysoce slo\u017eit\u00e9 obr\u00e1b\u011bn\u00ed | jednotliv\u00e9 d\u00edly p\u0159ipraven\u00e9 k instalaci | prototypy | Sestavy nebo kompletn\u00ed syst\u00e9my\",\"breadcrumb\":{\"@id\":\"https:\\\/\\\/www.zeltwanger.de\\\/cz\\\/vyroba-na-zakazku\\\/#breadcrumb\"},\"inLanguage\":\"cs\",\"potentialAction\":[{\"@type\":\"ReadAction\",\"target\":[\"https:\\\/\\\/www.zeltwanger.de\\\/cz\\\/vyroba-na-zakazku\\\/\"]}]},{\"@type\":\"BreadcrumbList\",\"@id\":\"https:\\\/\\\/www.zeltwanger.de\\\/cz\\\/vyroba-na-zakazku\\\/#breadcrumb\",\"itemListElement\":[{\"@type\":\"ListItem\",\"position\":1,\"name\":\"Home\",\"item\":\"https:\\\/\\\/www.zeltwanger.de\\\/cz\\\/homepage\\\/\"},{\"@type\":\"ListItem\",\"position\":2,\"name\":\"V\u00fdroba na zak\u00e1zku\"}]},{\"@type\":\"WebSite\",\"@id\":\"https:\\\/\\\/www.zeltwanger.de\\\/cz\\\/#website\",\"url\":\"https:\\\/\\\/www.zeltwanger.de\\\/cz\\\/\",\"name\":\"ZELTWANGER\",\"description\":\"Innovation aus Freude an Technik\",\"publisher\":{\"@id\":\"https:\\\/\\\/www.zeltwanger.de\\\/cz\\\/#organization\"},\"potentialAction\":[{\"@type\":\"SearchAction\",\"target\":{\"@type\":\"EntryPoint\",\"urlTemplate\":\"https:\\\/\\\/www.zeltwanger.de\\\/cz\\\/?s={search_term_string}\"},\"query-input\":{\"@type\":\"PropertyValueSpecification\",\"valueRequired\":true,\"valueName\":\"search_term_string\"}}],\"inLanguage\":\"cs\"},{\"@type\":\"Organization\",\"@id\":\"https:\\\/\\\/www.zeltwanger.de\\\/cz\\\/#organization\",\"name\":\"ZELTWANGER\",\"url\":\"https:\\\/\\\/www.zeltwanger.de\\\/cz\\\/\",\"logo\":{\"@type\":\"ImageObject\",\"inLanguage\":\"cs\",\"@id\":\"https:\\\/\\\/www.zeltwanger.de\\\/cz\\\/#\\\/schema\\\/logo\\\/image\\\/\",\"url\":\"https:\\\/\\\/www.zeltwanger.de\\\/app\\\/uploads\\\/2024\\\/03\\\/ZELTWANGER-Maennchen_nebeneinander_RGB_Screen_quadratisch_klein-e1710331495893.jpg\",\"contentUrl\":\"https:\\\/\\\/www.zeltwanger.de\\\/app\\\/uploads\\\/2024\\\/03\\\/ZELTWANGER-Maennchen_nebeneinander_RGB_Screen_quadratisch_klein-e1710331495893.jpg\",\"width\":144,\"height\":144,\"caption\":\"ZELTWANGER\"},\"image\":{\"@id\":\"https:\\\/\\\/www.zeltwanger.de\\\/cz\\\/#\\\/schema\\\/logo\\\/image\\\/\"},\"sameAs\":[\"https:\\\/\\\/www.facebook.com\\\/zeltwanger.karriere\\\/\",\"https:\\\/\\\/www.linkedin.com\\\/company\\\/11844117\\\/\"]}]}<\/script>\n<!-- \/ Yoast SEO plugin. -->","yoast_head_json":{"title":"V\u00fdroba na zak\u00e1zku | ZELTWANGER","description":"P\u0159ehled na zak\u00e1zku | vysoce slo\u017eit\u00e9 obr\u00e1b\u011bn\u00ed | jednotliv\u00e9 d\u00edly p\u0159ipraven\u00e9 k instalaci | prototypy | Sestavy nebo kompletn\u00ed syst\u00e9my","robots":{"index":"index","follow":"follow","max-snippet":"max-snippet:-1","max-image-preview":"max-image-preview:large","max-video-preview":"max-video-preview:-1"},"canonical":"https:\/\/www.zeltwanger.de\/cz\/vyroba-na-zakazku\/","og_locale":"cs_CZ","og_type":"article","og_title":"V\u00fdroba na zak\u00e1zku | ZELTWANGER","og_description":"P\u0159ehled na zak\u00e1zku | vysoce slo\u017eit\u00e9 obr\u00e1b\u011bn\u00ed | jednotliv\u00e9 d\u00edly p\u0159ipraven\u00e9 k instalaci | prototypy | Sestavy nebo kompletn\u00ed syst\u00e9my","og_url":"https:\/\/www.zeltwanger.de\/cz\/vyroba-na-zakazku\/","og_site_name":"ZELTWANGER","article_publisher":"https:\/\/www.facebook.com\/zeltwanger.karriere\/","article_modified_time":"2024-01-29T13:13:29+00:00","twitter_card":"summary_large_image","twitter_misc":{"Odhadovan\u00e1 doba \u010dten\u00ed":"2 minuty"},"schema":{"@context":"https:\/\/schema.org","@graph":[{"@type":"WebPage","@id":"https:\/\/www.zeltwanger.de\/cz\/vyroba-na-zakazku\/","url":"https:\/\/www.zeltwanger.de\/cz\/vyroba-na-zakazku\/","name":"V\u00fdroba na zak\u00e1zku | ZELTWANGER","isPartOf":{"@id":"https:\/\/www.zeltwanger.de\/cz\/#website"},"datePublished":"2023-04-05T14:04:30+00:00","dateModified":"2024-01-29T13:13:29+00:00","description":"P\u0159ehled na zak\u00e1zku | vysoce slo\u017eit\u00e9 obr\u00e1b\u011bn\u00ed | jednotliv\u00e9 d\u00edly p\u0159ipraven\u00e9 k instalaci | prototypy | Sestavy nebo kompletn\u00ed syst\u00e9my","breadcrumb":{"@id":"https:\/\/www.zeltwanger.de\/cz\/vyroba-na-zakazku\/#breadcrumb"},"inLanguage":"cs","potentialAction":[{"@type":"ReadAction","target":["https:\/\/www.zeltwanger.de\/cz\/vyroba-na-zakazku\/"]}]},{"@type":"BreadcrumbList","@id":"https:\/\/www.zeltwanger.de\/cz\/vyroba-na-zakazku\/#breadcrumb","itemListElement":[{"@type":"ListItem","position":1,"name":"Home","item":"https:\/\/www.zeltwanger.de\/cz\/homepage\/"},{"@type":"ListItem","position":2,"name":"V\u00fdroba na zak\u00e1zku"}]},{"@type":"WebSite","@id":"https:\/\/www.zeltwanger.de\/cz\/#website","url":"https:\/\/www.zeltwanger.de\/cz\/","name":"ZELTWANGER","description":"Innovation aus Freude an Technik","publisher":{"@id":"https:\/\/www.zeltwanger.de\/cz\/#organization"},"potentialAction":[{"@type":"SearchAction","target":{"@type":"EntryPoint","urlTemplate":"https:\/\/www.zeltwanger.de\/cz\/?s={search_term_string}"},"query-input":{"@type":"PropertyValueSpecification","valueRequired":true,"valueName":"search_term_string"}}],"inLanguage":"cs"},{"@type":"Organization","@id":"https:\/\/www.zeltwanger.de\/cz\/#organization","name":"ZELTWANGER","url":"https:\/\/www.zeltwanger.de\/cz\/","logo":{"@type":"ImageObject","inLanguage":"cs","@id":"https:\/\/www.zeltwanger.de\/cz\/#\/schema\/logo\/image\/","url":"https:\/\/www.zeltwanger.de\/app\/uploads\/2024\/03\/ZELTWANGER-Maennchen_nebeneinander_RGB_Screen_quadratisch_klein-e1710331495893.jpg","contentUrl":"https:\/\/www.zeltwanger.de\/app\/uploads\/2024\/03\/ZELTWANGER-Maennchen_nebeneinander_RGB_Screen_quadratisch_klein-e1710331495893.jpg","width":144,"height":144,"caption":"ZELTWANGER"},"image":{"@id":"https:\/\/www.zeltwanger.de\/cz\/#\/schema\/logo\/image\/"},"sameAs":["https:\/\/www.facebook.com\/zeltwanger.karriere\/","https:\/\/www.linkedin.com\/company\/11844117\/"]}]}},"_links":{"self":[{"href":"https:\/\/www.zeltwanger.de\/cz\/wp-json\/wp\/v2\/pages\/23490","targetHints":{"allow":["GET"]}}],"collection":[{"href":"https:\/\/www.zeltwanger.de\/cz\/wp-json\/wp\/v2\/pages"}],"about":[{"href":"https:\/\/www.zeltwanger.de\/cz\/wp-json\/wp\/v2\/types\/page"}],"author":[{"embeddable":true,"href":"https:\/\/www.zeltwanger.de\/cz\/wp-json\/wp\/v2\/users\/21"}],"replies":[{"embeddable":true,"href":"https:\/\/www.zeltwanger.de\/cz\/wp-json\/wp\/v2\/comments?post=23490"}],"version-history":[{"count":15,"href":"https:\/\/www.zeltwanger.de\/cz\/wp-json\/wp\/v2\/pages\/23490\/revisions"}],"predecessor-version":[{"id":28156,"href":"https:\/\/www.zeltwanger.de\/cz\/wp-json\/wp\/v2\/pages\/23490\/revisions\/28156"}],"wp:attachment":[{"href":"https:\/\/www.zeltwanger.de\/cz\/wp-json\/wp\/v2\/media?parent=23490"}],"curies":[{"name":"wp","href":"https:\/\/api.w.org\/{rel}","templated":true}]}}