{"id":13088,"date":"2020-05-08T13:39:13","date_gmt":"2020-05-08T11:39:13","guid":{"rendered":"https:\/\/www.zeltwanger.de\/?page_id=13088"},"modified":"2022-01-14T13:12:21","modified_gmt":"2022-01-14T12:12:21","slug":"vize","status":"publish","type":"page","link":"https:\/\/www.zeltwanger.de\/cz\/spolecnost\/vize\/","title":{"rendered":"Vize"},"content":{"rendered":"<h1>\n<p>Na\u0161e mise u ZELTWANGER<\/p>\n<\/h1>\n<h1>\n<p>Technika \u010din\u00ed radost<\/p>\n<\/h1>\n<div>\n<p>ZELTWANGER znamen\u00e1 kompetenci, inovaci a technick\u00e1 \u0159e\u0161en\u00ed na nejvy\u0161\u0161\u00ed \u00farovni.<\/p>\n<p>Mo\u017en\u00e1 je to v\u0161ak pouze d\u016fsledn\u011b za\u017eit\u00e1 podnikov\u00e1 kultura, kter\u00e1 nejen ur\u010duje zp\u016fsob na\u0161\u00ed spolupr\u00e1ce, ale je i d\u016fvodem, pro\u010d skupina podnik\u016f ZELTWANGER v\u016fbec existuje.<\/p>\n<\/div>\n<h2>Zakladatelsk\u00e1 vize<\/h2>\n<div>\n<p>Spole\u010dnost ZELTWANGER vznikla z p\u0159esv\u011bd\u010den\u00ed, \u017ee je mo\u017en\u00e9 l\u00e9pe utv\u00e1\u0159et spolupr\u00e1ci a podnikatelsk\u00e9 jedn\u00e1n\u00ed. To lze popsat t\u0159emi hesly, kter\u00e1 v roce 1982 vedla k zalo\u017een\u00ed spole\u010dnosti ZELTWANGER a je\u0161t\u011b dnes jsou m\u011b\u0159\u00edtkem podnikatelsk\u00fdch rozhodnut\u00ed: Radost, svoboda a harmonie.<\/p>\n<\/div>\n<div>\n<p><strong>Radost<\/strong> je pro n\u00e1s z\u00e1klad \u00fasp\u011b\u0161n\u00e9ho jedn\u00e1n\u00ed. Bez radosti nejsou inovace a technologick\u00e9 maxim\u00e1ln\u00ed v\u00fdkony mysliteln\u00e9. Lid\u00e9, kte\u0159\u00ed u spole\u010dnosti ZELTWANGER pracuj\u00ed, to d\u011blaj\u00ed z v\u00e1\u0161n\u011b a s radost\u00ed.<\/p>\n<\/div>\n<div>\n<p><strong>Svobodu<\/strong> nech\u00e1peme jako absenci pravidel, n\u00fdbr\u017e jako mo\u017enost pro ka\u017ed\u00e9ho jednotlivce, aby si s\u00e1m ur\u010dil cestu k ide\u00e1ln\u00edmu v\u00fdsledku. Z\u00e1klady k tomu jsou kvalifikace, orientace na c\u00edl a za\u017e\u00edvan\u00e1 d\u016fv\u011bra v ka\u017edou jednotlivou pracovnici a ka\u017ed\u00e9ho jednotliv\u00e9ho pracovn\u00edka.<\/p>\n<\/div>\n<div>\n<p><strong>Harmonii<\/strong> pro\u017e\u00edv\u00e1me sm\u011brem dovnit\u0159 i ven. \u00dacta, respekt, d\u016fv\u011bra, up\u0159\u00edmnost a poctivost ur\u010duj\u00ed na\u0161i vz\u00e1jemnost. Coby podnik p\u0159eb\u00edr\u00e1me spole\u010denskou odpov\u011bdnost a vyr\u00e1b\u00edme pouze v\u011bci, kter\u00e9 jsou \u010dlov\u011bku a \u017eivotn\u00edmu prost\u0159ed\u00ed k u\u017eitku.<\/p>\n<\/div>\n<h2>NA\u0160E HLAVN\u00cd PRINCIPY N\u00c1S DEFINUJ\u00cd<\/h2>\n<div>\n<p>Na z\u00e1klad\u011b t\u00e9to zakladatelsk\u00e9 vize pro\u017e\u00edv\u00e1 dnes podnikov\u00e1 skupina misi, kterou lze shrnout do jedn\u00e9 v\u011bty:<\/p>\n<p><strong>Jsme technologick\u00fdmi a inova\u010dn\u00edmi l\u00eddry v na\u0161ich oborech, dosahujeme toho vynikaj\u00edc\u00edmi v\u00fdkony, pro\u017e\u00edvanou v\u00e1\u0161n\u00ed a vyu\u017e\u00edv\u00e1n\u00edm co nejlep\u0161\u00edch synergi\u00ed.<\/strong><\/p>\n<\/div>\n<h3>Na\u0161e odpov\u011bdnost vzrostla<\/h3>\n<h2>Historie \u2013 co n\u00e1s ovlivnilo<\/h2>\n<div>\n<p><a href=\"https:\/\/www.zeltwanger.de\/cz\/spolecnost\/historie\/\">K historii podniku<\/a><\/p>\n<\/div>\n<h2>P\u0159eb\u00edr\u00e1me odpov\u011bdnost<\/h2>\n<div>\n<p><a href=\"https:\/\/www.zeltwanger.de\/cz\/spolecnost\/odpovednost\/\">Co to znamen\u00e1<\/a><\/p>\n<\/div>\n<h2>Na\u0161i z\u00e1kazn\u00edci stoj\u00ed v \u00fast\u0159ed\u00ed<\/h2>\n<div>\n<p><a href=\"https:\/\/www.zeltwanger.de\/cz\/servis\/\">Kontaktn\u00ed osoby a servis<\/a><\/p>\n<\/div>\n<h2>Nab\u00edz\u00edme pracovn\u00ed m\u00edsta, kter\u00e1 ud\u011blaj\u00ed radost<\/h2>\n<div>\n<p><a href=\"https:\/\/www.zeltwanger.de\/cz\/spolecnost\/kariera\/\">Kari\u00e9ra ZELTWANGER<\/a><\/p>\n<\/div>\n<div>\n<h1><\/h1>\n<p>Option: <\/p>\n<\/div>\n<p><!--more--><br \/>\n<!-- {\"name\":\"Unternehmen Leitbild\",\"type\":\"layout\",\"children\":[{\"type\":\"section\",\"props\":{\"style\":\"default\",\"width\":\"small\",\"vertical_align\":\"middle\",\"title_position\":\"top-left\",\"title_rotation\":\"left\",\"title_breakpoint\":\"xl\",\"image_position\":\"center-center\",\"padding\":\"xlarge\",\"class\":\"highlight-section\"},\"children\":[{\"type\":\"row\",\"props\":{\"width\":\"small\"},\"children\":[{\"type\":\"column\",\"props\":{\"image_position\":\"center-center\",\"media_overlay_gradient\":\"\",\"text_color\":\"light\",\"width_medium\":\"1-1\",\"position_sticky_breakpoint\":\"m\"},\"children\":[{\"type\":\"headline\",\"props\":{\"title_element\":\"h1\",\"title_style\":\"heading-small\",\"text_align\":\"center\",\"content\":\"\n\n<p>Na\\u0161e mise u ZELTWANGER<\\\/p>\"}},{\"type\":\"headline\",\"props\":{\"title_element\":\"h1\",\"title_style\":\"heading-large\",\"margin\":\"medium\",\"text_align\":\"center\",\"content\":\"\n\n<p>Technika \\u010din\\u00ed radost<\\\/p>\",\"margin_remove_top\":true}},{\"type\":\"text\",\"props\":{\"margin\":\"default\",\"column_breakpoint\":\"m\",\"maxwidth\":\"2xlarge\",\"block_align\":\"center\",\"text_align\":\"center\",\"content\":\"\n\n<p>ZELTWANGER znamen\\u00e1 kompetenci, inovaci a technick\\u00e1 \\u0159e\\u0161en\\u00ed na nejvy\\u0161\\u0161\\u00ed \\u00farovni.<\\\/p>\\n\n\n<p>Mo\\u017en\\u00e1 je to v\\u0161ak pouze d\\u016fsledn\\u011b za\\u017eit\\u00e1 podnikov\\u00e1 kultura, kter\\u00e1 nejen ur\\u010duje zp\\u016fsob na\\u0161\\u00ed spolupr\\u00e1ce, ale je i d\\u016fvodem, pro\\u010d skupina podnik\\u016f ZELTWANGER v\\u016fbec existuje.<\\\/p>\"}}]}]}],\"name\":\"Intro Text blauer Hintergrund\"},{\"type\":\"section\",\"props\":{\"style\":\"default\",\"width\":\"default\",\"vertical_align\":\"middle\",\"title_position\":\"top-left\",\"title_rotation\":\"left\",\"title_breakpoint\":\"xl\",\"image_position\":\"center-center\",\"padding\":\"xsmall\",\"padding_remove_top\":false,\"class\":\"breadcrumb\",\"padding_remove_bottom\":true},\"children\":[{\"type\":\"row\",\"props\":{\"width\":\"small\"},\"children\":[{\"type\":\"column\",\"props\":{\"image_position\":\"center-center\",\"media_overlay_gradient\":\"\",\"width_medium\":\"1-1\",\"position_sticky_breakpoint\":\"m\"},\"children\":[{\"type\":\"breadcrumbs\",\"props\":{\"margin\":\"default\",\"image_svg_color\":\"emphasis\"}}]}]}],\"name\":\"Breadcrumb\"},{\"type\":\"section\",\"props\":{\"style\":\"default\",\"width\":\"small\",\"vertical_align\":\"middle\",\"title_position\":\"top-left\",\"title_rotation\":\"left\",\"title_breakpoint\":\"xl\",\"image_position\":\"center-center\"},\"children\":[{\"type\":\"row\",\"children\":[{\"type\":\"column\",\"props\":{\"image_position\":\"center-center\",\"media_overlay_gradient\":\"\",\"width_medium\":\"1-1\",\"position_sticky_breakpoint\":\"m\"},\"children\":[{\"type\":\"headline\",\"props\":{\"title_element\":\"h2\",\"title_style\":\"heading-medium\",\"content\":\"Zakladatelsk\\u00e1 vize\"}},{\"type\":\"text\",\"props\":{\"margin\":\"default\",\"column_breakpoint\":\"m\",\"content\":\"\n\n<p>Spole\\u010dnost ZELTWANGER vznikla z p\\u0159esv\\u011bd\\u010den\\u00ed, \\u017ee je mo\\u017en\\u00e9 l\\u00e9pe utv\\u00e1\\u0159et spolupr\\u00e1ci a podnikatelsk\\u00e9 jedn\\u00e1n\\u00ed. To lze popsat t\\u0159emi hesly, kter\\u00e1 v roce 1982 vedla k zalo\\u017een\\u00ed spole\\u010dnosti ZELTWANGER a je\\u0161t\\u011b dnes jsou m\\u011b\\u0159\\u00edtkem podnikatelsk\\u00fdch rozhodnut\\u00ed: Radost, svoboda a harmonie.<\\\/p>\"}}]}]},{\"type\":\"row\",\"props\":{\"margin\":\"medium\",\"margin_remove_bottom\":true},\"children\":[{\"type\":\"column\",\"props\":{\"image_position\":\"center-center\",\"media_overlay_gradient\":\"\",\"width_medium\":\"1-1\",\"position_sticky_breakpoint\":\"m\"},\"children\":[{\"type\":\"text\",\"props\":{\"margin\":\"default\",\"column_breakpoint\":\"m\",\"content\":\"\n\n<p><strong>Radost<\\\/strong> je pro n\\u00e1s z\\u00e1klad \\u00fasp\\u011b\\u0161n\\u00e9ho jedn\\u00e1n\\u00ed. Bez radosti nejsou inovace a technologick\\u00e9 maxim\\u00e1ln\\u00ed v\\u00fdkony mysliteln\\u00e9. Lid\\u00e9, kte\\u0159\\u00ed u spole\\u010dnosti ZELTWANGER pracuj\\u00ed, to d\\u011blaj\\u00ed z v\\u00e1\\u0161n\\u011b a s radost\\u00ed.<\\\/p>\"}}]}]},{\"type\":\"row\",\"props\":{\"margin\":\"medium\",\"margin_remove_bottom\":true},\"children\":[{\"type\":\"column\",\"props\":{\"image_position\":\"center-center\",\"media_overlay_gradient\":\"\",\"width_medium\":\"1-1\",\"position_sticky_breakpoint\":\"m\"},\"children\":[{\"type\":\"text\",\"props\":{\"margin\":\"default\",\"column_breakpoint\":\"m\",\"content\":\"\n\n<p><strong>Svobodu<\\\/strong> nech\\u00e1peme jako absenci pravidel, n\\u00fdbr\\u017e jako mo\\u017enost pro ka\\u017ed\\u00e9ho jednotlivce, aby si s\\u00e1m ur\\u010dil cestu k ide\\u00e1ln\\u00edmu v\\u00fdsledku. Z\\u00e1klady k tomu jsou kvalifikace, orientace na c\\u00edl a za\\u017e\\u00edvan\\u00e1 d\\u016fv\\u011bra v ka\\u017edou jednotlivou pracovnici a ka\\u017ed\\u00e9ho jednotliv\\u00e9ho pracovn\\u00edka.<\\\/p>\"}}]}]},{\"type\":\"row\",\"props\":{\"margin\":\"medium\",\"margin_remove_bottom\":true},\"children\":[{\"type\":\"column\",\"props\":{\"image_position\":\"center-center\",\"media_overlay_gradient\":\"\",\"width_medium\":\"1-1\",\"position_sticky_breakpoint\":\"m\"},\"children\":[{\"type\":\"text\",\"props\":{\"margin\":\"default\",\"column_breakpoint\":\"m\",\"content\":\"\n\n<p><strong>Harmonii<\\\/strong> pro\\u017e\\u00edv\\u00e1me sm\\u011brem dovnit\\u0159 i ven. \\u00dacta, respekt, d\\u016fv\\u011bra, up\\u0159\\u00edmnost a poctivost ur\\u010duj\\u00ed na\\u0161i vz\\u00e1jemnost. Coby podnik p\\u0159eb\\u00edr\\u00e1me spole\\u010denskou odpov\\u011bdnost a vyr\\u00e1b\\u00edme pouze v\\u011bci, kter\\u00e9 jsou \\u010dlov\\u011bku a \\u017eivotn\\u00edmu prost\\u0159ed\\u00ed k u\\u017eitku.<\\\/p>\"}}]}]}],\"name\":\"Gr\\u00fcndervision\"},{\"type\":\"section\",\"props\":{\"style\":\"secondary\",\"width\":\"small\",\"vertical_align\":\"middle\",\"title_position\":\"top-left\",\"title_rotation\":\"left\",\"title_breakpoint\":\"xl\",\"image_position\":\"center-center\"},\"children\":[{\"type\":\"row\",\"props\":{\"margin\":\"large\",\"margin_remove_bottom\":true},\"children\":[{\"type\":\"column\",\"props\":{\"image_position\":\"center-center\",\"media_overlay_gradient\":\"\",\"width_medium\":\"1-1\",\"position_sticky_breakpoint\":\"m\"},\"children\":[{\"type\":\"headline\",\"props\":{\"title_element\":\"h2\",\"title_style\":\"heading-medium\",\"content\":\"NA\\u0160E HLAVN\\u00cd PRINCIPY N\\u00c1S DEFINUJ\\u00cd\"}},{\"type\":\"text\",\"props\":{\"margin\":\"default\",\"column_breakpoint\":\"m\",\"content\":\"\n\n<p><br \\\/>Na z\\u00e1klad\\u011b t\\u00e9to zakladatelsk\\u00e9 vize pro\\u017e\\u00edv\\u00e1 dnes podnikov\\u00e1 skupina misi, kterou lze shrnout do jedn\\u00e9 v\\u011bty:<\\\/p>\\n\n\n<p><strong>Jsme technologick\\u00fdmi a inova\\u010dn\\u00edmi l\\u00eddry v na\\u0161ich oborech, dosahujeme toho vynikaj\\u00edc\\u00edmi v\\u00fdkony, pro\\u017e\\u00edvanou v\\u00e1\\u0161n\\u00ed a vyu\\u017e\\u00edv\\u00e1n\\u00edm co nejlep\\u0161\\u00edch synergi\\u00ed.<\\\/strong><\\\/p>\"}}]}]}],\"name\":\"Leitsatz\"},{\"type\":\"section\",\"props\":{\"style\":\"default\",\"width\":\"small\",\"vertical_align\":\"middle\",\"title_position\":\"top-left\",\"title_rotation\":\"left\",\"title_breakpoint\":\"xl\",\"image_position\":\"center-center\",\"padding_remove_top\":false},\"children\":[{\"type\":\"row\",\"props\":{\"margin\":\"medium\"},\"children\":[{\"type\":\"column\",\"props\":{\"image_position\":\"center-center\",\"media_overlay_gradient\":\"\",\"width_medium\":\"1-1\",\"position_sticky_breakpoint\":\"m\"},\"children\":[{\"type\":\"headline\",\"props\":{\"title_element\":\"h3\",\"title_style\":\"heading-medium\",\"content\":\"Na\\u0161e odpov\\u011bdnost vzrostla\"}}]}]},{\"type\":\"row\",\"props\":{\"layout\":\"1-2,1-2\"},\"children\":[{\"type\":\"column\",\"props\":{\"image_position\":\"center-center\",\"media_overlay_gradient\":\"\",\"style\":\"secondary\",\"width_medium\":\"1-2\",\"position_sticky_breakpoint\":\"m\"},\"children\":[{\"type\":\"headline\",\"props\":{\"title_element\":\"h2\",\"title_style\":\"heading-medium\",\"content\":\"Historie \\u2013 co n\\u00e1s ovlivnilo\"}},{\"type\":\"text\",\"props\":{\"margin\":\"default\",\"column_breakpoint\":\"m\",\"content\":\"\n\n<p><a href=\\\"https:\\\/\\\/www.zeltwanger.de\\\/cz\\\/spolecnost\\\/historie\\\/\\\">K historii podniku<\\\/a><\\\/p>\"},\"name\":\"Link\"}]},{\"type\":\"column\",\"props\":{\"image_position\":\"center-center\",\"media_overlay_gradient\":\"\",\"style\":\"secondary\",\"width_medium\":\"1-2\",\"position_sticky_breakpoint\":\"m\"},\"children\":[{\"type\":\"headline\",\"props\":{\"title_element\":\"h2\",\"title_style\":\"heading-medium\",\"content\":\"P\\u0159eb\\u00edr\\u00e1me odpov\\u011bdnost\"}},{\"type\":\"text\",\"props\":{\"margin\":\"default\",\"column_breakpoint\":\"m\",\"content\":\"\n\n<p><a href=\\\"https:\\\/\\\/www.zeltwanger.de\\\/cz\\\/spolecnost\\\/odpovednost\\\/\\\">Co to znamen\\u00e1<\\\/a><\\\/p>\"},\"name\":\"Link\"}]}]},{\"type\":\"row\",\"props\":{\"layout\":\"1-2,1-2\"},\"children\":[{\"type\":\"column\",\"props\":{\"image_position\":\"center-center\",\"media_overlay_gradient\":\"\",\"style\":\"secondary\",\"width_medium\":\"1-2\",\"position_sticky_breakpoint\":\"m\"},\"children\":[{\"type\":\"headline\",\"props\":{\"title_element\":\"h2\",\"title_style\":\"heading-medium\",\"content\":\"Na\\u0161i z\\u00e1kazn\\u00edci stoj\\u00ed v \\u00fast\\u0159ed\\u00ed\"}},{\"type\":\"text\",\"props\":{\"margin\":\"default\",\"column_breakpoint\":\"m\",\"content\":\"\n\n<p><a href=\\\"https:\\\/\\\/www.zeltwanger.de\\\/cz\\\/servis\\\/\\\">Kontaktn\\u00ed osoby a servis<\\\/a><\\\/p>\"},\"name\":\"Link\"}]},{\"type\":\"column\",\"props\":{\"image_position\":\"center-center\",\"media_overlay_gradient\":\"\",\"style\":\"secondary\",\"width_medium\":\"1-2\",\"position_sticky_breakpoint\":\"m\"},\"children\":[{\"type\":\"headline\",\"props\":{\"title_element\":\"h2\",\"title_style\":\"heading-medium\",\"content\":\"Nab\\u00edz\\u00edme pracovn\\u00ed m\\u00edsta, kter\\u00e1 ud\\u011blaj\\u00ed radost\"}},{\"type\":\"text\",\"props\":{\"margin\":\"default\",\"column_breakpoint\":\"m\",\"content\":\"\n\n<p><a href=\\\"https:\\\/\\\/www.zeltwanger.de\\\/cz\\\/spolecnost\\\/kariera\\\/\\\">Kari\\u00e9ra ZELTWANGER<\\\/a><\\\/p>\"},\"name\":\"Link\"}]}]}],\"name\":\"CTA Graue Kacheln\"},{\"type\":\"section\",\"props\":{\"style\":\"default\",\"width\":\"default\",\"vertical_align\":\"middle\",\"title_position\":\"top-left\",\"title_rotation\":\"left\",\"title_breakpoint\":\"xl\",\"image_position\":\"center-center\",\"id\":\"flyout\"},\"children\":[{\"type\":\"row\",\"children\":[{\"type\":\"column\",\"props\":{\"image_position\":\"center-center\",\"media_overlay_gradient\":\"\",\"width_medium\":\"1-1\",\"position_sticky_breakpoint\":\"m\"},\"children\":[{\"type\":\"flyout\",\"props\":{\"show_image\":true,\"show_content_title\":true,\"flyout_button_text\":\"Obra\\u0165te se na n\\u00e1s\",\"content_title\":\"M\\u00e1te je\\u0161t\\u011b n\\u011bjak\\u00e9 ot\\u00e1zky?\"},\"children\":[{\"type\":\"flyout_item\",\"props\":{\"name_text\":\"\",\"job_name\":\"ZELTWANGER Marketing a podnikov\\u00e1 komunikace\",\"department\":\"\",\"phone\":\"+49 7071 3663-301\",\"mail\":\"pr@zeltwanger.de\",\"image\":\"app\\\/uploads\\\/2020\\\/03\\\/kontakt_platzhalter.svg\",\"image_alt\":\"ZELTWANGER\"}}]}]}]}],\"name\":\"Ansprechperson Flyout\"}],\"version\":\"2.7.8\"} --><\/p>\n","protected":false},"excerpt":{"rendered":"<p>Na\u0161e mise u ZELTWANGER Technika \u010din\u00ed radost ZELTWANGER znamen\u00e1 kompetenci, inovaci a technick\u00e1 \u0159e\u0161en\u00ed na nejvy\u0161\u0161\u00ed \u00farovni. Mo\u017en\u00e1 je to v\u0161ak pouze d\u016fsledn\u011b za\u017eit\u00e1 podnikov\u00e1 kultura, kter\u00e1 nejen ur\u010duje zp\u016fsob na\u0161\u00ed spolupr\u00e1ce, ale je i d\u016fvodem, pro\u010d skupina podnik\u016f ZELTWANGER v\u016fbec existuje. Zakladatelsk\u00e1 vize Spole\u010dnost ZELTWANGER vznikla z p\u0159esv\u011bd\u010den\u00ed, \u017ee je mo\u017en\u00e9 l\u00e9pe utv\u00e1\u0159et spolupr\u00e1ci [&hellip;]<\/p>\n","protected":false},"author":9,"featured_media":0,"parent":12740,"menu_order":0,"comment_status":"closed","ping_status":"closed","template":"","meta":{"_acf_changed":false,"footnotes":""},"class_list":["post-13088","page","type-page","status-publish","hentry"],"acf":[],"yoast_head":"<!-- This site is optimized with the Yoast SEO plugin v27.5 - https:\/\/yoast.com\/product\/yoast-seo-wordpress\/ -->\n<title>Technika \u010din\u00ed radost \u2013 mise ZELTWANGER<\/title>\n<meta name=\"description\" content=\"Radost, svoboda, harmonie \u2013 na\u0161e neobvykl\u00e9 hodnoty utv\u00e1\u0159ej\u00ed n\u00e1\u0161 podnikov\u00fd v\u0161edn\u00ed den. V\u00edce k misi Zeltwanger\" \/>\n<meta name=\"robots\" content=\"index, follow, max-snippet:-1, max-image-preview:large, max-video-preview:-1\" \/>\n<link rel=\"canonical\" href=\"https:\/\/www.zeltwanger.de\/cz\/spolecnost\/vize\/\" \/>\n<meta property=\"og:locale\" content=\"cs_CZ\" \/>\n<meta property=\"og:type\" content=\"article\" \/>\n<meta property=\"og:title\" content=\"Technika \u010din\u00ed radost \u2013 mise ZELTWANGER\" \/>\n<meta property=\"og:description\" content=\"Radost, svoboda, harmonie \u2013 na\u0161e neobvykl\u00e9 hodnoty utv\u00e1\u0159ej\u00ed n\u00e1\u0161 podnikov\u00fd v\u0161edn\u00ed den. V\u00edce k misi Zeltwanger\" \/>\n<meta property=\"og:url\" content=\"https:\/\/www.zeltwanger.de\/cz\/spolecnost\/vize\/\" \/>\n<meta property=\"og:site_name\" content=\"ZELTWANGER\" \/>\n<meta property=\"article:publisher\" content=\"https:\/\/www.facebook.com\/zeltwanger.karriere\/\" \/>\n<meta property=\"article:modified_time\" content=\"2022-01-14T12:12:21+00:00\" \/>\n<meta name=\"twitter:card\" content=\"summary_large_image\" \/>\n<meta name=\"twitter:label1\" content=\"Odhadovan\u00e1 doba \u010dten\u00ed\" \/>\n\t<meta name=\"twitter:data1\" content=\"2 minuty\" \/>\n<script type=\"application\/ld+json\" class=\"yoast-schema-graph\">{\"@context\":\"https:\\\/\\\/schema.org\",\"@graph\":[{\"@type\":\"WebPage\",\"@id\":\"https:\\\/\\\/www.zeltwanger.de\\\/cz\\\/spolecnost\\\/vize\\\/\",\"url\":\"https:\\\/\\\/www.zeltwanger.de\\\/cz\\\/spolecnost\\\/vize\\\/\",\"name\":\"Technika \u010din\u00ed radost \u2013 mise ZELTWANGER\",\"isPartOf\":{\"@id\":\"https:\\\/\\\/www.zeltwanger.de\\\/cz\\\/#website\"},\"datePublished\":\"2020-05-08T11:39:13+00:00\",\"dateModified\":\"2022-01-14T12:12:21+00:00\",\"description\":\"Radost, svoboda, harmonie \u2013 na\u0161e neobvykl\u00e9 hodnoty utv\u00e1\u0159ej\u00ed n\u00e1\u0161 podnikov\u00fd v\u0161edn\u00ed den. V\u00edce k misi Zeltwanger\",\"breadcrumb\":{\"@id\":\"https:\\\/\\\/www.zeltwanger.de\\\/cz\\\/spolecnost\\\/vize\\\/#breadcrumb\"},\"inLanguage\":\"cs\",\"potentialAction\":[{\"@type\":\"ReadAction\",\"target\":[\"https:\\\/\\\/www.zeltwanger.de\\\/cz\\\/spolecnost\\\/vize\\\/\"]}]},{\"@type\":\"BreadcrumbList\",\"@id\":\"https:\\\/\\\/www.zeltwanger.de\\\/cz\\\/spolecnost\\\/vize\\\/#breadcrumb\",\"itemListElement\":[{\"@type\":\"ListItem\",\"position\":1,\"name\":\"Home\",\"item\":\"https:\\\/\\\/www.zeltwanger.de\\\/cz\\\/homepage\\\/\"},{\"@type\":\"ListItem\",\"position\":2,\"name\":\"Spole\u010dnost\",\"item\":\"https:\\\/\\\/www.zeltwanger.de\\\/cz\\\/spolecnost\\\/\"},{\"@type\":\"ListItem\",\"position\":3,\"name\":\"Vize\"}]},{\"@type\":\"WebSite\",\"@id\":\"https:\\\/\\\/www.zeltwanger.de\\\/cz\\\/#website\",\"url\":\"https:\\\/\\\/www.zeltwanger.de\\\/cz\\\/\",\"name\":\"ZELTWANGER\",\"description\":\"Innovation aus Freude an Technik\",\"publisher\":{\"@id\":\"https:\\\/\\\/www.zeltwanger.de\\\/cz\\\/#organization\"},\"potentialAction\":[{\"@type\":\"SearchAction\",\"target\":{\"@type\":\"EntryPoint\",\"urlTemplate\":\"https:\\\/\\\/www.zeltwanger.de\\\/cz\\\/?s={search_term_string}\"},\"query-input\":{\"@type\":\"PropertyValueSpecification\",\"valueRequired\":true,\"valueName\":\"search_term_string\"}}],\"inLanguage\":\"cs\"},{\"@type\":\"Organization\",\"@id\":\"https:\\\/\\\/www.zeltwanger.de\\\/cz\\\/#organization\",\"name\":\"ZELTWANGER\",\"url\":\"https:\\\/\\\/www.zeltwanger.de\\\/cz\\\/\",\"logo\":{\"@type\":\"ImageObject\",\"inLanguage\":\"cs\",\"@id\":\"https:\\\/\\\/www.zeltwanger.de\\\/cz\\\/#\\\/schema\\\/logo\\\/image\\\/\",\"url\":\"https:\\\/\\\/www.zeltwanger.de\\\/app\\\/uploads\\\/2024\\\/03\\\/ZELTWANGER-Maennchen_nebeneinander_RGB_Screen_quadratisch_klein-e1710331495893.jpg\",\"contentUrl\":\"https:\\\/\\\/www.zeltwanger.de\\\/app\\\/uploads\\\/2024\\\/03\\\/ZELTWANGER-Maennchen_nebeneinander_RGB_Screen_quadratisch_klein-e1710331495893.jpg\",\"width\":144,\"height\":144,\"caption\":\"ZELTWANGER\"},\"image\":{\"@id\":\"https:\\\/\\\/www.zeltwanger.de\\\/cz\\\/#\\\/schema\\\/logo\\\/image\\\/\"},\"sameAs\":[\"https:\\\/\\\/www.facebook.com\\\/zeltwanger.karriere\\\/\",\"https:\\\/\\\/www.linkedin.com\\\/company\\\/11844117\\\/\"]}]}<\/script>\n<!-- \/ Yoast SEO plugin. -->","yoast_head_json":{"title":"Technika \u010din\u00ed radost \u2013 mise ZELTWANGER","description":"Radost, svoboda, harmonie \u2013 na\u0161e neobvykl\u00e9 hodnoty utv\u00e1\u0159ej\u00ed n\u00e1\u0161 podnikov\u00fd v\u0161edn\u00ed den. V\u00edce k misi Zeltwanger","robots":{"index":"index","follow":"follow","max-snippet":"max-snippet:-1","max-image-preview":"max-image-preview:large","max-video-preview":"max-video-preview:-1"},"canonical":"https:\/\/www.zeltwanger.de\/cz\/spolecnost\/vize\/","og_locale":"cs_CZ","og_type":"article","og_title":"Technika \u010din\u00ed radost \u2013 mise ZELTWANGER","og_description":"Radost, svoboda, harmonie \u2013 na\u0161e neobvykl\u00e9 hodnoty utv\u00e1\u0159ej\u00ed n\u00e1\u0161 podnikov\u00fd v\u0161edn\u00ed den. V\u00edce k misi Zeltwanger","og_url":"https:\/\/www.zeltwanger.de\/cz\/spolecnost\/vize\/","og_site_name":"ZELTWANGER","article_publisher":"https:\/\/www.facebook.com\/zeltwanger.karriere\/","article_modified_time":"2022-01-14T12:12:21+00:00","twitter_card":"summary_large_image","twitter_misc":{"Odhadovan\u00e1 doba \u010dten\u00ed":"2 minuty"},"schema":{"@context":"https:\/\/schema.org","@graph":[{"@type":"WebPage","@id":"https:\/\/www.zeltwanger.de\/cz\/spolecnost\/vize\/","url":"https:\/\/www.zeltwanger.de\/cz\/spolecnost\/vize\/","name":"Technika \u010din\u00ed radost \u2013 mise ZELTWANGER","isPartOf":{"@id":"https:\/\/www.zeltwanger.de\/cz\/#website"},"datePublished":"2020-05-08T11:39:13+00:00","dateModified":"2022-01-14T12:12:21+00:00","description":"Radost, svoboda, harmonie \u2013 na\u0161e neobvykl\u00e9 hodnoty utv\u00e1\u0159ej\u00ed n\u00e1\u0161 podnikov\u00fd v\u0161edn\u00ed den. V\u00edce k misi Zeltwanger","breadcrumb":{"@id":"https:\/\/www.zeltwanger.de\/cz\/spolecnost\/vize\/#breadcrumb"},"inLanguage":"cs","potentialAction":[{"@type":"ReadAction","target":["https:\/\/www.zeltwanger.de\/cz\/spolecnost\/vize\/"]}]},{"@type":"BreadcrumbList","@id":"https:\/\/www.zeltwanger.de\/cz\/spolecnost\/vize\/#breadcrumb","itemListElement":[{"@type":"ListItem","position":1,"name":"Home","item":"https:\/\/www.zeltwanger.de\/cz\/homepage\/"},{"@type":"ListItem","position":2,"name":"Spole\u010dnost","item":"https:\/\/www.zeltwanger.de\/cz\/spolecnost\/"},{"@type":"ListItem","position":3,"name":"Vize"}]},{"@type":"WebSite","@id":"https:\/\/www.zeltwanger.de\/cz\/#website","url":"https:\/\/www.zeltwanger.de\/cz\/","name":"ZELTWANGER","description":"Innovation aus Freude an Technik","publisher":{"@id":"https:\/\/www.zeltwanger.de\/cz\/#organization"},"potentialAction":[{"@type":"SearchAction","target":{"@type":"EntryPoint","urlTemplate":"https:\/\/www.zeltwanger.de\/cz\/?s={search_term_string}"},"query-input":{"@type":"PropertyValueSpecification","valueRequired":true,"valueName":"search_term_string"}}],"inLanguage":"cs"},{"@type":"Organization","@id":"https:\/\/www.zeltwanger.de\/cz\/#organization","name":"ZELTWANGER","url":"https:\/\/www.zeltwanger.de\/cz\/","logo":{"@type":"ImageObject","inLanguage":"cs","@id":"https:\/\/www.zeltwanger.de\/cz\/#\/schema\/logo\/image\/","url":"https:\/\/www.zeltwanger.de\/app\/uploads\/2024\/03\/ZELTWANGER-Maennchen_nebeneinander_RGB_Screen_quadratisch_klein-e1710331495893.jpg","contentUrl":"https:\/\/www.zeltwanger.de\/app\/uploads\/2024\/03\/ZELTWANGER-Maennchen_nebeneinander_RGB_Screen_quadratisch_klein-e1710331495893.jpg","width":144,"height":144,"caption":"ZELTWANGER"},"image":{"@id":"https:\/\/www.zeltwanger.de\/cz\/#\/schema\/logo\/image\/"},"sameAs":["https:\/\/www.facebook.com\/zeltwanger.karriere\/","https:\/\/www.linkedin.com\/company\/11844117\/"]}]}},"_links":{"self":[{"href":"https:\/\/www.zeltwanger.de\/cz\/wp-json\/wp\/v2\/pages\/13088","targetHints":{"allow":["GET"]}}],"collection":[{"href":"https:\/\/www.zeltwanger.de\/cz\/wp-json\/wp\/v2\/pages"}],"about":[{"href":"https:\/\/www.zeltwanger.de\/cz\/wp-json\/wp\/v2\/types\/page"}],"author":[{"embeddable":true,"href":"https:\/\/www.zeltwanger.de\/cz\/wp-json\/wp\/v2\/users\/9"}],"replies":[{"embeddable":true,"href":"https:\/\/www.zeltwanger.de\/cz\/wp-json\/wp\/v2\/comments?post=13088"}],"version-history":[{"count":9,"href":"https:\/\/www.zeltwanger.de\/cz\/wp-json\/wp\/v2\/pages\/13088\/revisions"}],"predecessor-version":[{"id":20372,"href":"https:\/\/www.zeltwanger.de\/cz\/wp-json\/wp\/v2\/pages\/13088\/revisions\/20372"}],"up":[{"embeddable":true,"href":"https:\/\/www.zeltwanger.de\/cz\/wp-json\/wp\/v2\/pages\/12740"}],"wp:attachment":[{"href":"https:\/\/www.zeltwanger.de\/cz\/wp-json\/wp\/v2\/media?parent=13088"}],"curies":[{"name":"wp","href":"https:\/\/api.w.org\/{rel}","templated":true}]}}