{"id":13086,"date":"2020-05-08T13:38:57","date_gmt":"2020-05-08T11:38:57","guid":{"rendered":"https:\/\/www.zeltwanger.de\/?page_id=13086"},"modified":"2026-02-10T15:00:08","modified_gmt":"2026-02-10T14:00:08","slug":"zavody","status":"publish","type":"page","link":"https:\/\/www.zeltwanger.de\/cz\/spolecnost\/zavody\/","title":{"rendered":"Zavody"},"content":{"rendered":"<h1>\n<p>Z\u00e1vody<\/p>\n<\/h1>\n<div>\n<p>zde najdete na\u0161e spole\u010dnosti<\/p>\n<\/div>\n<h3>Evropa<\/h3>\n<div>\n<p><strong>ZELTWANGER Holding GmbH<\/strong><br \/>Jopestr. 3<br \/>72072 T\u00fcbingen<br \/>N\u011bmecko<\/p>\n<p>Telefon: +49 7071 3663-301<br \/>Fax: +49 7071 3663-333<br \/><a href=\"mailto:holding@zeltwanger.de\">holding@zeltwanger.de<\/a><\/p>\n<\/div>\n<div>\n<p><strong>ZELTWANGER Maschinenbau GmbH<\/strong><br \/>Eisenbahnstra\u00dfe 158<br \/>72072 T\u00fcbingen<br \/>N\u011bmecko<\/p>\n<p>Telefon: +49 7071 3663-101<br \/>Fax: +49 7071 3663-111<br \/><a href=\"mailto:maschinenbau@zeltwanger.de\">maschinenbau@zeltwanger.de<\/a><\/p>\n<\/div>\n<div>\n<p><strong>ZELTWANGER Leaktesting &amp; Automation GmbH<\/strong><br \/>Maltschachstra\u00dfe 32<br \/>72144 Du\u00dflingen<br \/>N\u011bmecko<\/p>\n<p>Telefon: +49 7072 92897-501<br \/>Fax: +49 7072 92897-555<br \/><a href=\"mailto:Office.lta@zeltwanger.de\">Office.lta@zeltwanger.de<\/a><\/p>\n<\/div>\n<div>\n<p><strong>ZELTWANGER Thermomanagement GmbH &amp; Co. KG<\/strong><br \/><span>Maltschachstra\u00dfe 32<\/span><br \/>72144 Du\u00dflingen<br \/>N\u011bmecko<\/p>\n<p>Telefon: +49 7072 92897-201<br \/>Fax: +49 7072 92897-777<br \/><a href=\"mailto:thermomanagement@zeltwanger.de\">thermomanagement@zeltwanger.de<\/a>\u00a0<\/p>\n<\/div>\n<div>\n<p><strong>ZELTWANGER AMT s.r.o.<\/strong><br \/>Blanensk\u00e1 1857<br \/>664 34 Ku\u0159im<br \/>\u010cesk\u00e1 republika<\/p>\n<p>Telefon: +420 541 262-101<br \/>Fax: +420 541 262-112<br \/><a href=\"mailto:info@zeltwanger.cz\">info@zeltwanger.cz<\/a><\/p>\n<\/div>\n<div>\n<p><strong>ZELTWANGER Leaktesting s.r.o.<\/strong><br \/>Blanensk\u00e1 1857\/8<br \/>664 34 Ku\u0159im<br \/>\u010cesk\u00e1 republika<\/p>\n<p>Telefon: +420 513 030-240<br \/><a href=\"mailto:info@zeltwanger.cz\">info@zeltwanger.cz<\/a><\/p>\n<\/div>\n<h3>Severn\u00ed Amerika<\/h3>\n<div>\n<p><strong>ZELTWANGER CNC Manufacturing LP<\/strong><br \/><span>4021 Business Pk Dr<\/span><br \/><span>Ladson, SC 29456, USA<\/span><br \/>United States of America<\/p>\n<p>Telefon: +1 (843) 552-2246<br \/><a href=\"mailto:request@zeltwanger.com\">request@zeltwanger.com<\/a><\/p>\n<\/div>\n<div>\n<p><strong>ZELTWANGER Leak Testing &amp; Automation LP<\/strong><br \/><span>4021 Business Pk Dr<\/span><br \/><span>Ladson, SC 29456, USA<\/span><br \/>United States of America<\/p>\n<p>Telefon: +1 (843) 225-0571<br \/><a href=\"mailto:contact.lta@zeltwanger.com\">contact.lta@zeltwanger.com<\/a><\/p>\n<\/div>\n<h3>Asie<\/h3>\n<div>\n<p><strong>ZELTWANGER\u00a0<\/strong><br \/>No. 6 West Bailongjiang Street<br \/>Jianye District 210019 Nanjing<br \/>P. R. China<\/p>\n<p>Telefon: +86 (0)25 84729068 # 836<br \/><a href=\"mailto:sales@zeltwanger.cn\">sales@zeltwanger.cn<\/a><\/p>\n<\/div>\n<h3>\n<p>Odbytov\u00fd partner Benelux<br \/>Test t\u011bsnosti<\/p>\n<\/h3>\n<div>\n<p><strong>L.T.T.-Europe B.V.<br \/><\/strong>Bart Morssinkhof<br \/>Dr. Frederiksstraat 39<br \/>7582 AX Losser<br \/>Nizozemsko<\/p>\n<p>Telefon: +31 (0)53 536 42 38\u00a0<br \/>Mobil: +31 (0)6 125 642 01<br \/><a href=\"mailto:b.morssinkhof@ltt-europe.com\">b.morssinkhof@ltt-europe.com\u00a0<\/a><\/p>\n<p><a href=\"http:\/\/www.ltt-europe.com\">www.ltt-europe.com<\/a><\/p>\n<\/div>\n<h2>Na\u0161i kontaktn\u00ed partne\u0159i<\/h2>\n<div>\n<p>M\u00e1te ot\u00e1zky, probl\u00e9my se stroji a p\u0159\u00edstroji nebo si chcete vy\u017e\u00e1dat nab\u00eddku? Pak n\u00e1s kontaktujte.<\/p>\n<\/div>\n<p><p>\n        <a href=\"https:\/\/www.zeltwanger.de\/cz\/servis\/kontaktni-partneri\/\">Naj\u00edt kontaktn\u00edho partnera<\/a>\n    <\/p>\n<\/p>\n<p><!--more--><br \/>\n<!-- {\"name\":\"Kontakt\",\"type\":\"layout\",\"children\":[{\"type\":\"section\",\"props\":{\"class\":\"highlight-section\",\"image\":\"app\\\/uploads\\\/2020\\\/04\\\/start_06_unternehmen_sw-erweitert.jpg\",\"image_position\":\"bottom-center\",\"image_size\":\"cover\",\"image_width\":\"2560\",\"media_background\":\"rgba(43, 88, 149, 0.9)\",\"media_blend_mode\":\"multiply\",\"media_overlay\":\"rgba(0, 65, 100, 0.6)\",\"padding\":\"xlarge\",\"style\":\"default\",\"title_breakpoint\":\"xl\",\"title_position\":\"top-left\",\"title_rotation\":\"left\",\"vertical_align\":\"\",\"width\":\"small\"},\"children\":[{\"type\":\"row\",\"props\":{\"width\":\"small\"},\"children\":[{\"type\":\"column\",\"props\":{\"image_position\":\"center-center\",\"position_sticky_breakpoint\":\"m\",\"text_color\":\"light\",\"width_medium\":\"1-1\"},\"children\":[{\"type\":\"headline\",\"props\":{\"content\":\"\n\n<p>Z\\u00e1vody<\\\/p>\\n\",\"margin\":\"medium\",\"margin_remove_top\":true,\"text_align\":\"center\",\"title_element\":\"h1\",\"title_style\":\"heading-large\"}},{\"type\":\"text\",\"props\":{\"block_align\":\"center\",\"column_breakpoint\":\"m\",\"content\":\"\n\n<p>zde najdete na\\u0161e spole\\u010dnosti<\\\/p>\",\"margin\":\"default\",\"maxwidth\":\"2xlarge\",\"text_align\":\"center\"}}]}]}],\"name\":\"Intro Text blauer Hintergrund\"},{\"type\":\"section\",\"props\":{\"image_position\":\"center-center\",\"style\":\"default\",\"title_breakpoint\":\"xl\",\"title_position\":\"top-left\",\"title_rotation\":\"left\",\"vertical_align\":\"\",\"width\":\"default\"},\"children\":[{\"type\":\"row\",\"props\":{\"margin_remove_bottom\":false},\"children\":[{\"type\":\"column\",\"props\":{\"image_position\":\"center-center\",\"position_sticky_breakpoint\":\"m\",\"width_medium\":\"1-1\"},\"children\":[{\"type\":\"headline\",\"props\":{\"content\":\"Evropa\",\"title_element\":\"h3\",\"title_style\":\"heading-medium\"}}]}]},{\"type\":\"row\",\"props\":{\"layout\":\"1-2,1-2\"},\"children\":[{\"type\":\"column\",\"props\":{\"image_position\":\"center-center\",\"position_sticky_breakpoint\":\"m\",\"width_medium\":\"1-2\"},\"children\":[{\"type\":\"text\",\"props\":{\"column_breakpoint\":\"m\",\"content\":\"\n\n<p><strong>ZELTWANGER Holding GmbH<\\\/strong><br \\\/>Jopestr. 3<br \\\/>72072 T\\u00fcbingen<br \\\/>N\\u011bmecko<\\\/p>\\n\n\n<p>Telefon: +49 7071 3663-301<br \\\/>Fax: +49 7071 3663-333<br \\\/><a href=\\\"mailto:holding@zeltwanger.de\\\">holding@zeltwanger.de<\\\/a><\\\/p>\",\"margin\":\"default\"}}]},{\"type\":\"column\",\"props\":{\"image_position\":\"center-center\",\"position_sticky_breakpoint\":\"m\",\"width_medium\":\"1-2\"},\"children\":[{\"type\":\"text\",\"props\":{\"column_breakpoint\":\"m\",\"content\":\"\n\n<p><strong>ZELTWANGER Maschinenbau GmbH<\\\/strong><br \\\/>Eisenbahnstra\\u00dfe 158<br \\\/>72072 T\\u00fcbingen<br \\\/>N\\u011bmecko<\\\/p>\\n\n\n<p>Telefon: +49 7071 3663-101<br \\\/>Fax: +49 7071 3663-111<br \\\/><a href=\\\"mailto:maschinenbau@zeltwanger.de\\\">maschinenbau@zeltwanger.de<\\\/a><\\\/p>\",\"margin\":\"default\"}}]}]},{\"type\":\"row\",\"props\":{\"layout\":\"1-2,1-2\"},\"children\":[{\"type\":\"column\",\"props\":{\"image_position\":\"center-center\",\"position_sticky_breakpoint\":\"m\",\"width_medium\":\"1-2\"},\"children\":[{\"type\":\"text\",\"props\":{\"column_breakpoint\":\"m\",\"content\":\"\n\n<p><strong>ZELTWANGER Leaktesting &amp; Automation GmbH<\\\/strong><br \\\/>Maltschachstra\\u00dfe 32<br \\\/>72144 Du\\u00dflingen<br \\\/>N\\u011bmecko<\\\/p>\\n\n\n<p>Telefon: +49 7072 92897-501<br \\\/>Fax: +49 7072 92897-555<br \\\/><a href=\\\"mailto:Office.lta@zeltwanger.de\\\">Office.lta@zeltwanger.de<\\\/a><\\\/p>\",\"margin\":\"default\"}}]},{\"type\":\"column\",\"props\":{\"image_position\":\"center-center\",\"position_sticky_breakpoint\":\"m\",\"width_medium\":\"1-2\"},\"children\":[{\"type\":\"text\",\"props\":{\"column_breakpoint\":\"m\",\"content\":\"\n\n<p><strong>ZELTWANGER Thermomanagement GmbH &amp; Co. KG<\\\/strong><br \\\/><span>Maltschachstra\\u00dfe 32<\\\/span><br \\\/>72144 Du\\u00dflingen<br \\\/>N\\u011bmecko<\\\/p>\\n\n\n<p>Telefon: +49 7072 92897-201<br \\\/>Fax: +49 7072 92897-777<br \\\/><a href=\\\"mailto:thermomanagement@zeltwanger.de\\\">thermomanagement@zeltwanger.de<\\\/a>\\u00a0<\\\/p>\",\"margin\":\"default\"}}]}]},{\"type\":\"row\",\"props\":{\"layout\":\"1-2,1-2\"},\"children\":[{\"type\":\"column\",\"props\":{\"image_position\":\"center-center\",\"position_sticky_breakpoint\":\"m\",\"width_medium\":\"1-2\"},\"children\":[{\"type\":\"text\",\"props\":{\"column_breakpoint\":\"m\",\"content\":\"\n\n<p><strong>ZELTWANGER AMT s.r.o.<\\\/strong><br \\\/>Blanensk\\u00e1 1857<br \\\/>664 34 Ku\\u0159im<br \\\/>\\u010cesk\\u00e1 republika<\\\/p>\\n\n\n<p>Telefon: +420 541 262-101<br \\\/>Fax: +420 541 262-112<br \\\/><a href=\\\"mailto:info@zeltwanger.cz\\\">info@zeltwanger.cz<\\\/a><\\\/p>\",\"margin\":\"default\"}}]},{\"type\":\"column\",\"props\":{\"image_position\":\"center-center\",\"position_sticky_breakpoint\":\"m\",\"width_medium\":\"1-2\"},\"children\":[{\"type\":\"text\",\"props\":{\"column_breakpoint\":\"m\",\"content\":\"\n\n<p><strong>ZELTWANGER Leaktesting s.r.o.<\\\/strong><br \\\/>Blanensk\\u00e1 1857\\\/8<br \\\/>664 34 Ku\\u0159im<br \\\/>\\u010cesk\\u00e1 republika<\\\/p>\\n\n\n<p>Telefon: +420 513 030-240<br \\\/><a href=\\\"mailto:info@zeltwanger.cz\\\">info@zeltwanger.cz<\\\/a><\\\/p>\",\"margin\":\"default\"}}]}]}],\"name\":\"Karte und Europa\"},{\"type\":\"section\",\"props\":{\"image_position\":\"center-center\",\"style\":\"secondary\",\"title_breakpoint\":\"xl\",\"title_position\":\"top-left\",\"title_rotation\":\"left\",\"vertical_align\":\"\",\"width\":\"default\"},\"children\":[{\"type\":\"row\",\"props\":{\"margin\":\"large\",\"margin_remove_bottom\":true},\"children\":[{\"type\":\"column\",\"props\":{\"image_position\":\"center-center\",\"position_sticky_breakpoint\":\"m\",\"width_medium\":\"1-1\"},\"children\":[{\"type\":\"headline\",\"props\":{\"content\":\"Severn\\u00ed Amerika\",\"title_element\":\"h3\",\"title_style\":\"heading-medium\"}}]}]},{\"type\":\"row\",\"props\":{\"layout\":\"1-2,1-2\"},\"children\":[{\"type\":\"column\",\"props\":{\"image_position\":\"center-center\",\"position_sticky_breakpoint\":\"m\",\"width_medium\":\"1-2\"},\"children\":[{\"type\":\"text\",\"props\":{\"column_breakpoint\":\"m\",\"content\":\"\n\n<p><strong>ZELTWANGER CNC Manufacturing LP<\\\/strong><br \\\/><span>4021 Business Pk Dr<\\\/span><br \\\/><span>Ladson, SC 29456, USA<\\\/span><br \\\/>United States of America<\\\/p>\\n\n\n<p>Telefon: +1 (843) 552-2246<br \\\/><a href=\\\"mailto:request@zeltwanger.com\\\">request@zeltwanger.com<\\\/a><\\\/p>\",\"margin\":\"default\"}}]},{\"type\":\"column\",\"props\":{\"image_position\":\"center-center\",\"position_sticky_breakpoint\":\"m\",\"width_medium\":\"1-2\"},\"children\":[{\"type\":\"text\",\"props\":{\"column_breakpoint\":\"m\",\"content\":\"\n\n<p><strong>ZELTWANGER Leak Testing &amp; Automation LP<\\\/strong><br \\\/><span>4021 Business Pk Dr<\\\/span><br \\\/><span>Ladson, SC 29456, USA<\\\/span><br \\\/>United States of America<\\\/p>\\n\n\n<p>Telefon: +1 (843) 225-0571<br \\\/><a href=\\\"mailto:contact.lta@zeltwanger.com\\\">contact.lta@zeltwanger.com<\\\/a><\\\/p>\",\"margin\":\"\"}}]}]}],\"name\":\"Nordamerika\"},{\"type\":\"section\",\"props\":{\"image_position\":\"center-center\",\"style\":\"default\",\"title_breakpoint\":\"xl\",\"title_position\":\"top-left\",\"title_rotation\":\"left\",\"vertical_align\":\"\",\"width\":\"default\"},\"children\":[{\"type\":\"row\",\"props\":{\"margin\":\"large\",\"margin_remove_bottom\":true},\"children\":[{\"type\":\"column\",\"props\":{\"image_position\":\"center-center\",\"position_sticky_breakpoint\":\"m\",\"width_medium\":\"1-1\"},\"children\":[{\"type\":\"headline\",\"props\":{\"content\":\"Asie\",\"title_element\":\"h3\",\"title_style\":\"heading-medium\"}}]}]},{\"type\":\"row\",\"props\":{\"layout\":\"1-2,1-2\"},\"children\":[{\"type\":\"column\",\"props\":{\"image_position\":\"center-center\",\"position_sticky_breakpoint\":\"m\",\"width_medium\":\"1-2\"},\"children\":[{\"type\":\"text\",\"props\":{\"column_breakpoint\":\"m\",\"content\":\"\n\n<p><strong>ZELTWANGER\\u00a0<\\\/strong><br \\\/>No. 6 West Bailongjiang Street<br \\\/>Jianye District 210019 Nanjing<br \\\/>P. R. China<\\\/p>\\n\n\n<p>Telefon: +86 (0)25 84729068 # 836<br \\\/><a href=\\\"mailto:sales@zeltwanger.cn\\\">sales@zeltwanger.cn<\\\/a><\\\/p>\",\"margin\":\"default\"}}]},{\"type\":\"column\",\"props\":{\"image_position\":\"center-center\",\"position_sticky_breakpoint\":\"m\",\"width_medium\":\"1-2\"}}]}],\"name\":\"Asien\"},{\"type\":\"section\",\"props\":{\"id\":\"odbytov\\u00fd-partner\",\"image_position\":\"center-center\",\"style\":\"secondary\",\"title_breakpoint\":\"xl\",\"title_position\":\"top-left\",\"title_rotation\":\"left\",\"vertical_align\":\"\",\"width\":\"default\"},\"children\":[{\"type\":\"row\",\"props\":{\"layout\":\"1-2,1-2\"},\"children\":[{\"type\":\"column\",\"props\":{\"image_position\":\"center-center\",\"position_sticky_breakpoint\":\"m\",\"width_medium\":\"1-2\"},\"children\":[{\"type\":\"headline\",\"props\":{\"content\":\"\n\n<p>Odbytov\\u00fd partner Benelux<br \\\/>Test t\\u011bsnosti<\\\/p>\",\"title_element\":\"h3\",\"title_style\":\"heading-medium\"}},{\"type\":\"text\",\"props\":{\"column_breakpoint\":\"m\",\"content\":\"\n\n<p><strong>L.T.T.-Europe B.V.<br \\\/><\\\/strong>Bart Morssinkhof<br \\\/>Dr. Frederiksstraat 39<br \\\/>7582 AX Losser<br \\\/>Nizozemsko<\\\/p>\\n\n\n<p>Telefon: +31 (0)53 536 42 38\\u00a0<br \\\/>Mobil: +31 (0)6 125 642 01<br \\\/><a href=\\\"mailto:b.morssinkhof@ltt-europe.com\\\">b.morssinkhof@ltt-europe.com\\u00a0<\\\/a><\\\/p>\\n\n\n<p><a href=\\\"http:\\\/\\\/www.ltt-europe.com\\\">www.ltt-europe.com<\\\/a><\\\/p>\",\"margin\":\"default\"}}]},{\"type\":\"column\",\"props\":{\"image_position\":\"center-center\",\"position_sticky_breakpoint\":\"m\",\"width_medium\":\"1-2\"}}]}],\"name\":\"Vertriebspartner\"},{\"type\":\"section\",\"props\":{\"css\":\" .el-section .uk-container-small {\\n    background-color: #003c8e;\\n}\\n\\n.el-section .uk-container {\\n     max-width: 780px;\\n}\\n\\n.el-section .uk-container {\\n     padding: 40px;\\n}\\n\",\"image_position\":\"center-center\",\"padding_remove_bottom\":false,\"padding_remove_top\":false,\"style\":\"default\",\"title_breakpoint\":\"xl\",\"title_position\":\"top-left\",\"title_rotation\":\"left\",\"vertical_align\":\"\",\"width\":\"small\"},\"children\":[{\"type\":\"row\",\"props\":{\"margin\":\"medium\",\"margin_remove_bottom\":false},\"children\":[{\"type\":\"column\",\"props\":{\"image_position\":\"center-center\",\"position_sticky_breakpoint\":\"m\",\"text_color\":\"light\",\"width_medium\":\"1-1\"},\"children\":[{\"type\":\"headline\",\"props\":{\"content\":\"Na\\u0161i kontaktn\\u00ed partne\\u0159i\",\"margin\":\"medium\",\"margin_remove_bottom\":false,\"text_align\":\"center\",\"title_element\":\"h2\",\"title_style\":\"heading-medium\"}}]}]},{\"type\":\"row\",\"props\":{\"layout\":\"1-2,1-2\"},\"children\":[{\"type\":\"column\",\"props\":{\"image_position\":\"center-center\",\"position_sticky_breakpoint\":\"m\",\"text_color\":\"light\",\"width_medium\":\"1-2\"},\"children\":[{\"type\":\"text\",\"props\":{\"column_breakpoint\":\"m\",\"content\":\"\n\n<p>M\\u00e1te ot\\u00e1zky, probl\\u00e9my se stroji a p\\u0159\\u00edstroji nebo si chcete vy\\u017e\\u00e1dat nab\\u00eddku? Pak n\\u00e1s kontaktujte.<\\\/p>\",\"css\":\".el-element p:last-child {\\n\\tmargin-bottom: 0;\\n}\",\"margin\":\"default\"}}]},{\"type\":\"column\",\"props\":{\"image_position\":\"center-center\",\"position_sticky_breakpoint\":\"m\",\"text_color\":\"light\",\"width_medium\":\"1-2\"},\"children\":[{\"type\":\"button\",\"props\":{\"grid_column_gap\":\"small\",\"grid_row_gap\":\"small\",\"margin\":\"default\",\"text_align\":\"right\"},\"children\":[{\"type\":\"button_item\",\"props\":{\"button_style\":\"primary\",\"content\":\"Naj\\u00edt kontaktn\\u00edho partnera\",\"dialog_layout\":\"modal\",\"dialog_offcanvas_flip\":true,\"icon_align\":\"left\",\"link\":\"cz\\\/servis\\\/kontaktni-partneri\\\/\"}}]}]}]}],\"name\":\"Ansprechperson\"}],\"version\":\"4.5.33\"} --><\/p>\n","protected":false},"excerpt":{"rendered":"<p>Z\u00e1vody zde najdete na\u0161e spole\u010dnosti Evropa ZELTWANGER Holding GmbHJopestr. 372072 T\u00fcbingenN\u011bmecko Telefon: +49 7071 3663-301Fax: +49 7071 3663-333holding@zeltwanger.de ZELTWANGER Maschinenbau GmbHEisenbahnstra\u00dfe 15872072 T\u00fcbingenN\u011bmecko Telefon: +49 7071 3663-101Fax: +49 7071 3663-111maschinenbau@zeltwanger.de ZELTWANGER Leaktesting &amp; Automation GmbHMaltschachstra\u00dfe 3272144 Du\u00dflingenN\u011bmecko Telefon: +49 7072 92897-501Fax: +49 7072 92897-555Office.lta@zeltwanger.de ZELTWANGER Thermomanagement GmbH &amp; Co. KGMaltschachstra\u00dfe 3272144 Du\u00dflingenN\u011bmecko Telefon: +49 7072 [&hellip;]<\/p>\n","protected":false},"author":9,"featured_media":0,"parent":12740,"menu_order":0,"comment_status":"closed","ping_status":"closed","template":"","meta":{"_acf_changed":false,"footnotes":""},"class_list":["post-13086","page","type-page","status-publish","hentry"],"acf":[],"yoast_head":"<!-- This site is optimized with the Yoast SEO plugin v27.5 - https:\/\/yoast.com\/product\/yoast-seo-wordpress\/ -->\n<title>Kontakt I ZELTWANGER<\/title>\n<meta name=\"description\" content=\"Ot\u00e1zky, podn\u011bty, zp\u011btn\u00e1 vazba? T\u011b\u0161\u00edme se na V\u00e1s | ZELTWANGER Holding GmbH \u2022 Jopestr. 3 \u2022 72072 T\u00fcbingen, Germany \u2022 +49 7071 3663-301 \u2022 holding@zeltwanger.de\" \/>\n<meta name=\"robots\" content=\"index, follow, max-snippet:-1, max-image-preview:large, max-video-preview:-1\" \/>\n<link rel=\"canonical\" href=\"https:\/\/www.zeltwanger.de\/cz\/spolecnost\/zavody\/\" \/>\n<meta property=\"og:locale\" content=\"cs_CZ\" \/>\n<meta property=\"og:type\" content=\"article\" \/>\n<meta property=\"og:title\" content=\"Kontakt I ZELTWANGER\" \/>\n<meta property=\"og:description\" content=\"Ot\u00e1zky, podn\u011bty, zp\u011btn\u00e1 vazba? T\u011b\u0161\u00edme se na V\u00e1s | ZELTWANGER Holding GmbH \u2022 Jopestr. 3 \u2022 72072 T\u00fcbingen, Germany \u2022 +49 7071 3663-301 \u2022 holding@zeltwanger.de\" \/>\n<meta property=\"og:url\" content=\"https:\/\/www.zeltwanger.de\/cz\/spolecnost\/zavody\/\" \/>\n<meta property=\"og:site_name\" content=\"ZELTWANGER\" \/>\n<meta property=\"article:publisher\" content=\"https:\/\/www.facebook.com\/zeltwanger.karriere\/\" \/>\n<meta property=\"article:modified_time\" content=\"2026-02-10T14:00:08+00:00\" \/>\n<meta name=\"twitter:card\" content=\"summary_large_image\" \/>\n<meta name=\"twitter:label1\" content=\"Odhadovan\u00e1 doba \u010dten\u00ed\" \/>\n\t<meta name=\"twitter:data1\" content=\"3 minuty\" \/>\n<script type=\"application\/ld+json\" class=\"yoast-schema-graph\">{\"@context\":\"https:\\\/\\\/schema.org\",\"@graph\":[{\"@type\":\"WebPage\",\"@id\":\"https:\\\/\\\/www.zeltwanger.de\\\/cz\\\/spolecnost\\\/zavody\\\/\",\"url\":\"https:\\\/\\\/www.zeltwanger.de\\\/cz\\\/spolecnost\\\/zavody\\\/\",\"name\":\"Kontakt I ZELTWANGER\",\"isPartOf\":{\"@id\":\"https:\\\/\\\/www.zeltwanger.de\\\/cz\\\/#website\"},\"datePublished\":\"2020-05-08T11:38:57+00:00\",\"dateModified\":\"2026-02-10T14:00:08+00:00\",\"description\":\"Ot\u00e1zky, podn\u011bty, zp\u011btn\u00e1 vazba? T\u011b\u0161\u00edme se na V\u00e1s | ZELTWANGER Holding GmbH \u2022 Jopestr. 3 \u2022 72072 T\u00fcbingen, Germany \u2022 +49 7071 3663-301 \u2022 holding@zeltwanger.de\",\"breadcrumb\":{\"@id\":\"https:\\\/\\\/www.zeltwanger.de\\\/cz\\\/spolecnost\\\/zavody\\\/#breadcrumb\"},\"inLanguage\":\"cs\",\"potentialAction\":[{\"@type\":\"ReadAction\",\"target\":[\"https:\\\/\\\/www.zeltwanger.de\\\/cz\\\/spolecnost\\\/zavody\\\/\"]}]},{\"@type\":\"BreadcrumbList\",\"@id\":\"https:\\\/\\\/www.zeltwanger.de\\\/cz\\\/spolecnost\\\/zavody\\\/#breadcrumb\",\"itemListElement\":[{\"@type\":\"ListItem\",\"position\":1,\"name\":\"Home\",\"item\":\"https:\\\/\\\/www.zeltwanger.de\\\/cz\\\/homepage\\\/\"},{\"@type\":\"ListItem\",\"position\":2,\"name\":\"Spole\u010dnost\",\"item\":\"https:\\\/\\\/www.zeltwanger.de\\\/cz\\\/spolecnost\\\/\"},{\"@type\":\"ListItem\",\"position\":3,\"name\":\"Zavody\"}]},{\"@type\":\"WebSite\",\"@id\":\"https:\\\/\\\/www.zeltwanger.de\\\/cz\\\/#website\",\"url\":\"https:\\\/\\\/www.zeltwanger.de\\\/cz\\\/\",\"name\":\"ZELTWANGER\",\"description\":\"Innovation aus Freude an Technik\",\"publisher\":{\"@id\":\"https:\\\/\\\/www.zeltwanger.de\\\/cz\\\/#organization\"},\"potentialAction\":[{\"@type\":\"SearchAction\",\"target\":{\"@type\":\"EntryPoint\",\"urlTemplate\":\"https:\\\/\\\/www.zeltwanger.de\\\/cz\\\/?s={search_term_string}\"},\"query-input\":{\"@type\":\"PropertyValueSpecification\",\"valueRequired\":true,\"valueName\":\"search_term_string\"}}],\"inLanguage\":\"cs\"},{\"@type\":\"Organization\",\"@id\":\"https:\\\/\\\/www.zeltwanger.de\\\/cz\\\/#organization\",\"name\":\"ZELTWANGER\",\"url\":\"https:\\\/\\\/www.zeltwanger.de\\\/cz\\\/\",\"logo\":{\"@type\":\"ImageObject\",\"inLanguage\":\"cs\",\"@id\":\"https:\\\/\\\/www.zeltwanger.de\\\/cz\\\/#\\\/schema\\\/logo\\\/image\\\/\",\"url\":\"https:\\\/\\\/www.zeltwanger.de\\\/app\\\/uploads\\\/2024\\\/03\\\/ZELTWANGER-Maennchen_nebeneinander_RGB_Screen_quadratisch_klein-e1710331495893.jpg\",\"contentUrl\":\"https:\\\/\\\/www.zeltwanger.de\\\/app\\\/uploads\\\/2024\\\/03\\\/ZELTWANGER-Maennchen_nebeneinander_RGB_Screen_quadratisch_klein-e1710331495893.jpg\",\"width\":144,\"height\":144,\"caption\":\"ZELTWANGER\"},\"image\":{\"@id\":\"https:\\\/\\\/www.zeltwanger.de\\\/cz\\\/#\\\/schema\\\/logo\\\/image\\\/\"},\"sameAs\":[\"https:\\\/\\\/www.facebook.com\\\/zeltwanger.karriere\\\/\",\"https:\\\/\\\/www.linkedin.com\\\/company\\\/11844117\\\/\"]}]}<\/script>\n<!-- \/ Yoast SEO plugin. -->","yoast_head_json":{"title":"Kontakt I ZELTWANGER","description":"Ot\u00e1zky, podn\u011bty, zp\u011btn\u00e1 vazba? T\u011b\u0161\u00edme se na V\u00e1s | ZELTWANGER Holding GmbH \u2022 Jopestr. 3 \u2022 72072 T\u00fcbingen, Germany \u2022 +49 7071 3663-301 \u2022 holding@zeltwanger.de","robots":{"index":"index","follow":"follow","max-snippet":"max-snippet:-1","max-image-preview":"max-image-preview:large","max-video-preview":"max-video-preview:-1"},"canonical":"https:\/\/www.zeltwanger.de\/cz\/spolecnost\/zavody\/","og_locale":"cs_CZ","og_type":"article","og_title":"Kontakt I ZELTWANGER","og_description":"Ot\u00e1zky, podn\u011bty, zp\u011btn\u00e1 vazba? T\u011b\u0161\u00edme se na V\u00e1s | ZELTWANGER Holding GmbH \u2022 Jopestr. 3 \u2022 72072 T\u00fcbingen, Germany \u2022 +49 7071 3663-301 \u2022 holding@zeltwanger.de","og_url":"https:\/\/www.zeltwanger.de\/cz\/spolecnost\/zavody\/","og_site_name":"ZELTWANGER","article_publisher":"https:\/\/www.facebook.com\/zeltwanger.karriere\/","article_modified_time":"2026-02-10T14:00:08+00:00","twitter_card":"summary_large_image","twitter_misc":{"Odhadovan\u00e1 doba \u010dten\u00ed":"3 minuty"},"schema":{"@context":"https:\/\/schema.org","@graph":[{"@type":"WebPage","@id":"https:\/\/www.zeltwanger.de\/cz\/spolecnost\/zavody\/","url":"https:\/\/www.zeltwanger.de\/cz\/spolecnost\/zavody\/","name":"Kontakt I ZELTWANGER","isPartOf":{"@id":"https:\/\/www.zeltwanger.de\/cz\/#website"},"datePublished":"2020-05-08T11:38:57+00:00","dateModified":"2026-02-10T14:00:08+00:00","description":"Ot\u00e1zky, podn\u011bty, zp\u011btn\u00e1 vazba? T\u011b\u0161\u00edme se na V\u00e1s | ZELTWANGER Holding GmbH \u2022 Jopestr. 3 \u2022 72072 T\u00fcbingen, Germany \u2022 +49 7071 3663-301 \u2022 holding@zeltwanger.de","breadcrumb":{"@id":"https:\/\/www.zeltwanger.de\/cz\/spolecnost\/zavody\/#breadcrumb"},"inLanguage":"cs","potentialAction":[{"@type":"ReadAction","target":["https:\/\/www.zeltwanger.de\/cz\/spolecnost\/zavody\/"]}]},{"@type":"BreadcrumbList","@id":"https:\/\/www.zeltwanger.de\/cz\/spolecnost\/zavody\/#breadcrumb","itemListElement":[{"@type":"ListItem","position":1,"name":"Home","item":"https:\/\/www.zeltwanger.de\/cz\/homepage\/"},{"@type":"ListItem","position":2,"name":"Spole\u010dnost","item":"https:\/\/www.zeltwanger.de\/cz\/spolecnost\/"},{"@type":"ListItem","position":3,"name":"Zavody"}]},{"@type":"WebSite","@id":"https:\/\/www.zeltwanger.de\/cz\/#website","url":"https:\/\/www.zeltwanger.de\/cz\/","name":"ZELTWANGER","description":"Innovation aus Freude an Technik","publisher":{"@id":"https:\/\/www.zeltwanger.de\/cz\/#organization"},"potentialAction":[{"@type":"SearchAction","target":{"@type":"EntryPoint","urlTemplate":"https:\/\/www.zeltwanger.de\/cz\/?s={search_term_string}"},"query-input":{"@type":"PropertyValueSpecification","valueRequired":true,"valueName":"search_term_string"}}],"inLanguage":"cs"},{"@type":"Organization","@id":"https:\/\/www.zeltwanger.de\/cz\/#organization","name":"ZELTWANGER","url":"https:\/\/www.zeltwanger.de\/cz\/","logo":{"@type":"ImageObject","inLanguage":"cs","@id":"https:\/\/www.zeltwanger.de\/cz\/#\/schema\/logo\/image\/","url":"https:\/\/www.zeltwanger.de\/app\/uploads\/2024\/03\/ZELTWANGER-Maennchen_nebeneinander_RGB_Screen_quadratisch_klein-e1710331495893.jpg","contentUrl":"https:\/\/www.zeltwanger.de\/app\/uploads\/2024\/03\/ZELTWANGER-Maennchen_nebeneinander_RGB_Screen_quadratisch_klein-e1710331495893.jpg","width":144,"height":144,"caption":"ZELTWANGER"},"image":{"@id":"https:\/\/www.zeltwanger.de\/cz\/#\/schema\/logo\/image\/"},"sameAs":["https:\/\/www.facebook.com\/zeltwanger.karriere\/","https:\/\/www.linkedin.com\/company\/11844117\/"]}]}},"_links":{"self":[{"href":"https:\/\/www.zeltwanger.de\/cz\/wp-json\/wp\/v2\/pages\/13086","targetHints":{"allow":["GET"]}}],"collection":[{"href":"https:\/\/www.zeltwanger.de\/cz\/wp-json\/wp\/v2\/pages"}],"about":[{"href":"https:\/\/www.zeltwanger.de\/cz\/wp-json\/wp\/v2\/types\/page"}],"author":[{"embeddable":true,"href":"https:\/\/www.zeltwanger.de\/cz\/wp-json\/wp\/v2\/users\/9"}],"replies":[{"embeddable":true,"href":"https:\/\/www.zeltwanger.de\/cz\/wp-json\/wp\/v2\/comments?post=13086"}],"version-history":[{"count":40,"href":"https:\/\/www.zeltwanger.de\/cz\/wp-json\/wp\/v2\/pages\/13086\/revisions"}],"predecessor-version":[{"id":35283,"href":"https:\/\/www.zeltwanger.de\/cz\/wp-json\/wp\/v2\/pages\/13086\/revisions\/35283"}],"up":[{"embeddable":true,"href":"https:\/\/www.zeltwanger.de\/cz\/wp-json\/wp\/v2\/pages\/12740"}],"wp:attachment":[{"href":"https:\/\/www.zeltwanger.de\/cz\/wp-json\/wp\/v2\/media?parent=13086"}],"curies":[{"name":"wp","href":"https:\/\/api.w.org\/{rel}","templated":true}]}}