{"id":13082,"date":"2020-05-08T13:36:37","date_gmt":"2020-05-08T11:36:37","guid":{"rendered":"https:\/\/www.zeltwanger.de\/?page_id=13082"},"modified":"2023-11-09T16:23:44","modified_gmt":"2023-11-09T15:23:44","slug":"iniciativni-pisemna-zadost-o-misto","status":"publish","type":"page","link":"https:\/\/www.zeltwanger.de\/cz\/spolecnost\/kariera\/nabidka-pracovnich-mist\/iniciativni-pisemna-zadost-o-misto\/","title":{"rendered":"Iniciativn\u00ed p\u00edsemn\u00e1 \u017e\u00e1dost o m\u00edsto"},"content":{"rendered":"<h2>\n<p>Iniciativn\u00ed p\u00edsemn\u00e1 \u017e\u00e1dost o m\u00edsto<\/p>\n<\/h2>\n<h1>\n<p>P\u0159evezm\u011bte iniciativu!<\/p>\n<\/h1>\n<div>\n<p>Neust\u00e1le hled\u00e1me talenty, ale i zku\u0161en\u00e9 odborn\u00e9 a vedouc\u00ed pracovn\u00edky, kte\u0159\u00ed hledaj\u00ed novou v\u00fdzvu.<\/p>\n<\/div>\n<div>\n<p>I kdy\u017e nejsou v sou\u010dasn\u00e9 dob\u011b inzerov\u00e1ny \u017e\u00e1dn\u00e9 odpov\u00eddaj\u00edc\u00ed pozice, jsme r\u00e1di, pokud n\u00e1m za\u0161lete vhodnou a \u00faplnou \u017e\u00e1dost o m\u00edsto prost\u0159ednictv\u00edm na\u0161eho online port\u00e1lu.<\/p>\n<p>E-mailem pak obdr\u017e\u00edte potvrzen\u00ed o p\u0159ijet\u00ed \u017e\u00e1dosti.<\/p>\n<\/div>\n<p>\n    <a href=\"https:\/\/job.zeltwanger.de\/de\/jobposting\/7820b4bc11a9c6265fc76a5b7d562c4a5eea0ce20\/apply?ref=homepage\">Zde m\u016f\u017eete \u017e\u00e1dat o m\u00edsto<\/a>\n<\/p>\n<h2>M\u00e1te je\u0161t\u011b n\u011bjak\u00e9 ot\u00e1zky?<\/h2>\n<div>\n<h1><\/h1>\n<p>Option: <\/p>\n<\/div>\n<h3>Informujte se v\u00edce o tom, co to znamen\u00e1 pracovat u n\u00e1s<\/h3>\n<h2>Nab\u00eddka pracovn\u00edch m\u00edst<\/h2>\n<div>\n<p><a href=\"https:\/\/www.zeltwanger.de\/cz\/spolecnost\/kariera\/nabidka-pracovnich-mist\/\">P\u0159ehled v\u0161ech voln\u00fdch m\u00edst<\/a><\/p>\n<\/div>\n<h2>Pr\u00e1ce ve spole\u010dnosti Zeltwanger<\/h2>\n<div>\n<p>Radost z technologie, z\u00e1jem o nov\u00e9 my\u0161lenky, vz\u00e1jemn\u00e1 interakce napln\u011bn\u00e1 respektem \u2013<\/p>\n<\/div>\n<div>\n<p><a href=\"https:\/\/www.zeltwanger.de\/cz\/spolecnost\/kariera\/pracuje-v-zeltwanger\/\">Na tom n\u00e1m z\u00e1le\u017e\u00ed<\/a><\/p>\n<\/div>\n<h2>Odborn\u00ed a vedouc\u00ed pracovn\u00edci<\/h2>\n<div>\n<p>Co na V\u00e1s jako na odborn\u00e9 a vedouc\u00ed pracovn\u00edky \u010dek\u00e1?<\/p>\n<\/div>\n<div>\n<p><a href=\"https:\/\/www.zeltwanger.de\/cz\/spolecnost\/kariera\/odborni-vedouci-pracovnici\/\">Informujte se v\u00edc<\/a><\/p>\n<\/div>\n<p><!--more--><br \/>\n<!-- {\"name\":\"Karriere Initiativbewerbung\",\"type\":\"layout\",\"children\":[{\"type\":\"section\",\"props\":{\"class\":\"highlight-section\",\"image_position\":\"center-center\",\"padding\":\"xlarge\",\"style\":\"default\",\"title_breakpoint\":\"xl\",\"title_position\":\"top-left\",\"title_rotation\":\"left\",\"vertical_align\":\"middle\",\"width\":\"small\"},\"children\":[{\"type\":\"row\",\"props\":{\"width\":\"small\"},\"children\":[{\"type\":\"column\",\"props\":{\"image_position\":\"center-center\",\"position_sticky_breakpoint\":\"m\",\"text_color\":\"light\",\"width_medium\":\"1-1\"},\"children\":[{\"type\":\"headline\",\"props\":{\"content\":\"\n\n<p>Iniciativn\\u00ed p\\u00edsemn\\u00e1 \\u017e\\u00e1dost o m\\u00edsto<\\\/p>\",\"margin\":\"medium\",\"text_align\":\"center\",\"title_element\":\"h2\",\"title_style\":\"heading-medium\"}},{\"type\":\"headline\",\"props\":{\"content\":\"\n\n<p>P\\u0159evezm\\u011bte iniciativu!<\\\/p>\",\"margin\":\"medium\",\"text_align\":\"center\",\"title_element\":\"h1\",\"title_style\":\"heading-large\"}},{\"type\":\"text\",\"props\":{\"block_align\":\"center\",\"column_breakpoint\":\"m\",\"content\":\"\n\n<p>Neust\\u00e1le hled\\u00e1me talenty, ale i zku\\u0161en\\u00e9 odborn\\u00e9 a vedouc\\u00ed pracovn\\u00edky, kte\\u0159\\u00ed hledaj\\u00ed novou v\\u00fdzvu.<\\\/p>\",\"margin\":\"default\",\"maxwidth\":\"2xlarge\",\"text_align\":\"center\"}}]}]}],\"name\":\"Intro Text blauer Hintergrund\"},{\"type\":\"section\",\"props\":{\"image_position\":\"center-center\",\"padding_remove_bottom\":true,\"style\":\"default\",\"title_breakpoint\":\"xl\",\"title_position\":\"top-left\",\"title_rotation\":\"left\",\"vertical_align\":\"middle\",\"width\":\"small\"},\"children\":[{\"type\":\"row\",\"children\":[{\"type\":\"column\",\"props\":{\"image_position\":\"center-center\",\"position_sticky_breakpoint\":\"m\",\"width_medium\":\"1-1\"},\"children\":[{\"type\":\"text\",\"props\":{\"column_breakpoint\":\"m\",\"content\":\"\n\n<p>I kdy\\u017e nejsou v sou\\u010dasn\\u00e9 dob\\u011b inzerov\\u00e1ny \\u017e\\u00e1dn\\u00e9 odpov\\u00eddaj\\u00edc\\u00ed pozice, jsme r\\u00e1di, pokud n\\u00e1m za\\u0161lete vhodnou a \\u00faplnou \\u017e\\u00e1dost o m\\u00edsto prost\\u0159ednictv\\u00edm na\\u0161eho online port\\u00e1lu.<\\\/p>\\n\n\n<p>E-mailem pak obdr\\u017e\\u00edte potvrzen\\u00ed o p\\u0159ijet\\u00ed \\u017e\\u00e1dosti.<\\\/p>\",\"margin\":\"default\",\"text_align\":\"center\"}},{\"type\":\"button\",\"props\":{\"grid_column_gap\":\"small\",\"grid_row_gap\":\"small\",\"margin\":\"default\",\"text_align\":\"center\"},\"children\":[{\"type\":\"button_item\",\"props\":{\"button_style\":\"primary\",\"content\":\"Zde m\\u016f\\u017eete \\u017e\\u00e1dat o m\\u00edsto\",\"icon_align\":\"left\",\"link\":\"https:\\\/\\\/job.zeltwanger.de\\\/de\\\/jobposting\\\/7820b4bc11a9c6265fc76a5b7d562c4a5eea0ce20\\\/apply?ref=homepage\",\"link_target\":\"blank\"}}]}]}]}],\"name\":\"Block mit sekund\\u00e4rer \\u00dcberschrift\"},{\"type\":\"section\",\"props\":{\"css\":\" .el-section .uk-container-small {\\n    background-color: #003c8e;\\n}\\n\\n.el-section .uk-container {\\n     max-width: 780px;\\n}\\n\\n.el-section .uk-container {\\n     padding: 40px;\\n}\\n\",\"image_position\":\"center-center\",\"padding_remove_bottom\":true,\"padding_remove_top\":false,\"style\":\"default\",\"title_breakpoint\":\"xl\",\"title_position\":\"top-left\",\"title_rotation\":\"left\",\"vertical_align\":\"middle\",\"width\":\"small\"},\"children\":[{\"type\":\"row\",\"props\":{\"margin\":\"medium\",\"margin_remove_bottom\":false},\"children\":[{\"type\":\"column\",\"props\":{\"image_position\":\"center-center\",\"position_sticky_breakpoint\":\"m\",\"text_color\":\"light\",\"width_medium\":\"1-1\"},\"children\":[{\"type\":\"headline\",\"props\":{\"content\":\"M\\u00e1te je\\u0161t\\u011b n\\u011bjak\\u00e9 ot\\u00e1zky?\",\"margin\":\"medium\",\"margin_remove_bottom\":false,\"text_align\":\"center\",\"title_element\":\"h2\",\"title_style\":\"heading-medium\"}},{\"type\":\"contacts\",\"props\":{\"content_title\":\"Klingt interessant?\",\"flyout_button_text\":\"Kontaktieren Sie uns\",\"parent\":\"contacts\",\"show_content_title\":true,\"show_image\":true},\"children\":[{\"type\":\"flyout_item\",\"props\":{\"post_id\":20950}}]}]}]}],\"name\":\"Ansprechperson blaue Kachel Karriere\"},{\"type\":\"section\",\"props\":{\"image_position\":\"center-center\",\"padding_remove_top\":false,\"style\":\"default\",\"title_breakpoint\":\"xl\",\"title_position\":\"top-left\",\"title_rotation\":\"left\",\"vertical_align\":\"middle\",\"width\":\"small\"},\"children\":[{\"type\":\"row\",\"props\":{\"margin\":\"medium\"},\"children\":[{\"type\":\"column\",\"props\":{\"image_position\":\"center-center\",\"position_sticky_breakpoint\":\"m\",\"width_medium\":\"1-1\"},\"children\":[{\"type\":\"headline\",\"props\":{\"content\":\"Informujte se v\\u00edce o tom, co to znamen\\u00e1 pracovat u n\\u00e1s\",\"title_element\":\"h3\",\"title_style\":\"heading-medium\"}}]}]},{\"type\":\"row\",\"props\":{\"column_gap\":\"collapse\",\"layout\":\"1-2,1-2\",\"margin\":\"small\",\"row_gap\":\"collapse\"},\"children\":[{\"type\":\"column\",\"props\":{\"image_position\":\"center-center\",\"position_sticky_breakpoint\":\"m\",\"style\":\"tile-secondary\",\"vertical_align\":\"middle\",\"width_small\":\"1-2\"},\"children\":[{\"type\":\"headline\",\"props\":{\"content\":\"Nab\\u00eddka pracovn\\u00edch m\\u00edst\",\"position\":\"relative\",\"title_element\":\"h2\",\"title_style\":\"heading-medium\"}}]},{\"type\":\"column\",\"props\":{\"image_position\":\"center-center\",\"position_sticky_breakpoint\":\"m\",\"style\":\"tile-secondary\",\"vertical_align\":\"middle\",\"width_small\":\"1-2\"},\"children\":[{\"type\":\"text\",\"props\":{\"column_breakpoint\":\"m\",\"content\":\"\n\n<p><a href=\\\"https:\\\/\\\/www.zeltwanger.de\\\/cz\\\/spolecnost\\\/kariera\\\/nabidka-pracovnich-mist\\\/\\\">P\\u0159ehled v\\u0161ech voln\\u00fdch m\\u00edst<\\\/a><\\\/p>\",\"css\":\".el-element p {\\n\\tmargin-bottom: 0;\\n}\",\"margin\":\"default\",\"position_right\":\"0\",\"position_top\":\"20px\",\"text_align\":\"right\",\"text_align_breakpoint\":\"s\"}}]}]},{\"type\":\"row\",\"props\":{\"layout\":\"1-2,1-2\"},\"children\":[{\"type\":\"column\",\"props\":{\"image_position\":\"center-center\",\"position_sticky_breakpoint\":\"m\",\"style\":\"tile-secondary\",\"width_medium\":\"1-2\"},\"children\":[{\"type\":\"headline\",\"props\":{\"content\":\"Pr\\u00e1ce ve spole\\u010dnosti Zeltwanger\",\"title_element\":\"h2\",\"title_style\":\"heading-medium\"}},{\"type\":\"text\",\"props\":{\"column_breakpoint\":\"m\",\"content\":\"\n\n<p>Radost z technologie, z\\u00e1jem o nov\\u00e9 my\\u0161lenky, vz\\u00e1jemn\\u00e1 interakce napln\\u011bn\\u00e1 respektem \\u2013<\\\/p>\",\"margin\":\"default\"}},{\"type\":\"text\",\"props\":{\"column_breakpoint\":\"m\",\"content\":\"\n\n<p><a href=\\\"https:\\\/\\\/www.zeltwanger.de\\\/cz\\\/spolecnost\\\/kariera\\\/pracuje-v-zeltwanger\\\/\\\">Na tom n\\u00e1m z\\u00e1le\\u017e\\u00ed<\\\/a><\\\/p>\",\"margin\":\"default\"},\"name\":\"Link\"}]},{\"type\":\"column\",\"props\":{\"image_position\":\"center-center\",\"position_sticky_breakpoint\":\"m\",\"style\":\"tile-secondary\",\"width_medium\":\"1-2\"},\"children\":[{\"type\":\"headline\",\"props\":{\"content\":\"Odborn\\u00ed a vedouc\\u00ed pracovn\\u00edci\",\"title_element\":\"h2\",\"title_style\":\"heading-medium\"}},{\"type\":\"text\",\"props\":{\"column_breakpoint\":\"m\",\"content\":\"\n\n<p>Co na V\\u00e1s jako na odborn\\u00e9 a vedouc\\u00ed pracovn\\u00edky \\u010dek\\u00e1?<\\\/p>\",\"margin\":\"default\"}},{\"type\":\"text\",\"props\":{\"column_breakpoint\":\"m\",\"content\":\"\n\n<p><a href=\\\"https:\\\/\\\/www.zeltwanger.de\\\/cz\\\/spolecnost\\\/kariera\\\/odborni-vedouci-pracovnici\\\/\\\">Informujte se v\\u00edc<\\\/a><\\\/p>\",\"margin\":\"default\"},\"name\":\"Link\"}]}]}],\"name\":\"CTA Graue Kacheln\"}],\"version\":\"4.0.13\"} --><\/p>\n","protected":false},"excerpt":{"rendered":"<p>Iniciativn\u00ed p\u00edsemn\u00e1 \u017e\u00e1dost o m\u00edsto P\u0159evezm\u011bte iniciativu! Neust\u00e1le hled\u00e1me talenty, ale i zku\u0161en\u00e9 odborn\u00e9 a vedouc\u00ed pracovn\u00edky, kte\u0159\u00ed hledaj\u00ed novou v\u00fdzvu. I kdy\u017e nejsou v sou\u010dasn\u00e9 dob\u011b inzerov\u00e1ny \u017e\u00e1dn\u00e9 odpov\u00eddaj\u00edc\u00ed pozice, jsme r\u00e1di, pokud n\u00e1m za\u0161lete vhodnou a \u00faplnou \u017e\u00e1dost o m\u00edsto prost\u0159ednictv\u00edm na\u0161eho online port\u00e1lu. E-mailem pak obdr\u017e\u00edte potvrzen\u00ed o p\u0159ijet\u00ed \u017e\u00e1dosti. Zde m\u016f\u017eete [&hellip;]<\/p>\n","protected":false},"author":9,"featured_media":0,"parent":13080,"menu_order":0,"comment_status":"closed","ping_status":"closed","template":"","meta":{"_acf_changed":false,"footnotes":""},"class_list":["post-13082","page","type-page","status-publish","hentry"],"acf":[],"yoast_head":"<!-- This site is optimized with the Yoast SEO plugin v27.4 - https:\/\/yoast.com\/product\/yoast-seo-wordpress\/ -->\n<title>Iniciativn\u00ed \u017e\u00e1dost o m\u00edsto ve spole\u010dnosti ZELTWANGER<\/title>\n<meta name=\"description\" content=\"Neust\u00e1le hled\u00e1me motivovan\u00e9 &amp; kvalifikovan\u00e9 odborn\u00edky | Uch\u00e1zejte se iniciativn\u011b o m\u00edsto &amp; za\u010dn\u011bte pracovat ve spole\u010dnosti ZELTWANGER\" \/>\n<meta name=\"robots\" content=\"index, follow, max-snippet:-1, max-image-preview:large, max-video-preview:-1\" \/>\n<link rel=\"canonical\" href=\"https:\/\/www.zeltwanger.de\/cz\/spolecnost\/kariera\/nabidka-pracovnich-mist\/iniciativni-pisemna-zadost-o-misto\/\" \/>\n<meta property=\"og:locale\" content=\"cs_CZ\" \/>\n<meta property=\"og:type\" content=\"article\" \/>\n<meta property=\"og:title\" content=\"Iniciativn\u00ed \u017e\u00e1dost o m\u00edsto ve spole\u010dnosti ZELTWANGER\" \/>\n<meta property=\"og:description\" content=\"Neust\u00e1le hled\u00e1me motivovan\u00e9 &amp; kvalifikovan\u00e9 odborn\u00edky | Uch\u00e1zejte se iniciativn\u011b o m\u00edsto &amp; za\u010dn\u011bte pracovat ve spole\u010dnosti ZELTWANGER\" \/>\n<meta property=\"og:url\" content=\"https:\/\/www.zeltwanger.de\/cz\/spolecnost\/kariera\/nabidka-pracovnich-mist\/iniciativni-pisemna-zadost-o-misto\/\" \/>\n<meta property=\"og:site_name\" content=\"ZELTWANGER\" \/>\n<meta property=\"article:publisher\" content=\"https:\/\/www.facebook.com\/zeltwanger.karriere\/\" \/>\n<meta property=\"article:modified_time\" content=\"2023-11-09T15:23:44+00:00\" \/>\n<meta name=\"twitter:card\" content=\"summary_large_image\" \/>\n<meta name=\"twitter:label1\" content=\"Odhadovan\u00e1 doba \u010dten\u00ed\" \/>\n\t<meta name=\"twitter:data1\" content=\"1 minuta\" \/>\n<script type=\"application\/ld+json\" class=\"yoast-schema-graph\">{\"@context\":\"https:\\\/\\\/schema.org\",\"@graph\":[{\"@type\":\"WebPage\",\"@id\":\"https:\\\/\\\/www.zeltwanger.de\\\/cz\\\/spolecnost\\\/kariera\\\/nabidka-pracovnich-mist\\\/iniciativni-pisemna-zadost-o-misto\\\/\",\"url\":\"https:\\\/\\\/www.zeltwanger.de\\\/cz\\\/spolecnost\\\/kariera\\\/nabidka-pracovnich-mist\\\/iniciativni-pisemna-zadost-o-misto\\\/\",\"name\":\"Iniciativn\u00ed \u017e\u00e1dost o m\u00edsto ve spole\u010dnosti ZELTWANGER\",\"isPartOf\":{\"@id\":\"https:\\\/\\\/www.zeltwanger.de\\\/cz\\\/#website\"},\"datePublished\":\"2020-05-08T11:36:37+00:00\",\"dateModified\":\"2023-11-09T15:23:44+00:00\",\"description\":\"Neust\u00e1le hled\u00e1me motivovan\u00e9 & kvalifikovan\u00e9 odborn\u00edky | Uch\u00e1zejte se iniciativn\u011b o m\u00edsto & za\u010dn\u011bte pracovat ve spole\u010dnosti ZELTWANGER\",\"breadcrumb\":{\"@id\":\"https:\\\/\\\/www.zeltwanger.de\\\/cz\\\/spolecnost\\\/kariera\\\/nabidka-pracovnich-mist\\\/iniciativni-pisemna-zadost-o-misto\\\/#breadcrumb\"},\"inLanguage\":\"cs\",\"potentialAction\":[{\"@type\":\"ReadAction\",\"target\":[\"https:\\\/\\\/www.zeltwanger.de\\\/cz\\\/spolecnost\\\/kariera\\\/nabidka-pracovnich-mist\\\/iniciativni-pisemna-zadost-o-misto\\\/\"]}]},{\"@type\":\"BreadcrumbList\",\"@id\":\"https:\\\/\\\/www.zeltwanger.de\\\/cz\\\/spolecnost\\\/kariera\\\/nabidka-pracovnich-mist\\\/iniciativni-pisemna-zadost-o-misto\\\/#breadcrumb\",\"itemListElement\":[{\"@type\":\"ListItem\",\"position\":1,\"name\":\"Home\",\"item\":\"https:\\\/\\\/www.zeltwanger.de\\\/cz\\\/homepage\\\/\"},{\"@type\":\"ListItem\",\"position\":2,\"name\":\"Spole\u010dnost\",\"item\":\"https:\\\/\\\/www.zeltwanger.de\\\/cz\\\/spolecnost\\\/\"},{\"@type\":\"ListItem\",\"position\":3,\"name\":\"Kari\u00e9ra\",\"item\":\"https:\\\/\\\/www.zeltwanger.de\\\/cz\\\/spolecnost\\\/kariera\\\/\"},{\"@type\":\"ListItem\",\"position\":4,\"name\":\"Nab\u00eddka pracovn\u00edch m\u00edst\",\"item\":\"https:\\\/\\\/www.zeltwanger.de\\\/cz\\\/spolecnost\\\/kariera\\\/nabidka-pracovnich-mist\\\/\"},{\"@type\":\"ListItem\",\"position\":5,\"name\":\"Iniciativn\u00ed p\u00edsemn\u00e1 \u017e\u00e1dost o m\u00edsto\"}]},{\"@type\":\"WebSite\",\"@id\":\"https:\\\/\\\/www.zeltwanger.de\\\/cz\\\/#website\",\"url\":\"https:\\\/\\\/www.zeltwanger.de\\\/cz\\\/\",\"name\":\"ZELTWANGER\",\"description\":\"Innovation aus Freude an Technik\",\"publisher\":{\"@id\":\"https:\\\/\\\/www.zeltwanger.de\\\/cz\\\/#organization\"},\"potentialAction\":[{\"@type\":\"SearchAction\",\"target\":{\"@type\":\"EntryPoint\",\"urlTemplate\":\"https:\\\/\\\/www.zeltwanger.de\\\/cz\\\/?s={search_term_string}\"},\"query-input\":{\"@type\":\"PropertyValueSpecification\",\"valueRequired\":true,\"valueName\":\"search_term_string\"}}],\"inLanguage\":\"cs\"},{\"@type\":\"Organization\",\"@id\":\"https:\\\/\\\/www.zeltwanger.de\\\/cz\\\/#organization\",\"name\":\"ZELTWANGER\",\"url\":\"https:\\\/\\\/www.zeltwanger.de\\\/cz\\\/\",\"logo\":{\"@type\":\"ImageObject\",\"inLanguage\":\"cs\",\"@id\":\"https:\\\/\\\/www.zeltwanger.de\\\/cz\\\/#\\\/schema\\\/logo\\\/image\\\/\",\"url\":\"https:\\\/\\\/www.zeltwanger.de\\\/app\\\/uploads\\\/2024\\\/03\\\/ZELTWANGER-Maennchen_nebeneinander_RGB_Screen_quadratisch_klein-e1710331495893.jpg\",\"contentUrl\":\"https:\\\/\\\/www.zeltwanger.de\\\/app\\\/uploads\\\/2024\\\/03\\\/ZELTWANGER-Maennchen_nebeneinander_RGB_Screen_quadratisch_klein-e1710331495893.jpg\",\"width\":144,\"height\":144,\"caption\":\"ZELTWANGER\"},\"image\":{\"@id\":\"https:\\\/\\\/www.zeltwanger.de\\\/cz\\\/#\\\/schema\\\/logo\\\/image\\\/\"},\"sameAs\":[\"https:\\\/\\\/www.facebook.com\\\/zeltwanger.karriere\\\/\",\"https:\\\/\\\/www.linkedin.com\\\/company\\\/11844117\\\/\"]}]}<\/script>\n<!-- \/ Yoast SEO plugin. -->","yoast_head_json":{"title":"Iniciativn\u00ed \u017e\u00e1dost o m\u00edsto ve spole\u010dnosti ZELTWANGER","description":"Neust\u00e1le hled\u00e1me motivovan\u00e9 & kvalifikovan\u00e9 odborn\u00edky | Uch\u00e1zejte se iniciativn\u011b o m\u00edsto & za\u010dn\u011bte pracovat ve spole\u010dnosti ZELTWANGER","robots":{"index":"index","follow":"follow","max-snippet":"max-snippet:-1","max-image-preview":"max-image-preview:large","max-video-preview":"max-video-preview:-1"},"canonical":"https:\/\/www.zeltwanger.de\/cz\/spolecnost\/kariera\/nabidka-pracovnich-mist\/iniciativni-pisemna-zadost-o-misto\/","og_locale":"cs_CZ","og_type":"article","og_title":"Iniciativn\u00ed \u017e\u00e1dost o m\u00edsto ve spole\u010dnosti ZELTWANGER","og_description":"Neust\u00e1le hled\u00e1me motivovan\u00e9 & kvalifikovan\u00e9 odborn\u00edky | Uch\u00e1zejte se iniciativn\u011b o m\u00edsto & za\u010dn\u011bte pracovat ve spole\u010dnosti ZELTWANGER","og_url":"https:\/\/www.zeltwanger.de\/cz\/spolecnost\/kariera\/nabidka-pracovnich-mist\/iniciativni-pisemna-zadost-o-misto\/","og_site_name":"ZELTWANGER","article_publisher":"https:\/\/www.facebook.com\/zeltwanger.karriere\/","article_modified_time":"2023-11-09T15:23:44+00:00","twitter_card":"summary_large_image","twitter_misc":{"Odhadovan\u00e1 doba \u010dten\u00ed":"1 minuta"},"schema":{"@context":"https:\/\/schema.org","@graph":[{"@type":"WebPage","@id":"https:\/\/www.zeltwanger.de\/cz\/spolecnost\/kariera\/nabidka-pracovnich-mist\/iniciativni-pisemna-zadost-o-misto\/","url":"https:\/\/www.zeltwanger.de\/cz\/spolecnost\/kariera\/nabidka-pracovnich-mist\/iniciativni-pisemna-zadost-o-misto\/","name":"Iniciativn\u00ed \u017e\u00e1dost o m\u00edsto ve spole\u010dnosti ZELTWANGER","isPartOf":{"@id":"https:\/\/www.zeltwanger.de\/cz\/#website"},"datePublished":"2020-05-08T11:36:37+00:00","dateModified":"2023-11-09T15:23:44+00:00","description":"Neust\u00e1le hled\u00e1me motivovan\u00e9 & kvalifikovan\u00e9 odborn\u00edky | Uch\u00e1zejte se iniciativn\u011b o m\u00edsto & za\u010dn\u011bte pracovat ve spole\u010dnosti ZELTWANGER","breadcrumb":{"@id":"https:\/\/www.zeltwanger.de\/cz\/spolecnost\/kariera\/nabidka-pracovnich-mist\/iniciativni-pisemna-zadost-o-misto\/#breadcrumb"},"inLanguage":"cs","potentialAction":[{"@type":"ReadAction","target":["https:\/\/www.zeltwanger.de\/cz\/spolecnost\/kariera\/nabidka-pracovnich-mist\/iniciativni-pisemna-zadost-o-misto\/"]}]},{"@type":"BreadcrumbList","@id":"https:\/\/www.zeltwanger.de\/cz\/spolecnost\/kariera\/nabidka-pracovnich-mist\/iniciativni-pisemna-zadost-o-misto\/#breadcrumb","itemListElement":[{"@type":"ListItem","position":1,"name":"Home","item":"https:\/\/www.zeltwanger.de\/cz\/homepage\/"},{"@type":"ListItem","position":2,"name":"Spole\u010dnost","item":"https:\/\/www.zeltwanger.de\/cz\/spolecnost\/"},{"@type":"ListItem","position":3,"name":"Kari\u00e9ra","item":"https:\/\/www.zeltwanger.de\/cz\/spolecnost\/kariera\/"},{"@type":"ListItem","position":4,"name":"Nab\u00eddka pracovn\u00edch m\u00edst","item":"https:\/\/www.zeltwanger.de\/cz\/spolecnost\/kariera\/nabidka-pracovnich-mist\/"},{"@type":"ListItem","position":5,"name":"Iniciativn\u00ed p\u00edsemn\u00e1 \u017e\u00e1dost o m\u00edsto"}]},{"@type":"WebSite","@id":"https:\/\/www.zeltwanger.de\/cz\/#website","url":"https:\/\/www.zeltwanger.de\/cz\/","name":"ZELTWANGER","description":"Innovation aus Freude an Technik","publisher":{"@id":"https:\/\/www.zeltwanger.de\/cz\/#organization"},"potentialAction":[{"@type":"SearchAction","target":{"@type":"EntryPoint","urlTemplate":"https:\/\/www.zeltwanger.de\/cz\/?s={search_term_string}"},"query-input":{"@type":"PropertyValueSpecification","valueRequired":true,"valueName":"search_term_string"}}],"inLanguage":"cs"},{"@type":"Organization","@id":"https:\/\/www.zeltwanger.de\/cz\/#organization","name":"ZELTWANGER","url":"https:\/\/www.zeltwanger.de\/cz\/","logo":{"@type":"ImageObject","inLanguage":"cs","@id":"https:\/\/www.zeltwanger.de\/cz\/#\/schema\/logo\/image\/","url":"https:\/\/www.zeltwanger.de\/app\/uploads\/2024\/03\/ZELTWANGER-Maennchen_nebeneinander_RGB_Screen_quadratisch_klein-e1710331495893.jpg","contentUrl":"https:\/\/www.zeltwanger.de\/app\/uploads\/2024\/03\/ZELTWANGER-Maennchen_nebeneinander_RGB_Screen_quadratisch_klein-e1710331495893.jpg","width":144,"height":144,"caption":"ZELTWANGER"},"image":{"@id":"https:\/\/www.zeltwanger.de\/cz\/#\/schema\/logo\/image\/"},"sameAs":["https:\/\/www.facebook.com\/zeltwanger.karriere\/","https:\/\/www.linkedin.com\/company\/11844117\/"]}]}},"_links":{"self":[{"href":"https:\/\/www.zeltwanger.de\/cz\/wp-json\/wp\/v2\/pages\/13082","targetHints":{"allow":["GET"]}}],"collection":[{"href":"https:\/\/www.zeltwanger.de\/cz\/wp-json\/wp\/v2\/pages"}],"about":[{"href":"https:\/\/www.zeltwanger.de\/cz\/wp-json\/wp\/v2\/types\/page"}],"author":[{"embeddable":true,"href":"https:\/\/www.zeltwanger.de\/cz\/wp-json\/wp\/v2\/users\/9"}],"replies":[{"embeddable":true,"href":"https:\/\/www.zeltwanger.de\/cz\/wp-json\/wp\/v2\/comments?post=13082"}],"version-history":[{"count":9,"href":"https:\/\/www.zeltwanger.de\/cz\/wp-json\/wp\/v2\/pages\/13082\/revisions"}],"predecessor-version":[{"id":27284,"href":"https:\/\/www.zeltwanger.de\/cz\/wp-json\/wp\/v2\/pages\/13082\/revisions\/27284"}],"up":[{"embeddable":true,"href":"https:\/\/www.zeltwanger.de\/cz\/wp-json\/wp\/v2\/pages\/13080"}],"wp:attachment":[{"href":"https:\/\/www.zeltwanger.de\/cz\/wp-json\/wp\/v2\/media?parent=13082"}],"curies":[{"name":"wp","href":"https:\/\/api.w.org\/{rel}","templated":true}]}}