{"id":12979,"date":"2020-05-08T12:23:15","date_gmt":"2020-05-08T10:23:15","guid":{"rendered":"https:\/\/www.zeltwanger.de\/?page_id=12979"},"modified":"2023-06-27T13:44:46","modified_gmt":"2023-06-27T11:44:46","slug":"servis","status":"publish","type":"page","link":"https:\/\/www.zeltwanger.de\/cz\/servis\/","title":{"rendered":"Servis"},"content":{"rendered":"<h1>\n<p>Servis ZELTWANGER<\/p>\n<\/h1>\n<h2>Podpo\u0159\u00edme V\u00e1s p\u0159i v\u0161ech procesech<\/h2>\n<div>\n<p>Pr\u016fmysl je na p\u0159elomu. Vy coby podnikatel\u00e9 tak \u010del\u00edte mnoha v\u00fdzv\u00e1m: rychlej\u0161\u00ed dodac\u00ed lh\u016fty, men\u0161\u00ed s\u00e9rie, nedostatek person\u00e1lu, Pr\u016fmysl 4.0. Sv\u016fj \u00fakol spat\u0159ujeme v tom, poradit V\u00e1m a doprov\u00e1zet V\u00e1s.<\/p>\n<p>A samoz\u0159ejm\u011b jsou V\u00e1m k dispozici na\u0161e podp\u016frn\u00e9 t\u00fdmy p\u0159i v\u0161ech ot\u00e1zk\u00e1ch \u00fadr\u017eby a probl\u00e9mech.<\/p>\n<\/div>\n<div>\n<p>Coby poskytovatel slu\u017eeb orientovan\u00fd na z\u00e1kazn\u00edky nab\u00edz\u00edme rozs\u00e1hlou servisn\u00ed nab\u00eddku od anal\u00fdzy proces\u016f a\u017e po modernizaci Va\u0161ich stroj\u016f. Vedle na\u0161eho odborn\u00e9ho, vysoce technologick\u00e9ho know-how m\u016f\u017eete p\u0159edev\u0161\u00edm po\u010d\u00edtat s na\u0161\u00ed spolehlivost\u00ed a na\u0161\u00edm c\u00edt\u011bn\u00edm pro trendy budoucnosti.<\/p>\n<\/div>\n<h2>N\u00e1\u0161 servis<\/h2>\n<h4>Zak\u00e1zkov\u00e1 v\u00fdroba,<br \/>mont\u00e1\u017en\u00ed slu\u017eby:<\/h4>\n<div>\n<ul>\n<li>Poradenstv\u00ed n\u00e1klady a proveditelnost<\/li>\n<li>Kalkulace<\/li>\n<li>Pl\u00e1nov\u00e1n\u00ed a virtu\u00e1ln\u00ed <br \/>simulace<\/li>\n<li>Transparentn\u00ed v\u00fdroba<\/li>\n<li>Servis n\u00e1hradn\u00edch d\u00edl\u016f<\/li>\n<li>\u00dadr\u017eba<\/li>\n<li>Modernizace za\u0159\u00edzen\u00ed<\/li>\n<\/ul>\n<\/div>\n<p>\n    <a href=\"\/cz\/servis\/stavba-stroju\/\">Servis stavba stroj\u016f<\/a>\n<\/p>\n<h4>Zkou\u0161ka t\u011bsnosti,<br \/>\nFunk\u010dn\u00ed test:<\/h4>\n<div>\n<ul>\n<li>Poradenstv\u00ed, p\u0159\u00ednos procesn\u00edho know-how<\/li>\n<li>Uveden\u00ed do provozu<\/li>\n<li>\u0161kolen\u00ed u\u017eivatel\u016f<\/li>\n<li>Technick\u00e1 podpora<\/li>\n<li>Z\u00e1sobov\u00e1n\u00ed n\u00e1hradn\u00edmi d\u00edly<\/li>\n<li>aktualizace softwaru<\/li>\n<li>\u00dadr\u017eba<\/li>\n<li>Modernizace za\u0159\u00edzen\u00ed<\/li>\n<\/ul>\n<\/div>\n<p>\n    <a href=\"\/cz\/servis\/test-tesnosti\/\">Servis testov\u00e1n\u00ed<\/a>\n<\/p>\n<h4>\n<p>Tepeln\u00fd management:<br \/>\u00a0<\/p>\n<\/h4>\n<div>\n<ul>\n<li>Anal\u00fdza a poradenstv\u00ed<\/li>\n<li>Koncepce<\/li>\n<li>Virtu\u00e1ln\u00ed simulace<\/li>\n<li>V\u00fdvoj softwaru<\/li>\n<li>Integrace proces\u016f<\/li>\n<li>Uveden\u00ed do provozu<\/li>\n<li>Aktualizace softwaru<\/li>\n<li>\u00dadr\u017eba<\/li>\n<li>Modernizace<\/li>\n<\/ul>\n<\/div>\n<h2>Software pro d\u00e1lkovou \u00fadr\u017ebu<\/h2>\n<div>\n<p>Jako sou\u010d\u00e1st na\u0161eho pravideln\u00e9ho \u00fadr\u017ebov\u00e9ho servisu V\u00e1m nab\u00edz\u00edme instalaci softwaru pro d\u00e1lkovou \u00fadr\u017ebu. Tak mohou na\u0161e podp\u016frn\u00e9 t\u00fdmy p\u0159i probl\u00e9mech rychleji odhalit zdroj chyby a v\u010das zas\u00e1hnout.<\/p>\n<\/div>\n<p>\n    <a href=\"https:\/\/www.zeltwanger.de\/app\/uploads\/file-manager\/TeamViewerQS_de.exe\"> Sta\u017een\u00ed softwaru pro d\u00e1lkovou \u00fadr\u017ebu<\/a>\n<\/p>\n<div>\n<p>Program je vhodn\u00fd pro Windows XP, Vista, 7 a 10. Instalace nebo opr\u00e1vn\u011bn\u00ed spr\u00e1vce k tomu nejsou pot\u0159eba. Na Va\u0161em po\u010d\u00edta\u010di nebudou provedeny \u017e\u00e1dn\u00e9 zm\u011bny.<\/p>\n<\/div>\n<div>\n<div class=\"uk-margin\" data-id=\"page#52\">\n<p>V\u00e1\u0161 z\u00e1kaznick\u00fd <a href=\"https:\/\/www.zeltwanger.de\/cz\/servis\/kontaktni-partneri\/\">servis ZELTWANGER<\/a> je V\u00e1m p\u0159i zach\u00e1zen\u00ed s radost\u00ed n\u00e1pomocen.<\/p>\n<\/div>\n<\/div>\n<h2>Stahov\u00e1n\u00ed a kontaktn\u00ed partne\u0159i<\/h2>\n<div>\n<p>Hled\u00e1te informace k na\u0161im p\u0159\u00edstroj\u016fm a za\u0159\u00edzen\u00edm? Chcete si st\u00e1hnout ur\u010dit\u00fd list technick\u00fdch \u00fadaj\u016f? M\u00e1te z\u00e1jem o na\u0161e bro\u017eury?<\/p>\n<\/div>\n<ul>\n<li>\n        <a href=\"\/cz\/servis\/downloads\/\">Ve\u0161ker\u00e9 polo\u017eky ke sta\u017een\u00ed najdete zde<\/a>\n    <\/li>\n<li>\n        <a href=\"\/cz\/servis\/kontaktni-partneri\/\">Najd\u011bte svou kontaktn\u00ed osobu<\/a>\n    <\/li>\n<\/ul>\n<p><!--more--><br \/>\n<!-- {\"name\":\"Service DE\",\"type\":\"layout\",\"children\":[{\"type\":\"section\",\"props\":{\"class\":\"highlight-section\",\"image\":\"app\\\/uploads\\\/2023\\\/04\\\/ZELTWANGER_Partnerschaft-2.jpg\",\"image_position\":\"center-center\",\"image_size\":\"cover\",\"image_width\":\"2560\",\"media_background\":\"rgba(43, 88, 149, 0.9)\",\"media_blend_mode\":\"multiply\",\"media_overlay\":\"rgba(0, 65, 100, 0.6)\",\"padding\":\"xlarge\",\"style\":\"default\",\"title_breakpoint\":\"xl\",\"title_position\":\"top-left\",\"title_rotation\":\"left\",\"vertical_align\":\"middle\",\"width\":\"small\"},\"children\":[{\"type\":\"row\",\"props\":{\"width\":\"small\"},\"children\":[{\"type\":\"column\",\"props\":{\"image_position\":\"center-center\",\"media_overlay_gradient\":\"\",\"position_sticky_breakpoint\":\"m\",\"text_color\":\"light\",\"width_medium\":\"1-1\"},\"children\":[{\"type\":\"headline\",\"props\":{\"content\":\"\n\n<p>Servis ZELTWANGER<\\\/p>\",\"margin\":\"small\",\"text_align\":\"center\",\"title_element\":\"h1\",\"title_style\":\"heading-small\"}},{\"type\":\"headline\",\"props\":{\"content\":\"Podpo\\u0159\\u00edme V\\u00e1s p\\u0159i v\\u0161ech procesech\",\"margin\":\"medium\",\"margin_remove_top\":true,\"text_align\":\"center\",\"title_element\":\"h2\",\"title_style\":\"heading-large\"}},{\"type\":\"text\",\"props\":{\"block_align\":\"center\",\"column_breakpoint\":\"m\",\"content\":\"\n\n<p>Pr\\u016fmysl je na p\\u0159elomu. Vy coby podnikatel\\u00e9 tak \\u010del\\u00edte mnoha v\\u00fdzv\\u00e1m: rychlej\\u0161\\u00ed dodac\\u00ed lh\\u016fty, men\\u0161\\u00ed s\\u00e9rie, nedostatek person\\u00e1lu, Pr\\u016fmysl 4.0. Sv\\u016fj \\u00fakol spat\\u0159ujeme v tom, poradit V\\u00e1m a doprov\\u00e1zet V\\u00e1s.<\\\/p>\\n\n\n<p>A samoz\\u0159ejm\\u011b jsou V\\u00e1m k dispozici na\\u0161e podp\\u016frn\\u00e9 t\\u00fdmy p\\u0159i v\\u0161ech ot\\u00e1zk\\u00e1ch \\u00fadr\\u017eby a probl\\u00e9mech.<\\\/p>\",\"margin\":\"default\",\"maxwidth\":\"2xlarge\",\"text_align\":\"center\"}}]}]}],\"name\":\"Intro Text blauer Hintergrund\"},{\"type\":\"section\",\"props\":{\"class\":\"breadcrumb\",\"image_position\":\"center-center\",\"padding\":\"xsmall\",\"padding_remove_bottom\":true,\"padding_remove_top\":false,\"style\":\"default\",\"title_breakpoint\":\"xl\",\"title_position\":\"top-left\",\"title_rotation\":\"left\",\"vertical_align\":\"middle\",\"width\":\"default\"},\"children\":[{\"type\":\"row\",\"props\":{\"width\":\"small\"},\"children\":[{\"type\":\"column\",\"props\":{\"image_position\":\"center-center\",\"media_overlay_gradient\":\"\",\"position_sticky_breakpoint\":\"m\",\"width_medium\":\"1-1\"},\"children\":[{\"type\":\"breadcrumbs\",\"props\":{\"image_svg_color\":\"emphasis\",\"margin\":\"default\"}}]}]}],\"name\":\"Breadcrumb\"},{\"type\":\"section\",\"props\":{\"image_position\":\"center-center\",\"padding\":\"large\",\"padding_remove_top\":false,\"style\":\"default\",\"title_breakpoint\":\"xl\",\"title_position\":\"top-left\",\"title_rotation\":\"left\",\"vertical_align\":\"middle\",\"width\":\"small\"},\"children\":[{\"type\":\"row\",\"props\":{\"margin\":\"large\",\"margin_remove_bottom\":false},\"children\":[{\"type\":\"column\",\"props\":{\"image_position\":\"center-center\",\"media_overlay_gradient\":\"\",\"position_sticky_breakpoint\":\"m\",\"width_medium\":\"1-1\"},\"children\":[{\"type\":\"text\",\"props\":{\"column_breakpoint\":\"m\",\"content\":\"\n\n<p>Coby poskytovatel slu\\u017eeb orientovan\\u00fd na z\\u00e1kazn\\u00edky nab\\u00edz\\u00edme rozs\\u00e1hlou servisn\\u00ed nab\\u00eddku od anal\\u00fdzy proces\\u016f a\\u017e po modernizaci Va\\u0161ich stroj\\u016f. Vedle na\\u0161eho odborn\\u00e9ho, vysoce technologick\\u00e9ho know-how m\\u016f\\u017eete p\\u0159edev\\u0161\\u00edm po\\u010d\\u00edtat s na\\u0161\\u00ed spolehlivost\\u00ed a na\\u0161\\u00edm c\\u00edt\\u011bn\\u00edm pro trendy budoucnosti.<\\\/p>\",\"margin\":\"medium\",\"text_align\":\"center\"}}]}]},{\"type\":\"row\",\"children\":[{\"type\":\"column\",\"props\":{\"image_position\":\"center-center\",\"media_overlay_gradient\":\"\",\"position_sticky_breakpoint\":\"m\",\"width_medium\":\"1-1\"},\"children\":[{\"type\":\"headline\",\"props\":{\"content\":\"N\\u00e1\\u0161 servis\",\"margin\":\"medium\",\"margin_remove_top\":true,\"text_align\":\"center\",\"title_element\":\"h2\",\"title_style\":\"heading-large\"}}]}]},{\"type\":\"row\",\"props\":{\"layout\":\"1-3,1-3,1-3\",\"margin\":\"medium\",\"row_gap\":\"large\"},\"children\":[{\"type\":\"column\",\"props\":{\"image_position\":\"center-center\",\"media_overlay_gradient\":\"\",\"position_sticky_breakpoint\":\"m\",\"width_medium\":\"1-3\"},\"children\":[{\"type\":\"headline\",\"props\":{\"content\":\"Zak\\u00e1zkov\\u00e1 v\\u00fdroba,<br \\\/>mont\\u00e1\\u017en\\u00ed slu\\u017eby:\",\"title_element\":\"h4\",\"title_style\":\"h4\"}},{\"type\":\"text\",\"props\":{\"column_breakpoint\":\"m\",\"content\":\"\n\n<ul>\\n\n\n<li>Poradenstv\\u00ed n\\u00e1klady a proveditelnost<\\\/li>\\n\n\n<li>Kalkulace<\\\/li>\\n\n\n<li>Pl\\u00e1nov\\u00e1n\\u00ed a virtu\\u00e1ln\\u00ed <br \\\/>simulace<\\\/li>\\n\n\n<li>Transparentn\\u00ed v\\u00fdroba<\\\/li>\\n\n\n<li>Servis n\\u00e1hradn\\u00edch d\\u00edl\\u016f<\\\/li>\\n\n\n<li>\\u00dadr\\u017eba<\\\/li>\\n\n\n<li>Modernizace za\\u0159\\u00edzen\\u00ed<\\\/li>\\n<\\\/ul>\",\"margin\":\"default\"}},{\"type\":\"button\",\"props\":{\"grid_column_gap\":\"small\",\"grid_row_gap\":\"small\",\"margin\":\"default\"},\"children\":[{\"type\":\"button_item\",\"props\":{\"button_style\":\"default\",\"content\":\"Servis stavba stroj\\u016f\",\"icon_align\":\"left\",\"link\":\"cz\\\/servis\\\/stavba-stroju\\\/\",\"link_title\":\"\"}}]}]},{\"type\":\"column\",\"props\":{\"image_position\":\"center-center\",\"media_overlay_gradient\":\"\",\"position_sticky_breakpoint\":\"m\",\"width_medium\":\"1-3\"},\"children\":[{\"type\":\"headline\",\"props\":{\"content\":\"Zkou\\u0161ka t\\u011bsnosti,<br \/>\\nFunk\\u010dn\\u00ed test:\",\"title_element\":\"h4\",\"title_style\":\"h4\"}},{\"type\":\"text\",\"props\":{\"column_breakpoint\":\"m\",\"content\":\"\n\n<ul>\\n\n\n<li>Poradenstv\\u00ed, p\\u0159\\u00ednos procesn\\u00edho know-how<\\\/li>\\n\n\n<li>Uveden\\u00ed do provozu<\\\/li>\\n\n\n<li>\\u0161kolen\\u00ed u\\u017eivatel\\u016f<\\\/li>\\n\n\n<li>Technick\\u00e1 podpora<\\\/li>\\n\n\n<li>Z\\u00e1sobov\\u00e1n\\u00ed n\\u00e1hradn\\u00edmi d\\u00edly<\\\/li>\\n\n\n<li>aktualizace softwaru<\\\/li>\\n\n\n<li>\\u00dadr\\u017eba<\\\/li>\\n\n\n<li>Modernizace za\\u0159\\u00edzen\\u00ed<\\\/li>\\n<\\\/ul>\",\"margin\":\"default\"}},{\"type\":\"button\",\"props\":{\"grid_column_gap\":\"small\",\"grid_row_gap\":\"small\",\"margin\":\"default\"},\"children\":[{\"type\":\"button_item\",\"props\":{\"button_style\":\"default\",\"content\":\"Servis testov\\u00e1n\\u00ed\",\"icon_align\":\"left\",\"link\":\"cz\\\/servis\\\/test-tesnosti\\\/\",\"link_title\":\"\"}}]}]},{\"type\":\"column\",\"props\":{\"image_position\":\"center-center\",\"media_overlay_gradient\":\"\",\"position_sticky_breakpoint\":\"m\",\"width_medium\":\"1-3\"},\"children\":[{\"type\":\"headline\",\"props\":{\"content\":\"\n\n<p>Tepeln\\u00fd management:<br \\\/>\\u00a0<\\\/p>\",\"title_element\":\"h4\",\"title_style\":\"h4\"}},{\"type\":\"text\",\"props\":{\"column_breakpoint\":\"m\",\"content\":\"\n\n<ul>\\n\n\n<li>Anal\\u00fdza a poradenstv\\u00ed<\\\/li>\\n\n\n<li>Koncepce<\\\/li>\\n\n\n<li>Virtu\\u00e1ln\\u00ed simulace<\\\/li>\\n\n\n<li>V\\u00fdvoj softwaru<\\\/li>\\n\n\n<li>Integrace proces\\u016f<\\\/li>\\n\n\n<li>Uveden\\u00ed do provozu<\\\/li>\\n\n\n<li>Aktualizace softwaru<\\\/li>\\n\n\n<li>\\u00dadr\\u017eba<\\\/li>\\n\n\n<li>Modernizace<\\\/li>\\n<\\\/ul>\",\"margin\":\"default\"}}]}]}],\"name\":\"Dienstleistungen\"},{\"type\":\"section\",\"props\":{\"class\":\"highlight-section\",\"height\":\"percent\",\"id\":\"Fernwartung\",\"image\":\"app\\\/uploads\\\/2020\\\/04\\\/header_technologien_03-1.png\",\"image_position\":\"center-center\",\"image_size\":\"cover\",\"image_width\":\"2560\",\"media_background\":\"rgba(43, 88, 149, 0.9)\",\"media_blend_mode\":\"multiply\",\"media_overlay\":\"rgba(0, 65, 100, 0.6)\",\"padding\":\"large\",\"padding_remove_bottom\":false,\"padding_remove_top\":false,\"style\":\"default\",\"text_color\":\"light\",\"title_breakpoint\":\"xl\",\"title_position\":\"top-left\",\"title_rotation\":\"left\",\"vertical_align\":\"middle\",\"width\":\"small\"},\"children\":[{\"type\":\"row\",\"props\":{\"row_gap\":\"large\"},\"children\":[{\"type\":\"column\",\"props\":{\"image_position\":\"center-center\",\"media_overlay_gradient\":\"\",\"position_sticky_breakpoint\":\"m\",\"width_medium\":\"1-1\"},\"children\":[{\"type\":\"headline\",\"props\":{\"content\":\"Software pro d\\u00e1lkovou \\u00fadr\\u017ebu\",\"margin\":\"medium\",\"margin_remove_top\":true,\"text_align\":\"center\",\"title_element\":\"h2\",\"title_style\":\"heading-large\"}},{\"type\":\"text\",\"props\":{\"column_breakpoint\":\"m\",\"content\":\"\n\n<p>Jako sou\\u010d\\u00e1st na\\u0161eho pravideln\\u00e9ho \\u00fadr\\u017ebov\\u00e9ho servisu V\\u00e1m nab\\u00edz\\u00edme instalaci softwaru pro d\\u00e1lkovou \\u00fadr\\u017ebu. Tak mohou na\\u0161e podp\\u016frn\\u00e9 t\\u00fdmy p\\u0159i probl\\u00e9mech rychleji odhalit zdroj chyby a v\\u010das zas\\u00e1hnout.<\\\/p>\",\"margin\":\"default\",\"text_align\":\"center\"}},{\"type\":\"button\",\"props\":{\"grid_column_gap\":\"small\",\"grid_row_gap\":\"small\",\"margin\":\"default\",\"text_align\":\"center\"},\"children\":[{\"type\":\"button_item\",\"props\":{\"button_style\":\"default\",\"content\":\" Sta\\u017een\\u00ed softwaru pro d\\u00e1lkovou \\u00fadr\\u017ebu\",\"icon_align\":\"left\",\"link\":\"https:\\\/\\\/www.zeltwanger.de\\\/app\\\/uploads\\\/file-manager\\\/TeamViewerQS_de.exe\",\"link_title\":\"\"}}]},{\"type\":\"text\",\"props\":{\"column_breakpoint\":\"m\",\"content\":\"\n\n<p>Program je vhodn\\u00fd pro Windows XP, Vista, 7 a 10. Instalace nebo opr\\u00e1vn\\u011bn\\u00ed spr\\u00e1vce k tomu nejsou pot\\u0159eba. Na Va\\u0161em po\\u010d\\u00edta\\u010di nebudou provedeny \\u017e\\u00e1dn\\u00e9 zm\\u011bny.<\\\/p>\",\"margin\":\"default\",\"text_align\":\"center\",\"text_style\":\"small\"}},{\"type\":\"text\",\"props\":{\"column_breakpoint\":\"m\",\"content\":\"\n\n<div class=\\\"uk-margin\\\" data-id=\\\"page#52\\\">\\n\n\n<p>V\\u00e1\\u0161 z\\u00e1kaznick\\u00fd <a href=\\\"https:\\\/\\\/www.zeltwanger.de\\\/cz\\\/servis\\\/kontaktni-partneri\\\/\\\">servis ZELTWANGER<\\\/a> je V\\u00e1m p\\u0159i zach\\u00e1zen\\u00ed s radost\\u00ed n\\u00e1pomocen.<\\\/p>\\n<\\\/div>\",\"margin\":\"medium\",\"margin_remove_bottom\":true,\"text_align\":\"center\"}}]}]}],\"name\":\"Wartung\"},{\"type\":\"section\",\"props\":{\"image\":\"\",\"image_position\":\"bottom-right\",\"media_visibility\":\"l\",\"padding_remove_bottom\":false,\"padding_remove_top\":false,\"style\":\"default\",\"title_breakpoint\":\"xl\",\"title_position\":\"top-left\",\"title_rotation\":\"left\",\"vertical_align\":\"middle\",\"width\":\"default\"},\"children\":[{\"type\":\"row\",\"children\":[{\"type\":\"column\",\"props\":{\"image_position\":\"center-center\",\"media_overlay_gradient\":\"\",\"position_sticky_breakpoint\":\"m\",\"width_large\":\"1-1\"},\"children\":[{\"type\":\"headline\",\"props\":{\"content\":\"Stahov\\u00e1n\\u00ed a kontaktn\\u00ed partne\\u0159i\",\"margin\":\"medium\",\"margin_remove_top\":true,\"text_align\":\"center\",\"title_element\":\"h2\",\"title_style\":\"heading-large\"}},{\"type\":\"text\",\"props\":{\"block_align\":\"center\",\"column_breakpoint\":\"m\",\"content\":\"\n\n<p>Hled\\u00e1te informace k na\\u0161im p\\u0159\\u00edstroj\\u016fm a za\\u0159\\u00edzen\\u00edm? Chcete si st\\u00e1hnout ur\\u010dit\\u00fd list technick\\u00fdch \\u00fadaj\\u016f? M\\u00e1te z\\u00e1jem o na\\u0161e bro\\u017eury?<\\\/p>\",\"margin\":\"remove-vertical\",\"maxwidth\":\"2xlarge\",\"text_align\":\"center\"}},{\"type\":\"button\",\"props\":{\"grid_column_gap\":\"small\",\"grid_row_gap\":\"small\",\"margin\":\"medium\",\"margin_remove_bottom\":false,\"margin_remove_top\":false,\"text_align\":\"center\"},\"children\":[{\"type\":\"button_item\",\"props\":{\"button_style\":\"default\",\"content\":\"Ve\\u0161ker\\u00e9 polo\\u017eky ke sta\\u017een\\u00ed najdete zde\",\"icon_align\":\"left\",\"link\":\"cz\\\/servis\\\/downloads\\\/\",\"link_title\":\"\"}},{\"type\":\"button_item\",\"props\":{\"button_style\":\"default\",\"content\":\"Najd\\u011bte svou kontaktn\\u00ed osobu\",\"icon_align\":\"left\",\"link\":\"cz\\\/servis\\\/kontaktni-partneri\\\/\",\"link_title\":\"\"}}]}]}]}],\"name\":\"Downloads\"}],\"version\":\"3.0.31\"} --><\/p>\n","protected":false},"excerpt":{"rendered":"<p>Servis ZELTWANGER Podpo\u0159\u00edme V\u00e1s p\u0159i v\u0161ech procesech Pr\u016fmysl je na p\u0159elomu. Vy coby podnikatel\u00e9 tak \u010del\u00edte mnoha v\u00fdzv\u00e1m: rychlej\u0161\u00ed dodac\u00ed lh\u016fty, men\u0161\u00ed s\u00e9rie, nedostatek person\u00e1lu, Pr\u016fmysl 4.0. Sv\u016fj \u00fakol spat\u0159ujeme v tom, poradit V\u00e1m a doprov\u00e1zet V\u00e1s. A samoz\u0159ejm\u011b jsou V\u00e1m k dispozici na\u0161e podp\u016frn\u00e9 t\u00fdmy p\u0159i v\u0161ech ot\u00e1zk\u00e1ch \u00fadr\u017eby a probl\u00e9mech. Coby poskytovatel slu\u017eeb [&hellip;]<\/p>\n","protected":false},"author":9,"featured_media":0,"parent":0,"menu_order":0,"comment_status":"closed","ping_status":"closed","template":"","meta":{"_acf_changed":false,"footnotes":""},"class_list":["post-12979","page","type-page","status-publish","hentry"],"acf":[],"yoast_head":"<!-- This site is optimized with the Yoast SEO plugin v27.4 - https:\/\/yoast.com\/product\/yoast-seo-wordpress\/ -->\n<title>Servis a podpora proces\u016f I ZELTWANGER<\/title>\n<meta name=\"description\" content=\"Podpo\u0159\u00edme od z\u00e1kladn\u00edho posouzen\u00ed p\u0159es kalkulaci po \u00fadr\u017ebu | Velk\u00fd sklad n\u00e1hradn\u00edch d\u00edl\u016f \u2022 Rychle a spolehliv\u011b \u2022 Servis ZELTWANGER\" \/>\n<meta name=\"robots\" content=\"index, follow, max-snippet:-1, max-image-preview:large, max-video-preview:-1\" \/>\n<link rel=\"canonical\" href=\"https:\/\/www.zeltwanger.de\/cz\/servis\/\" \/>\n<meta property=\"og:locale\" content=\"cs_CZ\" \/>\n<meta property=\"og:type\" content=\"article\" \/>\n<meta property=\"og:title\" content=\"Servis a podpora proces\u016f I ZELTWANGER\" \/>\n<meta property=\"og:description\" content=\"Podpo\u0159\u00edme od z\u00e1kladn\u00edho posouzen\u00ed p\u0159es kalkulaci po \u00fadr\u017ebu | Velk\u00fd sklad n\u00e1hradn\u00edch d\u00edl\u016f \u2022 Rychle a spolehliv\u011b \u2022 Servis ZELTWANGER\" \/>\n<meta property=\"og:url\" content=\"https:\/\/www.zeltwanger.de\/cz\/servis\/\" \/>\n<meta property=\"og:site_name\" content=\"ZELTWANGER\" \/>\n<meta property=\"article:publisher\" content=\"https:\/\/www.facebook.com\/zeltwanger.karriere\/\" \/>\n<meta property=\"article:modified_time\" content=\"2023-06-27T11:44:46+00:00\" \/>\n<meta name=\"twitter:card\" content=\"summary_large_image\" \/>\n<meta name=\"twitter:label1\" content=\"Odhadovan\u00e1 doba \u010dten\u00ed\" \/>\n\t<meta name=\"twitter:data1\" content=\"2 minuty\" \/>\n<script type=\"application\/ld+json\" class=\"yoast-schema-graph\">{\"@context\":\"https:\\\/\\\/schema.org\",\"@graph\":[{\"@type\":\"WebPage\",\"@id\":\"https:\\\/\\\/www.zeltwanger.de\\\/cz\\\/servis\\\/\",\"url\":\"https:\\\/\\\/www.zeltwanger.de\\\/cz\\\/servis\\\/\",\"name\":\"Servis a podpora proces\u016f I ZELTWANGER\",\"isPartOf\":{\"@id\":\"https:\\\/\\\/www.zeltwanger.de\\\/cz\\\/#website\"},\"datePublished\":\"2020-05-08T10:23:15+00:00\",\"dateModified\":\"2023-06-27T11:44:46+00:00\",\"description\":\"Podpo\u0159\u00edme od z\u00e1kladn\u00edho posouzen\u00ed p\u0159es kalkulaci po \u00fadr\u017ebu | Velk\u00fd sklad n\u00e1hradn\u00edch d\u00edl\u016f \u2022 Rychle a spolehliv\u011b \u2022 Servis ZELTWANGER\",\"breadcrumb\":{\"@id\":\"https:\\\/\\\/www.zeltwanger.de\\\/cz\\\/servis\\\/#breadcrumb\"},\"inLanguage\":\"cs\",\"potentialAction\":[{\"@type\":\"ReadAction\",\"target\":[\"https:\\\/\\\/www.zeltwanger.de\\\/cz\\\/servis\\\/\"]}]},{\"@type\":\"BreadcrumbList\",\"@id\":\"https:\\\/\\\/www.zeltwanger.de\\\/cz\\\/servis\\\/#breadcrumb\",\"itemListElement\":[{\"@type\":\"ListItem\",\"position\":1,\"name\":\"Home\",\"item\":\"https:\\\/\\\/www.zeltwanger.de\\\/cz\\\/homepage\\\/\"},{\"@type\":\"ListItem\",\"position\":2,\"name\":\"Servis\"}]},{\"@type\":\"WebSite\",\"@id\":\"https:\\\/\\\/www.zeltwanger.de\\\/cz\\\/#website\",\"url\":\"https:\\\/\\\/www.zeltwanger.de\\\/cz\\\/\",\"name\":\"ZELTWANGER\",\"description\":\"Innovation aus Freude an Technik\",\"publisher\":{\"@id\":\"https:\\\/\\\/www.zeltwanger.de\\\/cz\\\/#organization\"},\"potentialAction\":[{\"@type\":\"SearchAction\",\"target\":{\"@type\":\"EntryPoint\",\"urlTemplate\":\"https:\\\/\\\/www.zeltwanger.de\\\/cz\\\/?s={search_term_string}\"},\"query-input\":{\"@type\":\"PropertyValueSpecification\",\"valueRequired\":true,\"valueName\":\"search_term_string\"}}],\"inLanguage\":\"cs\"},{\"@type\":\"Organization\",\"@id\":\"https:\\\/\\\/www.zeltwanger.de\\\/cz\\\/#organization\",\"name\":\"ZELTWANGER\",\"url\":\"https:\\\/\\\/www.zeltwanger.de\\\/cz\\\/\",\"logo\":{\"@type\":\"ImageObject\",\"inLanguage\":\"cs\",\"@id\":\"https:\\\/\\\/www.zeltwanger.de\\\/cz\\\/#\\\/schema\\\/logo\\\/image\\\/\",\"url\":\"https:\\\/\\\/www.zeltwanger.de\\\/app\\\/uploads\\\/2024\\\/03\\\/ZELTWANGER-Maennchen_nebeneinander_RGB_Screen_quadratisch_klein-e1710331495893.jpg\",\"contentUrl\":\"https:\\\/\\\/www.zeltwanger.de\\\/app\\\/uploads\\\/2024\\\/03\\\/ZELTWANGER-Maennchen_nebeneinander_RGB_Screen_quadratisch_klein-e1710331495893.jpg\",\"width\":144,\"height\":144,\"caption\":\"ZELTWANGER\"},\"image\":{\"@id\":\"https:\\\/\\\/www.zeltwanger.de\\\/cz\\\/#\\\/schema\\\/logo\\\/image\\\/\"},\"sameAs\":[\"https:\\\/\\\/www.facebook.com\\\/zeltwanger.karriere\\\/\",\"https:\\\/\\\/www.linkedin.com\\\/company\\\/11844117\\\/\"]}]}<\/script>\n<!-- \/ Yoast SEO plugin. -->","yoast_head_json":{"title":"Servis a podpora proces\u016f I ZELTWANGER","description":"Podpo\u0159\u00edme od z\u00e1kladn\u00edho posouzen\u00ed p\u0159es kalkulaci po \u00fadr\u017ebu | Velk\u00fd sklad n\u00e1hradn\u00edch d\u00edl\u016f \u2022 Rychle a spolehliv\u011b \u2022 Servis ZELTWANGER","robots":{"index":"index","follow":"follow","max-snippet":"max-snippet:-1","max-image-preview":"max-image-preview:large","max-video-preview":"max-video-preview:-1"},"canonical":"https:\/\/www.zeltwanger.de\/cz\/servis\/","og_locale":"cs_CZ","og_type":"article","og_title":"Servis a podpora proces\u016f I ZELTWANGER","og_description":"Podpo\u0159\u00edme od z\u00e1kladn\u00edho posouzen\u00ed p\u0159es kalkulaci po \u00fadr\u017ebu | Velk\u00fd sklad n\u00e1hradn\u00edch d\u00edl\u016f \u2022 Rychle a spolehliv\u011b \u2022 Servis ZELTWANGER","og_url":"https:\/\/www.zeltwanger.de\/cz\/servis\/","og_site_name":"ZELTWANGER","article_publisher":"https:\/\/www.facebook.com\/zeltwanger.karriere\/","article_modified_time":"2023-06-27T11:44:46+00:00","twitter_card":"summary_large_image","twitter_misc":{"Odhadovan\u00e1 doba \u010dten\u00ed":"2 minuty"},"schema":{"@context":"https:\/\/schema.org","@graph":[{"@type":"WebPage","@id":"https:\/\/www.zeltwanger.de\/cz\/servis\/","url":"https:\/\/www.zeltwanger.de\/cz\/servis\/","name":"Servis a podpora proces\u016f I ZELTWANGER","isPartOf":{"@id":"https:\/\/www.zeltwanger.de\/cz\/#website"},"datePublished":"2020-05-08T10:23:15+00:00","dateModified":"2023-06-27T11:44:46+00:00","description":"Podpo\u0159\u00edme od z\u00e1kladn\u00edho posouzen\u00ed p\u0159es kalkulaci po \u00fadr\u017ebu | Velk\u00fd sklad n\u00e1hradn\u00edch d\u00edl\u016f \u2022 Rychle a spolehliv\u011b \u2022 Servis ZELTWANGER","breadcrumb":{"@id":"https:\/\/www.zeltwanger.de\/cz\/servis\/#breadcrumb"},"inLanguage":"cs","potentialAction":[{"@type":"ReadAction","target":["https:\/\/www.zeltwanger.de\/cz\/servis\/"]}]},{"@type":"BreadcrumbList","@id":"https:\/\/www.zeltwanger.de\/cz\/servis\/#breadcrumb","itemListElement":[{"@type":"ListItem","position":1,"name":"Home","item":"https:\/\/www.zeltwanger.de\/cz\/homepage\/"},{"@type":"ListItem","position":2,"name":"Servis"}]},{"@type":"WebSite","@id":"https:\/\/www.zeltwanger.de\/cz\/#website","url":"https:\/\/www.zeltwanger.de\/cz\/","name":"ZELTWANGER","description":"Innovation aus Freude an Technik","publisher":{"@id":"https:\/\/www.zeltwanger.de\/cz\/#organization"},"potentialAction":[{"@type":"SearchAction","target":{"@type":"EntryPoint","urlTemplate":"https:\/\/www.zeltwanger.de\/cz\/?s={search_term_string}"},"query-input":{"@type":"PropertyValueSpecification","valueRequired":true,"valueName":"search_term_string"}}],"inLanguage":"cs"},{"@type":"Organization","@id":"https:\/\/www.zeltwanger.de\/cz\/#organization","name":"ZELTWANGER","url":"https:\/\/www.zeltwanger.de\/cz\/","logo":{"@type":"ImageObject","inLanguage":"cs","@id":"https:\/\/www.zeltwanger.de\/cz\/#\/schema\/logo\/image\/","url":"https:\/\/www.zeltwanger.de\/app\/uploads\/2024\/03\/ZELTWANGER-Maennchen_nebeneinander_RGB_Screen_quadratisch_klein-e1710331495893.jpg","contentUrl":"https:\/\/www.zeltwanger.de\/app\/uploads\/2024\/03\/ZELTWANGER-Maennchen_nebeneinander_RGB_Screen_quadratisch_klein-e1710331495893.jpg","width":144,"height":144,"caption":"ZELTWANGER"},"image":{"@id":"https:\/\/www.zeltwanger.de\/cz\/#\/schema\/logo\/image\/"},"sameAs":["https:\/\/www.facebook.com\/zeltwanger.karriere\/","https:\/\/www.linkedin.com\/company\/11844117\/"]}]}},"_links":{"self":[{"href":"https:\/\/www.zeltwanger.de\/cz\/wp-json\/wp\/v2\/pages\/12979","targetHints":{"allow":["GET"]}}],"collection":[{"href":"https:\/\/www.zeltwanger.de\/cz\/wp-json\/wp\/v2\/pages"}],"about":[{"href":"https:\/\/www.zeltwanger.de\/cz\/wp-json\/wp\/v2\/types\/page"}],"author":[{"embeddable":true,"href":"https:\/\/www.zeltwanger.de\/cz\/wp-json\/wp\/v2\/users\/9"}],"replies":[{"embeddable":true,"href":"https:\/\/www.zeltwanger.de\/cz\/wp-json\/wp\/v2\/comments?post=12979"}],"version-history":[{"count":19,"href":"https:\/\/www.zeltwanger.de\/cz\/wp-json\/wp\/v2\/pages\/12979\/revisions"}],"predecessor-version":[{"id":24708,"href":"https:\/\/www.zeltwanger.de\/cz\/wp-json\/wp\/v2\/pages\/12979\/revisions\/24708"}],"wp:attachment":[{"href":"https:\/\/www.zeltwanger.de\/cz\/wp-json\/wp\/v2\/media?parent=12979"}],"curies":[{"name":"wp","href":"https:\/\/api.w.org\/{rel}","templated":true}]}}