{"id":12874,"date":"2020-05-08T10:40:49","date_gmt":"2020-05-08T08:40:49","guid":{"rendered":"https:\/\/www.zeltwanger.de\/?page_id=12874"},"modified":"2024-01-24T11:14:48","modified_gmt":"2024-01-24T10:14:48","slug":"technologie","status":"publish","type":"page","link":"https:\/\/www.zeltwanger.de\/cz\/technologie\/","title":{"rendered":"Technologie"},"content":{"rendered":"<div>\n<p>    <img decoding=\"async\" src=\"\/app\/uploads\/2023\/10\/ZELTWANGER_Unternehmensgruppe.jpg\" alt=\"Technologie\"><\/p>\n<p>Technologie<\/p>\n<\/div>\n<div>\u0158E\u0160EN\u00cd NA Z\u00cdTRA<br \/>\nTVO\u0158\u00cdME DNES<\/div>\n<div>A\u0165 u\u017e jde o smluvn\u00ed v\u00fdrobu, testov\u00e1n\u00ed t\u011bsnosti nebo tepeln\u00fd management \u2013 \u200b\u200bspol\u00e9h\u00e1me na nejnov\u011bj\u0161\u00ed technologie, abychom va\u0161i spole\u010dnost p\u0159ipravili na budoucnost.<\/div>\n<ul>\n<li>\n<p>        <img decoding=\"async\" src=\"\/app\/uploads\/2023\/02\/Icon_Fertigungs-DL.svg\" alt=\"Fertigungs und Montagedienstleistung icon\"><\/p>\n<div>\n<p>V\u00fdroba vysoce p\u0159esn\u00fdch a komplexn\u00edch jednotliv\u00fdch d\u00edl\u016f a s\u00e9ri\u00ed<\/p>\n<\/div>\n<p><a href=\"\/cz\/technologie\/smluvni-vyroba\/\">Zjistit v\u00edce<\/a><\/p>\n<\/li>\n<li>\n<p>        <img decoding=\"async\" src=\"\/app\/uploads\/2023\/02\/Icon_Montage-DL.svg\" alt=\"Montagedienstleistung icon\"><\/p>\n<div>Mont\u00e1\u017e sestav a kompletn\u00edch syst\u00e9m\u016f<\/div>\n<p><a href=\"\/cz\/technologie\/montazni-sluzby\/\">Zjistit v\u00edce<\/a><\/p>\n<\/li>\n<li>\n<p>        <img decoding=\"async\" src=\"\/app\/uploads\/2023\/11\/Icon_automatisierte_DP_Produkte-1.svg\" alt=\"Batterie Icon\"><\/p>\n<div>Konfigurovateln\u00e1 testovac\u00ed za\u0159\u00edzen\u00ed a stanice ze ZEDfamily<\/div>\n<p><a href=\"\/cz\/vyrobky\/\">Zjistit v\u00edce<\/a><\/p>\n<\/li>\n<li>\n<p>        <img decoding=\"async\" src=\"\/app\/uploads\/2023\/11\/Icon_automatisierte_DP_Loesungen-1.svg\" alt=\"Dichtheitspr\u00fcfung Icon\"><\/p>\n<div>Z\u00e1kaznick\u00e1 \u0159e\u0161en\u00ed s jakoukoli \u00farovn\u00ed automatizace<\/div>\n<p><a href=\"\/cz\/technologie\/test-tesnosti\/\">Zjistit v\u00edce<\/a><\/p>\n<\/li>\n<li>\n<p>        <img decoding=\"async\" src=\"\/app\/uploads\/2023\/02\/Icon_Thermomanagement.svg\" alt=\"Thermo icon\"><\/p>\n<div>Syst\u00e9my pro automatizovanou v\u00fdrobu v\u00fdm\u011bn\u00edk\u016f tepla<\/div>\n<p><a href=\"\/cz\/spolecnost\/zeltwanger-thermomanagement-gmbh-co-kg\/\">Zjistit v\u00edce<\/a><\/p>\n<\/li>\n<li>\n<p>        <img decoding=\"async\" src=\"\/app\/uploads\/2023\/03\/Icon_Wellrippe.svg\" alt=\"Thermomanagement icon\"><\/p>\n<div>V\u00fdrobn\u00ed syst\u00e9m pro p\u0159esn\u00e1 \u017eebra v\u00fdm\u011bn\u00edku tepla<\/div>\n<p><a href=\"\/cz\/technologie\/tepelny-management\/zeltwanger-fin-mill\/\">Zjistit v\u00edce<\/a><\/p>\n<\/li>\n<\/ul>\n<p><!--more--><br \/>\n<!-- {\"type\":\"layout\",\"children\":[{\"type\":\"section\",\"props\":{\"image_position\":\"center-center\",\"padding_remove_bottom\":true,\"padding_remove_top\":true,\"style\":\"default\",\"title_breakpoint\":\"xl\",\"title_position\":\"top-left\",\"title_rotation\":\"left\",\"vertical_align\":\"middle\",\"width\":\"\"},\"children\":[{\"type\":\"row\",\"children\":[{\"type\":\"column\",\"props\":{\"image_position\":\"center-center\",\"position_sticky_breakpoint\":\"m\",\"width_medium\":\"1-1\"},\"children\":[{\"type\":\"slideshow\",\"props\":{\"class\":\"like-mobile-panel-slider sub-page\",\"css\":\"li.el-item {\\n\\n}\",\"image_height\":\"929px\",\"image_loading\":true,\"image_width\":\"2548px\",\"link_style\":\"primary\",\"link_text\":\"Read more\",\"margin\":\"default\",\"meta_align\":\"above-title\",\"meta_element\":\"div\",\"meta_style\":\"h2\",\"nav\":\"\",\"nav_align\":\"center\",\"nav_below\":false,\"nav_breakpoint\":\"s\",\"nav_position\":\"bottom-center\",\"nav_position_margin\":\"medium\",\"nav_vertical\":false,\"overlay_animation\":\"parallax\",\"overlay_container\":\"large\",\"overlay_parallax_x\":\"90\",\"overlay_parallax_y\":\"0\",\"overlay_position\":\"bottom-left\",\"overlay_style\":\"overlay-primary\",\"overlay_width\":\"xlarge\",\"show_content\":true,\"show_link\":true,\"show_meta\":true,\"show_thumbnail\":false,\"show_title\":true,\"slidenav\":\"default\",\"slidenav_breakpoint\":\"s\",\"slidenav_hover\":true,\"slidenav_large\":false,\"slidenav_margin\":\"small\",\"slidenav_outside_breakpoint\":\"xl\",\"slideshow_autoplay\":true,\"slideshow_autoplay_interval\":\"10\",\"slideshow_autoplay_pause\":false,\"slideshow_max_height\":\"700\",\"slideshow_min_height\":\"500\",\"slideshow_velocity\":\"0.5\",\"text_align\":\"left\",\"text_align_breakpoint\":\"s\",\"text_align_fallback\":\"center\",\"text_color\":\"light\",\"thumbnav_height\":\"75\",\"thumbnav_svg_color\":\"emphasis\",\"thumbnav_width\":\"100\",\"title_element\":\"div\",\"title_style\":\"h1\"},\"children\":[{\"type\":\"slideshow_item\",\"props\":{\"content\":\"\",\"image\":\"app\\\/uploads\\\/2023\\\/10\\\/ZELTWANGER_Unternehmensgruppe.jpg\",\"image_alt\":\"Technologie\",\"meta\":\"Technologie\",\"title\":\"\"}}]}]}]}],\"name\":\"Header - neu - single\"},{\"type\":\"section\",\"props\":{\"image_position\":\"center-center\",\"style\":\"default\",\"title_breakpoint\":\"xl\",\"title_position\":\"top-left\",\"title_rotation\":\"left\",\"vertical_align\":\"middle\",\"width\":\"default\"},\"children\":[{\"type\":\"row\",\"props\":{\"margin_remove_bottom\":false,\"width\":\"small\"},\"children\":[{\"type\":\"column\",\"props\":{\"image_position\":\"center-center\",\"position_sticky_breakpoint\":\"m\"},\"children\":[{\"type\":\"headline\",\"props\":{\"content\":\"\\u0158E\\u0160EN\\u00cd NA Z\\u00cdTRA<br \/>\\nTVO\\u0158\\u00cdME DNES\",\"margin\":\"medium\",\"margin_remove_top\":true,\"text_align\":\"center\",\"title_element\":\"div\",\"title_style\":\"heading-large\"}},{\"type\":\"text\",\"props\":{\"block_align\":\"center\",\"column_breakpoint\":\"m\",\"content\":\"A\\u0165 u\\u017e jde o smluvn\\u00ed v\\u00fdrobu, testov\\u00e1n\\u00ed t\\u011bsnosti nebo tepeln\\u00fd management \\u2013 \\u200b\\u200bspol\\u00e9h\\u00e1me na nejnov\\u011bj\\u0161\\u00ed technologie, abychom va\\u0161i spole\\u010dnost p\\u0159ipravili na budoucnost.\",\"margin\":\"default\",\"maxwidth\":\"2xlarge\",\"text_align\":\"center\"}}]}]}]},{\"type\":\"section\",\"props\":{\"image_position\":\"center-center\",\"padding_remove_top\":true,\"style\":\"default\",\"title_breakpoint\":\"xl\",\"title_position\":\"top-left\",\"title_rotation\":\"left\",\"vertical_align\":\"middle\",\"width\":\"default\"},\"children\":[{\"type\":\"row\",\"children\":[{\"type\":\"column\",\"props\":{\"image_position\":\"center-center\",\"position_sticky_breakpoint\":\"m\"},\"children\":[{\"type\":\"grid\",\"props\":{\"content_column_breakpoint\":\"m\",\"css\":\".el-element .uk-margin-remove-first-child {\\n    display: flex;\\n    flex-direction: column;\\n    justify-content: center;\\n}\\n\\n.el-element .uk-panel>:last-child {\\n    margin-bottom: 0px;\\n}\\n\\n\\n.el-element .uk-subnav-pill>*>:first-child {\\n    padding: 3px 20px 1px;\\n}\",\"filter\":true,\"filter_align\":\"left\",\"filter_all\":true,\"filter_all_label\":\"V\\u0161echno\",\"filter_grid_breakpoint\":\"m\",\"filter_grid_width\":\"auto\",\"filter_position\":\"top\",\"filter_style\":\"subnav-pill\",\"grid_default\":\"1\",\"grid_medium\":\"2\",\"icon_width\":80,\"image_align\":\"left\",\"image_grid_breakpoint\":\"m\",\"image_grid_width\":\"auto\",\"image_svg_color\":\"emphasis\",\"item_animation\":true,\"link_style\":\"primary\",\"link_text\":\"Read more\",\"margin\":\"default\",\"margin_remove_bottom\":false,\"meta_align\":\"below-title\",\"meta_element\":\"div\",\"meta_style\":\"text-meta\",\"panel_padding\":\"small\",\"panel_style\":\"card-default\",\"show_content\":true,\"show_image\":true,\"show_link\":true,\"show_meta\":true,\"show_title\":true,\"title_align\":\"top\",\"title_element\":\"h3\",\"title_grid_breakpoint\":\"m\",\"title_grid_width\":\"1-2\",\"title_hover_style\":\"reset\"},\"children\":[{\"type\":\"grid_item\",\"props\":{\"content\":\"\n\n<p>V\\u00fdroba vysoce p\\u0159esn\\u00fdch a komplexn\\u00edch jednotliv\\u00fdch d\\u00edl\\u016f a s\\u00e9ri\\u00ed<\\\/p>\",\"image\":\"app\\\/uploads\\\/2023\\\/02\\\/Icon_Fertigungs-DL.svg\",\"image_alt\":\"Fertigungs und Montagedienstleistung icon\",\"link\":\"\\\/cz\\\/technologie\\\/smluvni-vyroba\\\/\",\"link_text\":\"Zjistit v\\u00edce\",\"tags\":\"V\\u00fdroba na zak\\u00e1zku\",\"title\":\"\"}},{\"type\":\"grid_item\",\"props\":{\"content\":\"Mont\\u00e1\\u017e sestav a kompletn\\u00edch syst\\u00e9m\\u016f\",\"image\":\"app\\\/uploads\\\/2023\\\/02\\\/Icon_Montage-DL.svg\",\"image_alt\":\"Montagedienstleistung icon\",\"link\":\"\\\/cz\\\/technologie\\\/montazni-sluzby\\\/\",\"link_text\":\"Zjistit v\\u00edce\",\"tags\":\"V\\u00fdroba na zak\\u00e1zku\",\"title\":\"\"}},{\"type\":\"grid_item\",\"props\":{\"content\":\"Konfigurovateln\\u00e1 testovac\\u00ed za\\u0159\\u00edzen\\u00ed a stanice ze ZEDfamily\",\"image\":\"app\\\/uploads\\\/2023\\\/11\\\/Icon_automatisierte_DP_Produkte-1.svg\",\"image_alt\":\"Batterie Icon\",\"link\":\"\\\/cz\\\/vyrobky\\\/\",\"link_text\":\"Zjistit v\\u00edce\",\"tags\":\"Zkou\\u0161ka t\\u011bsnosti\",\"title\":\"\"}},{\"type\":\"grid_item\",\"props\":{\"content\":\"Z\\u00e1kaznick\\u00e1 \\u0159e\\u0161en\\u00ed s jakoukoli \\u00farovn\\u00ed automatizace\",\"image\":\"app\\\/uploads\\\/2023\\\/11\\\/Icon_automatisierte_DP_Loesungen-1.svg\",\"image_alt\":\"Dichtheitspr\\u00fcfung Icon\",\"link\":\"\\\/cz\\\/technologie\\\/test-tesnosti\\\/\",\"link_text\":\"Zjistit v\\u00edce\",\"tags\":\"Zkou\\u0161ka t\\u011bsnosti\",\"title\":\"\"}},{\"type\":\"grid_item\",\"props\":{\"content\":\"Syst\\u00e9my pro automatizovanou v\\u00fdrobu v\\u00fdm\\u011bn\\u00edk\\u016f tepla\",\"image\":\"app\\\/uploads\\\/2023\\\/02\\\/Icon_Thermomanagement.svg\",\"image_alt\":\"Thermo icon\",\"link\":\"\\\/cz\\\/spolecnost\\\/zeltwanger-thermomanagement-gmbh-co-kg\\\/\",\"link_text\":\"Zjistit v\\u00edce\",\"tags\":\"Tepeln\\u00fd management\",\"title\":\"\"}},{\"type\":\"grid_item\",\"props\":{\"content\":\"V\\u00fdrobn\\u00ed syst\\u00e9m pro p\\u0159esn\\u00e1 \\u017eebra v\\u00fdm\\u011bn\\u00edku tepla\",\"image\":\"app\\\/uploads\\\/2023\\\/03\\\/Icon_Wellrippe.svg\",\"image_alt\":\"Thermomanagement icon\",\"link\":\"\\\/cz\\\/technologie\\\/tepelny-management\\\/zeltwanger-fin-mill\\\/\",\"link_text\":\"Zjistit v\\u00edce\",\"tags\":\"Tepeln\\u00fd management\",\"title\":\"\"}}]}]}]}],\"name\":\"Grid | icon + text + button\"}],\"version\":\"4.2.11\"} --><\/p>\n","protected":false},"excerpt":{"rendered":"<p>Technologie \u0158E\u0160EN\u00cd NA Z\u00cdTRA TVO\u0158\u00cdME DNES A\u0165 u\u017e jde o smluvn\u00ed v\u00fdrobu, testov\u00e1n\u00ed t\u011bsnosti nebo tepeln\u00fd management \u2013 \u200b\u200bspol\u00e9h\u00e1me na nejnov\u011bj\u0161\u00ed technologie, abychom va\u0161i spole\u010dnost p\u0159ipravili na budoucnost. V\u00fdroba vysoce p\u0159esn\u00fdch a komplexn\u00edch jednotliv\u00fdch d\u00edl\u016f a s\u00e9ri\u00ed Zjistit v\u00edce Mont\u00e1\u017e sestav a kompletn\u00edch syst\u00e9m\u016f Zjistit v\u00edce Konfigurovateln\u00e1 testovac\u00ed za\u0159\u00edzen\u00ed a stanice ze ZEDfamily Zjistit v\u00edce [&hellip;]<\/p>\n","protected":false},"author":9,"featured_media":0,"parent":0,"menu_order":0,"comment_status":"closed","ping_status":"closed","template":"","meta":{"_acf_changed":false,"footnotes":""},"class_list":["post-12874","page","type-page","status-publish","hentry"],"acf":[],"yoast_head":"<!-- This site is optimized with the Yoast SEO plugin v27.5 - https:\/\/yoast.com\/product\/yoast-seo-wordpress\/ -->\n<title>Technologie pro z\u00edt\u0159ek | ZELTWANGER I Objevujte zde<\/title>\n<meta name=\"description\" content=\"Pracujeme s nejmodern\u011bj\u0161\u00edmi technologiemi na \u0159e\u0161en\u00edch pro z\u00edt\u0159ek I Automatizace \u2022 Test t\u011bsnosti \u2022 Laser \u2022 Prediktivn\u00ed \u00fadr\u017eba I V\u00edce k tomu\" \/>\n<meta name=\"robots\" content=\"index, follow, max-snippet:-1, max-image-preview:large, max-video-preview:-1\" \/>\n<link rel=\"canonical\" href=\"https:\/\/www.zeltwanger.de\/cz\/technologie\/\" \/>\n<meta property=\"og:locale\" content=\"cs_CZ\" \/>\n<meta property=\"og:type\" content=\"article\" \/>\n<meta property=\"og:title\" content=\"Technologie pro z\u00edt\u0159ek | ZELTWANGER I Objevujte zde\" \/>\n<meta property=\"og:description\" content=\"Pracujeme s nejmodern\u011bj\u0161\u00edmi technologiemi na \u0159e\u0161en\u00edch pro z\u00edt\u0159ek I Automatizace \u2022 Test t\u011bsnosti \u2022 Laser \u2022 Prediktivn\u00ed \u00fadr\u017eba I V\u00edce k tomu\" \/>\n<meta property=\"og:url\" content=\"https:\/\/www.zeltwanger.de\/cz\/technologie\/\" \/>\n<meta property=\"og:site_name\" content=\"ZELTWANGER\" \/>\n<meta property=\"article:publisher\" content=\"https:\/\/www.facebook.com\/zeltwanger.karriere\/\" \/>\n<meta property=\"article:modified_time\" content=\"2024-01-24T10:14:48+00:00\" \/>\n<meta name=\"twitter:card\" content=\"summary_large_image\" \/>\n<meta name=\"twitter:label1\" content=\"Odhadovan\u00e1 doba \u010dten\u00ed\" \/>\n\t<meta name=\"twitter:data1\" content=\"2 minuty\" \/>\n<script type=\"application\/ld+json\" class=\"yoast-schema-graph\">{\"@context\":\"https:\\\/\\\/schema.org\",\"@graph\":[{\"@type\":\"WebPage\",\"@id\":\"https:\\\/\\\/www.zeltwanger.de\\\/cz\\\/technologie\\\/\",\"url\":\"https:\\\/\\\/www.zeltwanger.de\\\/cz\\\/technologie\\\/\",\"name\":\"Technologie pro z\u00edt\u0159ek | ZELTWANGER I Objevujte zde\",\"isPartOf\":{\"@id\":\"https:\\\/\\\/www.zeltwanger.de\\\/cz\\\/#website\"},\"datePublished\":\"2020-05-08T08:40:49+00:00\",\"dateModified\":\"2024-01-24T10:14:48+00:00\",\"description\":\"Pracujeme s nejmodern\u011bj\u0161\u00edmi technologiemi na \u0159e\u0161en\u00edch pro z\u00edt\u0159ek I Automatizace \u2022 Test t\u011bsnosti \u2022 Laser \u2022 Prediktivn\u00ed \u00fadr\u017eba I V\u00edce k tomu\",\"breadcrumb\":{\"@id\":\"https:\\\/\\\/www.zeltwanger.de\\\/cz\\\/technologie\\\/#breadcrumb\"},\"inLanguage\":\"cs\",\"potentialAction\":[{\"@type\":\"ReadAction\",\"target\":[\"https:\\\/\\\/www.zeltwanger.de\\\/cz\\\/technologie\\\/\"]}]},{\"@type\":\"BreadcrumbList\",\"@id\":\"https:\\\/\\\/www.zeltwanger.de\\\/cz\\\/technologie\\\/#breadcrumb\",\"itemListElement\":[{\"@type\":\"ListItem\",\"position\":1,\"name\":\"Home\",\"item\":\"https:\\\/\\\/www.zeltwanger.de\\\/cz\\\/homepage\\\/\"},{\"@type\":\"ListItem\",\"position\":2,\"name\":\"Technologie\"}]},{\"@type\":\"WebSite\",\"@id\":\"https:\\\/\\\/www.zeltwanger.de\\\/cz\\\/#website\",\"url\":\"https:\\\/\\\/www.zeltwanger.de\\\/cz\\\/\",\"name\":\"ZELTWANGER\",\"description\":\"Innovation aus Freude an Technik\",\"publisher\":{\"@id\":\"https:\\\/\\\/www.zeltwanger.de\\\/cz\\\/#organization\"},\"potentialAction\":[{\"@type\":\"SearchAction\",\"target\":{\"@type\":\"EntryPoint\",\"urlTemplate\":\"https:\\\/\\\/www.zeltwanger.de\\\/cz\\\/?s={search_term_string}\"},\"query-input\":{\"@type\":\"PropertyValueSpecification\",\"valueRequired\":true,\"valueName\":\"search_term_string\"}}],\"inLanguage\":\"cs\"},{\"@type\":\"Organization\",\"@id\":\"https:\\\/\\\/www.zeltwanger.de\\\/cz\\\/#organization\",\"name\":\"ZELTWANGER\",\"url\":\"https:\\\/\\\/www.zeltwanger.de\\\/cz\\\/\",\"logo\":{\"@type\":\"ImageObject\",\"inLanguage\":\"cs\",\"@id\":\"https:\\\/\\\/www.zeltwanger.de\\\/cz\\\/#\\\/schema\\\/logo\\\/image\\\/\",\"url\":\"https:\\\/\\\/www.zeltwanger.de\\\/app\\\/uploads\\\/2024\\\/03\\\/ZELTWANGER-Maennchen_nebeneinander_RGB_Screen_quadratisch_klein-e1710331495893.jpg\",\"contentUrl\":\"https:\\\/\\\/www.zeltwanger.de\\\/app\\\/uploads\\\/2024\\\/03\\\/ZELTWANGER-Maennchen_nebeneinander_RGB_Screen_quadratisch_klein-e1710331495893.jpg\",\"width\":144,\"height\":144,\"caption\":\"ZELTWANGER\"},\"image\":{\"@id\":\"https:\\\/\\\/www.zeltwanger.de\\\/cz\\\/#\\\/schema\\\/logo\\\/image\\\/\"},\"sameAs\":[\"https:\\\/\\\/www.facebook.com\\\/zeltwanger.karriere\\\/\",\"https:\\\/\\\/www.linkedin.com\\\/company\\\/11844117\\\/\"]}]}<\/script>\n<!-- \/ Yoast SEO plugin. -->","yoast_head_json":{"title":"Technologie pro z\u00edt\u0159ek | ZELTWANGER I Objevujte zde","description":"Pracujeme s nejmodern\u011bj\u0161\u00edmi technologiemi na \u0159e\u0161en\u00edch pro z\u00edt\u0159ek I Automatizace \u2022 Test t\u011bsnosti \u2022 Laser \u2022 Prediktivn\u00ed \u00fadr\u017eba I V\u00edce k tomu","robots":{"index":"index","follow":"follow","max-snippet":"max-snippet:-1","max-image-preview":"max-image-preview:large","max-video-preview":"max-video-preview:-1"},"canonical":"https:\/\/www.zeltwanger.de\/cz\/technologie\/","og_locale":"cs_CZ","og_type":"article","og_title":"Technologie pro z\u00edt\u0159ek | ZELTWANGER I Objevujte zde","og_description":"Pracujeme s nejmodern\u011bj\u0161\u00edmi technologiemi na \u0159e\u0161en\u00edch pro z\u00edt\u0159ek I Automatizace \u2022 Test t\u011bsnosti \u2022 Laser \u2022 Prediktivn\u00ed \u00fadr\u017eba I V\u00edce k tomu","og_url":"https:\/\/www.zeltwanger.de\/cz\/technologie\/","og_site_name":"ZELTWANGER","article_publisher":"https:\/\/www.facebook.com\/zeltwanger.karriere\/","article_modified_time":"2024-01-24T10:14:48+00:00","twitter_card":"summary_large_image","twitter_misc":{"Odhadovan\u00e1 doba \u010dten\u00ed":"2 minuty"},"schema":{"@context":"https:\/\/schema.org","@graph":[{"@type":"WebPage","@id":"https:\/\/www.zeltwanger.de\/cz\/technologie\/","url":"https:\/\/www.zeltwanger.de\/cz\/technologie\/","name":"Technologie pro z\u00edt\u0159ek | ZELTWANGER I Objevujte zde","isPartOf":{"@id":"https:\/\/www.zeltwanger.de\/cz\/#website"},"datePublished":"2020-05-08T08:40:49+00:00","dateModified":"2024-01-24T10:14:48+00:00","description":"Pracujeme s nejmodern\u011bj\u0161\u00edmi technologiemi na \u0159e\u0161en\u00edch pro z\u00edt\u0159ek I Automatizace \u2022 Test t\u011bsnosti \u2022 Laser \u2022 Prediktivn\u00ed \u00fadr\u017eba I V\u00edce k tomu","breadcrumb":{"@id":"https:\/\/www.zeltwanger.de\/cz\/technologie\/#breadcrumb"},"inLanguage":"cs","potentialAction":[{"@type":"ReadAction","target":["https:\/\/www.zeltwanger.de\/cz\/technologie\/"]}]},{"@type":"BreadcrumbList","@id":"https:\/\/www.zeltwanger.de\/cz\/technologie\/#breadcrumb","itemListElement":[{"@type":"ListItem","position":1,"name":"Home","item":"https:\/\/www.zeltwanger.de\/cz\/homepage\/"},{"@type":"ListItem","position":2,"name":"Technologie"}]},{"@type":"WebSite","@id":"https:\/\/www.zeltwanger.de\/cz\/#website","url":"https:\/\/www.zeltwanger.de\/cz\/","name":"ZELTWANGER","description":"Innovation aus Freude an Technik","publisher":{"@id":"https:\/\/www.zeltwanger.de\/cz\/#organization"},"potentialAction":[{"@type":"SearchAction","target":{"@type":"EntryPoint","urlTemplate":"https:\/\/www.zeltwanger.de\/cz\/?s={search_term_string}"},"query-input":{"@type":"PropertyValueSpecification","valueRequired":true,"valueName":"search_term_string"}}],"inLanguage":"cs"},{"@type":"Organization","@id":"https:\/\/www.zeltwanger.de\/cz\/#organization","name":"ZELTWANGER","url":"https:\/\/www.zeltwanger.de\/cz\/","logo":{"@type":"ImageObject","inLanguage":"cs","@id":"https:\/\/www.zeltwanger.de\/cz\/#\/schema\/logo\/image\/","url":"https:\/\/www.zeltwanger.de\/app\/uploads\/2024\/03\/ZELTWANGER-Maennchen_nebeneinander_RGB_Screen_quadratisch_klein-e1710331495893.jpg","contentUrl":"https:\/\/www.zeltwanger.de\/app\/uploads\/2024\/03\/ZELTWANGER-Maennchen_nebeneinander_RGB_Screen_quadratisch_klein-e1710331495893.jpg","width":144,"height":144,"caption":"ZELTWANGER"},"image":{"@id":"https:\/\/www.zeltwanger.de\/cz\/#\/schema\/logo\/image\/"},"sameAs":["https:\/\/www.facebook.com\/zeltwanger.karriere\/","https:\/\/www.linkedin.com\/company\/11844117\/"]}]}},"_links":{"self":[{"href":"https:\/\/www.zeltwanger.de\/cz\/wp-json\/wp\/v2\/pages\/12874","targetHints":{"allow":["GET"]}}],"collection":[{"href":"https:\/\/www.zeltwanger.de\/cz\/wp-json\/wp\/v2\/pages"}],"about":[{"href":"https:\/\/www.zeltwanger.de\/cz\/wp-json\/wp\/v2\/types\/page"}],"author":[{"embeddable":true,"href":"https:\/\/www.zeltwanger.de\/cz\/wp-json\/wp\/v2\/users\/9"}],"replies":[{"embeddable":true,"href":"https:\/\/www.zeltwanger.de\/cz\/wp-json\/wp\/v2\/comments?post=12874"}],"version-history":[{"count":25,"href":"https:\/\/www.zeltwanger.de\/cz\/wp-json\/wp\/v2\/pages\/12874\/revisions"}],"predecessor-version":[{"id":28108,"href":"https:\/\/www.zeltwanger.de\/cz\/wp-json\/wp\/v2\/pages\/12874\/revisions\/28108"}],"wp:attachment":[{"href":"https:\/\/www.zeltwanger.de\/cz\/wp-json\/wp\/v2\/media?parent=12874"}],"curies":[{"name":"wp","href":"https:\/\/api.w.org\/{rel}","templated":true}]}}